{"id":5896,"date":"2023-10-19T13:27:45","date_gmt":"2023-10-19T13:27:45","guid":{"rendered":"https:\/\/www.buildinglift.com\/?post_type=product&#038;p=5896"},"modified":"2023-12-12T22:32:33","modified_gmt":"2023-12-13T06:32:33","slug":"otomatik-10-25m-yuksek-kaliteli-asansor-makasli-platform-350-500-800kg-1-tonluk-hidrolik-elektrikli-asansor-atasmanlarla","status":"publish","type":"product","link":"https:\/\/www.buildinglift.com\/tr\/urun\/otomatik-10-25m-yuksek-kaliteli-asansor-makasli-platform-350-500-800kg-1-tonluk-hidrolik-elektrikli-asansor-atasmanlarla\/","title":{"rendered":"Otomatik 10-25M y\u00fcksek kaliteli asans\u00f6r makasl\u0131 platform 350 500 800kg 1 tonluk hidrolik elektrikli asans\u00f6r ata\u015fmanlarla"},"content":{"rendered":"<p><strong>\u00dcr\u00fcn A\u00e7\u0131klamas\u0131<\/strong><br \/>\nKendi kendine hareket eden mobil makasl\u0131 kald\u0131r\u0131c\u0131m\u0131z esas olarak i\u015f\u00e7ileri onar\u0131m, bak\u0131m, temizlik veya kurulum vb. i\u00e7in y\u00fcksek bir yere kald\u0131rmak i\u00e7in kullan\u0131l\u0131r. Do\u011fru \u00e7al\u0131\u015fma alan\u0131na kolayca ta\u015f\u0131yabilirsiniz.<br \/>\nPlatformda geriye, ileriye, d\u00f6n\u00fc\u015fe ve hatta maksimum y\u00fcksekli\u011fine kadar gidebilmek i\u00e7in bir ki\u015fi \u00e7al\u0131\u015ft\u0131r\u0131l\u0131r. Ayr\u0131ca, bu t\u00fcr <a href=\"https:\/\/www.buildinglift.com\/product\/automatic-10-25m-high-quality-elevator-scissor-lift-350-500-800kg-1-ton-hydraulic-electric-lift-with-attachments\/\">mobil makasl\u0131 platform<\/a> elle hareket ettirilebilen tahrikli tekerlek ile sertlik yaratmadan monte edilebilir.<\/p>\n<p><a href=\"https:\/\/www.buildinglift.com\/wp-content\/uploads\/H559669909c4843a4bcc8e5cda100bf0fH.png\"><img fetchpriority=\"high\" decoding=\"async\" class=\"alignnone size-full wp-image-5901\" src=\"https:\/\/www.buildinglift.com\/wp-content\/uploads\/H559669909c4843a4bcc8e5cda100bf0fH.png\" alt=\"\" width=\"790\" height=\"495\" srcset=\"https:\/\/www.buildinglift.com\/wp-content\/uploads\/H559669909c4843a4bcc8e5cda100bf0fH.png 790w, https:\/\/www.buildinglift.com\/wp-content\/uploads\/H559669909c4843a4bcc8e5cda100bf0fH-600x376.png 600w, https:\/\/www.buildinglift.com\/wp-content\/uploads\/H559669909c4843a4bcc8e5cda100bf0fH-300x188.png 300w, https:\/\/www.buildinglift.com\/wp-content\/uploads\/H559669909c4843a4bcc8e5cda100bf0fH-768x481.png 768w, https:\/\/www.buildinglift.com\/wp-content\/uploads\/H559669909c4843a4bcc8e5cda100bf0fH-18x12.png 18w\" sizes=\"(max-width: 790px) 100vw, 790px\" \/><\/a><\/p>","protected":false},"excerpt":{"rendered":"<p>Kendi kendine hareket eden mobil makasl\u0131 kald\u0131r\u0131c\u0131m\u0131z esas olarak i\u015f\u00e7ileri onar\u0131m, bak\u0131m, temizlik veya kurulum vb. i\u00e7in y\u00fcksek bir yere kald\u0131rmak i\u00e7in kullan\u0131l\u0131r. Bunu do\u011fru \u00e7al\u0131\u015fma alan\u0131na kolayca ta\u015f\u0131yabilirsiniz.<\/p>","protected":false},"featured_media":5900,"template":"","meta":[],"product_brand":[],"product_cat":[149],"product_tag":[],"class_list":{"0":"post-5896","1":"product","2":"type-product","3":"status-publish","4":"has-post-thumbnail","6":"product_cat-elevator-scissor-lift","8":"first","9":"instock","10":"shipping-taxable","11":"product-type-simple"},"acf":[],"_links":{"self":[{"href":"https:\/\/www.buildinglift.com\/tr\/wp-json\/wp\/v2\/product\/5896","targetHints":{"allow":["GET"]}}],"collection":[{"href":"https:\/\/www.buildinglift.com\/tr\/wp-json\/wp\/v2\/product"}],"about":[{"href":"https:\/\/www.buildinglift.com\/tr\/wp-json\/wp\/v2\/types\/product"}],"version-history":[{"count":0,"href":"https:\/\/www.buildinglift.com\/tr\/wp-json\/wp\/v2\/product\/5896\/revisions"}],"wp:featuredmedia":[{"embeddable":true,"href":"https:\/\/www.buildinglift.com\/tr\/wp-json\/wp\/v2\/media\/5900"}],"wp:attachment":[{"href":"https:\/\/www.buildinglift.com\/tr\/wp-json\/wp\/v2\/media?parent=5896"}],"wp:term":[{"taxonomy":"product_brand","embeddable":true,"href":"https:\/\/www.buildinglift.com\/tr\/wp-json\/wp\/v2\/product_brand?post=5896"},{"taxonomy":"product_cat","embeddable":true,"href":"https:\/\/www.buildinglift.com\/tr\/wp-json\/wp\/v2\/product_cat?post=5896"},{"taxonomy":"product_tag","embeddable":true,"href":"https:\/\/www.buildinglift.com\/tr\/wp-json\/wp\/v2\/product_tag?post=5896"}],"curies":[{"name":"wp","href":"https:\/\/api.w.org\/{rel}","templated":true}]}}