{"id":5889,"date":"2023-10-19T13:13:03","date_gmt":"2023-10-19T13:13:03","guid":{"rendered":"https:\/\/www.buildinglift.com\/?post_type=product&#038;p=5889"},"modified":"2023-12-12T22:32:00","modified_gmt":"2023-12-13T06:32:00","slug":"akulu-220v-mobil-elektrikli-kendinden-tahrikli-hidrolik-makasli-kaldirma-platform-masasi-iyi-fiyatla","status":"publish","type":"product","link":"https:\/\/www.buildinglift.com\/tr\/urun\/akulu-220v-mobil-elektrikli-kendinden-tahrikli-hidrolik-makasli-kaldirma-platform-masasi-iyi-fiyatla\/","title":{"rendered":"\u0130yi fiyata sahip ak\u00fcl\u00fc 220V mobil elektrikli kendinden tahrikli hidrolik makasl\u0131 kald\u0131rma platform masas\u0131"},"content":{"rendered":"<p><strong>\u00dcr\u00fcn A\u00e7\u0131klamas\u0131<\/strong><br \/>\nThe <a href=\"https:\/\/www.buildinglift.com\/product\/battery-powered-220v-mobile-electric-self-propelled-hydraulic-scissor-lift-platform-table-with-good-price\/\">mobil makasl\u0131 kald\u0131rma platformu<\/a> 4m ile 18m aras\u0131nda kald\u0131rma y\u00fcksekli\u011fine ve 300kg ile 500kg aras\u0131nda y\u00fckleme a\u011f\u0131rl\u0131\u011f\u0131na sahip olup, manuel, elektrikli, ak\u00fcl\u00fc ve dizel yak\u0131tl\u0131 vb. kald\u0131rma modlar\u0131na sahiptir. \u00d6zel yerler i\u00e7in patlamaya dayan\u0131kl\u0131 elektrikli aparatlar se\u00e7ilebilir;<\/p>\n<p>Kullan\u0131c\u0131lar\u0131n ihtiya\u00e7lar\u0131na g\u00f6re kurulabilen kontrol cihaz\u0131 platformu, kolay hareket ettirilebilirlik, geni\u015f y\u00fczey alan\u0131 ve g\u00fc\u00e7l\u00fc ta\u015f\u0131ma kapasitesi, ayn\u0131 anda birden fazla ki\u015finin \u00e7al\u0131\u015fmas\u0131na izin verme, g\u00fcvenlik ve g\u00fcvenilirlik gibi avantajlara sahiptir, bu nedenle havadan kald\u0131rma i\u015flemi i\u00e7in en uygun \u00fcr\u00fcnd\u00fcr.<\/p>\n<p><strong>Ana \u00d6zellikler<\/strong><br \/>\n(1) 4 adet destek aya\u011f\u0131, g\u00fcvenli ve sa\u011flam<br \/>\n(2) D\u00f6rt tekerlek, hareket ettirilmesi kolay<br \/>\n(3) <a href=\"https:\/\/www.buildinglift.com\/product-category\/elevator-scissor-lift\/\">Y\u00fcksek mukavemetli manganez \u00e7elik yap\u0131<\/a>, g\u00fc\u00e7l\u00fc ve sa\u011flam<br \/>\n(4) \u00e7ift kontrol sistemi, zemin kontrol\u00fc + platform kontrol\u00fc<br \/>\n(5) B\u00fcy\u00fck masa, y\u00fcksek y\u00fck, ayn\u0131 anda birka\u00e7 ki\u015finin \u00e7al\u0131\u015fmas\u0131na olanak tan\u0131r.<br \/>\n(6) G\u00fc\u00e7 AC, DC veya dizel motorunu se\u00e7ebilir.<\/p>\n<p><strong>Tedarik Kapsam\u0131<\/strong><br \/>\nFirmam\u0131z, kald\u0131rma y\u00fcksekli\u011fi: 4-18 m, \u00e7al\u0131\u015fma y\u00fcksekli\u011fi: 6 metre ila 20 metre, y\u00fck kapasitesi: 500 kg veya 300 kg olan kendi kendine tahrikli mafsall\u0131 kald\u0131r\u0131c\u0131y\u0131 tedarik etmektedir.<\/p>\n<p><strong>TEKN\u0130K VER\u0130LER<\/strong><br \/>\nMaksimum platform y\u00fcksekli\u011fi: 4 metre ile 18 metre aras\u0131<br \/>\nMaksimum \u00e7al\u0131\u015fma y\u00fcksekli\u011fi : 6 metre ile 20 metre aras\u0131<br \/>\n3.y\u00fck kapasitesi: 500kg, 300kg veya \u00f6zelle\u015ftirilmi\u015f.<br \/>\nG\u00fc\u00e7 Kayna\u011f\u0131: \u00c7ekme veya elektrikle hareket ettirilir, AC, DC veya dizel motorla kald\u0131r\u0131l\u0131r ve indirilir.<br \/>\nRenk: Mavi ve gri veya iste\u011finize g\u00f6re<br \/>\nKorkuluk: 1m y\u00fcksekli\u011finde, \u00e7\u0131kar\u0131labilir, kullan\u0131m\u0131 kolay<br \/>\nYatay platform uzant\u0131s\u0131\uff1a0,5 metre (iste\u011fe ba\u011fl\u0131 yap\u0131land\u0131rma)<br \/>\nt\u0131rmanma kabiliyeti\uff1a20%<\/p>\n<p><a href=\"https:\/\/www.buildinglift.com\/wp-content\/uploads\/H11f0cd10b2eb45e5a9352996cf625bd34.jpg\"><img fetchpriority=\"high\" decoding=\"async\" class=\"alignnone size-full wp-image-5895\" src=\"https:\/\/www.buildinglift.com\/wp-content\/uploads\/H11f0cd10b2eb45e5a9352996cf625bd34.jpg\" alt=\"\" width=\"750\" height=\"595\" srcset=\"https:\/\/www.buildinglift.com\/wp-content\/uploads\/H11f0cd10b2eb45e5a9352996cf625bd34.jpg 750w, https:\/\/www.buildinglift.com\/wp-content\/uploads\/H11f0cd10b2eb45e5a9352996cf625bd34-600x476.jpg 600w, https:\/\/www.buildinglift.com\/wp-content\/uploads\/H11f0cd10b2eb45e5a9352996cf625bd34-300x238.jpg 300w, https:\/\/www.buildinglift.com\/wp-content\/uploads\/H11f0cd10b2eb45e5a9352996cf625bd34-15x12.jpg 15w\" sizes=\"(max-width: 750px) 100vw, 750px\" \/><\/a><\/p>","protected":false},"excerpt":{"rendered":"<p>Kontrol cihaz\u0131 platformu, kullan\u0131c\u0131lar\u0131n ihtiya\u00e7lar\u0131na g\u00f6re kurulabilir, kolay hareket ettirilebilirlik, geni\u015f y\u00fczey ve g\u00fc\u00e7l\u00fc ta\u015f\u0131ma kapasitesi, birka\u00e7 ki\u015finin ayn\u0131 anda \u00e7al\u0131\u015fmas\u0131na izin verme ve g\u00fcvenlik ve g\u00fcvenilirlik gibi avantajlara sahiptir, bu nedenle hava kald\u0131rma i\u015flemi i\u00e7in en uygun \u00fcr\u00fcnd\u00fcr.<\/p>","protected":false},"featured_media":5892,"template":"","meta":[],"product_brand":[],"product_cat":[149],"product_tag":[170,171],"class_list":{"0":"post-5889","1":"product","2":"type-product","3":"status-publish","4":"has-post-thumbnail","6":"product_cat-elevator-scissor-lift","7":"product_tag-hydraulic-scissor-lift-platform","8":"product_tag-mobile-electric-self-propelled","10":"first","11":"instock","12":"shipping-taxable","13":"product-type-simple"},"acf":[],"_links":{"self":[{"href":"https:\/\/www.buildinglift.com\/tr\/wp-json\/wp\/v2\/product\/5889","targetHints":{"allow":["GET"]}}],"collection":[{"href":"https:\/\/www.buildinglift.com\/tr\/wp-json\/wp\/v2\/product"}],"about":[{"href":"https:\/\/www.buildinglift.com\/tr\/wp-json\/wp\/v2\/types\/product"}],"version-history":[{"count":0,"href":"https:\/\/www.buildinglift.com\/tr\/wp-json\/wp\/v2\/product\/5889\/revisions"}],"wp:featuredmedia":[{"embeddable":true,"href":"https:\/\/www.buildinglift.com\/tr\/wp-json\/wp\/v2\/media\/5892"}],"wp:attachment":[{"href":"https:\/\/www.buildinglift.com\/tr\/wp-json\/wp\/v2\/media?parent=5889"}],"wp:term":[{"taxonomy":"product_brand","embeddable":true,"href":"https:\/\/www.buildinglift.com\/tr\/wp-json\/wp\/v2\/product_brand?post=5889"},{"taxonomy":"product_cat","embeddable":true,"href":"https:\/\/www.buildinglift.com\/tr\/wp-json\/wp\/v2\/product_cat?post=5889"},{"taxonomy":"product_tag","embeddable":true,"href":"https:\/\/www.buildinglift.com\/tr\/wp-json\/wp\/v2\/product_tag?post=5889"}],"curies":[{"name":"wp","href":"https:\/\/api.w.org\/{rel}","templated":true}]}}