{"id":5876,"date":"2023-10-19T12:37:41","date_gmt":"2023-10-19T12:37:41","guid":{"rendered":"https:\/\/www.buildinglift.com\/?post_type=product&#038;p=5876"},"modified":"2023-12-12T22:30:07","modified_gmt":"2023-12-13T06:30:07","slug":"400kg-600kg-800kg-kaldirma-cam-metal-kontrplak-isleme-vakumlu-kaldirici-vinc-kaldirma-makinesi","status":"publish","type":"product","link":"https:\/\/www.buildinglift.com\/tr\/urun\/400kg-600kg-800kg-kaldirma-cam-metal-kontrplak-isleme-vakumlu-kaldirici-vinc-kaldirma-makinesi\/","title":{"rendered":"400kg 600Kg 800kg Kald\u0131rma Cam Metal Kontrplak \u0130\u015fleme Vakumlu Kald\u0131r\u0131c\u0131 Vin\u00e7 Kald\u0131rma Makinesi"},"content":{"rendered":"<p>Ba\u015far\u0131, h\u0131zl\u0131, g\u00fcvenli ve kullan\u0131\u015fl\u0131 bir otomatik ekipmand\u0131r. Vakum adsorpsiyonu prensibini kullan\u0131r ve vakum pompas\u0131, vakum kayna\u011f\u0131 olarak kullanarak vakum kupas\u0131 ucunda vakum olu\u015fturur, b\u00f6ylece \u00e7e\u015fitli i\u015f par\u00e7alar\u0131n\u0131 (cam, demir levhalar vb.) s\u0131k\u0131ca tutar. \u0130\u015f par\u00e7as\u0131n\u0131 al\u0131n ve d\u00f6ner mekanik kol arac\u0131l\u0131\u011f\u0131yla belirlenen konuma ta\u015f\u0131y\u0131n.<br \/>\nVakumlu vantuz makinesi esas olarak cam, ah\u015fap, \u00e7imento ve demir levhalar\u0131n montaj\u0131 veya ta\u015f\u0131nmas\u0131 i\u00e7in uygundur. Cam vantuzdan fark\u0131, s\u00fcnger vantuzun di\u011fer malzemeleri emmesi i\u00e7in de\u011fi\u015ftirilmesi gerekmesidir. Otomatik cam y\u00fckleme makinesi, farkl\u0131 boyutlardaki panellere uyum sa\u011flamak i\u00e7in uzat\u0131labilen ayarlanabilir bir braketle donat\u0131lm\u0131\u015ft\u0131r.<br \/>\n<strong>\u00d6zellikler ve Avantajlar:<\/strong><br \/>\n1. Entegre kontrol sistemi, tek bir d\u00fc\u011fmeye basarak dikey ve yatay olarak h\u0131zl\u0131 ve otomatik konumland\u0131rmay\u0131 sa\u011flar;<br \/>\n2. Kald\u0131rma, uzatma ve devirme i\u00e7in DC24V g\u00fcvenilir akt\u00fcat\u00f6rler. verimli ve hassas. Kendili\u011finden hareket eden, \u00e7e\u015fitli devre vakum emi\u015f;<br \/>\n3. Pad \u00e7er\u00e7eve otomatik olarak 180 derece yukar\u0131\/a\u015fa\u011f\u0131 dikey hareket eder;<br \/>\n4. Otomatik yanal kayd\u0131rma 100mm;<br \/>\n5. Otomatik 360 derece d\u00f6n\u00fc\u015f ve otomatik sola\/sa\u011fa d\u00f6n\u00fc\u015f opsiyoneldir.<\/p>\n<p>Mobil vakumlu kald\u0131r\u0131c\u0131, \u00e7ift kontrol sistemi, \u00e7ift hava devresi kontrol\u00fc ve pil g\u00fcc\u00fc kullan\u0131r ve kullan\u0131m i\u00e7in harici bir g\u00fc\u00e7 kayna\u011f\u0131 gerekmez. Kau\u00e7uk lastikler, i\u015fin daha p\u00fcr\u00fczl\u00fc y\u00fczeylerde ger\u00e7ekle\u015ftirilebilmesini sa\u011flar. Ve ihtiya\u00e7lara g\u00f6re, vantuz tutucu manuel olarak 360\u00b0 d\u00f6nd\u00fcr\u00fclebilir ve manuel olarak 90\u00b0 \u00e7evrilebilir, bu da i\u015f verimlili\u011fini b\u00fcy\u00fck \u00f6l\u00e7\u00fcde art\u0131r\u0131r. Ah\u015fap, tahta, cam, ta\u015f ve di\u011fer malzemelerin i\u015flenmesinde ve montaj\u0131nda yayg\u0131n olarak kullan\u0131labilir.<\/p>","protected":false},"excerpt":{"rendered":"<p>Vakumlu vantuz makinesi esas olarak cam, ah\u015fap, \u00e7imento ve demir levhalar\u0131n montaj\u0131 veya ta\u015f\u0131nmas\u0131 i\u00e7in uygundur<\/p>","protected":false},"featured_media":5880,"template":"","meta":[],"product_brand":[],"product_cat":[146],"product_tag":[168],"class_list":{"0":"post-5876","1":"product","2":"type-product","3":"status-publish","4":"has-post-thumbnail","6":"product_cat-glass-lifting-machine","7":"product_tag-vacuum-lifter-crane-lifting-machine","9":"first","10":"instock","11":"shipping-taxable","12":"product-type-simple"},"acf":[],"_links":{"self":[{"href":"https:\/\/www.buildinglift.com\/tr\/wp-json\/wp\/v2\/product\/5876","targetHints":{"allow":["GET"]}}],"collection":[{"href":"https:\/\/www.buildinglift.com\/tr\/wp-json\/wp\/v2\/product"}],"about":[{"href":"https:\/\/www.buildinglift.com\/tr\/wp-json\/wp\/v2\/types\/product"}],"version-history":[{"count":0,"href":"https:\/\/www.buildinglift.com\/tr\/wp-json\/wp\/v2\/product\/5876\/revisions"}],"wp:featuredmedia":[{"embeddable":true,"href":"https:\/\/www.buildinglift.com\/tr\/wp-json\/wp\/v2\/media\/5880"}],"wp:attachment":[{"href":"https:\/\/www.buildinglift.com\/tr\/wp-json\/wp\/v2\/media?parent=5876"}],"wp:term":[{"taxonomy":"product_brand","embeddable":true,"href":"https:\/\/www.buildinglift.com\/tr\/wp-json\/wp\/v2\/product_brand?post=5876"},{"taxonomy":"product_cat","embeddable":true,"href":"https:\/\/www.buildinglift.com\/tr\/wp-json\/wp\/v2\/product_cat?post=5876"},{"taxonomy":"product_tag","embeddable":true,"href":"https:\/\/www.buildinglift.com\/tr\/wp-json\/wp\/v2\/product_tag?post=5876"}],"curies":[{"name":"wp","href":"https:\/\/api.w.org\/{rel}","templated":true}]}}