{"id":5866,"date":"2023-10-19T12:07:31","date_gmt":"2023-10-19T12:07:31","guid":{"rendered":"https:\/\/www.buildinglift.com\/?post_type=product&#038;p=5866"},"modified":"2023-12-12T22:27:58","modified_gmt":"2023-12-13T06:27:58","slug":"el-kumandali-mobil-mini-vinc-tasinabilir-kucuk-kaldirma-zemin-vinci-200kg-300kg-500kg-800kg-1000kg-motor-ozellestirilmis-olarak-saglanir-80","status":"publish","type":"product","link":"https:\/\/www.buildinglift.com\/tr\/urun\/el-kumandali-mobil-mini-vinc-tasinabilir-kucuk-kaldirma-zemin-vinci-200kg-300kg-500kg-800kg-1000kg-motor-ozellestirilmis-olarak-saglanir-80\/","title":{"rendered":"El Operasyonlu Mobil Mini Vin\u00e7 Ta\u015f\u0131nabilir K\u00fc\u00e7\u00fck Kald\u0131rma Zemin Vin\u00e7 200kg 300kg 500kg 800kg 1000kg Motor \u00d6zelle\u015ftirilmi\u015f Sa\u011flan\u0131r 80"},"content":{"rendered":"<p><strong>\u00dcr\u00fcn A\u00e7\u0131klamas\u0131:<\/strong><br \/>\nA\u00e7\u0131k hava vin\u00e7leri de <a href=\"https:\/\/www.buildinglift.com\/product\/hand-operation-mobile-mini-crane-portable-small-lift-floor-crane-200kg-300kg-500kg-800kg-1000kg-motor-customized-provided-80\/\">k\u00fc\u00e7\u00fck vin\u00e7ler denir<\/a>, ta\u015f\u0131nabilir vin\u00e7ler, mini vin\u00e7ler, elektrikli vin\u00e7ler vb.<br \/>\nA\u00e7\u0131k hava vincin yap\u0131sal \u00f6zellikleri:<br \/>\nBu \u00fcr\u00fcn k\u00fc\u00e7\u00fck boyutlu, hafif, kompakt ve kullan\u0131m\u0131 kolayd\u0131r. 380V\/220V voltaj kullan\u0131r ve dekorasyon, kald\u0131rma i\u015flemleri, kurulum ekipmanlar\u0131, nakliye \u015firketleri, fabrikalar, at\u00f6lyeler, hafif sanayi, a\u011f\u0131r sanayi, bak\u0131m, depolar, lojistik vb. i\u00e7in uygundur. Makine iki par\u00e7adan olu\u015fur: g\u00fc\u00e7 \u00fcnitesi ve braket.<br \/>\n1. G\u00fc\u00e7 \u00fcnitesi bir motor, bir red\u00fckt\u00f6r, bir debriyaj, bir fren, bir halat tamburu ve bir \u00e7elik tel halattan olu\u015fur. Motor, g\u00fc\u00e7 kapat\u0131ld\u0131\u011f\u0131nda fren yapan bir mekanizma ile tasarlanm\u0131\u015f manyetik tek fazl\u0131 bir kapasit\u00f6r motorudur; motor ayr\u0131ca bir termal \u015falter ile donat\u0131lm\u0131\u015ft\u0131r ve red\u00fckt\u00f6r, motora sabit bir \u015fekilde ba\u011flanan iki kademeli bir di\u015fli red\u00fcksiyonudur; fren ve u\u00e7 borusu bir b\u00fct\u00fcn olarak monte edilmi\u015ftir ve bu da h\u0131zl\u0131 bir d\u00fc\u015f\u00fc\u015f elde etmek i\u00e7in olabilir.<br \/>\n2. Destek par\u00e7as\u0131 ana destek \u00e7ubu\u011fu ve konsol bomundan olu\u015fur. D\u00f6nen kol ana direk \u00fczerinde 360 derece d\u00f6nebilir ve kolun ucunda, \u00e7al\u0131\u015ft\u0131rma hatalar\u0131 veya d\u00fc\u011fme ar\u0131zas\u0131 nedeniyle olu\u015fan kald\u0131rma kazalar\u0131n\u0131 \u00f6nlemek i\u00e7in bir hareket anahtar\u0131 bulunur. Motorun ileri ve geri d\u00f6n\u00fc\u015f\u00fcn\u00fc ger\u00e7ekle\u015ftirmek i\u00e7in d\u00fc\u011fme mar\u015f\u0131n\u0131 \u00e7al\u0131\u015ft\u0131r\u0131n. Tel halat sar\u0131labilir ve serbest b\u0131rak\u0131labilir ve braketin bir k\u0131sm\u0131 kasnaklar taraf\u0131ndan kald\u0131r\u0131l\u0131r ve nesneler kald\u0131rma i\u015flemini tamamlamak i\u00e7in indirilir.<\/p>\n<p><a href=\"https:\/\/www.buildinglift.com\/wp-content\/uploads\/Hea4ac00bb7db491598bec99393918ab8F.jpg\"><img fetchpriority=\"high\" decoding=\"async\" class=\"alignnone size-full wp-image-5874\" src=\"https:\/\/www.buildinglift.com\/wp-content\/uploads\/Hea4ac00bb7db491598bec99393918ab8F.jpg\" alt=\"\" width=\"750\" height=\"1774\" srcset=\"https:\/\/www.buildinglift.com\/wp-content\/uploads\/Hea4ac00bb7db491598bec99393918ab8F.jpg 750w, https:\/\/www.buildinglift.com\/wp-content\/uploads\/Hea4ac00bb7db491598bec99393918ab8F-600x1419.jpg 600w, https:\/\/www.buildinglift.com\/wp-content\/uploads\/Hea4ac00bb7db491598bec99393918ab8F-127x300.jpg 127w, https:\/\/www.buildinglift.com\/wp-content\/uploads\/Hea4ac00bb7db491598bec99393918ab8F-433x1024.jpg 433w, https:\/\/www.buildinglift.com\/wp-content\/uploads\/Hea4ac00bb7db491598bec99393918ab8F-649x1536.jpg 649w, https:\/\/www.buildinglift.com\/wp-content\/uploads\/Hea4ac00bb7db491598bec99393918ab8F-5x12.jpg 5w\" sizes=\"(max-width: 750px) 100vw, 750px\" \/><\/a><\/p>","protected":false},"excerpt":{"rendered":"<p>A\u00e7\u0131k hava vin\u00e7lerine ayn\u0131 zamanda k\u00fc\u00e7\u00fck vin\u00e7ler, ta\u015f\u0131nabilir vin\u00e7ler, mini vin\u00e7ler, elektrikli vin\u00e7ler vb. de denir.<\/p>","protected":false},"featured_media":5871,"template":"","meta":[],"product_brand":[],"product_cat":[148],"product_tag":[166,167],"class_list":{"0":"post-5866","1":"product","2":"type-product","3":"status-publish","4":"has-post-thumbnail","6":"product_cat-construction-mini-crane","7":"product_tag-mini-crane-portable","8":"product_tag-small-lift-floor-crane","10":"first","11":"instock","12":"shipping-taxable","13":"product-type-simple"},"acf":[],"_links":{"self":[{"href":"https:\/\/www.buildinglift.com\/tr\/wp-json\/wp\/v2\/product\/5866","targetHints":{"allow":["GET"]}}],"collection":[{"href":"https:\/\/www.buildinglift.com\/tr\/wp-json\/wp\/v2\/product"}],"about":[{"href":"https:\/\/www.buildinglift.com\/tr\/wp-json\/wp\/v2\/types\/product"}],"version-history":[{"count":0,"href":"https:\/\/www.buildinglift.com\/tr\/wp-json\/wp\/v2\/product\/5866\/revisions"}],"wp:featuredmedia":[{"embeddable":true,"href":"https:\/\/www.buildinglift.com\/tr\/wp-json\/wp\/v2\/media\/5871"}],"wp:attachment":[{"href":"https:\/\/www.buildinglift.com\/tr\/wp-json\/wp\/v2\/media?parent=5866"}],"wp:term":[{"taxonomy":"product_brand","embeddable":true,"href":"https:\/\/www.buildinglift.com\/tr\/wp-json\/wp\/v2\/product_brand?post=5866"},{"taxonomy":"product_cat","embeddable":true,"href":"https:\/\/www.buildinglift.com\/tr\/wp-json\/wp\/v2\/product_cat?post=5866"},{"taxonomy":"product_tag","embeddable":true,"href":"https:\/\/www.buildinglift.com\/tr\/wp-json\/wp\/v2\/product_tag?post=5866"}],"curies":[{"name":"wp","href":"https:\/\/api.w.org\/{rel}","templated":true}]}}