{"id":5862,"date":"2023-10-19T11:58:30","date_gmt":"2023-10-19T11:58:30","guid":{"rendered":"https:\/\/www.buildinglift.com\/?post_type=product&#038;p=5862"},"modified":"2023-12-12T22:27:05","modified_gmt":"2023-12-13T06:27:05","slug":"acik-hava-kaldirma-makinesi-500kg-30-metre-220v-200kg-mikro-elektrikli-vinc-vinc-kaldirma-makinesi-ev-dekorasyonu-kucuk-vinc","status":"publish","type":"product","link":"https:\/\/www.buildinglift.com\/tr\/urun\/acik-hava-kaldirma-makinesi-500kg-30-metre-220v-200kg-mikro-elektrikli-vinc-vinc-kaldirma-makinesi-ev-dekorasyonu-kucuk-vinc\/","title":{"rendered":"A\u00e7\u0131k hava kald\u0131rma makinesi 500kg 30 metre 220V 200kg mikro elektrikli vin\u00e7 vin\u00e7 kald\u0131rma makinesi ev dekorasyonu k\u00fc\u00e7\u00fck vin\u00e7"},"content":{"rendered":"<p><strong>\u00dcr\u00fcn \u00f6zellikleri:<\/strong><br \/>\n1. Ala\u015f\u0131ml\u0131 \u00e7elik braket, diki\u015fsiz kaynak, dayan\u0131kl\u0131<br \/>\n2. Motor, tam bak\u0131r motor, h\u0131zl\u0131 \u0131s\u0131 da\u011f\u0131l\u0131m\u0131 ve uzun \u00f6m\u00fcr.<br \/>\n3. Flan\u015f, kal\u0131nla\u015ft\u0131r\u0131lm\u0131\u015f flan\u015f plakas\u0131, sa\u011flam ve g\u00fcvenilir.<br \/>\n4. D\u00f6ner \u015faft, \u00e7ift rulman 360 derece d\u00f6n\u00fc\u015f.<\/p>\n<p>Ta\u015f\u0131nabilir vin\u00e7ler, binalar\u0131n i\u00e7 veya d\u0131\u015f mekanlar\u0131nda veya \u00e7at\u0131lar\u0131n \u00fcst\u00fcnde her t\u00fcrl\u00fc durumda y\u00fckleri ve a\u011f\u0131r malzemeleri kald\u0131rmak, d\u00fc\u015f\u00fcrmek, s\u00fcr\u00fcklemek, \u00e7ekmek, \u00e7ekmek, ta\u015f\u0131mak, ta\u015f\u0131mak, istiflemek, hareket ettirmek, tutmak ve yerle\u015ftirmek i\u00e7in \u00fcretilmi\u015ftir. 24v ak\u00fc g\u00fcc\u00fc veya elektrikli modeller. \u00dc\u00e7 fitlik bir konut kap\u0131s\u0131 a\u00e7\u0131kl\u0131\u011f\u0131na s\u0131\u011facak kadar k\u00fc\u00e7\u00fck, bir asans\u00f6r\u00fcn, dar koridorun, hol\u00fcn, merdiven bo\u015flu\u011funun veya bir kamyonun arkas\u0131na kadar gidebilen bu dikey kald\u0131rma mobil mini vin\u00e7, dar alanlarda, k\u0131s\u0131tl\u0131 eri\u015fimde ve ula\u015f\u0131lmas\u0131 zor alanlarda veya engellerin \u00fczerinden ve etraf\u0131ndan ge\u00e7meye olanak tan\u0131r. B\u00fcy\u00fck vin\u00e7 kiralamalar\u0131na k\u0131yasla paradan tasarruf edin. M1 Global Model, hava ko\u015fullar\u0131na dayan\u0131kl\u0131 yerle\u015fik \u015farj cihaz\u0131 ve hidrolik bomlu \u00e7ift ak\u00fcye sahiptir ve katland\u0131\u011f\u0131nda ve kompakt hale getirildi\u011finde tam hareket kabiliyeti ve kolay ta\u015f\u0131ma sa\u011flar.<\/p>\n<p>yat\u0131r\u0131m getirisi ve maliyet verimlili\u011fi d\u00fc\u015f\u00fcn\u00fclerek \u00fcretkenli\u011fi kolayla\u015ft\u0131ran ta\u015f\u0131nabilir mini vin\u00e7ler ve malzeme kald\u0131rma ekipmanlar\u0131. \u00c7at\u0131larda veya zeminden zemine \u00e7al\u0131\u015f\u0131n. Her biri patentli bir kar\u015f\u0131 a\u011f\u0131rl\u0131k sistemi, destek sistemi ve kompakt ayak izi kullanan mobil vin\u00e7ler\/mini vin\u00e7 modelleri sunuyoruz. Bu sayede vin\u00e7ler kap\u0131lardan\/asans\u00f6rlerin i\u00e7inden ge\u00e7ebilir, dar alanlarda merdivenlerden yukar\u0131 hareket edebilir ve asans\u00f6r, kamyon veya minib\u00fcsle ta\u015f\u0131nabilir. Patentli taban yap\u0131s\u0131 kolayca katlanarak sabit bir zemin veya <a href=\"https:\/\/www.buildinglift.com\/product\/outdoor-lifting-machine-500kg-30-meter-with-220v-200kg-micro-electric-hoist-crane-hoist-machine-household-decoration-small-crane\/\">mini \u00e7at\u0131 vinci<\/a>, ancak y\u00fckleri g\u00fcvenli bir \u015fekilde al\u0131p ta\u015f\u0131mak i\u00e7in tasarlanm\u0131\u015ft\u0131r. \u00c7evre dostu: s\u0131f\u0131r<\/p>","protected":false},"excerpt":{"rendered":"<p>Yat\u0131r\u0131m getirisi ve maliyet etkinli\u011fi d\u00fc\u015f\u00fcn\u00fclerek \u00fcretkenli\u011fi kolayla\u015ft\u0131ran ta\u015f\u0131nabilir mini vin\u00e7ler ve malzeme kald\u0131rma ekipmanlar\u0131. \u00c7at\u0131larda veya zeminden zemine \u00e7al\u0131\u015f\u0131n<\/p>","protected":false},"featured_media":5864,"template":"","meta":[],"product_brand":[],"product_cat":[148],"product_tag":[165],"class_list":{"0":"post-5862","1":"product","2":"type-product","3":"status-publish","4":"has-post-thumbnail","6":"product_cat-construction-mini-crane","7":"product_tag-micro-electric-hoist-crane","9":"first","10":"instock","11":"shipping-taxable","12":"product-type-simple"},"acf":[],"_links":{"self":[{"href":"https:\/\/www.buildinglift.com\/tr\/wp-json\/wp\/v2\/product\/5862","targetHints":{"allow":["GET"]}}],"collection":[{"href":"https:\/\/www.buildinglift.com\/tr\/wp-json\/wp\/v2\/product"}],"about":[{"href":"https:\/\/www.buildinglift.com\/tr\/wp-json\/wp\/v2\/types\/product"}],"version-history":[{"count":0,"href":"https:\/\/www.buildinglift.com\/tr\/wp-json\/wp\/v2\/product\/5862\/revisions"}],"wp:featuredmedia":[{"embeddable":true,"href":"https:\/\/www.buildinglift.com\/tr\/wp-json\/wp\/v2\/media\/5864"}],"wp:attachment":[{"href":"https:\/\/www.buildinglift.com\/tr\/wp-json\/wp\/v2\/media?parent=5862"}],"wp:term":[{"taxonomy":"product_brand","embeddable":true,"href":"https:\/\/www.buildinglift.com\/tr\/wp-json\/wp\/v2\/product_brand?post=5862"},{"taxonomy":"product_cat","embeddable":true,"href":"https:\/\/www.buildinglift.com\/tr\/wp-json\/wp\/v2\/product_cat?post=5862"},{"taxonomy":"product_tag","embeddable":true,"href":"https:\/\/www.buildinglift.com\/tr\/wp-json\/wp\/v2\/product_tag?post=5862"}],"curies":[{"name":"wp","href":"https:\/\/api.w.org\/{rel}","templated":true}]}}