{"id":5849,"date":"2023-10-19T11:07:37","date_gmt":"2023-10-19T11:07:37","guid":{"rendered":"https:\/\/www.buildinglift.com\/?post_type=product&#038;p=5849"},"modified":"2023-12-12T22:25:28","modified_gmt":"2023-12-13T06:25:28","slug":"mini-360-derece-insaat-ekipmani-kucuk-kaldirma-vinci","status":"publish","type":"product","link":"https:\/\/www.buildinglift.com\/tr\/urun\/mini-360-derece-insaat-ekipmani-kucuk-kaldirma-vinci\/","title":{"rendered":"Mini 360 derece \u0130n\u015faat Ekipman\u0131 K\u00fc\u00e7\u00fck Kald\u0131rma Vin\u00e7"},"content":{"rendered":"<p>\u00dcr\u00fcn \u00f6zellikleri:<br \/>\n1. Ala\u015f\u0131ml\u0131 \u00e7elik braket, diki\u015fsiz kaynak, dayan\u0131kl\u0131<br \/>\n2. Motor, tam bak\u0131r motor, h\u0131zl\u0131 \u0131s\u0131 da\u011f\u0131l\u0131m\u0131 ve uzun \u00f6m\u00fcr.<br \/>\n3. Flan\u015f, kal\u0131nla\u015ft\u0131r\u0131lm\u0131\u015f flan\u015f plakas\u0131, sa\u011flam ve g\u00fcvenilir.<br \/>\n4. D\u00f6ner \u015faft, \u00e7ift rulman 360 derece d\u00f6n\u00fc\u015f.<\/p>\n<p><a href=\"https:\/\/www.buildinglift.com\/product\/mini-360-degree-construction-equipment-small-lifting-crane\/\">Mini \u0130n\u015faat Vin\u00e7leri<\/a> Girii\u015f:<br \/>\nMini in\u015faat vinci, 360 derece d\u00f6nebilen sap\u0131yla olduk\u00e7a ta\u015f\u0131nabilir ve kullan\u0131m\u0131 daha h\u0131zl\u0131 bir vin\u00e7tir. Bu sayede, \u00e7al\u0131\u015f\u0131rken halat\u0131n b\u00fck\u00fclmesi ve d\u00f6nd\u00fcr\u00fclmesi zor olma sorunu ortadan kalkar. K\u00fc\u00e7\u00fck in\u015faat vin\u00e7lerinin, \u00f6zellikle k\u00fc\u00e7\u00fck pencere alanlar\u0131nda \u00f6nemli \u00f6l\u00e7\u00fcde i\u015f g\u00fcc\u00fc tasarrufu sa\u011flad\u0131\u011f\u0131 ve kald\u0131rma verimlili\u011fini art\u0131rd\u0131\u011f\u0131 \u015f\u00fcphesizdir.<br \/>\nMini in\u015faat vinci, a\u011f\u0131rl\u0131k a\u015f\u0131r\u0131 y\u00fck korumas\u0131, ak\u0131m a\u015f\u0131r\u0131 y\u00fck korumas\u0131, voltaj d\u00fc\u015f\u00fc\u015f\u00fc korumas\u0131 ve otomatik konumland\u0131rma cihazlar\u0131 gibi \u00e7oklu koruma sistemleri sayesinde olduk\u00e7a g\u00fcvenlidir. Bu sayede d\u00f6nen kolun sa\u011fa sola hareket etmesi etkili bir \u015fekilde \u00f6nlenebilir ve daha g\u00fcvenli hale gelir. Ayr\u0131ca, g\u00fc\u00e7 \u00fcnitesi iste\u011fe ba\u011fl\u0131 olup dizel, benzinli veya elektrik motorlar\u0131nda kullan\u0131labilir. Farkl\u0131 m\u00fc\u015fterilerin ihtiya\u00e7lar\u0131na g\u00f6re sizin i\u00e7in \u00e7e\u015fitli mini in\u015faat vin\u00e7leri geli\u015ftirdik.<br \/>\nMini in\u015faat vinci, \u00f6nceki kald\u0131rma makinelerinin eksikliklerini gidererek k\u00fc\u00e7\u00fck pencere alanlar\u0131nda kullan\u0131labilir ve k\u00fc\u00e7\u00fck pencerelerde ve dar alanlarda kullan\u0131lamaz. Ayr\u0131ca, d\u00f6ner kolun pencereden \u00e7ok k\u0131sa olmas\u0131 sorununu da ortadan kald\u0131r\u0131r; bu da di\u011fer ta\u015f\u0131nabilir vin\u00e7lerin sahip olmad\u0131\u011f\u0131 bir avantaj ve farkt\u0131r.<br \/>\nMini in\u015faat vinci ayr\u0131ca mini asans\u00f6r, mini vin\u00e7, elektrikli mini asans\u00f6r, k\u00fc\u00e7\u00fck kald\u0131rma vinci, mini ta\u015f\u0131nabilir mobil manuel bomlu vin\u00e7, davit vin\u00e7, k\u00fc\u00e7\u00fck mobil vin\u00e7ler, k\u00fc\u00e7\u00fck ta\u015f\u0131nabilir vin\u00e7, ta\u015f\u0131nabilir d\u0131\u015f mekan elektrikli vin\u00e7 vinci, d\u00f6nebilen esnek kamyon kald\u0131rma k\u00fc\u00e7\u00fck vin\u00e7, arabaya monte mini vin\u00e7, mini vin\u00e7, d\u0131\u015f mekan mini vin\u00e7, ta\u015f\u0131nabilir zemin vinci, kald\u0131rma aleti mini vin\u00e7li vin\u00e7, ta\u015f\u0131nabilir kald\u0131rma vinci olarak da adland\u0131r\u0131l\u0131r., <a href=\"https:\/\/www.buildinglift.com\/product-category\/construction-mini-crane\/\">a\u00e7\u0131k havada 360 derece d\u00f6nebilen vin\u00e7<\/a>, d\u00fcz arazi mini zemin elektrikli vin\u00e7, in\u015faat i\u00e7in k\u00fc\u00e7\u00fck mini vin\u00e7, in\u015faat i\u00e7in mini vin\u00e7 makinesi, kamyona monte vin\u00e7ler ve k\u00fc\u00e7\u00fck bomlu vin\u00e7.<\/p>","protected":false},"excerpt":{"rendered":"<p>Mini in\u015faat vinci, 360 derece d\u00f6nebilen bir sapa sahip, \u00e7ok ta\u015f\u0131nabilir, kullan\u0131m\u0131 daha h\u0131zl\u0131 bir vin\u00e7tir; bu, \u00e7al\u0131\u015f\u0131rken halat\u0131n b\u00fck\u00fclmesi ve d\u00f6nd\u00fcr\u00fclmesinin zor olmas\u0131 sorununu \u00e7\u00f6zer.<\/p>","protected":false},"featured_media":5851,"template":"","meta":[],"product_brand":[],"product_cat":[148],"product_tag":[163,162],"class_list":{"0":"post-5849","1":"product","2":"type-product","3":"status-publish","4":"has-post-thumbnail","6":"product_cat-construction-mini-crane","7":"product_tag-mini-crane","8":"product_tag-small-lifting-crane","10":"first","11":"instock","12":"shipping-taxable","13":"product-type-simple"},"acf":[],"_links":{"self":[{"href":"https:\/\/www.buildinglift.com\/tr\/wp-json\/wp\/v2\/product\/5849","targetHints":{"allow":["GET"]}}],"collection":[{"href":"https:\/\/www.buildinglift.com\/tr\/wp-json\/wp\/v2\/product"}],"about":[{"href":"https:\/\/www.buildinglift.com\/tr\/wp-json\/wp\/v2\/types\/product"}],"version-history":[{"count":0,"href":"https:\/\/www.buildinglift.com\/tr\/wp-json\/wp\/v2\/product\/5849\/revisions"}],"wp:featuredmedia":[{"embeddable":true,"href":"https:\/\/www.buildinglift.com\/tr\/wp-json\/wp\/v2\/media\/5851"}],"wp:attachment":[{"href":"https:\/\/www.buildinglift.com\/tr\/wp-json\/wp\/v2\/media?parent=5849"}],"wp:term":[{"taxonomy":"product_brand","embeddable":true,"href":"https:\/\/www.buildinglift.com\/tr\/wp-json\/wp\/v2\/product_brand?post=5849"},{"taxonomy":"product_cat","embeddable":true,"href":"https:\/\/www.buildinglift.com\/tr\/wp-json\/wp\/v2\/product_cat?post=5849"},{"taxonomy":"product_tag","embeddable":true,"href":"https:\/\/www.buildinglift.com\/tr\/wp-json\/wp\/v2\/product_tag?post=5849"}],"curies":[{"name":"wp","href":"https:\/\/api.w.org\/{rel}","templated":true}]}}