{"id":5709,"date":"2023-09-22T14:28:00","date_gmt":"2023-09-22T14:28:00","guid":{"rendered":"https:\/\/www.buildinglift.com\/?post_type=product&#038;p=5709"},"modified":"2023-12-12T22:22:21","modified_gmt":"2023-12-13T06:22:21","slug":"window-cleaning-suspended-working-platform","status":"publish","type":"product","link":"https:\/\/www.buildinglift.com\/tr\/urun\/window-cleaning-suspended-working-platform\/","title":{"rendered":"Pencere temizleme ask\u0131l\u0131 \u00e7al\u0131\u015fma platformu"},"content":{"rendered":"<p>Window cleaning suspended platform composed by working platform and the suspension system. It is easy to assemble and disassemble, set with the safety device, it is safe for high altitude work.<\/p>\n<p><strong>Product details<br \/>\n<\/strong>\u2013<a href=\"https:\/\/www.buildinglift.com\/product\/window-cleaning-suspended-working-platform\/\"> Accessories of working platform<\/a><br \/>\nElectric control box: scientific design, waterproof and anti-collision<br \/>\nSafety lock: high intensive stainless steel, 100% qualified<br \/>\nWire rope: diameter 8.3mm<br \/>\nCable: GB2.0 level, natural weather resistance rubber<br \/>\nHoist: high quality, durable<br \/>\nFour kinds of counter weight you can choose: Iron-cast, concrete, concrete with steel cover or concrete with zinc coated.<br \/>\n\u2013 The suspension mechanism is applicable to different types of roofs and convenient to deliver building materials. Also we provide parapet clamps device.<\/p>\n<p>Ge\u00e7ici ask\u0131l\u0131 eri\u015fim ekipman\u0131 olan ZLP serisi, SUCCESS Company&#039;nin yenilik\u00e7i bir yarat\u0131m\u0131d\u0131r. Birincil i\u015flevi, a\u011f\u0131rl\u0131kl\u0131 olarak y\u00fcksek katl\u0131 ve \u00e7ok katl\u0131 binalar\u0131n in\u015fas\u0131, dekorasyonu, temizli\u011fi ve bak\u0131m\u0131 i\u00e7in kullan\u0131lan elektrikli t\u0131rmanma tipi bir dekorasyon makinesidir. \u00c7ok y\u00f6nl\u00fcl\u00fc\u011f\u00fc, asans\u00f6r montaj\u0131, b\u00fcy\u00fck tank in\u015faat\u0131, k\u00f6pr\u00fc in\u015faat\u0131 ve baraj \u00e7al\u0131\u015fmas\u0131 gibi di\u011fer m\u00fchendislik i\u015flemlerinde kullan\u0131lmas\u0131n\u0131 sa\u011flar.<\/p>\n<p>ZLP serisi \u00fcst\u00fcn kalitesi ve profesyonel hizmetiyle \u00f6ne \u00e7\u0131k\u0131yor. \u00dcn\u00fc ve g\u00fcvenilirli\u011fi artt\u0131k\u00e7a, uluslararas\u0131 eri\u015fimi de artt\u0131. SUCCESS Company&#039;nin \u00fcr\u00fcnleri art\u0131k Singapur, Rusya, Birle\u015fik Arap Emirlikleri, \u015eili ve Peru dahil olmak \u00fczere 70&#039;ten fazla \u00fclke ve b\u00f6lgeye ihra\u00e7 ediliyor. \u015eirketin m\u00fckemmelli\u011fe olan ba\u011fl\u0131l\u0131\u011f\u0131, Avrupa standartlar\u0131n\u0131 kar\u015f\u0131layan ve CE sertifikas\u0131 alan \u00fcr\u00fcnlerine yans\u0131yor.<\/p>\n<p>M\u00fc\u015fterilerin \u00f6nerdi\u011fi \u00f6zel gereksinimleri kar\u015f\u0131lamak ve her t\u00fcrl\u00fc ko\u015fula uyum sa\u011flamak i\u00e7in her t\u00fcrl\u00fc \u00f6zel ask\u0131l\u0131 platformu tasarlay\u0131p \u00fcretebiliriz. L ayakl\u0131 tek ki\u015filik platform, a\u00e7\u0131l\u0131 ask\u0131l\u0131 platform, \u00e7ift katl\u0131 platform, BMU gondol, tek ki\u015filik ask\u0131l\u0131 sandalye, dairesel ask\u0131l\u0131 platform, hareketli u\u00e7 \u00fczengi, ZLP350 ask\u0131l\u0131 platform gibi.<\/p>\n<p>Y\u00fcksek irtifa\/y\u00fcksek eri\u015fim in\u015faat makinesi olarak bilinen ask\u0131l\u0131 platform, d\u00fcnya \u00e7ap\u0131nda \u00e7e\u015fitli isimlerle tan\u0131n\u0131r. Kuzey Amerika&#039;da sal\u0131ncak sahnesi olarak an\u0131l\u0131rken, Vietnam&#039;da San treo gondol olarak bilinir. Rusya&#039;da \u0444\u0430\u0441\u0430\u0434\u043d\u044b\u0445 \u043f\u043e\u0434\u0432\u0435\u0441\u043d\u044b\u0445 \u043f\u043b\u043e\u0449\u0430\u0434\u043e\u043a olarak adland\u0131r\u0131l\u0131r. \u015eili, Peru, Kolombiya, Arjantin ve \u0130spanya gibi \u0130spanyolca konu\u015fan \u00fclkeler buna andamios colgantes veya plataformas suspendidas der.<\/p>\n<p>\u0130n\u015faat makineleri d\u00fcnyas\u0131nda, SUCCESS Company&#039;nin ZLP serisi kendine bir yer edinmi\u015ftir. \u00c7ok y\u00f6nl\u00fcl\u00fc\u011f\u00fc, \u00fcst\u00fcn kalitesi ve geni\u015f uygulama yelpazesi onu y\u00fcksek katl\u0131 ve \u00e7ok katl\u0131 bina projeleri i\u00e7in vazge\u00e7ilmez bir ara\u00e7 haline getirir. Ba\u015far\u0131s\u0131n\u0131n bir kan\u0131t\u0131 olarak, ZLP serisi 70&#039;ten fazla \u00fclke ve b\u00f6lgeye ula\u015fm\u0131\u015f, Avrupa standartlar\u0131n\u0131 kar\u015f\u0131lam\u0131\u015f ve bu s\u00fcre\u00e7te CE sertifikas\u0131 kazanm\u0131\u015ft\u0131r.<\/p>\n<p>Whether it&#8217;s known as the swing stage in North America, San treo gondola in Vietnam, \u0444\u0430\u0441\u0430\u0434\u043d\u044b\u0445 \u043f\u043e\u0434\u0432\u0435\u0441\u043d\u044b\u0445 \u043f\u043b\u043e\u0449\u0430\u0434\u043e\u043a in Russia, or andamios colgantes and <a href=\"https:\/\/www.buildinglift.com\/product\/window-cleaning-suspended-working-platform\/\">plataformas suspendidas<\/a> in Spanish-speaking countries, the ZLP series is recognized and valued for its contribution to high altitude\/high access construction projects. As SUCCESS Company continues to innovate and improve, the ZLP series is set to remain a staple in the construction industry worldwide.<\/p>\n<p><strong>Ask\u0131l\u0131 Platform Kald\u0131rma Sistemi \u2013 Uzun \u00d6m\u00fcrl\u00fc.<\/strong><br \/>\n1. D\u00f6k\u00fcm g\u00f6vdesi \u00f6zel al\u00fcminyum malzemeden yap\u0131lm\u0131\u015f olup ithal i\u015fleme merkezinde yer\u00e7ekimi d\u00f6k\u00fcm i\u015flemi ile i\u015flenmi\u015ftir. \u00dcr\u00fcn iyi hassasiyete ve dayan\u0131kl\u0131l\u0131\u011fa sahiptir. D\u00f6k\u00fcmler, kal\u0131p d\u00f6k\u00fcmlere g\u00f6re d\u00fc\u015fmeye kar\u015f\u0131 daha dayan\u0131kl\u0131d\u0131r ve \u00e7atlamaya daha az e\u011filimlidir.<br \/>\n2. S\u00fcr\u00fc\u015f diskinin malzemesi 40Cr&#039;dir, a\u011f\u0131rl\u0131\u011f\u0131 5,4 kg&#039;d\u0131r, temperleme ve y\u00fczey nitr\u00fcrleme i\u015fleminden sonra daha a\u015f\u0131nmaya dayan\u0131kl\u0131 ve dayan\u0131kl\u0131d\u0131r.<br \/>\n3. Solucan \u00e7ark\u0131 kalay-fosfor bronz 9-4 bak\u0131rdan yap\u0131lm\u0131\u015ft\u0131r, 0,94 kg, iyi tokluk ve a\u015f\u0131nma direncine sahiptir. Solucan ve di\u015fli \u015faft\u0131n\u0131n malzemesi 38CrMoA1&#039;dir, solucan 0,48 kg&#039;d\u0131r, iyi toklu\u011fa ve a\u015f\u0131nma direncine sahiptir.<br \/>\n4. Halat k\u0131lavuzu, hasar g\u00f6rmesi kolay olmayan ve s\u0131k\u0131\u015fmaya neden olmayacak \u00f6zel a\u015f\u0131nmaya dayan\u0131kl\u0131 paslanmaz \u00e7elik malzemeden yap\u0131lm\u0131\u015ft\u0131r. Ar\u0131za maliyeti son derece d\u00fc\u015f\u00fckt\u00fcr ve genellikle de\u011fi\u015ftirilmesi gerekmez.<\/p>","protected":false},"excerpt":{"rendered":"<p><strong>Model No<\/strong>.: ZLP630<br \/>\n<strong>Malzeme<\/strong>:\u00a0 Aluminum alloy or steel<br \/>\n<strong>Nominal y\u00fck<\/strong>:\u00a0 630kg<br \/>\n<strong>Kald\u0131rma Y\u00fcksekli\u011fi<\/strong>: 100M or 150M<br \/>\n<strong>Kald\u0131rma H\u0131z\u0131<\/strong>:\u00a0 9.6m\/min<br \/>\n<strong>Boyutlar (U*G*Y)<\/strong>: (2000mm*3) *690mm*1300mm<br \/>\n<strong>\u00dcretim Kalifikasyonu<\/strong><br \/>\nISO9001:2008, CE ve EAC sertifikalar\u0131na sahibiz.<\/p>","protected":false},"featured_media":5712,"template":"","meta":[],"product_brand":[],"product_cat":[147],"product_tag":[],"class_list":{"0":"post-5709","1":"product","2":"type-product","3":"status-publish","4":"has-post-thumbnail","6":"product_cat-suspended-platform","8":"first","9":"instock","10":"shipping-taxable","11":"product-type-simple"},"acf":[],"_links":{"self":[{"href":"https:\/\/www.buildinglift.com\/tr\/wp-json\/wp\/v2\/product\/5709","targetHints":{"allow":["GET"]}}],"collection":[{"href":"https:\/\/www.buildinglift.com\/tr\/wp-json\/wp\/v2\/product"}],"about":[{"href":"https:\/\/www.buildinglift.com\/tr\/wp-json\/wp\/v2\/types\/product"}],"version-history":[{"count":0,"href":"https:\/\/www.buildinglift.com\/tr\/wp-json\/wp\/v2\/product\/5709\/revisions"}],"wp:featuredmedia":[{"embeddable":true,"href":"https:\/\/www.buildinglift.com\/tr\/wp-json\/wp\/v2\/media\/5712"}],"wp:attachment":[{"href":"https:\/\/www.buildinglift.com\/tr\/wp-json\/wp\/v2\/media?parent=5709"}],"wp:term":[{"taxonomy":"product_brand","embeddable":true,"href":"https:\/\/www.buildinglift.com\/tr\/wp-json\/wp\/v2\/product_brand?post=5709"},{"taxonomy":"product_cat","embeddable":true,"href":"https:\/\/www.buildinglift.com\/tr\/wp-json\/wp\/v2\/product_cat?post=5709"},{"taxonomy":"product_tag","embeddable":true,"href":"https:\/\/www.buildinglift.com\/tr\/wp-json\/wp\/v2\/product_tag?post=5709"}],"curies":[{"name":"wp","href":"https:\/\/api.w.org\/{rel}","templated":true}]}}