{"id":5703,"date":"2023-09-22T14:20:30","date_gmt":"2023-09-22T14:20:30","guid":{"rendered":"https:\/\/www.buildinglift.com\/?post_type=product&#038;p=5703"},"modified":"2023-12-12T22:20:51","modified_gmt":"2023-12-13T06:20:51","slug":"exterior-window-cleaning-hanging-platform-custom-made-vertical-custom-suspended-platform","status":"publish","type":"product","link":"https:\/\/www.buildinglift.com\/tr\/urun\/exterior-window-cleaning-hanging-platform-custom-made-vertical-custom-suspended-platform\/","title":{"rendered":"D\u0131\u015f pencere temizleme asma platformu \u00f6zel yap\u0131m dikey\/\u00d6zel Ask\u0131l\u0131 Platform"},"content":{"rendered":"<p>M\u00fc\u015fterilerin \u00f6nerdi\u011fi \u00f6zel gereksinimleri kar\u015f\u0131lamak ve her t\u00fcrl\u00fc ko\u015fula uyum sa\u011flamak i\u00e7in her t\u00fcrl\u00fc \u00f6zel ask\u0131l\u0131 platformu tasarlay\u0131p \u00fcretebiliriz. L ayakl\u0131 tek ki\u015filik platform, a\u00e7\u0131l\u0131 ask\u0131l\u0131 platform, \u00e7ift katl\u0131 platform, BMU gondol, tek ki\u015filik ask\u0131l\u0131 sandalye, dairesel ask\u0131l\u0131 platform, hareketli u\u00e7 \u00fczengi, ZLP350 ask\u0131l\u0131 platform gibi.<\/p>\n<p><strong>\u00dcr\u00fcn \u00f6zelli\u011fi ve uygulamas\u0131<\/strong><br \/>\n\u2013 High quality with competitive price<br \/>\n\u2013 Easy to assemble<br \/>\n\u2013 Smoothly control<br \/>\n\u2013 The working height can be adjusted<br \/>\n\u2013 The voltage can be adjusted<br \/>\n\u2013 Durable and safe<\/p>\n<p>ZLP serisi \u00fcst\u00fcn kalitesi ve profesyonel hizmetiyle \u00f6ne \u00e7\u0131k\u0131yor. \u00dcn\u00fc ve g\u00fcvenilirli\u011fi artt\u0131k\u00e7a, uluslararas\u0131 eri\u015fimi de artt\u0131. SUCCESS Company&#039;nin \u00fcr\u00fcnleri art\u0131k Singapur, Rusya, Birle\u015fik Arap Emirlikleri, \u015eili ve Peru dahil olmak \u00fczere 70&#039;ten fazla \u00fclke ve b\u00f6lgeye ihra\u00e7 ediliyor. \u015eirketin m\u00fckemmelli\u011fe olan ba\u011fl\u0131l\u0131\u011f\u0131, Avrupa standartlar\u0131n\u0131 kar\u015f\u0131layan ve CE sertifikas\u0131 alan \u00fcr\u00fcnlerine yans\u0131yor.<\/p>\n<p>M\u00fc\u015fterilerin \u00f6nerdi\u011fi \u00f6zel gereksinimleri kar\u015f\u0131lamak ve her t\u00fcrl\u00fc ko\u015fula uyum sa\u011flamak i\u00e7in her t\u00fcrl\u00fc \u00f6zel ask\u0131l\u0131 platformu tasarlay\u0131p \u00fcretebiliriz. L ayakl\u0131 tek ki\u015filik platform, a\u00e7\u0131l\u0131 ask\u0131l\u0131 platform, \u00e7ift katl\u0131 platform, BMU gondol, tek ki\u015filik ask\u0131l\u0131 sandalye, dairesel ask\u0131l\u0131 platform, hareketli u\u00e7 \u00fczengi, ZLP350 ask\u0131l\u0131 platform gibi.<\/p>\n<p><strong><a href=\"https:\/\/www.buildinglift.com\/product\/exterior-window-cleaning-hanging-platform-custom-made-vertical-custom-suspended-platform\/\">Ask\u0131l\u0131 Platform<\/a> Hoist&#8211;Long Lasting Lifetime<\/strong><br \/>\n1. D\u00f6k\u00fcm g\u00f6vdesi \u00f6zel al\u00fcminyum malzemeden yap\u0131lm\u0131\u015f olup ithal i\u015fleme merkezinde yer\u00e7ekimi d\u00f6k\u00fcm i\u015flemi ile i\u015flenmi\u015ftir. \u00dcr\u00fcn iyi hassasiyete ve dayan\u0131kl\u0131l\u0131\u011fa sahiptir. D\u00f6k\u00fcmler, kal\u0131p d\u00f6k\u00fcmlere g\u00f6re d\u00fc\u015fmeye kar\u015f\u0131 daha dayan\u0131kl\u0131d\u0131r ve \u00e7atlamaya daha az e\u011filimlidir.<br \/>\n2. S\u00fcr\u00fc\u015f diskinin malzemesi 40Cr&#039;dir, a\u011f\u0131rl\u0131\u011f\u0131 5,4 kg&#039;d\u0131r, temperleme ve y\u00fczey nitr\u00fcrleme i\u015fleminden sonra daha a\u015f\u0131nmaya dayan\u0131kl\u0131 ve dayan\u0131kl\u0131d\u0131r.<br \/>\n3. Solucan \u00e7ark\u0131 kalay-fosfor bronz 9-4 bak\u0131rdan yap\u0131lm\u0131\u015ft\u0131r, 0,94 kg, iyi tokluk ve a\u015f\u0131nma direncine sahiptir. Solucan ve di\u015fli \u015faft\u0131n\u0131n malzemesi 38CrMoA1&#039;dir, solucan 0,48 kg&#039;d\u0131r, iyi toklu\u011fa ve a\u015f\u0131nma direncine sahiptir.<br \/>\n4. Halat k\u0131lavuzu, hasar g\u00f6rmesi kolay olmayan ve s\u0131k\u0131\u015fmaya neden olmayacak \u00f6zel a\u015f\u0131nmaya dayan\u0131kl\u0131 paslanmaz \u00e7elik malzemeden yap\u0131lm\u0131\u015ft\u0131r. Ar\u0131za maliyeti son derece d\u00fc\u015f\u00fckt\u00fcr ve genellikle de\u011fi\u015ftirilmesi gerekmez.<\/p>","protected":false},"excerpt":{"rendered":"<p><strong>Model No.<\/strong>: ZLP1000 ZLP800 ZLP630 ZLP500<br \/>\n<strong>Malzeme<\/strong>: steel or aluminum alloy\uff08recommend\uff09<br \/>\n<strong>Nominal y\u00fck<\/strong>: 1000KG 800KG 600KG\u2026<br \/>\n<strong>Kald\u0131rma Y\u00fcksekli\u011fi<\/strong>: 100M to 150M<br \/>\n<strong>Lifting speed<\/strong>: 9-11m\/min<br \/>\n<strong>\u00dcretim Kalifikasyonu<\/strong><br \/>\nISO9001:2008, CE ve EAC sertifikalar\u0131na sahibiz.<\/p>","protected":false},"featured_media":5708,"template":"","meta":[],"product_brand":[],"product_cat":[147],"product_tag":[155,154],"class_list":{"0":"post-5703","1":"product","2":"type-product","3":"status-publish","4":"has-post-thumbnail","6":"product_cat-suspended-platform","7":"product_tag-custom-suspended-platform","8":"product_tag-exterior-window-cleaning-hanging-platform-custom-made-vertical","10":"first","11":"instock","12":"shipping-taxable","13":"product-type-simple"},"acf":[],"_links":{"self":[{"href":"https:\/\/www.buildinglift.com\/tr\/wp-json\/wp\/v2\/product\/5703","targetHints":{"allow":["GET"]}}],"collection":[{"href":"https:\/\/www.buildinglift.com\/tr\/wp-json\/wp\/v2\/product"}],"about":[{"href":"https:\/\/www.buildinglift.com\/tr\/wp-json\/wp\/v2\/types\/product"}],"version-history":[{"count":0,"href":"https:\/\/www.buildinglift.com\/tr\/wp-json\/wp\/v2\/product\/5703\/revisions"}],"wp:featuredmedia":[{"embeddable":true,"href":"https:\/\/www.buildinglift.com\/tr\/wp-json\/wp\/v2\/media\/5708"}],"wp:attachment":[{"href":"https:\/\/www.buildinglift.com\/tr\/wp-json\/wp\/v2\/media?parent=5703"}],"wp:term":[{"taxonomy":"product_brand","embeddable":true,"href":"https:\/\/www.buildinglift.com\/tr\/wp-json\/wp\/v2\/product_brand?post=5703"},{"taxonomy":"product_cat","embeddable":true,"href":"https:\/\/www.buildinglift.com\/tr\/wp-json\/wp\/v2\/product_cat?post=5703"},{"taxonomy":"product_tag","embeddable":true,"href":"https:\/\/www.buildinglift.com\/tr\/wp-json\/wp\/v2\/product_tag?post=5703"}],"curies":[{"name":"wp","href":"https:\/\/api.w.org\/{rel}","templated":true}]}}