{"id":5695,"date":"2023-09-22T14:04:59","date_gmt":"2023-09-22T14:04:59","guid":{"rendered":"https:\/\/www.buildinglift.com\/?post_type=product&#038;p=5695"},"modified":"2023-12-12T22:19:40","modified_gmt":"2023-12-13T06:19:40","slug":"temporary-suspended-platforms-tsp","status":"publish","type":"product","link":"https:\/\/www.buildinglift.com\/tr\/urun\/temporary-suspended-platforms-tsp\/","title":{"rendered":"Ge\u00e7ici Ask\u0131l\u0131 Platformlar (TSP)"},"content":{"rendered":"<p>A suspended platform incorporates a steel or aluminum platform that can be raised or lowered when in use. Other frequently used terms are \u2018suspended cradle\u2019 and \u2018swing stage platform. They can be assembled from scaffolding. The <a href=\"https:\/\/www.buildinglift.com\/product-category\/suspended-platform\/\">suspended platform<\/a> is an efficient modern overhead operation equipment that can replace traditional scaffolding and reuse. General suspended platform hoist can be divided into manual and electric hoist.<\/p>\n<p><strong>Product Feature<\/strong><br \/>\n\u2013 High quality product: variety types for selection, prompt delivery<br \/>\n\u2013 Strict quality management system<br \/>\n\u2013 Easy to install<br \/>\n\u2013 Smooth operating without noise<br \/>\n\u2013 Professional service<br \/>\nIn general, the goods is shipping by sea, the delivery time is about 10-15 days, customized platform will be delivered as the negotiation with our clients. All after-sale request will be responded in 24 hours.<\/p>\n<p>Ge\u00e7ici ask\u0131l\u0131 eri\u015fim ekipman\u0131 olan ZLP serisi, SUCCESS Company&#039;nin yenilik\u00e7i bir yarat\u0131m\u0131d\u0131r. Birincil i\u015flevi, a\u011f\u0131rl\u0131kl\u0131 olarak y\u00fcksek katl\u0131 ve \u00e7ok katl\u0131 binalar\u0131n in\u015fas\u0131, dekorasyonu, temizli\u011fi ve bak\u0131m\u0131 i\u00e7in kullan\u0131lan elektrikli t\u0131rmanma tipi bir dekorasyon makinesidir. \u00c7ok y\u00f6nl\u00fcl\u00fc\u011f\u00fc, asans\u00f6r montaj\u0131, b\u00fcy\u00fck tank in\u015faat\u0131, k\u00f6pr\u00fc in\u015faat\u0131 ve baraj \u00e7al\u0131\u015fmas\u0131 gibi di\u011fer m\u00fchendislik i\u015flemlerinde kullan\u0131lmas\u0131n\u0131 sa\u011flar.<\/p>\n<p>ZLP serisi \u00fcst\u00fcn kalitesi ve profesyonel hizmetiyle \u00f6ne \u00e7\u0131k\u0131yor. \u00dcn\u00fc ve g\u00fcvenilirli\u011fi artt\u0131k\u00e7a, uluslararas\u0131 eri\u015fimi de artt\u0131. SUCCESS Company&#039;nin \u00fcr\u00fcnleri art\u0131k Singapur, Rusya, Birle\u015fik Arap Emirlikleri, \u015eili ve Peru dahil olmak \u00fczere 70&#039;ten fazla \u00fclke ve b\u00f6lgeye ihra\u00e7 ediliyor. \u015eirketin m\u00fckemmelli\u011fe olan ba\u011fl\u0131l\u0131\u011f\u0131, Avrupa standartlar\u0131n\u0131 kar\u015f\u0131layan ve CE sertifikas\u0131 alan \u00fcr\u00fcnlerine yans\u0131yor.<\/p>\n<p>We can design and make all kinds of special suspended platform to suit for any conditions and to meet special requirements proposed by the customers. Such as L leg single person platform, angled suspended platform, double deck platform, BMU gondola, single person suspended chair, circle suspended platform, movable end stirrup, <a href=\"https:\/\/www.buildinglift.com\/product\/temporary-suspended-platforms-tsp\/\">ZLP350 suspended platform<\/a>.<\/p>\n<p>Y\u00fcksek irtifa\/y\u00fcksek eri\u015fim in\u015faat makinesi olarak bilinen ask\u0131l\u0131 platform, d\u00fcnya \u00e7ap\u0131nda \u00e7e\u015fitli isimlerle tan\u0131n\u0131r. Kuzey Amerika&#039;da sal\u0131ncak sahnesi olarak an\u0131l\u0131rken, Vietnam&#039;da San treo gondol olarak bilinir. Rusya&#039;da \u0444\u0430\u0441\u0430\u0434\u043d\u044b\u0445 \u043f\u043e\u0434\u0432\u0435\u0441\u043d\u044b\u0445 \u043f\u043b\u043e\u0449\u0430\u0434\u043e\u043a olarak adland\u0131r\u0131l\u0131r. \u015eili, Peru, Kolombiya, Arjantin ve \u0130spanya gibi \u0130spanyolca konu\u015fan \u00fclkeler buna andamios colgantes veya plataformas suspendidas der.<\/p>\n<p>\u0130n\u015faat makineleri d\u00fcnyas\u0131nda, SUCCESS Company&#039;nin ZLP serisi kendine bir yer edinmi\u015ftir. \u00c7ok y\u00f6nl\u00fcl\u00fc\u011f\u00fc, \u00fcst\u00fcn kalitesi ve geni\u015f uygulama yelpazesi onu y\u00fcksek katl\u0131 ve \u00e7ok katl\u0131 bina projeleri i\u00e7in vazge\u00e7ilmez bir ara\u00e7 haline getirir. Ba\u015far\u0131s\u0131n\u0131n bir kan\u0131t\u0131 olarak, ZLP serisi 70&#039;ten fazla \u00fclke ve b\u00f6lgeye ula\u015fm\u0131\u015f, Avrupa standartlar\u0131n\u0131 kar\u015f\u0131lam\u0131\u015f ve bu s\u00fcre\u00e7te CE sertifikas\u0131 kazanm\u0131\u015ft\u0131r.<\/p>\n<p>Kuzey Amerika&#039;da swing stage, Vietnam&#039;da San treo gondola, Rusya&#039;da \u0444\u0430\u0441\u0430\u0434\u043d\u044b\u0445 \u043f\u043e\u0434\u0432\u0435\u0441\u043d\u044b\u0445 \u043f\u043b\u043e\u0449\u0430\u0434\u043e\u043a veya \u0130spanyolca konu\u015fulan \u00fclkelerde andamios colgantes ve plataformas suspendidas olarak bilinse de, ZLP serisi y\u00fcksek irtifa\/y\u00fcksek eri\u015fim in\u015faat projelerine katk\u0131s\u0131 nedeniyle tan\u0131nmakta ve de\u011fer g\u00f6rmektedir. SUCCESS \u015eirketi yenilik yapmaya ve geli\u015fmeye devam ettik\u00e7e, ZLP serisi d\u00fcnya \u00e7ap\u0131nda in\u015faat sekt\u00f6r\u00fcnde temel bir unsur olmaya devam edecektir.<\/p>\n<p><strong>To ensure safe operation without danger to personnel, the platform is fitted with the following safety devices:<\/strong><br \/>\n1. Service brake incorporated in the LTD hoist.<br \/>\n2. Two fall arrest devices acting on the safety wire ropes.<br \/>\n3. Two upper limit switches.<br \/>\n4. No power descent in case of power failure.<br \/>\n5. Emergency stop.<\/p>","protected":false},"excerpt":{"rendered":"<p><strong>Model No.<\/strong>: ZLP500,ZLP630, ZLP800, ZLP1000<br \/>\n<strong>Malzeme<\/strong>: Steel painted, galvanized or aluminum alloy<br \/>\n<strong>Rated Load<\/strong>: 630KG,800KG,1000KG<br \/>\n<strong>Boyutlar (U*G*Y)<\/strong>:(2000mm*3)*690mm*1300mm (2500mm*3)*690mm*1300mm<br \/>\n<strong>Lifting speed<\/strong>: 9,6m\/dak<br \/>\n<strong>\u00dcretim Kalifikasyonu<\/strong><br \/>\nISO9001:2008, CE ve EAC sertifikalar\u0131na sahibiz.<\/p>","protected":false},"featured_media":5699,"template":"","meta":[],"product_brand":[],"product_cat":[147],"product_tag":[153],"class_list":{"0":"post-5695","1":"product","2":"type-product","3":"status-publish","4":"has-post-thumbnail","6":"product_cat-suspended-platform","7":"product_tag-temporary-suspended-platforms","9":"first","10":"instock","11":"shipping-taxable","12":"product-type-simple"},"acf":[],"_links":{"self":[{"href":"https:\/\/www.buildinglift.com\/tr\/wp-json\/wp\/v2\/product\/5695","targetHints":{"allow":["GET"]}}],"collection":[{"href":"https:\/\/www.buildinglift.com\/tr\/wp-json\/wp\/v2\/product"}],"about":[{"href":"https:\/\/www.buildinglift.com\/tr\/wp-json\/wp\/v2\/types\/product"}],"version-history":[{"count":0,"href":"https:\/\/www.buildinglift.com\/tr\/wp-json\/wp\/v2\/product\/5695\/revisions"}],"wp:featuredmedia":[{"embeddable":true,"href":"https:\/\/www.buildinglift.com\/tr\/wp-json\/wp\/v2\/media\/5699"}],"wp:attachment":[{"href":"https:\/\/www.buildinglift.com\/tr\/wp-json\/wp\/v2\/media?parent=5695"}],"wp:term":[{"taxonomy":"product_brand","embeddable":true,"href":"https:\/\/www.buildinglift.com\/tr\/wp-json\/wp\/v2\/product_brand?post=5695"},{"taxonomy":"product_cat","embeddable":true,"href":"https:\/\/www.buildinglift.com\/tr\/wp-json\/wp\/v2\/product_cat?post=5695"},{"taxonomy":"product_tag","embeddable":true,"href":"https:\/\/www.buildinglift.com\/tr\/wp-json\/wp\/v2\/product_tag?post=5695"}],"curies":[{"name":"wp","href":"https:\/\/api.w.org\/{rel}","templated":true}]}}