{"id":5654,"date":"2023-09-22T11:02:41","date_gmt":"2023-09-22T11:02:41","guid":{"rendered":"https:\/\/www.buildinglift.com\/?post_type=product&#038;p=5654"},"modified":"2023-12-12T22:17:02","modified_gmt":"2023-12-13T06:17:02","slug":"aluminyum-alasimli-asma-platform-gondol-elektrikli-asma-platform-pencere-temizligi-icin","status":"publish","type":"product","link":"https:\/\/www.buildinglift.com\/tr\/urun\/aluminyum-alasimli-asma-platform-gondol-elektrikli-asma-platform-pencere-temizligi-icin\/","title":{"rendered":"AL\u00dcM\u0130NYUM ALA\u015eIMLI ASKI PLATFORM GONDOLA\/PENCERE TEM\u0130ZL\u0130\u011e\u0130 \u0130\u00c7\u0130N ELEKTR\u0130KL\u0130 ASKI PLATFORM"},"content":{"rendered":"<p>Ask\u0131l\u0131 platformlar, iskele merdivenlerinin rol\u00fcn\u00fc \u00fcstlendi. Ask\u0131l\u0131 platformlar, i\u015f\u00e7ileri ula\u015f\u0131lmas\u0131 zor y\u00fcksekliklerde i\u015fleri tamamlamak i\u00e7in havaya kald\u0131ran mekanik cihazlard\u0131r. D\u0131\u015f duvar yap\u0131m\u0131nda, temizlikte, bak\u0131mda, boyamada, elektrik santralinde, tersanelerde, belediye projelerinde vb. yayg\u0131n olarak kullan\u0131l\u0131r.<\/p>\n<p><strong>Ask\u0131l\u0131 Platformun Yap\u0131s\u0131<\/strong><br \/>\n(1) \u00c7al\u0131\u015fma Platformu<br \/>\n(2) Kald\u0131rma Tertibat\u0131<br \/>\n(3) Emniyet Kilidi<br \/>\n(4) Elektrik Kontrol Paneli<br \/>\n(5) S\u00fcspansiyon Mekanizmas\u0131<br \/>\n(6) Kablo<br \/>\n(7) Tel halat<\/p>\n<p><strong>Ask\u0131ya al\u0131nm\u0131\u015f platformun kullan\u0131m\u0131<\/strong><br \/>\n(1) Y\u00fcksek binalar\u0131n cephe bak\u0131m\u0131, boyanmas\u0131 ve temizli\u011fi<br \/>\n(2) Pencere temizli\u011fi ve montaj\u0131<br \/>\n(3) B\u00fcy\u00fck boyutlu tanklar\u0131n, bacalar\u0131n, barajlar\u0131n, k\u00f6pr\u00fclerin in\u015faat denetimi ve bak\u0131m\u0131<br \/>\n(4) B\u00fcy\u00fck geminin bak\u0131m\u0131, temizli\u011fi ve boyanmas\u0131<\/p>\n<p>Ge\u00e7ici ask\u0131l\u0131 eri\u015fim ekipman\u0131 olan ZLP serisi, SUCCESS Company&#039;nin yenilik\u00e7i bir yarat\u0131m\u0131d\u0131r. Birincil i\u015flevi, a\u011f\u0131rl\u0131kl\u0131 olarak y\u00fcksek katl\u0131 ve \u00e7ok katl\u0131 binalar\u0131n in\u015fas\u0131, dekorasyonu, temizli\u011fi ve bak\u0131m\u0131 i\u00e7in kullan\u0131lan elektrikli t\u0131rmanma tipi bir dekorasyon makinesidir. \u00c7ok y\u00f6nl\u00fcl\u00fc\u011f\u00fc, asans\u00f6r montaj\u0131, b\u00fcy\u00fck tank in\u015faat\u0131, k\u00f6pr\u00fc in\u015faat\u0131 ve baraj \u00e7al\u0131\u015fmas\u0131 gibi di\u011fer m\u00fchendislik i\u015flemlerinde kullan\u0131lmas\u0131n\u0131 sa\u011flar.<\/p>\n<p>ZLP serisi \u00fcst\u00fcn kalitesi ve profesyonel hizmetiyle \u00f6ne \u00e7\u0131k\u0131yor. \u00dcn\u00fc ve g\u00fcvenilirli\u011fi artt\u0131k\u00e7a, uluslararas\u0131 eri\u015fimi de artt\u0131. SUCCESS Company&#039;nin \u00fcr\u00fcnleri art\u0131k Singapur, Rusya, Birle\u015fik Arap Emirlikleri, \u015eili ve Peru dahil olmak \u00fczere 70&#039;ten fazla \u00fclke ve b\u00f6lgeye ihra\u00e7 ediliyor. \u015eirketin m\u00fckemmelli\u011fe olan ba\u011fl\u0131l\u0131\u011f\u0131, Avrupa standartlar\u0131n\u0131 kar\u015f\u0131layan ve CE sertifikas\u0131 alan \u00fcr\u00fcnlerine yans\u0131yor.<\/p>\n<p>M\u00fc\u015fterilerin \u00f6nerdi\u011fi \u00f6zel gereksinimleri kar\u015f\u0131lamak ve her t\u00fcrl\u00fc ko\u015fula uyum sa\u011flamak i\u00e7in her t\u00fcrl\u00fc \u00f6zel ask\u0131l\u0131 platformu tasarlay\u0131p \u00fcretebiliriz. L ayakl\u0131 tek ki\u015filik platform, a\u00e7\u0131l\u0131 ask\u0131l\u0131 platform, \u00e7ift katl\u0131 platform, BMU gondol, tek ki\u015filik ask\u0131l\u0131 sandalye, dairesel ask\u0131l\u0131 platform, hareketli u\u00e7 \u00fczengi, ZLP350 ask\u0131l\u0131 platform gibi.<\/p>\n<p>Y\u00fcksek irtifa\/y\u00fcksek eri\u015fim in\u015faat makinesi olarak bilinen ask\u0131l\u0131 platform, d\u00fcnya \u00e7ap\u0131nda \u00e7e\u015fitli isimlerle tan\u0131n\u0131r. Kuzey Amerika&#039;da sal\u0131ncak sahnesi olarak an\u0131l\u0131rken, Vietnam&#039;da San treo gondol olarak bilinir. Rusya&#039;da \u0444\u0430\u0441\u0430\u0434\u043d\u044b\u0445 \u043f\u043e\u0434\u0432\u0435\u0441\u043d\u044b\u0445 \u043f\u043b\u043e\u0449\u0430\u0434\u043e\u043a olarak adland\u0131r\u0131l\u0131r. \u015eili, Peru, Kolombiya, Arjantin ve \u0130spanya gibi \u0130spanyolca konu\u015fan \u00fclkeler buna andamios colgantes veya plataformas suspendidas der.<\/p>\n<p>\u0130n\u015faat makineleri d\u00fcnyas\u0131nda, SUCCESS Company&#039;nin ZLP serisi kendine bir yer edinmi\u015ftir. \u00c7ok y\u00f6nl\u00fcl\u00fc\u011f\u00fc, \u00fcst\u00fcn kalitesi ve geni\u015f uygulama yelpazesi onu y\u00fcksek katl\u0131 ve \u00e7ok katl\u0131 bina projeleri i\u00e7in vazge\u00e7ilmez bir ara\u00e7 haline getirir. Ba\u015far\u0131s\u0131n\u0131n bir kan\u0131t\u0131 olarak, ZLP serisi 70&#039;ten fazla \u00fclke ve b\u00f6lgeye ula\u015fm\u0131\u015f, Avrupa standartlar\u0131n\u0131 kar\u015f\u0131lam\u0131\u015f ve bu s\u00fcre\u00e7te CE sertifikas\u0131 kazanm\u0131\u015ft\u0131r.<\/p>\n<p>Kuzey Amerika&#039;da swing stage, Vietnam&#039;da San treo gondola, Rusya&#039;da \u0444\u0430\u0441\u0430\u0434\u043d\u044b\u0445 \u043f\u043e\u0434\u0432\u0435\u0441\u043d\u044b\u0445 \u043f\u043b\u043e\u0449\u0430\u0434\u043e\u043a veya \u0130spanyolca konu\u015fulan \u00fclkelerde andamios colgantes ve plataformas suspendidas olarak bilinse de, ZLP serisi y\u00fcksek irtifa\/y\u00fcksek eri\u015fim in\u015faat projelerine katk\u0131s\u0131 nedeniyle tan\u0131nmakta ve de\u011fer g\u00f6rmektedir. SUCCESS \u015eirketi yenilik yapmaya ve geli\u015fmeye devam ettik\u00e7e, ZLP serisi d\u00fcnya \u00e7ap\u0131nda in\u015faat sekt\u00f6r\u00fcnde temel bir unsur olmaya devam edecektir.<\/p>\n<p><strong>Ask\u0131l\u0131 Platform Kald\u0131rma Sistemi \u2013 Uzun \u00d6m\u00fcrl\u00fc.<\/strong><br \/>\n1. D\u00f6k\u00fcm g\u00f6vdesi \u00f6zel al\u00fcminyum malzemeden yap\u0131lm\u0131\u015f olup ithal i\u015fleme merkezinde yer\u00e7ekimi d\u00f6k\u00fcm i\u015flemi ile i\u015flenmi\u015ftir. \u00dcr\u00fcn iyi hassasiyete ve dayan\u0131kl\u0131l\u0131\u011fa sahiptir. D\u00f6k\u00fcmler, kal\u0131p d\u00f6k\u00fcmlere g\u00f6re d\u00fc\u015fmeye kar\u015f\u0131 daha dayan\u0131kl\u0131d\u0131r ve \u00e7atlamaya daha az e\u011filimlidir.<br \/>\n2. S\u00fcr\u00fc\u015f diskinin malzemesi 40Cr&#039;dir, a\u011f\u0131rl\u0131\u011f\u0131 5,4 kg&#039;d\u0131r, temperleme ve y\u00fczey nitr\u00fcrleme i\u015fleminden sonra daha a\u015f\u0131nmaya dayan\u0131kl\u0131 ve dayan\u0131kl\u0131d\u0131r.<br \/>\n3. Solucan \u00e7ark\u0131 kalay-fosfor bronz 9-4 bak\u0131rdan yap\u0131lm\u0131\u015ft\u0131r, 0,94 kg, iyi tokluk ve a\u015f\u0131nma direncine sahiptir. Solucan ve di\u015fli \u015faft\u0131n\u0131n malzemesi 38CrMoA1&#039;dir, solucan 0,48 kg&#039;d\u0131r, iyi toklu\u011fa ve a\u015f\u0131nma direncine sahiptir.<br \/>\n4. Halat k\u0131lavuzu, hasar g\u00f6rmesi kolay olmayan ve s\u0131k\u0131\u015fmaya neden olmayacak \u00f6zel a\u015f\u0131nmaya dayan\u0131kl\u0131 paslanmaz \u00e7elik malzemeden yap\u0131lm\u0131\u015ft\u0131r. Ar\u0131za maliyeti son derece d\u00fc\u015f\u00fckt\u00fcr ve genellikle de\u011fi\u015ftirilmesi gerekmez.<\/p>","protected":false},"excerpt":{"rendered":"<p><strong>Tip<\/strong>: \u0130n\u015faat ZLP \u00e7al\u0131\u015fma platformu<br \/>\n<strong>Marka Ad\u0131<\/strong>: BA\u015eARI<br \/>\n<strong>Ba\u015fvuru<\/strong>: Bina \u0130n\u015faat\u0131<br \/>\n<strong>Malzeme<\/strong>: Al\u00fcminyum Ala\u015f\u0131m\u0131<br \/>\n<strong>Renk<\/strong>: \u00d6zelle\u015ftirilmi\u015f<br \/>\n<strong>Sertifika<\/strong>: CE ISO<br \/>\n<strong>Gerilim<\/strong>: 380V (\u00d6zelle\u015ftirilebilir)<br \/>\n<strong>Y\u00fck kapasitesi<\/strong>: 500kg\/630kg\/800kg\/1000kg<br \/>\n<strong>Kullan\u0131m<\/strong>: Y\u00fcksek Bina Bak\u0131m \u00c7al\u0131\u015fmalar\u0131<br \/>\n<strong>\u00dcr\u00fcn ad\u0131<\/strong>: Zlp Hoist Ask\u0131l\u0131 Platform<br \/>\n<strong>Nominal y\u00fck<\/strong>: 500kg\/630kg\/800kg\/1000kg<\/p>","protected":false},"featured_media":5659,"template":"","meta":[],"product_brand":[],"product_cat":[147],"product_tag":[150,151],"class_list":{"0":"post-5654","1":"product","2":"type-product","3":"status-publish","4":"has-post-thumbnail","6":"product_cat-suspended-platform","7":"product_tag-aluminum-alloy-suspended-platform","8":"product_tag-electric-suspended-platform","10":"first","11":"instock","12":"shipping-taxable","13":"product-type-simple"},"acf":[],"_links":{"self":[{"href":"https:\/\/www.buildinglift.com\/tr\/wp-json\/wp\/v2\/product\/5654","targetHints":{"allow":["GET"]}}],"collection":[{"href":"https:\/\/www.buildinglift.com\/tr\/wp-json\/wp\/v2\/product"}],"about":[{"href":"https:\/\/www.buildinglift.com\/tr\/wp-json\/wp\/v2\/types\/product"}],"version-history":[{"count":0,"href":"https:\/\/www.buildinglift.com\/tr\/wp-json\/wp\/v2\/product\/5654\/revisions"}],"wp:featuredmedia":[{"embeddable":true,"href":"https:\/\/www.buildinglift.com\/tr\/wp-json\/wp\/v2\/media\/5659"}],"wp:attachment":[{"href":"https:\/\/www.buildinglift.com\/tr\/wp-json\/wp\/v2\/media?parent=5654"}],"wp:term":[{"taxonomy":"product_brand","embeddable":true,"href":"https:\/\/www.buildinglift.com\/tr\/wp-json\/wp\/v2\/product_brand?post=5654"},{"taxonomy":"product_cat","embeddable":true,"href":"https:\/\/www.buildinglift.com\/tr\/wp-json\/wp\/v2\/product_cat?post=5654"},{"taxonomy":"product_tag","embeddable":true,"href":"https:\/\/www.buildinglift.com\/tr\/wp-json\/wp\/v2\/product_tag?post=5654"}],"curies":[{"name":"wp","href":"https:\/\/api.w.org\/{rel}","templated":true}]}}