{"id":213,"date":"2020-04-12T12:58:14","date_gmt":"2020-04-12T12:58:14","guid":{"rendered":"https:\/\/gridvalley.net\/wp\/industroz\/dummy\/?page_id=213"},"modified":"2023-12-13T00:39:13","modified_gmt":"2023-12-13T08:39:13","slug":"hakkimizda-2","status":"publish","type":"page","link":"https:\/\/www.buildinglift.com\/tr\/hakkimizda-2\/","title":{"rendered":"Hakk\u0131m\u0131zda"},"content":{"rendered":"<div data-elementor-type=\"wp-page\" data-elementor-id=\"213\" class=\"elementor elementor-213\">\n\t\t\t\t\t\t<section class=\"elementor-section elementor-top-section elementor-element elementor-element-62aa013 elementor-section-boxed elementor-section-height-default elementor-section-height-default\" data-id=\"62aa013\" data-element_type=\"section\" data-e-type=\"section\">\n\t\t\t\t\t\t<div class=\"elementor-container elementor-column-gap-default\">\n\t\t\t\t\t<div class=\"elementor-column elementor-col-100 elementor-top-column elementor-element elementor-element-48332c3\" data-id=\"48332c3\" data-element_type=\"column\" data-e-type=\"column\">\n\t\t\t<div class=\"elementor-widget-wrap elementor-element-populated\">\n\t\t\t\t\t\t<div class=\"elementor-element elementor-element-56b468f elementor-widget elementor-widget-welcome-section\" data-id=\"56b468f\" data-element_type=\"widget\" data-e-type=\"widget\" data-widget_type=\"welcome-section.default\">\n\t\t\t\t<div class=\"elementor-widget-container\">\n\t\t\t\t\t\t\t\t<div class=\"row\">\n\t\t\t\t<div class=\"col-lg-6 col-md-12 m-b30\">\n\t\t\t\t\t<div class=\"welcom-to-section\">\n\t\t\t\t\t\t<!-- TITLE START-->\n\t\t\t\t\t\t\t\t\t\t\t\t\t<div class=\"left wt-small-separator-outer\">\n\t\t\t\t\t\t\t\t<div class=\"wt-small-separator site-text-primary\">\n\t\t\t\t\t\t\t\t\t<div  class=\"sep-leaf-left\"><\/div>\n\t\t\t\t\t\t\t\t\t<div>End\u00fcstriye ho\u015f geldiniz <\/div>\n\t\t\t\t\t\t\t\t\t<div  class=\"sep-leaf-right\"><\/div>\n\t\t\t\t\t\t\t\t<\/div>\n\t\t\t\t\t\t\t<\/div>\t\n\t\t\t\t\t\t\t\t\t\t\t\t\t\n\t\t\t\t\t\t\t\t\t\t\t\t\t<h2>Shanghai Ba\u015far\u0131 \u0130n\u015faat Uluslararas\u0131 Ticaret Ltd. \u015eti.<\/h2>\n\t\t\t\t\t\t\t\t\n\t\t\t\t\t\t\t\t\t\t\t\t\t\t\t\t\t\t\t\t<p class=\"\">Profesyonel bir in\u015faat makineleri \u00fcreticisi ve tedarik\u00e7isi olarak m\u00fc\u015fterilerimize en g\u00fcvenilir \u00fcr\u00fcnleri ve m\u00fckemmel hizmeti sunuyoruz. \u00c7in ekonomisinin h\u0131zla geli\u015fmesiyle birlikte h\u0131zl\u0131 bir b\u00fcy\u00fcme ya\u015f\u0131yoruz. \u00dcr\u00fcnlerimiz \u015fu anda \u015fu \u00fclkelere ihra\u00e7 edilmektedir \u00dcr\u00fcnlerimiz \u00e7o\u011funlukla Dominik Cumhuriyeti, Maldivler, Hindistan, Malezya, \u0130talya, ABD, \u0130spanya, T\u00fcrkiye ve G\u00fcney Afrika&#039;ya ihra\u00e7 edilmektedir\u2026.\n<br>\nEkibimiz bu i\u015f kolunda 8 y\u0131ldan fazla deneyime sahiptir. \u00dcr\u00fcnlerimiz esas olarak ask\u0131l\u0131 platform ve in\u015faat asans\u00f6r\u00fc yedek par\u00e7alar\u0131n\u0131 i\u00e7erir. M\u00fc\u015fterilerin \u00f6zel gereksinimlerine g\u00f6re \u00fcr\u00fcnler \u00fcretebiliriz. D\u00fcnya \u00e7ap\u0131ndaki m\u00fc\u015fterilerimize yenilik\u00e7i yan\u0131tlar sa\u011flayabilece\u011fimize inan\u0131yoruz.<\/p>\n    <ul class=\"checklist\">\n<li><i class=\"fa fa-check-square-o\"><\/i> Ta\u015f\u0131nmas\u0131 kolay<\/li>\n<li><i class=\"fa fa-check-square-o\"><\/i> \u00d6zelle\u015ftirme m\u00fcmk\u00fcn<\/li>\n<li><i class=\"fa fa-check-square-o\"><\/i> Hafif ve g\u00fc\u00e7l\u00fc<\/li>\n<\/ul>\n<ul class=\"checklist2\">\n<li class=\"\"><i class=\"fa fa-check-square-o\"><\/i>\u0130\u015f\u00e7ilik maliyetlerinin azalt\u0131lmas\u0131<\/li>\n<li class=\"\"><i class=\"fa fa-check-square-o\"><\/i>Hassas kurulum<\/li>\n<li><i class=\"fa fa-check-square-o\"><\/i> \u0130\u015fg\u00fcc\u00fc verimlili\u011finin art\u0131r\u0131lmas\u0131<\/li>\n<\/ul>\t\t\t\t\t\t\t\t\t\t\t\t\t\n\t\t\t\t\t\t\t\t\t\t\t\t\t<div class=\"welcom-to-section-bottom d-flex justify-content-between\">\n\t\t\t\t\t\t\t\t<div class=\"welcom-btn-position\">\n\t\t\t\t\t\t\t\t\t<a  href=\"https:\/\/www.buildinglift.com\/contact-us\/\" class=\"site-button site-btn-effect\">Bize Ula\u015f\u0131n<\/a>\n\t\t\t\t\t\t\t\t<\/div>\n\t\t\t\t\t\t\t<\/div> \t\n\t\t\t\t\t\t\t\t\t\t\t\t\t  \n\t\t\t\t\t<\/div>\n\t\t\t\t<\/div>\n\t\t\t\t<div class=\"col-lg-6 col-md-12 m-b30\">\n\t\t\t\t\t<div class=\"img-colarge2\">\n\t\t\t\t\t\t<div class=\"colarge-2 slide-right\">\n\t\t\t\t\t\t\t<img decoding=\"async\" src=\"https:\/\/www.buildinglift.com\/wp-content\/uploads\/509.webp\" alt=\"img\">\n\t\t\t\t\t\t<\/div>\n\t\t\t\t\t\t<div class=\"colarge-2-1\">\n\t\t\t\t\t\t\t<img decoding=\"async\" src=\"https:\/\/gridvalley.net\/wp\/industroz\/wp-content\/uploads\/2020\/04\/s1-1.jpg\" alt=\"img\">\n\t\t\t\t\t\t<\/div>\n\t\t\t\t\t\t<div class=\"since-year-outer2\">\n\t\t\t\t\t\t\t<div class=\"since-year2\">\n\t\t\t\t\t\t\t\t\t\t\t\t\t\t\t\t\t<span>O zamandan beri<\/span>\n\t\t\t\t\t\t\t\t\t\t\t\t\t\t\t\t\t\n\t\t\t\t\t\t\t\t\t\t\t\t\t\t\t\t\t<strong>2016<\/strong>\n\t\t\t\t\t\t\t\t\t\t\t\t\t\t\t\t\t\n\t\t\t\t\t\t\t<\/div>\n\t\t\t\t\t\t<\/div>\n\t\t\t\t\t\t\n\t\t\t\t\t<\/div>\n\t\t\t\t<\/div>\n\t\t\t<\/div>\n\t\t\t\t\t\t\t<\/div>\n\t\t\t\t<\/div>\n\t\t\t\t\t<\/div>\n\t\t<\/div>\n\t\t\t\t\t<\/div>\n\t\t<\/section>\n\t\t\t\t<\/div>","protected":false},"excerpt":{"rendered":"<p>Welcome to industro Shanghai Success Construction International Trade Co., Ltd. As a professional construction machinery manufacturer and supplier, we offer most reliable products and excellent service to our customers. We have been experiencing fast growth with the rapid development of Chinese economy. Our products are currently exported to Our products are mainly exported to Dominican [&hellip;]<\/p>\n","protected":false},"author":3,"featured_media":0,"parent":0,"menu_order":0,"comment_status":"closed","ping_status":"closed","template":"","meta":{"footnotes":""},"class_list":["post-213","page","type-page","status-publish","hentry"],"acf":[],"_links":{"self":[{"href":"https:\/\/www.buildinglift.com\/tr\/wp-json\/wp\/v2\/pages\/213","targetHints":{"allow":["GET"]}}],"collection":[{"href":"https:\/\/www.buildinglift.com\/tr\/wp-json\/wp\/v2\/pages"}],"about":[{"href":"https:\/\/www.buildinglift.com\/tr\/wp-json\/wp\/v2\/types\/page"}],"author":[{"embeddable":true,"href":"https:\/\/www.buildinglift.com\/tr\/wp-json\/wp\/v2\/users\/3"}],"replies":[{"embeddable":true,"href":"https:\/\/www.buildinglift.com\/tr\/wp-json\/wp\/v2\/comments?post=213"}],"version-history":[{"count":0,"href":"https:\/\/www.buildinglift.com\/tr\/wp-json\/wp\/v2\/pages\/213\/revisions"}],"wp:attachment":[{"href":"https:\/\/www.buildinglift.com\/tr\/wp-json\/wp\/v2\/media?parent=213"}],"curies":[{"name":"wp","href":"https:\/\/api.w.org\/{rel}","templated":true}]}}