{"id":1402,"date":"2023-02-09T11:05:42","date_gmt":"2023-02-09T11:05:42","guid":{"rendered":"https:\/\/www.buildinglift.com\/?page_id=1402"},"modified":"2023-12-12T21:37:18","modified_gmt":"2023-12-13T05:37:18","slug":"urun-kullanim-guvenligi","status":"publish","type":"page","link":"https:\/\/www.buildinglift.com\/tr\/urun-kullanim-guvenligi\/","title":{"rendered":"\u00dcr\u00fcn kullan\u0131m g\u00fcvenli\u011fi"},"content":{"rendered":"<div data-elementor-type=\"wp-page\" data-elementor-id=\"1402\" class=\"elementor elementor-1402\">\n\t\t\t\t<div class=\"elementor-element elementor-element-f26b11c e-flex e-con-boxed e-con e-parent\" data-id=\"f26b11c\" data-element_type=\"container\" data-e-type=\"container\">\n\t\t\t\t\t<div class=\"e-con-inner\">\n\t\t\t\t<div class=\"elementor-element elementor-element-1051740 elementor-widget elementor-widget-text-editor\" data-id=\"1051740\" data-element_type=\"widget\" data-e-type=\"widget\" data-widget_type=\"text-editor.default\">\n\t\t\t\t<div class=\"elementor-widget-container\">\n\t\t\t\t\t\t\t\t\t<p><span style=\"color: #000000;\"><strong>\u0130n\u015faat s\u0131ras\u0131nda acil tedavi<\/strong><\/span><br \/><span style=\"color: #000000;\"><strong>\u0130n\u015faat s\u0131ras\u0131nda a\u015fa\u011f\u0131daki \u00f6zel durumlarla kar\u015f\u0131la\u015f\u0131rsan\u0131z sakin kalmal\u0131 ve uygun acil durum \u00f6nlemlerini almal\u0131s\u0131n\u0131z.<\/strong><\/span><\/p><p><span style=\"color: #000000;\"><strong>\u0130n\u015faat s\u0131ras\u0131nda ani elektrik kesintisi<\/strong><\/span><br \/><span style=\"color: #000000;\">\u0130n\u015faat s\u0131ras\u0131nda ani bir elektrik kesintisi oldu\u011funda, elektrik iletimi s\u0131ras\u0131nda kazalar\u0131 \u00f6nlemek i\u00e7in elektrik kutusunun g\u00fc\u00e7 \u015falteri derhal kesilmelidir. \u00c7a\u011fr\u0131 bildirimi al\u0131nd\u0131ktan sonra g\u00fc\u00e7 \u015falteri a\u00e7\u0131l\u0131r ve kontrol normal olduktan sonra \u00e7al\u0131\u015fma ba\u015flar.<\/span><br \/><span style=\"color: #000000;\">Elektrik kesintisi sonras\u0131nda yere geri d\u00f6nmeniz gerekirse, s\u00fcspansiyon platformunun serbest\u00e7e kayabilmesi i\u00e7in vincin manuel yoku\u015f a\u015fa\u011f\u0131 kolunu her iki ucundan kald\u0131rmal\u0131s\u0131n\u0131z. <strong>zemin.<\/strong><\/span><br \/><span style=\"color: #000000;\"><strong>Kald\u0131rma ve indirme i\u015flemi s\u0131ras\u0131nda buton b\u0131rak\u0131ld\u0131ktan sonra s\u00fcspansiyon platformu durdurulamaz.<\/strong><\/span><br \/><span style=\"color: #000000;\">Kald\u0131rma ve indirme i\u015flemi s\u0131ras\u0131nda d\u00fc\u011fmeyi b\u0131rakt\u0131ktan sonra s\u00fcspansiyon platformu durdurulam\u0131yorsa, s\u00fcspansiyon platformunun acilen durmas\u0131n\u0131 sa\u011flamak i\u00e7in derhal elektrik kutusu kap\u0131s\u0131ndaki k\u0131rm\u0131z\u0131 acil durum anahtar\u0131na bas\u0131n. Daha sonra elektrik kutusunun g\u00fc\u00e7 anahtar\u0131n\u0131 kesin, kontakt\u00f6r\u00fcn temas durumunu kontrol edin, kontakt\u00f6r\u00fcn y\u00fczeyindeki gres kirini temizleyin ve kontakt\u00f6r normal \u00e7al\u0131\u015fmaya devam edebildi\u011finde, g\u00fc\u00e7 anahtar\u0131n\u0131 kapat\u0131n ve bak\u0131m i\u00e7in s\u00fcspansiyon platformunu yere indirmek i\u00e7in manuel a\u015fa\u011f\u0131 kayd\u0131rma y\u00f6ntemini kullan\u0131n.<\/span><br \/><span style=\"color: #000000;\"><strong>Ask\u0131 platformu yatay e\u011fimli olmal\u0131 ve ipi otomatik olarak kilitlemelidir<\/strong><\/span><br \/><span style=\"color: #000000;\">Y\u00fckselme ve al\u00e7alma i\u015flemi s\u0131ras\u0131nda ask\u0131 platformu a\u015fa\u011f\u0131 kayd\u0131\u011f\u0131nda veya bir ucu belirli bir dereceye kadar kayd\u0131\u011f\u0131nda, emniyet kilidi ipi otomatik olarak kilitler. Bu s\u0131rada hemen durun, ard\u0131ndan elektrik kutusundaki transfer anahtar\u0131n\u0131 platformun alt ucuna getirin ve ard\u0131ndan yukar\u0131 d\u00fc\u011fmesine bas\u0131n. Ask\u0131 platformunun alt ucu kurtarma yatay konumuna y\u00fckseltilir. Emniyet kilidi otomatik olarak kilit a\u00e7ma durumuna d\u00f6nd\u00fckten sonra, ask\u0131 platformu yere indirilir ve her iki u\u00e7taki elektromanyetik fren bo\u015fluklar\u0131 kontrol edilir ve gereksinimleri kar\u015f\u0131layacak \u015fekilde ayarlan\u0131r; veya iki u\u00e7 aras\u0131ndaki d\u00f6n\u00fc\u015f h\u0131z\u0131 fark\u0131 kontrol edilir, fark belirginse bir motorla de\u011fi\u015ftirilmelidir.<\/span><br \/><span style=\"color: #000000;\"><strong>makine kart\u0131 tel halat\u0131n\u0131 kald\u0131r\u0131n<\/strong><\/span><br \/><span style=\"color: #000000;\">\u00c7al\u0131\u015fma teli halat\u0131, gev\u015fek teller, k\u0131vr\u0131mlar veya kald\u0131rma makinesi par\u00e7alar\u0131 nedeniyle vin\u00e7te s\u0131k\u0131\u015fm\u0131\u015ft\u0131r. Ask\u0131 platformundaki in\u015faat personeli, g\u00fcvenlik sa\u011flanarak tahliye edilir ve bak\u0131m i\u00e7in profesyonel olarak e\u011fitilmi\u015f bak\u0131m personeli ask\u0131 platformuna g\u00f6nderilir. \u0130lk olarak, g\u00fcvenlik teli halat\u0131 iki ucunun kald\u0131rma \u00e7er\u00e7evesine sar\u0131l\u0131r ve g\u00fcvenlik telinin iki ucu bir halat tokas\u0131yla sabitlenir. Daha sonra, \u00e7al\u0131\u015fma telini silindirden ay\u0131rmak i\u00e7in her iki u\u00e7taki g\u00fcvenlik kilidinin sal\u0131n\u0131m kolunun koruyucu halkas\u0131n\u0131 gev\u015fetin, b\u00f6ylece her iki u\u00e7taki g\u00fcvenlik kilitleri kilit halat\u0131 durumunda olur. Yukar\u0131daki g\u00fcvenlik \u00f6nlemlerini ald\u0131ktan sonra, vin\u00e7 muayenesini \u00e7\u0131kar\u0131n ve tel halat\u0131n\u0131 s\u0131k\u0131\u015fmadan \u00e7\u0131kar\u0131n. Gerekirse, avu\u00e7 i\u00e7i telini kesin ve kald\u0131rma kapa\u011f\u0131n\u0131 a\u00e7arak vin\u00e7te kalan teli kontrol edin ve dikkatlice \u00e7\u0131kar\u0131n. Ayn\u0131 zamanda, yeni tel halat\u0131 s\u00fcspansiyon mekanizmas\u0131n\u0131n ilgili pozisyonuna yerle\u015ftirin, tel halat\u0131 tekrar a\u015fa\u011f\u0131 indirin ve tel halat\u0131 s\u0131kmak i\u00e7in vin\u00e7e koyun, ard\u0131ndan \u00e7al\u0131\u015fan tel halat\u0131 emniyet kilidi sal\u0131ncak tekerle\u011fi olu\u011funa yerle\u015ftirin ve koruma halkas\u0131n\u0131 tak\u0131n. Emniyet kilidi a\u00e7\u0131ld\u0131ktan sonra, s\u00fcspansiyon platformu durmak i\u00e7in yakla\u015f\u0131k 0,5 m kald\u0131r\u0131l\u0131r, emniyet tel halat\u0131ndaki halat tokas\u0131 \u00e7\u0131kar\u0131l\u0131r ve emniyet tel halat\u0131 dikey konuma getirilir ve ard\u0131ndan s\u00fcspansiyon platformu yere indirilir ve vin\u00e7 taraf\u0131ndan titiz bir inceleme ve bak\u0131mdan sonra, partinin kullanmaya devam etmesine izin verilir.<\/span><br \/><span style=\"color: #000000;\"><strong>\u00c7al\u0131\u015fma teli koptu\u011funda<\/strong><\/span><br \/><span style=\"color: #000000;\">\u00c7al\u0131\u015fma tel halat\u0131 ask\u0131 platformunun bir ucundan koptu\u011funda, ask\u0131 platformu e\u011filir ve \u00e7al\u0131\u015fma pozisyonu e\u011fildi\u011finde emniyet kilidi otomatik olarak kapan\u0131r ve ask\u0131 platformu emniyet tel halat\u0131na kilitlenir. Bu s\u0131rada, ask\u0131 platformundaki in\u015faat personeli sakin kalmal\u0131 ve ask\u0131 platformunda ko\u015fmak ve z\u0131plamak kesinlikle yasakt\u0131r ve ilgili tel halatlar asans\u00f6rde s\u0131k\u0131\u015ft\u0131\u011f\u0131nda acil durum \u00f6nlemlerini ele almal\u0131d\u0131r.<\/span><\/p><p><span style=\"color: #000000;\"><strong>S\u00fcspansiyon mekanizmas\u0131n\u0131n montaj\u0131, ayarlanmas\u0131 ve \u00f6nlemleri<\/strong><\/span><\/p><p><span style=\"color: #000000;\">Zemini kurarken yatay d\u00fczlem se\u00e7ilmelidir. E\u011fim varsa, a\u00e7\u0131l\u0131 tekerle\u011fin alt\u0131nda g\u00fcvenilir bir \u015fekilde d\u00fczle\u015ftirilmelidir. Kurulum y\u00fczeyi su ge\u00e7irmez ve yal\u0131t\u0131ml\u0131ysa, ezilmeyi \u00f6nlemek i\u00e7in \u00f6n ve arka koltuklar\u0131n alt\u0131na 2,5~3 cm kal\u0131nl\u0131\u011f\u0131nda yast\u0131klama yap\u0131lmal\u0131d\u0131r. Su ge\u00e7irmez yal\u0131t\u0131m seviyesi.<\/span><br \/><span style=\"color: #000000;\">Ayarlanabilir destek braketinin y\u00fcksekli\u011fi, \u00f6n kiri\u015fin alt taraf\u0131n\u0131n parapetin (veya di\u011fer engellerin) y\u00fcksekli\u011finden biraz daha y\u00fcksek olmas\u0131 \u015feklinde olmal\u0131d\u0131r. M\u00fcmk\u00fcnse, ask\u0131 mekanizmas\u0131 konumland\u0131r\u0131ld\u0131ktan sonra, \u00f6n kiri\u015fin alt taraf\u0131 uzat\u0131l\u0131r. K\u0131z\u0131n duvar\u0131 ah\u015fap bloklarla sabitlenir.<\/span><br \/><span style=\"color: #000000;\">\u00d6n kiri\u015fin \u00e7\u0131k\u0131nt\u0131l\u0131 ucunun nominal uzatma aral\u0131\u011f\u0131 0,3~1,5 metredir. Nominal \u00e7\u0131k\u0131nt\u0131 a\u015f\u0131ld\u0131\u011f\u0131nda, kullan\u0131mdan \u00f6nce g\u00fcvenilir takviye \u00f6nlemleri ve nominal \u00e7al\u0131\u015fma y\u00fckleri al\u0131nmal\u0131 ve sorumlu departman taraf\u0131ndan onaylanmal\u0131d\u0131r.<\/span><br \/><span style=\"color: #000000;\">\u00d6n ve arka koltuklar aras\u0131ndaki mesafe, bulundu\u011fu yerin \u015fartlar\u0131na g\u00f6re m\u00fcmk\u00fcn oldu\u011funca maksimum mesafeye ayarlanmal\u0131d\u0131r.<\/span><br \/><span style=\"color: #000000;\">\u0130ki braket aras\u0131ndaki mesafe, ask\u0131 platformunun uzunlu\u011fundan 3 ila 5 cm daha az olacak \u015fekilde ayarlanmal\u0131d\u0131r.<\/span><br \/><span style=\"color: #000000;\">\u00c7elik tel halat\u0131 gererken \u00f6n kiri\u015fin \u00f6n gerilim olu\u015fturmak ve \u00f6n kiri\u015fin rijitli\u011fini art\u0131rmak i\u00e7in \u00f6n kiri\u015f 3~5 cm hafif\u00e7e yukar\u0131 do\u011fru k\u0131vr\u0131lmal\u0131d\u0131r.<\/span><br \/><span style=\"color: #000000;\">Tel halat s\u0131k\u0131\u015ft\u0131r\u0131ld\u0131\u011f\u0131nda, halat kelep\u00e7elerinin say\u0131s\u0131 \u00fc\u00e7ten az olmamal\u0131 ve \u00e7elik tel halat\u0131n U \u015feklindeki a\u00e7\u0131kl\u0131\u011f\u0131 ile kuyruk ucu birbirine z\u0131t olmal\u0131 ve y\u00f6nleri ayn\u0131 olmal\u0131d\u0131r. Halat kelep\u00e7eleri kald\u0131rma noktas\u0131ndan itibaren s\u0131rayla s\u0131k\u0131\u015ft\u0131r\u0131lmal\u0131 ve son halat kelep\u00e7esi ile \u00f6nceki halat kelep\u00e7esi aras\u0131nda halat hafif\u00e7e kavisli olmal\u0131d\u0131r. Halat kelep\u00e7e somunu s\u0131k\u0131ld\u0131\u011f\u0131nda, tel halat 1\/2 ila 1\/3 \u00e7apa kadar d\u00fczle\u015ftirilmelidir.<\/span><br \/><span style=\"color: #000000;\">Tel halat d\u00f6\u015fenirken, tel halat serbest diski zemine yerle\u015ftirilmelidir. Halat ba\u015f\u0131 dikkatlice d\u0131\u015far\u0131 \u00e7ekilmeli ve ard\u0131ndan \u00f6nden yava\u015f\u00e7a a\u015fa\u011f\u0131 kayd\u0131r\u0131lmal\u0131d\u0131r. Tel halat\u0131 diske atmak kesinlikle yasakt\u0131r. Tel halat tamamland\u0131ktan sonra, dola\u015fm\u0131\u015f halat dikkatlice ayr\u0131 olarak bast\u0131r\u0131lmal\u0131d\u0131r. Zemindeki fazla tel halat dikkatlice s\u0131k\u0131ca paketlenmeli ve zemin rastgele da\u011f\u0131t\u0131lmamal\u0131d\u0131r.<\/span><\/p><p><span style=\"color: #000000;\"><strong>B\u00fcy\u00fck bile\u015fen hurda standartlar\u0131<\/strong><\/span><br \/><span style=\"color: #000000;\">Ask\u0131l\u0131 \u00c7al\u0131\u015fma Platformu ana kuvvet ata\u015fmanlar\u0131: Ask\u0131 mekanizmas\u0131 veya ask\u0131 platformu a\u015fa\u011f\u0131daki gibi g\u00f6r\u00fcnd\u00fc\u011f\u00fcnde hurdaya ayr\u0131lmal\u0131d\u0131r.<\/span><\/p><p><span style=\"color: #000000;\">Genel istikrars\u0131zl\u0131ktan sonra tamir edilemez ve hurdaya ayr\u0131lmal\u0131d\u0131r.<\/span><br \/><span style=\"color: #000000;\">Kal\u0131c\u0131 deformasyon olu\u015ftu\u011funda ve tamiri m\u00fcmk\u00fcn olmad\u0131\u011f\u0131nda hurdaya ayr\u0131lmas\u0131 gerekir.<\/span><br \/><span style=\"color: #000000;\">Baz\u0131 bile\u015fenler kal\u0131c\u0131 olarak deforme oldu\u011funda ve onar\u0131lamad\u0131\u011f\u0131nda ve y\u00fczey korozyonu veya a\u015f\u0131nma derinli\u011fi orijinal bile\u015fenin 10%&#039;sini a\u015ft\u0131\u011f\u0131nda, ilgili bile\u015fenler hurdaya \u00e7\u0131kar\u0131lmal\u0131d\u0131r.<\/span><br \/><span style=\"color: #000000;\">Yap\u0131sal par\u00e7alarda ve kaynaklarda \u00e7atlaklar olu\u015ftu\u011funda, gerilim durumuna ve \u00e7atlak ko\u015fullar\u0131na g\u00f6re, onar\u0131m veya g\u00fc\u00e7lendirme \u00f6nlemleri al\u0131nd\u0131ktan sonra, orijinal tasar\u0131m gereksinimleri kar\u015f\u0131lanabilir ve kullan\u0131lmaya devam edilebilmesi i\u00e7in \u00f6nlemleri g\u00fc\u00e7lendirmek i\u00e7in onar\u0131mlar yap\u0131lmal\u0131d\u0131r. Aksi takdirde hurdaya \u00e7\u0131kar\u0131lmal\u0131d\u0131r.<\/span><\/p><p><span style=\"color: #000000;\"><strong>Ask\u0131l\u0131 \u00c7al\u0131\u015fma Platformu ekipmanlar\u0131n\u0131n ba\u015fl\u0131ca g\u00fcvenlik tesisleri nelerdir?<\/strong><\/span><br \/><span style=\"color: #000000;\">A. LSB sal\u0131ncak kolu tipi emniyet kilidi; \u00e7al\u0131\u015fma platformu e\u011fim a\u00e7\u0131s\u0131 3-8\u00b0&#039;den fazla oldu\u011funda veya \u00e7al\u0131\u015fma tel halat\u0131 koptu\u011funda emniyet tel halat\u0131n\u0131 kilitleyebilir;<\/span><br \/><span style=\"color: #000000;\">B. Manuel b\u0131rakma: Elektrik kesintisi gibi g\u00fc\u00e7 kayna\u011f\u0131n\u0131n kaybolmas\u0131 durumunda operat\u00f6r\u00fcn g\u00fcvenli bir \u015fekilde yere ula\u015fmas\u0131n\u0131 sa\u011flamak i\u00e7in d\u00fczg\u00fcn bir \u015fekilde indirilebilir;<\/span><br \/><span style=\"color: #000000;\">C. H\u0131z s\u0131n\u0131r\u0131 korumas\u0131: \u0130ni\u015f h\u0131z\u0131 tan\u0131mlanm\u0131\u015f g\u00fcvenli h\u0131z\u0131 a\u015ft\u0131\u011f\u0131nda, santrif\u00fcjl\u00fc yava\u015flatma cihaz\u0131 devreye girerek ini\u015f h\u0131z\u0131n\u0131 yava\u015flat\u0131r;<\/span><br \/><span style=\"color: #000000;\">D. Limit korumas\u0131: Sepet ekipman\u0131 manuel olarak ayarlanan maksimum limiti a\u015ft\u0131\u011f\u0131nda g\u00fc\u00e7 kayna\u011f\u0131n\u0131 otomatik olarak keser ve alarm zilini etkinle\u015ftirir;<\/span><br \/><span style=\"color: #000000;\">E. Elektriksel a\u015f\u0131r\u0131 y\u00fck korumas\u0131: Motor anormal ise veya devre anormal ise ve motor a\u015f\u0131r\u0131 y\u00fcklenmi\u015fse, ana devreyi ay\u0131rmak i\u00e7in kontakt\u00f6r\u00fcn kontrol devresini ay\u0131r\u0131n.<\/span><br \/><span style=\"color: #000000;\">F. S\u0131z\u0131nt\u0131 korumas\u0131: Operat\u00f6r yanl\u0131\u015fl\u0131kla elektrik g\u00f6vdesini \u015farj edip s\u0131z\u0131nt\u0131 yapt\u0131\u011f\u0131nda operat\u00f6r toplam devreyi otomatik olarak kapat\u0131r;<\/span><br \/><span style=\"color: #000000;\">G. Acil durdurma: Ani anormallik durumunda (otomatik y\u00fckselme veya d\u00fc\u015fme gibi) ana kontrol d\u00f6ng\u00fcs\u00fcn\u00fc keser.<\/span><\/p>\t\t\t\t\t\t\t\t<\/div>\n\t\t\t\t<\/div>\n\t\t\t\t\t<\/div>\n\t\t\t\t<\/div>\n\t\t\t\t<\/div>","protected":false},"excerpt":{"rendered":"<p>Emergency treatment during constructionDuring the construction, if you encounter the following special circumstances, you should keep calm and take appropriate emergency measures. Sudden power outage during constructionWhen there is a sudden power outage during construction, the power switch of the electric box should be cut off immediately to prevent accidents during power transmission. After receiving [&hellip;]<\/p>\n","protected":false},"author":1,"featured_media":0,"parent":0,"menu_order":0,"comment_status":"closed","ping_status":"closed","template":"","meta":{"footnotes":""},"class_list":["post-1402","page","type-page","status-publish","hentry"],"acf":[],"_links":{"self":[{"href":"https:\/\/www.buildinglift.com\/tr\/wp-json\/wp\/v2\/pages\/1402","targetHints":{"allow":["GET"]}}],"collection":[{"href":"https:\/\/www.buildinglift.com\/tr\/wp-json\/wp\/v2\/pages"}],"about":[{"href":"https:\/\/www.buildinglift.com\/tr\/wp-json\/wp\/v2\/types\/page"}],"author":[{"embeddable":true,"href":"https:\/\/www.buildinglift.com\/tr\/wp-json\/wp\/v2\/users\/1"}],"replies":[{"embeddable":true,"href":"https:\/\/www.buildinglift.com\/tr\/wp-json\/wp\/v2\/comments?post=1402"}],"version-history":[{"count":0,"href":"https:\/\/www.buildinglift.com\/tr\/wp-json\/wp\/v2\/pages\/1402\/revisions"}],"wp:attachment":[{"href":"https:\/\/www.buildinglift.com\/tr\/wp-json\/wp\/v2\/media?parent=1402"}],"curies":[{"name":"wp","href":"https:\/\/api.w.org\/{rel}","templated":true}]}}