{"id":1100,"date":"2018-09-26T07:13:42","date_gmt":"2018-09-26T07:13:42","guid":{"rendered":"http:\/\/www.buildinglift.com\/?page_id=1100"},"modified":"2023-12-12T21:30:12","modified_gmt":"2023-12-13T05:30:12","slug":"fabrika-gorunumu","status":"publish","type":"page","link":"https:\/\/www.buildinglift.com\/tr\/fabrika-gorunumu\/","title":{"rendered":"Fabrika G\u00f6r\u00fcn\u00fcm\u00fc"},"content":{"rendered":"<div data-elementor-type=\"wp-page\" data-elementor-id=\"1100\" class=\"elementor elementor-1100\">\n\t\t\t\t<div class=\"elementor-element elementor-element-d874066 e-flex e-con-boxed e-con e-parent\" data-id=\"d874066\" data-element_type=\"container\" data-e-type=\"container\">\n\t\t\t\t\t<div class=\"e-con-inner\">\n\t\t\t\t<div class=\"elementor-element elementor-element-f4ded02 gallery-spacing-custom elementor-widget elementor-widget-image-gallery\" data-id=\"f4ded02\" data-element_type=\"widget\" data-e-type=\"widget\" data-widget_type=\"image-gallery.default\">\n\t\t\t\t<div class=\"elementor-widget-container\">\n\t\t\t\t\t\t\t<div class=\"elementor-image-gallery\">\n\t\t\t<div id='gallery-1' class='gallery galleryid-1100 gallery-columns-4 gallery-size-full'><figure class='gallery-item'>\n\t\t\t<div class='gallery-icon landscape'>\n\t\t\t\t<img fetchpriority=\"high\" decoding=\"async\" width=\"600\" height=\"400\" src=\"https:\/\/www.buildinglift.com\/wp-content\/uploads\/factory-view212.jpg\" class=\"attachment-full size-full\" alt=\"fabrika g\u00f6r\u00fcn\u00fcm\u00fc\" srcset=\"https:\/\/www.buildinglift.com\/wp-content\/uploads\/factory-view212.jpg 600w, https:\/\/www.buildinglift.com\/wp-content\/uploads\/factory-view212-300x200.jpg 300w\" sizes=\"(max-width: 600px) 100vw, 600px\" \/>\n\t\t\t<\/div><\/figure><figure class='gallery-item'>\n\t\t\t<div class='gallery-icon landscape'>\n\t\t\t\t<img decoding=\"async\" width=\"600\" height=\"400\" src=\"https:\/\/www.buildinglift.com\/wp-content\/uploads\/factory-view211.jpg\" class=\"attachment-full size-full\" alt=\"fabrika g\u00f6r\u00fcn\u00fcm\u00fc\" srcset=\"https:\/\/www.buildinglift.com\/wp-content\/uploads\/factory-view211.jpg 600w, https:\/\/www.buildinglift.com\/wp-content\/uploads\/factory-view211-300x200.jpg 300w\" sizes=\"(max-width: 600px) 100vw, 600px\" \/>\n\t\t\t<\/div><\/figure><figure class='gallery-item'>\n\t\t\t<div class='gallery-icon landscape'>\n\t\t\t\t<img decoding=\"async\" width=\"600\" height=\"400\" src=\"https:\/\/www.buildinglift.com\/wp-content\/uploads\/factory-view210.jpg\" class=\"attachment-full size-full\" alt=\"fabrika g\u00f6r\u00fcn\u00fcm\u00fc\" srcset=\"https:\/\/www.buildinglift.com\/wp-content\/uploads\/factory-view210.jpg 600w, https:\/\/www.buildinglift.com\/wp-content\/uploads\/factory-view210-300x200.jpg 300w\" sizes=\"(max-width: 600px) 100vw, 600px\" \/>\n\t\t\t<\/div><\/figure><figure class='gallery-item'>\n\t\t\t<div class='gallery-icon landscape'>\n\t\t\t\t<img loading=\"lazy\" decoding=\"async\" width=\"600\" height=\"400\" src=\"https:\/\/www.buildinglift.com\/wp-content\/uploads\/factory-view29.jpg\" class=\"attachment-full size-full\" alt=\"fabrika g\u00f6r\u00fcn\u00fcm\u00fc\" srcset=\"https:\/\/www.buildinglift.com\/wp-content\/uploads\/factory-view29.jpg 600w, https:\/\/www.buildinglift.com\/wp-content\/uploads\/factory-view29-300x200.jpg 300w\" sizes=\"(max-width: 600px) 100vw, 600px\" \/>\n\t\t\t<\/div><\/figure><figure class='gallery-item'>\n\t\t\t<div class='gallery-icon landscape'>\n\t\t\t\t<img loading=\"lazy\" decoding=\"async\" width=\"600\" height=\"400\" src=\"https:\/\/www.buildinglift.com\/wp-content\/uploads\/factory-view28.jpg\" class=\"attachment-full size-full\" alt=\"fabrika g\u00f6r\u00fcn\u00fcm\u00fc\" srcset=\"https:\/\/www.buildinglift.com\/wp-content\/uploads\/factory-view28.jpg 600w, https:\/\/www.buildinglift.com\/wp-content\/uploads\/factory-view28-300x200.jpg 300w\" sizes=\"(max-width: 600px) 100vw, 600px\" \/>\n\t\t\t<\/div><\/figure><figure class='gallery-item'>\n\t\t\t<div class='gallery-icon landscape'>\n\t\t\t\t<img loading=\"lazy\" decoding=\"async\" width=\"600\" height=\"400\" src=\"https:\/\/www.buildinglift.com\/wp-content\/uploads\/factory-view27.jpg\" class=\"attachment-full size-full\" alt=\"fabrika g\u00f6r\u00fcn\u00fcm\u00fc\" srcset=\"https:\/\/www.buildinglift.com\/wp-content\/uploads\/factory-view27.jpg 600w, https:\/\/www.buildinglift.com\/wp-content\/uploads\/factory-view27-300x200.jpg 300w\" sizes=\"(max-width: 600px) 100vw, 600px\" \/>\n\t\t\t<\/div><\/figure><figure class='gallery-item'>\n\t\t\t<div class='gallery-icon landscape'>\n\t\t\t\t<img loading=\"lazy\" decoding=\"async\" width=\"600\" height=\"400\" src=\"https:\/\/www.buildinglift.com\/wp-content\/uploads\/factory-view26.jpg\" class=\"attachment-full size-full\" alt=\"fabrika g\u00f6r\u00fcn\u00fcm\u00fc\" srcset=\"https:\/\/www.buildinglift.com\/wp-content\/uploads\/factory-view26.jpg 600w, https:\/\/www.buildinglift.com\/wp-content\/uploads\/factory-view26-300x200.jpg 300w\" sizes=\"(max-width: 600px) 100vw, 600px\" \/>\n\t\t\t<\/div><\/figure><figure class='gallery-item'>\n\t\t\t<div class='gallery-icon landscape'>\n\t\t\t\t<img loading=\"lazy\" decoding=\"async\" width=\"600\" height=\"400\" src=\"https:\/\/www.buildinglift.com\/wp-content\/uploads\/factory-view25.jpg\" class=\"attachment-full size-full\" alt=\"fabrika g\u00f6r\u00fcn\u00fcm\u00fc\" srcset=\"https:\/\/www.buildinglift.com\/wp-content\/uploads\/factory-view25.jpg 600w, https:\/\/www.buildinglift.com\/wp-content\/uploads\/factory-view25-300x200.jpg 300w\" sizes=\"(max-width: 600px) 100vw, 600px\" \/>\n\t\t\t<\/div><\/figure><figure class='gallery-item'>\n\t\t\t<div class='gallery-icon landscape'>\n\t\t\t\t<img loading=\"lazy\" decoding=\"async\" width=\"600\" height=\"400\" src=\"https:\/\/www.buildinglift.com\/wp-content\/uploads\/factory-view24.jpg\" class=\"attachment-full size-full\" alt=\"fabrika g\u00f6r\u00fcn\u00fcm\u00fc\" srcset=\"https:\/\/www.buildinglift.com\/wp-content\/uploads\/factory-view24.jpg 600w, https:\/\/www.buildinglift.com\/wp-content\/uploads\/factory-view24-300x200.jpg 300w\" sizes=\"(max-width: 600px) 100vw, 600px\" \/>\n\t\t\t<\/div><\/figure><figure class='gallery-item'>\n\t\t\t<div class='gallery-icon landscape'>\n\t\t\t\t<img loading=\"lazy\" decoding=\"async\" width=\"600\" height=\"400\" src=\"https:\/\/www.buildinglift.com\/wp-content\/uploads\/factory-view23.jpg\" class=\"attachment-full size-full\" alt=\"fabrika g\u00f6r\u00fcn\u00fcm\u00fc\" srcset=\"https:\/\/www.buildinglift.com\/wp-content\/uploads\/factory-view23.jpg 600w, https:\/\/www.buildinglift.com\/wp-content\/uploads\/factory-view23-300x200.jpg 300w\" sizes=\"(max-width: 600px) 100vw, 600px\" \/>\n\t\t\t<\/div><\/figure><figure class='gallery-item'>\n\t\t\t<div class='gallery-icon landscape'>\n\t\t\t\t<img loading=\"lazy\" decoding=\"async\" width=\"600\" height=\"400\" src=\"https:\/\/www.buildinglift.com\/wp-content\/uploads\/factory-view22.jpg\" class=\"attachment-full size-full\" alt=\"fabrika g\u00f6r\u00fcn\u00fcm\u00fc\" srcset=\"https:\/\/www.buildinglift.com\/wp-content\/uploads\/factory-view22.jpg 600w, https:\/\/www.buildinglift.com\/wp-content\/uploads\/factory-view22-300x200.jpg 300w\" sizes=\"(max-width: 600px) 100vw, 600px\" \/>\n\t\t\t<\/div><\/figure><figure class='gallery-item'>\n\t\t\t<div class='gallery-icon landscape'>\n\t\t\t\t<img loading=\"lazy\" decoding=\"async\" width=\"600\" height=\"400\" src=\"https:\/\/www.buildinglift.com\/wp-content\/uploads\/factory-view21.jpg\" class=\"attachment-full size-full\" alt=\"fabrika g\u00f6r\u00fcn\u00fcm\u00fc\" srcset=\"https:\/\/www.buildinglift.com\/wp-content\/uploads\/factory-view21.jpg 600w, https:\/\/www.buildinglift.com\/wp-content\/uploads\/factory-view21-300x200.jpg 300w\" sizes=\"(max-width: 600px) 100vw, 600px\" \/>\n\t\t\t<\/div><\/figure><figure class='gallery-item'>\n\t\t\t<div class='gallery-icon landscape'>\n\t\t\t\t<img loading=\"lazy\" decoding=\"async\" width=\"600\" height=\"450\" src=\"https:\/\/www.buildinglift.com\/wp-content\/uploads\/factory-view222.jpg\" class=\"attachment-full size-full\" alt=\"fabrika g\u00f6r\u00fcn\u00fcm\u00fc\" srcset=\"https:\/\/www.buildinglift.com\/wp-content\/uploads\/factory-view222.jpg 600w, https:\/\/www.buildinglift.com\/wp-content\/uploads\/factory-view222-300x225.jpg 300w\" sizes=\"(max-width: 600px) 100vw, 600px\" \/>\n\t\t\t<\/div><\/figure><figure class='gallery-item'>\n\t\t\t<div class='gallery-icon landscape'>\n\t\t\t\t<img loading=\"lazy\" decoding=\"async\" width=\"600\" height=\"450\" src=\"https:\/\/www.buildinglift.com\/wp-content\/uploads\/factory-view221.jpg\" class=\"attachment-full size-full\" alt=\"fabrika g\u00f6r\u00fcn\u00fcm\u00fc\" srcset=\"https:\/\/www.buildinglift.com\/wp-content\/uploads\/factory-view221.jpg 600w, https:\/\/www.buildinglift.com\/wp-content\/uploads\/factory-view221-300x225.jpg 300w\" sizes=\"(max-width: 600px) 100vw, 600px\" \/>\n\t\t\t<\/div><\/figure><figure class='gallery-item'>\n\t\t\t<div class='gallery-icon landscape'>\n\t\t\t\t<img loading=\"lazy\" decoding=\"async\" width=\"600\" height=\"450\" src=\"https:\/\/www.buildinglift.com\/wp-content\/uploads\/Factory-View-14.jpg\" class=\"attachment-full size-full\" alt=\"Fabrika G\u00f6r\u00fcn\u00fcm\u00fc\" srcset=\"https:\/\/www.buildinglift.com\/wp-content\/uploads\/Factory-View-14.jpg 600w, https:\/\/www.buildinglift.com\/wp-content\/uploads\/Factory-View-14-300x225.jpg 300w\" sizes=\"(max-width: 600px) 100vw, 600px\" \/>\n\t\t\t<\/div><\/figure><figure class='gallery-item'>\n\t\t\t<div class='gallery-icon landscape'>\n\t\t\t\t<img loading=\"lazy\" decoding=\"async\" width=\"600\" height=\"450\" src=\"https:\/\/www.buildinglift.com\/wp-content\/uploads\/Factory-View-8.jpg\" class=\"attachment-full size-full\" alt=\"Fabrika G\u00f6r\u00fcn\u00fcm\u00fc\" srcset=\"https:\/\/www.buildinglift.com\/wp-content\/uploads\/Factory-View-8.jpg 600w, https:\/\/www.buildinglift.com\/wp-content\/uploads\/Factory-View-8-300x225.jpg 300w\" sizes=\"(max-width: 600px) 100vw, 600px\" \/>\n\t\t\t<\/div><\/figure><figure class='gallery-item'>\n\t\t\t<div class='gallery-icon landscape'>\n\t\t\t\t<img loading=\"lazy\" decoding=\"async\" width=\"600\" height=\"450\" src=\"https:\/\/www.buildinglift.com\/wp-content\/uploads\/Factory-View-7.jpg\" class=\"attachment-full size-full\" alt=\"Fabrika G\u00f6r\u00fcn\u00fcm\u00fc\" srcset=\"https:\/\/www.buildinglift.com\/wp-content\/uploads\/Factory-View-7.jpg 600w, https:\/\/www.buildinglift.com\/wp-content\/uploads\/Factory-View-7-300x225.jpg 300w\" sizes=\"(max-width: 600px) 100vw, 600px\" \/>\n\t\t\t<\/div><\/figure><figure class='gallery-item'>\n\t\t\t<div class='gallery-icon landscape'>\n\t\t\t\t<img loading=\"lazy\" decoding=\"async\" width=\"600\" height=\"450\" src=\"https:\/\/www.buildinglift.com\/wp-content\/uploads\/Factory-View-5.jpg\" class=\"attachment-full size-full\" alt=\"Fabrika G\u00f6r\u00fcn\u00fcm\u00fc\" srcset=\"https:\/\/www.buildinglift.com\/wp-content\/uploads\/Factory-View-5.jpg 600w, https:\/\/www.buildinglift.com\/wp-content\/uploads\/Factory-View-5-300x225.jpg 300w\" sizes=\"(max-width: 600px) 100vw, 600px\" \/>\n\t\t\t<\/div><\/figure><figure class='gallery-item'>\n\t\t\t<div class='gallery-icon landscape'>\n\t\t\t\t<img loading=\"lazy\" decoding=\"async\" width=\"600\" height=\"450\" src=\"https:\/\/www.buildinglift.com\/wp-content\/uploads\/Factory-View-3.jpg\" class=\"attachment-full size-full\" alt=\"Fabrika G\u00f6r\u00fcn\u00fcm\u00fc\" srcset=\"https:\/\/www.buildinglift.com\/wp-content\/uploads\/Factory-View-3.jpg 600w, https:\/\/www.buildinglift.com\/wp-content\/uploads\/Factory-View-3-300x225.jpg 300w\" sizes=\"(max-width: 600px) 100vw, 600px\" \/>\n\t\t\t<\/div><\/figure><figure class='gallery-item'>\n\t\t\t<div class='gallery-icon landscape'>\n\t\t\t\t<img loading=\"lazy\" decoding=\"async\" width=\"600\" height=\"450\" src=\"https:\/\/www.buildinglift.com\/wp-content\/uploads\/Factory-View-1.jpg\" class=\"attachment-full size-full\" alt=\"Fabrika G\u00f6r\u00fcn\u00fcm\u00fc\" srcset=\"https:\/\/www.buildinglift.com\/wp-content\/uploads\/Factory-View-1.jpg 600w, https:\/\/www.buildinglift.com\/wp-content\/uploads\/Factory-View-1-300x225.jpg 300w\" sizes=\"(max-width: 600px) 100vw, 600px\" \/>\n\t\t\t<\/div><\/figure><figure class='gallery-item'>\n\t\t\t<div class='gallery-icon landscape'>\n\t\t\t\t<img loading=\"lazy\" decoding=\"async\" width=\"600\" height=\"450\" src=\"https:\/\/www.buildinglift.com\/wp-content\/uploads\/Factory-View-2.jpg\" class=\"attachment-full size-full\" alt=\"Fabrika G\u00f6r\u00fcn\u00fcm\u00fc\" srcset=\"https:\/\/www.buildinglift.com\/wp-content\/uploads\/Factory-View-2.jpg 600w, https:\/\/www.buildinglift.com\/wp-content\/uploads\/Factory-View-2-300x225.jpg 300w\" sizes=\"(max-width: 600px) 100vw, 600px\" \/>\n\t\t\t<\/div><\/figure><figure class='gallery-item'>\n\t\t\t<div class='gallery-icon landscape'>\n\t\t\t\t<img loading=\"lazy\" decoding=\"async\" width=\"500\" height=\"500\" src=\"https:\/\/www.buildinglift.com\/wp-content\/uploads\/Factory-View-12.jpg\" class=\"attachment-full size-full\" alt=\"Fabrika G\u00f6r\u00fcn\u00fcm\u00fc\" srcset=\"https:\/\/www.buildinglift.com\/wp-content\/uploads\/Factory-View-12.jpg 500w, https:\/\/www.buildinglift.com\/wp-content\/uploads\/Factory-View-12-300x300.jpg 300w, https:\/\/www.buildinglift.com\/wp-content\/uploads\/Factory-View-12-100x100.jpg 100w, https:\/\/www.buildinglift.com\/wp-content\/uploads\/Factory-View-12-150x150.jpg 150w, https:\/\/www.buildinglift.com\/wp-content\/uploads\/Factory-View-12-50x50.jpg 50w\" sizes=\"(max-width: 500px) 100vw, 500px\" \/>\n\t\t\t<\/div><\/figure><figure class='gallery-item'>\n\t\t\t<div class='gallery-icon landscape'>\n\t\t\t\t<img loading=\"lazy\" decoding=\"async\" width=\"500\" height=\"500\" src=\"https:\/\/www.buildinglift.com\/wp-content\/uploads\/Factory-View-11.jpg\" class=\"attachment-full size-full\" alt=\"Fabrika G\u00f6r\u00fcn\u00fcm\u00fc\" srcset=\"https:\/\/www.buildinglift.com\/wp-content\/uploads\/Factory-View-11.jpg 500w, https:\/\/www.buildinglift.com\/wp-content\/uploads\/Factory-View-11-300x300.jpg 300w, https:\/\/www.buildinglift.com\/wp-content\/uploads\/Factory-View-11-100x100.jpg 100w, https:\/\/www.buildinglift.com\/wp-content\/uploads\/Factory-View-11-150x150.jpg 150w, https:\/\/www.buildinglift.com\/wp-content\/uploads\/Factory-View-11-50x50.jpg 50w\" sizes=\"(max-width: 500px) 100vw, 500px\" \/>\n\t\t\t<\/div><\/figure><figure class='gallery-item'>\n\t\t\t<div class='gallery-icon landscape'>\n\t\t\t\t<img loading=\"lazy\" decoding=\"async\" width=\"600\" height=\"600\" src=\"https:\/\/www.buildinglift.com\/wp-content\/uploads\/Factory-View-10.jpg\" class=\"attachment-full size-full\" alt=\"Fabrika G\u00f6r\u00fcn\u00fcm\u00fc\" srcset=\"https:\/\/www.buildinglift.com\/wp-content\/uploads\/Factory-View-10.jpg 600w, https:\/\/www.buildinglift.com\/wp-content\/uploads\/Factory-View-10-300x300.jpg 300w, https:\/\/www.buildinglift.com\/wp-content\/uploads\/Factory-View-10-100x100.jpg 100w, https:\/\/www.buildinglift.com\/wp-content\/uploads\/Factory-View-10-150x150.jpg 150w, https:\/\/www.buildinglift.com\/wp-content\/uploads\/Factory-View-10-50x50.jpg 50w\" sizes=\"(max-width: 600px) 100vw, 600px\" \/>\n\t\t\t<\/div><\/figure>\n\t\t<\/div>\n\t\t<\/div>\n\t\t\t\t\t\t<\/div>\n\t\t\t\t<\/div>\n\t\t\t\t\t<\/div>\n\t\t\t\t<\/div>\n\t\t\t\t<\/div>","protected":false},"excerpt":{"rendered":"","protected":false},"author":1,"featured_media":0,"parent":0,"menu_order":0,"comment_status":"closed","ping_status":"closed","template":"","meta":{"footnotes":""},"class_list":["post-1100","page","type-page","status-publish","hentry"],"acf":[],"_links":{"self":[{"href":"https:\/\/www.buildinglift.com\/tr\/wp-json\/wp\/v2\/pages\/1100","targetHints":{"allow":["GET"]}}],"collection":[{"href":"https:\/\/www.buildinglift.com\/tr\/wp-json\/wp\/v2\/pages"}],"about":[{"href":"https:\/\/www.buildinglift.com\/tr\/wp-json\/wp\/v2\/types\/page"}],"author":[{"embeddable":true,"href":"https:\/\/www.buildinglift.com\/tr\/wp-json\/wp\/v2\/users\/1"}],"replies":[{"embeddable":true,"href":"https:\/\/www.buildinglift.com\/tr\/wp-json\/wp\/v2\/comments?post=1100"}],"version-history":[{"count":0,"href":"https:\/\/www.buildinglift.com\/tr\/wp-json\/wp\/v2\/pages\/1100\/revisions"}],"wp:attachment":[{"href":"https:\/\/www.buildinglift.com\/tr\/wp-json\/wp\/v2\/media?parent=1100"}],"curies":[{"name":"wp","href":"https:\/\/api.w.org\/{rel}","templated":true}]}}