{"id":5902,"date":"2023-10-19T13:41:52","date_gmt":"2023-10-19T13:41:52","guid":{"rendered":"https:\/\/www.buildinglift.com\/?post_type=product&#038;p=5902"},"modified":"2023-12-12T23:25:31","modified_gmt":"2023-12-13T07:25:31","slug":"ce-godkand-hydraulisk-lyftplattform-elektrisk-saxlift","status":"publish","type":"product","link":"https:\/\/www.buildinglift.com\/sv\/produkt\/ce-godkand-hydraulisk-lyftplattform-elektrisk-saxlift\/","title":{"rendered":"CE-godk\u00e4nd hydraulisk lyftplattform\/elektrisk saxlyft"},"content":{"rendered":"<p><a href=\"https:\/\/www.buildinglift.com\/product-category\/elevator-scissor-lift\/\"><strong>Elektriska saxliftar<\/strong><\/a><br \/>\nElektriska saxliftar har l\u00e4ngre driftstider \u00e4n motordrivna liftar och de fr\u00e4mjar tystare arbetsmilj\u00f6er \u2013 vilket g\u00f6r dem idealiska f\u00f6r inomhusarbeten. Den elektriska driften ger mer \u00e4n dubbelt s\u00e5 l\u00e5ng batteritid som <a href=\"https:\/\/www.buildinglift.com\/product\/ce-approved-hydraulic-lifting-platform-electric-scissor-lift\/\">hydrauliskt drivna maskiner<\/a> och producerar noll utsl\u00e4pp. V\u00e5ra saxliftar finns med olika arbetsh\u00f6jder och plattformskapaciteter<br \/>\n<strong>1. Produktf\u00f6rdelar<\/strong><br \/>\nSj\u00e4lvg\u00e5ende saxliftar beh\u00f6ver inga st\u00f6dben, en man arbetar p\u00e5 arbetsplattformen. De kan enkelt k\u00f6ras fram\u00e5t, vridas och lyftas. Kort laddningstid och l\u00e5ng batteritid. L\u00e4ttf\u00f6rflyttade, rymliga arbetsplattformar, smidiga arbetsf\u00f6rh\u00e5llanden och h\u00f6g arbetseffektivitet.<br \/>\n<strong>2. F\u00f6rflyttningsmetod<\/strong><br \/>\nDet laddningsbara batteriet ger kraften att r\u00f6ra sig och styra runt.<br \/>\n<strong>3. Lyftkraft<\/strong><br \/>\nDet laddningsbara batteriet ger str\u00f6m f\u00f6r att lyfta lyftplattformarna. Arbetsh\u00f6jderna varierar fr\u00e5n 4 m, 6 m, 8 m, 9 m, 10 m, 12 m och 14 m.<br \/>\n<strong>4. Till\u00e4mpningar<\/strong><br \/>\nDen anv\u00e4nds ofta f\u00f6r installation och underh\u00e5ll av arbetsplatser utan str\u00f6mf\u00f6rs\u00f6rjning och med j\u00e4mna arbetsytor, s\u00e5som hotell, stora hallar, idrottsarenor, stora fabriker, lager, spannm\u00e5lsmagasin, buss-\/j\u00e4rnv\u00e4gsstationer, hotell, flygplatser, bensinstationer och r\u00f6rledningar i luften.<\/p>","protected":false},"excerpt":{"rendered":"<p>Elektriska saxliftar har l\u00e4ngre driftstider \u00e4n motordrivna liftar och de fr\u00e4mjar tystare arbetsmilj\u00f6er \u2013 vilket g\u00f6r dem idealiska f\u00f6r inomhusarbeten.<\/p>","protected":false},"featured_media":5644,"template":"","meta":[],"product_brand":[],"product_cat":[149],"product_tag":[172,173],"class_list":{"0":"post-5902","1":"product","2":"type-product","3":"status-publish","4":"has-post-thumbnail","6":"product_cat-elevator-scissor-lift","7":"product_tag-electric-scissor-lift","8":"product_tag-hydraulic-lifting-platform","10":"first","11":"instock","12":"shipping-taxable","13":"product-type-simple"},"acf":[],"_links":{"self":[{"href":"https:\/\/www.buildinglift.com\/sv\/wp-json\/wp\/v2\/product\/5902","targetHints":{"allow":["GET"]}}],"collection":[{"href":"https:\/\/www.buildinglift.com\/sv\/wp-json\/wp\/v2\/product"}],"about":[{"href":"https:\/\/www.buildinglift.com\/sv\/wp-json\/wp\/v2\/types\/product"}],"version-history":[{"count":0,"href":"https:\/\/www.buildinglift.com\/sv\/wp-json\/wp\/v2\/product\/5902\/revisions"}],"wp:featuredmedia":[{"embeddable":true,"href":"https:\/\/www.buildinglift.com\/sv\/wp-json\/wp\/v2\/media\/5644"}],"wp:attachment":[{"href":"https:\/\/www.buildinglift.com\/sv\/wp-json\/wp\/v2\/media?parent=5902"}],"wp:term":[{"taxonomy":"product_brand","embeddable":true,"href":"https:\/\/www.buildinglift.com\/sv\/wp-json\/wp\/v2\/product_brand?post=5902"},{"taxonomy":"product_cat","embeddable":true,"href":"https:\/\/www.buildinglift.com\/sv\/wp-json\/wp\/v2\/product_cat?post=5902"},{"taxonomy":"product_tag","embeddable":true,"href":"https:\/\/www.buildinglift.com\/sv\/wp-json\/wp\/v2\/product_tag?post=5902"}],"curies":[{"name":"wp","href":"https:\/\/api.w.org\/{rel}","templated":true}]}}