{"id":5896,"date":"2023-10-19T13:27:45","date_gmt":"2023-10-19T13:27:45","guid":{"rendered":"https:\/\/www.buildinglift.com\/?post_type=product&#038;p=5896"},"modified":"2023-12-12T22:32:33","modified_gmt":"2023-12-13T06:32:33","slug":"automatisk-10-25m-hogkvalitativ-hiss-saxlift-350-500-800kg-1-ton-hydraulisk-elektrisk-lyft-med-tillbehor","status":"publish","type":"product","link":"https:\/\/www.buildinglift.com\/sv\/produkt\/automatisk-10-25m-hogkvalitativ-hiss-saxlift-350-500-800kg-1-ton-hydraulisk-elektrisk-lyft-med-tillbehor\/","title":{"rendered":"Automatisk 10-25M h\u00f6gkvalitativ saxlyft 350 500 800kg 1 ton hydraulisk elektrisk lyft med tillbeh\u00f6r"},"content":{"rendered":"<p><strong>Produktbeskrivning<\/strong><br \/>\nV\u00e5r sj\u00e4lvg\u00e5ende mobila saxlyft anv\u00e4nds huvudsakligen f\u00f6r att lyfta arbetare till h\u00f6ga platser f\u00f6r reparationer, underh\u00e5ll, reng\u00f6ring eller installation och s\u00e5 vidare. Du kan enkelt flytta den till r\u00e4tt arbetsomr\u00e5de.<br \/>\nen person som man\u00f6vrerar plattformen f\u00f6r att k\u00f6ra bak\u00e5t, fram\u00e5t, sv\u00e4nga, \u00e4ven vid maximal h\u00f6jd. \u00c4ven denna typ av <a href=\"https:\/\/www.buildinglift.com\/product\/automatic-10-25m-high-quality-elevator-scissor-lift-350-500-800kg-1-ton-hydraulic-electric-lift-with-attachments\/\">mobil saxlift<\/a> kan installeras med drivhjul f\u00f6r att flytta den f\u00f6r hand utan n\u00e5gon h\u00e5rdhet.<\/p>\n<p><a href=\"https:\/\/www.buildinglift.com\/wp-content\/uploads\/H559669909c4843a4bcc8e5cda100bf0fH.png\"><img fetchpriority=\"high\" decoding=\"async\" class=\"alignnone size-full wp-image-5901\" src=\"https:\/\/www.buildinglift.com\/wp-content\/uploads\/H559669909c4843a4bcc8e5cda100bf0fH.png\" alt=\"\" width=\"790\" height=\"495\" srcset=\"https:\/\/www.buildinglift.com\/wp-content\/uploads\/H559669909c4843a4bcc8e5cda100bf0fH.png 790w, https:\/\/www.buildinglift.com\/wp-content\/uploads\/H559669909c4843a4bcc8e5cda100bf0fH-600x376.png 600w, https:\/\/www.buildinglift.com\/wp-content\/uploads\/H559669909c4843a4bcc8e5cda100bf0fH-300x188.png 300w, https:\/\/www.buildinglift.com\/wp-content\/uploads\/H559669909c4843a4bcc8e5cda100bf0fH-768x481.png 768w, https:\/\/www.buildinglift.com\/wp-content\/uploads\/H559669909c4843a4bcc8e5cda100bf0fH-18x12.png 18w\" sizes=\"(max-width: 790px) 100vw, 790px\" \/><\/a><\/p>","protected":false},"excerpt":{"rendered":"<p>V\u00e5r sj\u00e4lvg\u00e5ende mobila saxlyft anv\u00e4nds huvudsakligen f\u00f6r att lyfta arbetare till h\u00f6ga platser f\u00f6r reparationer, underh\u00e5ll, reng\u00f6ring eller installation och s\u00e5 vidare. Du kan enkelt flytta den till r\u00e4tt arbetsomr\u00e5de.<\/p>","protected":false},"featured_media":5900,"template":"","meta":[],"product_brand":[],"product_cat":[149],"product_tag":[],"class_list":{"0":"post-5896","1":"product","2":"type-product","3":"status-publish","4":"has-post-thumbnail","6":"product_cat-elevator-scissor-lift","8":"first","9":"instock","10":"shipping-taxable","11":"product-type-simple"},"acf":[],"_links":{"self":[{"href":"https:\/\/www.buildinglift.com\/sv\/wp-json\/wp\/v2\/product\/5896","targetHints":{"allow":["GET"]}}],"collection":[{"href":"https:\/\/www.buildinglift.com\/sv\/wp-json\/wp\/v2\/product"}],"about":[{"href":"https:\/\/www.buildinglift.com\/sv\/wp-json\/wp\/v2\/types\/product"}],"version-history":[{"count":0,"href":"https:\/\/www.buildinglift.com\/sv\/wp-json\/wp\/v2\/product\/5896\/revisions"}],"wp:featuredmedia":[{"embeddable":true,"href":"https:\/\/www.buildinglift.com\/sv\/wp-json\/wp\/v2\/media\/5900"}],"wp:attachment":[{"href":"https:\/\/www.buildinglift.com\/sv\/wp-json\/wp\/v2\/media?parent=5896"}],"wp:term":[{"taxonomy":"product_brand","embeddable":true,"href":"https:\/\/www.buildinglift.com\/sv\/wp-json\/wp\/v2\/product_brand?post=5896"},{"taxonomy":"product_cat","embeddable":true,"href":"https:\/\/www.buildinglift.com\/sv\/wp-json\/wp\/v2\/product_cat?post=5896"},{"taxonomy":"product_tag","embeddable":true,"href":"https:\/\/www.buildinglift.com\/sv\/wp-json\/wp\/v2\/product_tag?post=5896"}],"curies":[{"name":"wp","href":"https:\/\/api.w.org\/{rel}","templated":true}]}}