{"id":5849,"date":"2023-10-19T11:07:37","date_gmt":"2023-10-19T11:07:37","guid":{"rendered":"https:\/\/www.buildinglift.com\/?post_type=product&#038;p=5849"},"modified":"2023-12-12T22:25:28","modified_gmt":"2023-12-13T06:25:28","slug":"mini-360-graders-byggutrustning-liten-lyftkran","status":"publish","type":"product","link":"https:\/\/www.buildinglift.com\/sv\/produkt\/mini-360-graders-byggutrustning-liten-lyftkran\/","title":{"rendered":"Mini 360 graders byggutrustning liten lyftkran"},"content":{"rendered":"<p>Produktegenskaper:<br \/>\n1. F\u00e4ste i legerat st\u00e5l, s\u00f6ml\u00f6s svetsning, h\u00e5llbar<br \/>\n2. Motor, helkopparmotor, snabb v\u00e4rmeavledning och l\u00e5ng livsl\u00e4ngd.<br \/>\n3. Fl\u00e4ns, f\u00f6rtjockad fl\u00e4nsplatta, solid och p\u00e5litlig.<br \/>\n4. Roterande axel, dubbellager 360 graders rotation.<\/p>\n<p><a href=\"https:\/\/www.buildinglift.com\/product\/mini-360-degree-construction-equipment-small-lifting-crane\/\">Mini-byggkran<\/a> Introduktion:<br \/>\nMinibyggkranar \u00e4r mycket portabla, snabbare att anv\u00e4nda, med ett 360-graders roterande handtag, vilket l\u00f6ser problemet med att repet \u00e4r vridet och sv\u00e5rt att rotera under arbete. Det r\u00e5der ingen tvekan om att sm\u00e5 byggkranar sparar mycket arbetskraft och \u00f6kar lyfteffektiviteten, s\u00e4rskilt f\u00f6r sm\u00e5 f\u00f6nsterytor.<br \/>\nMinibyggkranar \u00e4r ganska s\u00e4kra eftersom deras flera skyddssystem, s\u00e5som \u00f6verbelastningsskydd, str\u00f6m\u00f6verbelastningsskydd, sp\u00e4nningsfallsskydd och automatiska positioneringsenheter, effektivt kan f\u00f6rhindra v\u00e4nster- och h\u00f6gerr\u00f6relser av den roterande armen, vilket g\u00f6r den s\u00e4krare. Dessutom \u00e4r kraftenheten valfri och kan anv\u00e4ndas i dieselmotorer, bensinmotorer eller elmotorer. Vi har utvecklat flera minibyggkranar f\u00f6r dig enligt olika kunders krav.<br \/>\nMinibyggkranar kan anv\u00e4ndas i sm\u00e5 f\u00f6nsterytor, vilket har \u00e4ndrat bristerna hos tidigare lyftmaskiner och kan inte anv\u00e4ndas i sm\u00e5 f\u00f6nster och tr\u00e5nga utrymmen. Dessutom undviker de problemet att den roterande armen \u00e4r f\u00f6r kort fr\u00e5n f\u00f6nstret, vilket \u00e4r en f\u00f6rdel och skillnad som andra portabla kranar inte har.<br \/>\nMinibyggkran kallas \u00e4ven minilyft, minikran, elektrisk minilyft, liten lyftkran, minib\u00e4rbar mobil manuell sv\u00e4ngkran, davitkran, sm\u00e5 mobila kranlyftar, liten b\u00e4rbar kran, b\u00e4rbar utomhusellyftkran, roterbar flexibel lastbilslyftande liten kran, bilmonterad minikran, minilyft, utomhusminikran, b\u00e4rbar golvkran, lyftverktygsminikran med lyft, b\u00e4rbar lyftkran, <a href=\"https:\/\/www.buildinglift.com\/product-category\/construction-mini-crane\/\">utomhus 360 graders rotationskran<\/a>, mini-golvkran f\u00f6r platt mark, liten minikran f\u00f6r byggkonstruktion, minikranmaskin f\u00f6r byggnation, lastbilsmonterade kranar och liten sv\u00e4ngkran.<\/p>","protected":false},"excerpt":{"rendered":"<p>Minibyggkranen \u00e4r mycket portabel, snabbare att anv\u00e4nda, med ett 360-graders roterande handtag, vilket l\u00f6ser problemet med att repet \u00e4r vridet och sv\u00e5rt att rotera vid arbete.<\/p>","protected":false},"featured_media":5851,"template":"","meta":[],"product_brand":[],"product_cat":[148],"product_tag":[163,162],"class_list":{"0":"post-5849","1":"product","2":"type-product","3":"status-publish","4":"has-post-thumbnail","6":"product_cat-construction-mini-crane","7":"product_tag-mini-crane","8":"product_tag-small-lifting-crane","10":"first","11":"instock","12":"shipping-taxable","13":"product-type-simple"},"acf":[],"_links":{"self":[{"href":"https:\/\/www.buildinglift.com\/sv\/wp-json\/wp\/v2\/product\/5849","targetHints":{"allow":["GET"]}}],"collection":[{"href":"https:\/\/www.buildinglift.com\/sv\/wp-json\/wp\/v2\/product"}],"about":[{"href":"https:\/\/www.buildinglift.com\/sv\/wp-json\/wp\/v2\/types\/product"}],"version-history":[{"count":0,"href":"https:\/\/www.buildinglift.com\/sv\/wp-json\/wp\/v2\/product\/5849\/revisions"}],"wp:featuredmedia":[{"embeddable":true,"href":"https:\/\/www.buildinglift.com\/sv\/wp-json\/wp\/v2\/media\/5851"}],"wp:attachment":[{"href":"https:\/\/www.buildinglift.com\/sv\/wp-json\/wp\/v2\/media?parent=5849"}],"wp:term":[{"taxonomy":"product_brand","embeddable":true,"href":"https:\/\/www.buildinglift.com\/sv\/wp-json\/wp\/v2\/product_brand?post=5849"},{"taxonomy":"product_cat","embeddable":true,"href":"https:\/\/www.buildinglift.com\/sv\/wp-json\/wp\/v2\/product_cat?post=5849"},{"taxonomy":"product_tag","embeddable":true,"href":"https:\/\/www.buildinglift.com\/sv\/wp-json\/wp\/v2\/product_tag?post=5849"}],"curies":[{"name":"wp","href":"https:\/\/api.w.org\/{rel}","templated":true}]}}