{"id":5703,"date":"2023-09-22T14:20:30","date_gmt":"2023-09-22T14:20:30","guid":{"rendered":"https:\/\/www.buildinglift.com\/?post_type=product&#038;p=5703"},"modified":"2023-12-12T22:20:51","modified_gmt":"2023-12-13T06:20:51","slug":"hangande-plattform-for-utvandig-fonsterputsning-specialtillverkad-vertikal-specialupphangd-plattform","status":"publish","type":"product","link":"https:\/\/www.buildinglift.com\/sv\/produkt\/hangande-plattform-for-utvandig-fonsterputsning-specialtillverkad-vertikal-specialupphangd-plattform\/","title":{"rendered":"H\u00e4ngande plattform f\u00f6r utv\u00e4ndig f\u00f6nsterputsning, specialtillverkad vertikal\/Specialanpassad upph\u00e4ngd plattform"},"content":{"rendered":"<p>Vi kan designa och tillverka alla typer av specialh\u00e4ngande plattformar som passar alla f\u00f6rh\u00e5llanden och f\u00f6r att m\u00f6ta kundernas speciella krav. S\u00e5som L-bens enpersonsplattform, vinklad h\u00e4ngande plattform, dubbelplattform, BMU-gondol, h\u00e4ngande enpersonsstol, cirkelh\u00e4ngande plattform, r\u00f6rlig \u00e4ndbygel och ZLP350 h\u00e4ngande plattform.<\/p>\n<p><strong>Produktfunktion och till\u00e4mpning<\/strong><br \/>\n\u2013 H\u00f6g kvalitet till konkurrenskraftigt pris<br \/>\n\u2013 L\u00e4tt att montera<br \/>\n\u2013 Smidig kontroll<br \/>\n\u2013 Arbetsh\u00f6jden kan justeras<br \/>\n\u2013 Sp\u00e4nningen kan justeras<br \/>\n\u2013 H\u00e5llbar och s\u00e4ker<\/p>\n<p>ZLP-serien utm\u00e4rker sig f\u00f6r sin \u00f6verl\u00e4gsna kvalitet och professionella service. I takt med att dess rykte och trov\u00e4rdighet har vuxit, har \u00e4ven dess internationella r\u00e4ckvidd \u00f6kat. SUCCESS Companys produkter exporteras nu till \u00f6ver 70 l\u00e4nder och regioner, inklusive Singapore, Ryssland, F\u00f6renade Arabemiraten, Chile och Peru. F\u00f6retagets engagemang f\u00f6r excellens \u00e5terspeglas i dess produkter, som uppfyller europeiska standarder och har f\u00e5tt CE-certifiering.<\/p>\n<p>Vi kan designa och tillverka alla typer av specialh\u00e4ngande plattformar som passar alla f\u00f6rh\u00e5llanden och f\u00f6r att m\u00f6ta kundernas speciella krav. S\u00e5som L-bens enpersonsplattform, vinklad h\u00e4ngande plattform, dubbelplattform, BMU-gondol, h\u00e4ngande enpersonsstol, cirkelh\u00e4ngande plattform, r\u00f6rlig \u00e4ndbygel och ZLP350 h\u00e4ngande plattform.<\/p>\n<p><strong><a href=\"https:\/\/www.buildinglift.com\/product\/exterior-window-cleaning-hanging-platform-custom-made-vertical-custom-suspended-platform\/\">Upph\u00e4ngd plattform<\/a> Lyftanordning \u2013 l\u00e5ng livsl\u00e4ngd<\/strong><br \/>\n1. Gjutkroppen \u00e4r tillverkad av specialaluminiummaterial och bearbetas av en importerad bearbetningscentral med gravitationsgjutningsprocess. Produkten har god precision och h\u00e5llbarhet. Gjutgods \u00e4r mer fallbest\u00e4ndigt \u00e4n pressgjutgods och \u00e4r mindre ben\u00e4get att spricka.<br \/>\n2. Materialet i drivskivan \u00e4r 40Cr, vikt 5,4 kg, efter anl\u00f6pning och ytnitreringsbehandling \u00e4r den mer slitstark och h\u00e5llbar.<br \/>\n3. Sn\u00e4ckhjulet \u00e4r tillverkat av tenn-fosforbrons 9-4 koppar, 0,94 kg, god seghet och slitstyrka. Materialet i sn\u00e4ck- och kugghjulsaxeln \u00e4r 38CrMoA1, varav sn\u00e4ckan \u00e4r 0,48 kg, vilket har god seghet och slitstyrka.<br \/>\n4. Repstyrningen \u00e4r tillverkad av ett speciellt slitstarkt rostfritt st\u00e5lmaterial, vilket inte l\u00e4tt skadas och inte orsakar fastkl\u00e4mning. Kostnaden f\u00f6r fel \u00e4r extremt l\u00e5g och beh\u00f6ver i allm\u00e4nhet inte bytas ut.<\/p>","protected":false},"excerpt":{"rendered":"<p><strong>Modellnr.<\/strong>ZLP1000 ZLP800 ZLP630 ZLP500<br \/>\n<strong>Material<\/strong>st\u00e5l eller aluminiumlegering (rekommenderas)<br \/>\n<strong>Nominell belastning<\/strong>: 1000 kg 800 kg 600 kg\u2026<br \/>\n<strong>Lyfth\u00f6jd<\/strong>: 100M till 150M<br \/>\n<strong>Lyfthastighet<\/strong>: 9\u201311 m\/min<br \/>\n<strong>Produktionskvalifikation<\/strong><br \/>\nVi har godk\u00e4nt ISO9001:2008, CE och EAC-certifiering.<\/p>","protected":false},"featured_media":5708,"template":"","meta":[],"product_brand":[],"product_cat":[147],"product_tag":[155,154],"class_list":{"0":"post-5703","1":"product","2":"type-product","3":"status-publish","4":"has-post-thumbnail","6":"product_cat-suspended-platform","7":"product_tag-custom-suspended-platform","8":"product_tag-exterior-window-cleaning-hanging-platform-custom-made-vertical","10":"first","11":"instock","12":"shipping-taxable","13":"product-type-simple"},"acf":[],"_links":{"self":[{"href":"https:\/\/www.buildinglift.com\/sv\/wp-json\/wp\/v2\/product\/5703","targetHints":{"allow":["GET"]}}],"collection":[{"href":"https:\/\/www.buildinglift.com\/sv\/wp-json\/wp\/v2\/product"}],"about":[{"href":"https:\/\/www.buildinglift.com\/sv\/wp-json\/wp\/v2\/types\/product"}],"version-history":[{"count":0,"href":"https:\/\/www.buildinglift.com\/sv\/wp-json\/wp\/v2\/product\/5703\/revisions"}],"wp:featuredmedia":[{"embeddable":true,"href":"https:\/\/www.buildinglift.com\/sv\/wp-json\/wp\/v2\/media\/5708"}],"wp:attachment":[{"href":"https:\/\/www.buildinglift.com\/sv\/wp-json\/wp\/v2\/media?parent=5703"}],"wp:term":[{"taxonomy":"product_brand","embeddable":true,"href":"https:\/\/www.buildinglift.com\/sv\/wp-json\/wp\/v2\/product_brand?post=5703"},{"taxonomy":"product_cat","embeddable":true,"href":"https:\/\/www.buildinglift.com\/sv\/wp-json\/wp\/v2\/product_cat?post=5703"},{"taxonomy":"product_tag","embeddable":true,"href":"https:\/\/www.buildinglift.com\/sv\/wp-json\/wp\/v2\/product_tag?post=5703"}],"curies":[{"name":"wp","href":"https:\/\/api.w.org\/{rel}","templated":true}]}}