{"id":1402,"date":"2023-02-09T11:05:42","date_gmt":"2023-02-09T11:05:42","guid":{"rendered":"https:\/\/www.buildinglift.com\/?page_id=1402"},"modified":"2023-12-12T21:37:18","modified_gmt":"2023-12-13T05:37:18","slug":"produkt-anvandning-sakerhet","status":"publish","type":"page","link":"https:\/\/www.buildinglift.com\/sv\/produkt-anvandning-sakerhet\/","title":{"rendered":"Produkts\u00e4kerhet"},"content":{"rendered":"<div data-elementor-type=\"wp-page\" data-elementor-id=\"1402\" class=\"elementor elementor-1402\">\n\t\t\t\t<div class=\"elementor-element elementor-element-f26b11c e-flex e-con-boxed e-con e-parent\" data-id=\"f26b11c\" data-element_type=\"container\" data-e-type=\"container\">\n\t\t\t\t\t<div class=\"e-con-inner\">\n\t\t\t\t<div class=\"elementor-element elementor-element-1051740 elementor-widget elementor-widget-text-editor\" data-id=\"1051740\" data-element_type=\"widget\" data-e-type=\"widget\" data-widget_type=\"text-editor.default\">\n\t\t\t\t<div class=\"elementor-widget-container\">\n\t\t\t\t\t\t\t\t\t<p><span style=\"color: #000000;\"><strong>Akutv\u00e5rd under byggnation<\/strong><\/span><br \/><span style=\"color: #000000;\"><strong>Om du st\u00f6ter p\u00e5 f\u00f6ljande speciella omst\u00e4ndigheter under byggtiden b\u00f6r du beh\u00e5lla lugnet och vidta l\u00e4mpliga n\u00f6d\u00e5tg\u00e4rder.<\/strong><\/span><\/p><p><span style=\"color: #000000;\"><strong>Pl\u00f6tsligt str\u00f6mavbrott under byggnationen<\/strong><\/span><br \/><span style=\"color: #000000;\">Vid pl\u00f6tsligt str\u00f6mavbrott under byggnation b\u00f6r elboxens str\u00f6mbrytare omedelbart st\u00e4ngas av f\u00f6r att f\u00f6rhindra olyckor under str\u00f6m\u00f6verf\u00f6ringen. Efter att samtalsmeddelandet mottagits sl\u00e5s str\u00f6mbrytaren p\u00e5 och arbetet p\u00e5b\u00f6rjas efter att kontrollen \u00e4r normal.<\/span><br \/><span style=\"color: #000000;\">Om du beh\u00f6ver \u00e5terv\u00e4nda till marken efter str\u00f6mavbrott, b\u00f6r du lyfta det manuella nedf\u00f6rsbackshandtaget p\u00e5 lyften i b\u00e5da \u00e4ndar s\u00e5 att upph\u00e4ngningsplattformen kan glida fritt till <strong>jord.<\/strong><\/span><br \/><span style=\"color: #000000;\"><strong>Fj\u00e4dringsplattformen kan inte stoppas efter att knappen sl\u00e4ppts under lyft- och s\u00e4nkprocessen.<\/strong><\/span><br \/><span style=\"color: #000000;\">N\u00e4r h\u00e4ngplattformen inte kan stoppas efter att knappen sl\u00e4ppts under lyft- och s\u00e4nkprocessen, tryck omedelbart p\u00e5 den r\u00f6da n\u00f6dstr\u00f6mbrytaren p\u00e5 elboxens d\u00f6rr f\u00f6r att f\u00e5 h\u00e4ngplattformen att stanna omedelbart. St\u00e4ng sedan av elboxens str\u00f6mbrytare, kontrollera kontaktorns kontaktl\u00e4ge, reng\u00f6r kontaktorns yta fr\u00e5n fett och smuts. N\u00e4r kontaktorn kan \u00e5terg\u00e5 till normal drift, st\u00e4ng av str\u00f6mbrytaren och anv\u00e4nd den manuella nedskjutningsmetoden f\u00f6r att s\u00e4nka h\u00e4ngplattformen till marken f\u00f6r underh\u00e5ll.<\/span><br \/><span style=\"color: #000000;\"><strong>Upph\u00e4ngningsplattformen ska vara horisontellt lutande och automatiskt l\u00e5sa repet<\/strong><\/span><br \/><span style=\"color: #000000;\">N\u00e4r h\u00e4ngplattformen glider ner under upp- och nedstigningsprocessen, eller n\u00e4r ena \u00e4nden glider en viss str\u00e4cka, l\u00e5ser s\u00e4kerhetssp\u00e4rren automatiskt repet. Stanna omedelbart, vrid sedan omkopplaren p\u00e5 elboxen till plattformens nedre \u00e4nde och tryck sedan p\u00e5 upp\u00e5tknappen. Den nedre \u00e4nden av h\u00e4ngplattformen h\u00f6js till det horisontella \u00e5terst\u00e4llningsl\u00e4get. Efter att s\u00e4kerhetssp\u00e4rren automatiskt \u00e5terg\u00e5r till uppl\u00e5sningsl\u00e4get s\u00e4nks h\u00e4ngplattformen ner till marken och de elektromagnetiska bromsavst\u00e5nden i b\u00e5da \u00e4ndar kontrolleras och justeras f\u00f6r att uppfylla kraven; eller skillnaden i rotationshastighet mellan de tv\u00e5 \u00e4ndarna kontrolleras, om skillnaden \u00e4r uppenbar b\u00f6r bytas ut mot en motor.<\/span><br \/><span style=\"color: #000000;\"><strong>lyft maskinkortets vajer<\/strong><\/span><br \/><span style=\"color: #000000;\">Arbetsvajern har fastnat i lyftanordningen p\u00e5 grund av l\u00f6sa tr\u00e5dar, b\u00f6jningar eller lyftmaskindelar. Byggpersonalen i upph\u00e4ngningsplattformen evakueras samtidigt som s\u00e4kerheten s\u00e4kerst\u00e4lls, och professionellt utbildad underh\u00e5llspersonal skickas till upph\u00e4ngningsplattformen f\u00f6r underh\u00e5ll. F\u00f6rst lindas s\u00e4kerhetsvajern i b\u00e5da \u00e4ndarna p\u00e5 lyftramen, och de tv\u00e5 \u00e4ndarna av s\u00e4kerhetsvajern f\u00e4sts med ett repsp\u00e4nne. Lossa sedan skyddsringen p\u00e5 s\u00e4kerhetsl\u00e5sets sv\u00e4ngarm i b\u00e5da \u00e4ndarna f\u00f6r att frig\u00f6ra arbetsvajern fr\u00e5n rullen, s\u00e5 att s\u00e4kerhetsl\u00e5sen i b\u00e5da \u00e4ndarna \u00e4r i l\u00e5svajerns tillst\u00e5nd. Efter att ha vidtagit ovanst\u00e5ende s\u00e4kerhets\u00e5tg\u00e4rder, ta bort lyftanordningen och ta ut vajern fr\u00e5n fastkl\u00e4mningen. Om det beh\u00f6vs, klipp av handvajern och \u00f6ppna lyftk\u00e5pan f\u00f6r att kontrollera och f\u00f6rsiktigt ta bort vajern som finns kvar i lyftanordningen. Samtidigt, s\u00e4tt tillbaka den nya vajern i motsvarande position f\u00f6r upph\u00e4ngningsmekanismen, l\u00e4gg ner vajern och s\u00e4tt in den i lyftanordningen f\u00f6r att dra \u00e5t vajern, placera sedan arbetsvajern i s\u00e4kerhetsl\u00e5sets sv\u00e4nghjulssp\u00e5r och montera skyddsringen. Efter att s\u00e4kerhetssp\u00e4rren har \u00f6ppnats lyfts upph\u00e4ngningsplattformen cirka 0,5 m f\u00f6r att stanna, repsp\u00e4nnet p\u00e5 s\u00e4kerhetsvajern tas bort och s\u00e4kerhetsvajern placeras i vertikalt l\u00e4ge. Sedan s\u00e4nks upph\u00e4ngningsplattformen ner till marken. Efter noggrann inspektion och underh\u00e5ll av lyftanordningen f\u00e5r gruppen forts\u00e4tta att anv\u00e4nda den.<\/span><br \/><span style=\"color: #000000;\"><strong>N\u00e4r den arbetande vajern g\u00e5r s\u00f6nder<\/strong><\/span><br \/><span style=\"color: #000000;\">N\u00e4r arbetsvajern g\u00e5r av i ena \u00e4nden av upph\u00e4ngningsplattformen lutas upph\u00e4ngningsplattformen, och s\u00e4kerhetsl\u00e5set st\u00e4ngs automatiskt n\u00e4r arbetspositionen lutas, och upph\u00e4ngningsplattformen l\u00e5ses i s\u00e4kerhetsvajern. Vid denna tidpunkt ska byggnadspersonalen p\u00e5 upph\u00e4ngningsplattformen f\u00f6rbli lugn, och det \u00e4r str\u00e4ngt f\u00f6rbjudet att springa och hoppa i upph\u00e4ngningsplattformen, och vidta n\u00f6d\u00e5tg\u00e4rder n\u00e4r respektive vajer har fastnat i hissen.<\/span><\/p><p><span style=\"color: #000000;\"><strong>Installation, justering och f\u00f6rsiktighets\u00e5tg\u00e4rder f\u00f6r upph\u00e4ngningsmekanismen<\/strong><\/span><\/p><p><span style=\"color: #000000;\">Vid installation av marken b\u00f6r det horisontella planet v\u00e4ljas. N\u00e4r det finns en lutning b\u00f6r den vara tillf\u00f6rlitligt j\u00e4mn under vinkelhjulet. Om installationsytan \u00e4r vattent\u00e4t och isolerad b\u00f6r den vara 2,5~3 cm tjock under fram- och baks\u00e4tena f\u00f6r att f\u00f6rhindra kl\u00e4mning. Vattent\u00e4t isoleringsniv\u00e5.<\/span><br \/><span style=\"color: #000000;\">H\u00f6jden p\u00e5 det justerbara st\u00f6df\u00e4stet b\u00f6r vara s\u00e5dan att den fr\u00e4mre balkens undersida \u00e4r n\u00e5got h\u00f6gre \u00e4n br\u00f6stv\u00e4rnets (eller andra hinders) h\u00f6jd. Om m\u00f6jligt, efter att upph\u00e4ngningsmekanismen \u00e4r placerad, f\u00f6rl\u00e4ngs den fr\u00e4mre balkens undersida. Dotterv\u00e4ggen fixeras med tr\u00e4klossar.<\/span><br \/><span style=\"color: #000000;\">Det nominella utskjutningsomr\u00e5det f\u00f6r den fr\u00e4mre balkens \u00f6verh\u00e4ngande \u00e4nde \u00e4r 0,3\u20131,5 meter. N\u00e4r det nominella \u00f6verh\u00e4nget \u00f6verskrids m\u00e5ste tillf\u00f6rlitliga f\u00f6rst\u00e4rknings\u00e5tg\u00e4rder och nominella arbetslaster vidtas och bekr\u00e4ftas av ansvarig avdelning f\u00f6re anv\u00e4ndning.<\/span><br \/><span style=\"color: #000000;\">Avst\u00e5ndet mellan fram- och baks\u00e4tena b\u00f6r justeras till det maximala avst\u00e5ndet s\u00e5 l\u00e5ngt det \u00e4r m\u00f6jligt med h\u00e4nsyn till platsens f\u00f6rh\u00e5llanden.<\/span><br \/><span style=\"color: #000000;\">Avst\u00e5ndet mellan de tv\u00e5 f\u00e4stena b\u00f6r justeras till ett avst\u00e5nd som \u00e4r 3 till 5 cm mindre \u00e4n upph\u00e4ngningsplattformens l\u00e4ngd.<\/span><br \/><span style=\"color: #000000;\">Vid \u00e5tdragning av st\u00e5lvajern b\u00f6r den fr\u00e4mre balken b\u00f6jas upp\u00e5t n\u00e5got med 3~5 cm f\u00f6r att skapa f\u00f6rsp\u00e4nning och f\u00f6rb\u00e4ttra den fr\u00e4mre balkens styvhet.<\/span><br \/><span style=\"color: #000000;\">N\u00e4r vajern \u00e4r fastkl\u00e4mt ska antalet vajerkl\u00e4mmor vara minst tre, och den U-formade \u00f6ppningen och st\u00e5lvajerns bak\u00e4nde \u00e4r motsatta varandra, och riktningarna \u00e4r desamma. Vajerkl\u00e4mmorna ska kl\u00e4mmas fast i ordning fr\u00e5n lyftpunkten, och mellan den sista vajerkl\u00e4mman och den f\u00f6reg\u00e5ende vajerkl\u00e4mman ska vajern vara l\u00e4tt v\u00e4lvd. N\u00e4r vajerkl\u00e4mmans mutter dras \u00e5t ska vajern plattas till 1\/2 till 1\/3 diameter.<\/span><br \/><span style=\"color: #000000;\">N\u00e4r vajern l\u00e4ggs ut ska vajerns fria skiva placeras p\u00e5 golvet. Vajerns huvud ska f\u00f6rsiktigt dras ut och sedan l\u00e5ngsamt glida ner l\u00e4ngs framsidan. Det \u00e4r str\u00e4ngt f\u00f6rbjudet att kasta ner vajern i skivan. N\u00e4r vajern \u00e4r f\u00e4rdigspunnen ska den intrasslade vajern f\u00f6rsiktigt pressas separat. \u00d6verskottsvajern p\u00e5 marken ska packas noggrant t\u00e4tt och marken ska inte spridas godtyckligt.<\/span><\/p><p><span style=\"color: #000000;\"><strong>Standarder f\u00f6r skrotning av viktiga komponenter<\/strong><\/span><br \/><span style=\"color: #000000;\">Huvudkraftf\u00e4sten f\u00f6r upph\u00e4ngd arbetsplattform: N\u00e4r upph\u00e4ngningsmekanismen eller upph\u00e4ngningsplattformen ser ut som f\u00f6ljer b\u00f6r den skrotas.<\/span><\/p><p><span style=\"color: #000000;\">Efter den totala instabiliteten f\u00e5r den inte repareras utan m\u00e5ste skrotas.<\/span><br \/><span style=\"color: #000000;\">N\u00e4r permanent deformation uppst\u00e5r och inte kan repareras m\u00e5ste den skrotas.<\/span><br \/><span style=\"color: #000000;\">N\u00e4r vissa komponenter \u00e4r permanent deformerade och inte kan repareras och ytkorrosionen eller slitagedjupet \u00f6verstiger 10% j\u00e4mf\u00f6rt med originalkomponenten, b\u00f6r motsvarande komponenter skrotas.<\/span><br \/><span style=\"color: #000000;\">N\u00e4r sprickor uppst\u00e5r i konstruktionsdelar och svetsar, beroende p\u00e5 sp\u00e4nningssituationen och sprickf\u00f6rh\u00e5llandena, kan de ursprungliga konstruktionskraven uppfyllas efter reparation eller f\u00f6rst\u00e4rknings\u00e5tg\u00e4rder, och reparationer m\u00e5ste vidtas f\u00f6r att f\u00f6rst\u00e4rka \u00e5tg\u00e4rderna innan de kan forts\u00e4tta att anv\u00e4ndas. Annars b\u00f6r de skrotas.<\/span><\/p><p><span style=\"color: #000000;\"><strong>Vilka \u00e4r de viktigaste s\u00e4kerhetsanordningarna f\u00f6r utrustningen f\u00f6r upph\u00e4ngda arbetsplattformar?<\/strong><\/span><br \/><span style=\"color: #000000;\">A. LSB-sv\u00e4ngarmss\u00e4kerhetsl\u00e5s; kan l\u00e5sa s\u00e4kerhetsvajern n\u00e4r arbetsplattformens lutningsvinkel \u00e4r st\u00f6rre \u00e4n 3-8\u00b0 eller om arbetsvajern \u00e4r bruten;<\/span><br \/><span style=\"color: #000000;\">B. Manuell frig\u00f6ring: Den kan s\u00e4nkas smidigt vid str\u00f6mavbrott, till exempel vid str\u00f6mavbrott, f\u00f6r att s\u00e4kerst\u00e4lla att operat\u00f6ren n\u00e5r marken s\u00e4kert;<\/span><br \/><span style=\"color: #000000;\">C. Hastighetsbegr\u00e4nsningsskydd: n\u00e4r nedfartshastigheten \u00f6verstiger den definierade s\u00e4kra hastigheten aktiveras centrifugalbromsningsanordningen f\u00f6r att s\u00e4nka nedfartshastigheten;<\/span><br \/><span style=\"color: #000000;\">D. Gr\u00e4nsskydd: st\u00e4nger automatiskt av str\u00f6mf\u00f6rs\u00f6rjningen n\u00e4r korgutrustningen \u00f6verskrider den manuellt inst\u00e4llda maxgr\u00e4nsen och aktiverar larmklockan;<\/span><br \/><span style=\"color: #000000;\">E. Elektriskt \u00f6verbelastningsskydd: Om motorn \u00e4r onormal eller kretsen \u00e4r onormal och motorn \u00e4r \u00f6verbelastad, koppla bort kontaktorns styrkrets f\u00f6r att koppla bort huvudkretsen.<\/span><br \/><span style=\"color: #000000;\">F. L\u00e4ckageskydd: Operat\u00f6ren st\u00e4nger automatiskt hela kretsen om operat\u00f6ren av misstag laddar elkroppen och l\u00e4cker;<\/span><br \/><span style=\"color: #000000;\">G. N\u00f6dstopp: St\u00e4ng av huvudkontrollslingan vid pl\u00f6tslig avvikelse (t.ex. automatisk h\u00f6jning eller s\u00e4nkning).<\/span><\/p>\t\t\t\t\t\t\t\t<\/div>\n\t\t\t\t<\/div>\n\t\t\t\t\t<\/div>\n\t\t\t\t<\/div>\n\t\t\t\t<\/div>","protected":false},"excerpt":{"rendered":"<p>Emergency treatment during constructionDuring the construction, if you encounter the following special circumstances, you should keep calm and take appropriate emergency measures. Sudden power outage during constructionWhen there is a sudden power outage during construction, the power switch of the electric box should be cut off immediately to prevent accidents during power transmission. After receiving [&hellip;]<\/p>\n","protected":false},"author":1,"featured_media":0,"parent":0,"menu_order":0,"comment_status":"closed","ping_status":"closed","template":"","meta":{"footnotes":""},"class_list":["post-1402","page","type-page","status-publish","hentry"],"acf":[],"_links":{"self":[{"href":"https:\/\/www.buildinglift.com\/sv\/wp-json\/wp\/v2\/pages\/1402","targetHints":{"allow":["GET"]}}],"collection":[{"href":"https:\/\/www.buildinglift.com\/sv\/wp-json\/wp\/v2\/pages"}],"about":[{"href":"https:\/\/www.buildinglift.com\/sv\/wp-json\/wp\/v2\/types\/page"}],"author":[{"embeddable":true,"href":"https:\/\/www.buildinglift.com\/sv\/wp-json\/wp\/v2\/users\/1"}],"replies":[{"embeddable":true,"href":"https:\/\/www.buildinglift.com\/sv\/wp-json\/wp\/v2\/comments?post=1402"}],"version-history":[{"count":0,"href":"https:\/\/www.buildinglift.com\/sv\/wp-json\/wp\/v2\/pages\/1402\/revisions"}],"wp:attachment":[{"href":"https:\/\/www.buildinglift.com\/sv\/wp-json\/wp\/v2\/media?parent=1402"}],"curies":[{"name":"wp","href":"https:\/\/api.w.org\/{rel}","templated":true}]}}