{"id":5896,"date":"2023-10-19T13:27:45","date_gmt":"2023-10-19T13:27:45","guid":{"rendered":"https:\/\/www.buildinglift.com\/?post_type=product&#038;p=5896"},"modified":"2023-12-12T22:32:33","modified_gmt":"2023-12-13T06:32:33","slug":"avtomatsko-10-25m-visokokakovostno-skarjasto-dvigalo-350-500-800kg-1-tonsko-hidravlicno-elektricno-dvigalo-s-prikljucki","status":"publish","type":"product","link":"https:\/\/www.buildinglift.com\/sl\/izdelek\/avtomatsko-10-25m-visokokakovostno-skarjasto-dvigalo-350-500-800kg-1-tonsko-hidravlicno-elektricno-dvigalo-s-prikljucki\/","title":{"rendered":"Avtomatsko \u0161karjasto dvigalo 10-25M visoke kakovosti 350 500 800 kg 1 tona hidravli\u010dno elektri\u010dno dvigalo s priklju\u010dki"},"content":{"rendered":"<p><strong>Opis izdelka<\/strong><br \/>\nNa\u0161a samohodna mobilna \u0161karjasta dvi\u017ena plo\u0161\u010dad se uporablja predvsem za dvigovanje delavcev na vi\u0161ja mesta za popravila, vzdr\u017eevanje, \u010di\u0161\u010denje ali monta\u017eo in podobno. Z lahkoto jo lahko premaknete na pravo delovno obmo\u010dje.<br \/>\nena oseba za upravljanje plo\u0161\u010dadi za premikanje nazaj, naprej, obra\u010danje, tudi na njeni najve\u010dji vi\u0161ini. Tudi ta vrsta <a href=\"https:\/\/www.buildinglift.com\/product\/automatic-10-25m-high-quality-elevator-scissor-lift-350-500-800kg-1-ton-hydraulic-electric-lift-with-attachments\/\">mobilna \u0161karjasta dvi\u017ena plo\u0161\u010dad<\/a> lahko se namesti s pogonskim kolesom, da se premika ro\u010dno brez te\u017eav.<\/p>\n<p><a href=\"https:\/\/www.buildinglift.com\/wp-content\/uploads\/H559669909c4843a4bcc8e5cda100bf0fH.png\"><img fetchpriority=\"high\" decoding=\"async\" class=\"alignnone size-full wp-image-5901\" src=\"https:\/\/www.buildinglift.com\/wp-content\/uploads\/H559669909c4843a4bcc8e5cda100bf0fH.png\" alt=\"\" width=\"790\" height=\"495\" srcset=\"https:\/\/www.buildinglift.com\/wp-content\/uploads\/H559669909c4843a4bcc8e5cda100bf0fH.png 790w, https:\/\/www.buildinglift.com\/wp-content\/uploads\/H559669909c4843a4bcc8e5cda100bf0fH-600x376.png 600w, https:\/\/www.buildinglift.com\/wp-content\/uploads\/H559669909c4843a4bcc8e5cda100bf0fH-300x188.png 300w, https:\/\/www.buildinglift.com\/wp-content\/uploads\/H559669909c4843a4bcc8e5cda100bf0fH-768x481.png 768w, https:\/\/www.buildinglift.com\/wp-content\/uploads\/H559669909c4843a4bcc8e5cda100bf0fH-18x12.png 18w\" sizes=\"(max-width: 790px) 100vw, 790px\" \/><\/a><\/p>","protected":false},"excerpt":{"rendered":"<p>Na\u0161a samohodna mobilna \u0161karjasta dvi\u017ena plo\u0161\u010dad se uporablja predvsem za dvigovanje delavcev na vi\u0161ja mesta za popravila, vzdr\u017eevanje, \u010di\u0161\u010denje ali monta\u017eo in podobno. Z lahkoto jo lahko premaknete na pravo delovno obmo\u010dje.<\/p>","protected":false},"featured_media":5900,"template":"","meta":[],"product_brand":[],"product_cat":[149],"product_tag":[],"class_list":{"0":"post-5896","1":"product","2":"type-product","3":"status-publish","4":"has-post-thumbnail","6":"product_cat-elevator-scissor-lift","8":"first","9":"instock","10":"shipping-taxable","11":"product-type-simple"},"acf":[],"_links":{"self":[{"href":"https:\/\/www.buildinglift.com\/sl\/wp-json\/wp\/v2\/product\/5896","targetHints":{"allow":["GET"]}}],"collection":[{"href":"https:\/\/www.buildinglift.com\/sl\/wp-json\/wp\/v2\/product"}],"about":[{"href":"https:\/\/www.buildinglift.com\/sl\/wp-json\/wp\/v2\/types\/product"}],"version-history":[{"count":0,"href":"https:\/\/www.buildinglift.com\/sl\/wp-json\/wp\/v2\/product\/5896\/revisions"}],"wp:featuredmedia":[{"embeddable":true,"href":"https:\/\/www.buildinglift.com\/sl\/wp-json\/wp\/v2\/media\/5900"}],"wp:attachment":[{"href":"https:\/\/www.buildinglift.com\/sl\/wp-json\/wp\/v2\/media?parent=5896"}],"wp:term":[{"taxonomy":"product_brand","embeddable":true,"href":"https:\/\/www.buildinglift.com\/sl\/wp-json\/wp\/v2\/product_brand?post=5896"},{"taxonomy":"product_cat","embeddable":true,"href":"https:\/\/www.buildinglift.com\/sl\/wp-json\/wp\/v2\/product_cat?post=5896"},{"taxonomy":"product_tag","embeddable":true,"href":"https:\/\/www.buildinglift.com\/sl\/wp-json\/wp\/v2\/product_tag?post=5896"}],"curies":[{"name":"wp","href":"https:\/\/api.w.org\/{rel}","templated":true}]}}