{"id":5889,"date":"2023-10-19T13:13:03","date_gmt":"2023-10-19T13:13:03","guid":{"rendered":"https:\/\/www.buildinglift.com\/?post_type=product&#038;p=5889"},"modified":"2023-12-12T22:32:00","modified_gmt":"2023-12-13T06:32:00","slug":"baterijska-220v-mobilna-elektricna-samohodna-hidravlicna-skarjasta-dvizna-ploscad-z-dobro-ceno","status":"publish","type":"product","link":"https:\/\/www.buildinglift.com\/sl\/izdelek\/baterijska-220v-mobilna-elektricna-samohodna-hidravlicna-skarjasta-dvizna-ploscad-z-dobro-ceno\/","title":{"rendered":"Baterijska 220V mobilna elektri\u010dna samohodna hidravli\u010dna \u0161karjasta dvi\u017ena plo\u0161\u010dad z dobro ceno"},"content":{"rendered":"<p><strong>Opis izdelka<\/strong><br \/>\nThe <a href=\"https:\/\/www.buildinglift.com\/product\/battery-powered-220v-mobile-electric-self-propelled-hydraulic-scissor-lift-platform-table-with-good-price\/\">mobilna \u0161karjasta dvi\u017ena plo\u0161\u010dad<\/a> ima vi\u0161ino dviga od 4 m do 18 m in nosilnost od 300 kg do 500 kg, z na\u010dinom dvigovanja z ro\u010dnim upravljanjem, elektri\u010dnim, baterijskim in dizelskim gorivom itd. Za posebna mesta je mogo\u010de izbrati eksplozijsko varno elektri\u010dno napravo;<\/p>\n<p>Platforma za odstranjevanje krmilne naprave se lahko namesti glede na potrebe uporabnikov, kar ima prednosti, kot so enostavno premikanje, velika povr\u0161ina in velika nosilnost, kar omogo\u010da so\u010dasno delovanje ve\u010d oseb ter varnost in zanesljivost, zato je optimalen izdelek za dvigovanje z zra\u010dnega prostora.<\/p>\n<p><strong>Glavne zna\u010dilnosti<\/strong><br \/>\n(1) 4 oporniki, varni in stabilni<br \/>\n(2) \u0160tiri kolesa, enostavna za premikanje<br \/>\n(3) <a href=\"https:\/\/www.buildinglift.com\/product-category\/elevator-scissor-lift\/\">Visoko trdnostna manganova jeklena konstrukcija<\/a>, mo\u010dan in trpe\u017een<br \/>\n(4) dvojni krmilni sistem, krmiljenje s tal + krmiljenje s platforme<br \/>\n(5) Velika miza, visoka obremenitev, ki omogo\u010da so\u010dasno delo ve\u010d osebam.<br \/>\n(6) Napajanje lahko izbira med izmeni\u010dnim, enosmernim ali dizelskim motorjem.<\/p>\n<p><strong>Obseg dobave<\/strong><br \/>\nNa\u0161e podjetje dobavlja samopogonsko zglobno dvigalo z vi\u0161ino dviga: 4-18 m, delovno vi\u0161ino: od 6 metrov do 20 metrov, nosilnost: 500 kg ali 300 kg<\/p>\n<p><strong>TEHNI\u010cNI PODATKI<\/strong><br \/>\nNajve\u010dja vi\u0161ina plo\u0161\u010dadi: od 4 metrov do 18 metrov<br \/>\nNajve\u010dja delovna vi\u0161ina: od 6 do 20 metrov<br \/>\n3. nosilnost: 500 kg, 300 kg ali po meri.<br \/>\nVir energije: premikanje z vleko ali elektri\u010dnim pogonom, dvigovanje in spu\u0161\u010danje z izmeni\u010dnim, enosmernim ali dizelskim motorjem.<br \/>\nBarva: modra in siva ali po va\u0161i zahtevi<br \/>\nZa\u0161\u010ditna ograja: visoka 1 m, odstranljiva, enostavna za uporabo<br \/>\nPodalj\u0161ek horizontalne plo\u0161\u010dadi: 0,5 metra (neobvezna konfiguracija)<br \/>\nsposobnost naklona: 20%<\/p>\n<p><a href=\"https:\/\/www.buildinglift.com\/wp-content\/uploads\/H11f0cd10b2eb45e5a9352996cf625bd34.jpg\"><img fetchpriority=\"high\" decoding=\"async\" class=\"alignnone size-full wp-image-5895\" src=\"https:\/\/www.buildinglift.com\/wp-content\/uploads\/H11f0cd10b2eb45e5a9352996cf625bd34.jpg\" alt=\"\" width=\"750\" height=\"595\" srcset=\"https:\/\/www.buildinglift.com\/wp-content\/uploads\/H11f0cd10b2eb45e5a9352996cf625bd34.jpg 750w, https:\/\/www.buildinglift.com\/wp-content\/uploads\/H11f0cd10b2eb45e5a9352996cf625bd34-600x476.jpg 600w, https:\/\/www.buildinglift.com\/wp-content\/uploads\/H11f0cd10b2eb45e5a9352996cf625bd34-300x238.jpg 300w, https:\/\/www.buildinglift.com\/wp-content\/uploads\/H11f0cd10b2eb45e5a9352996cf625bd34-15x12.jpg 15w\" sizes=\"(max-width: 750px) 100vw, 750px\" \/><\/a><\/p>","protected":false},"excerpt":{"rendered":"<p>Platforma za odstranjevanje krmilne naprave se lahko namesti glede na potrebe uporabnikov, kar ima prednosti, kot so enostavno premikanje, velika povr\u0161ina in velika nosilnost, kar omogo\u010da so\u010dasno delovanje ve\u010d oseb ter varnost in zanesljivost, zato je optimalen izdelek za dvigovanje z zra\u010dnega prostora.<\/p>","protected":false},"featured_media":5892,"template":"","meta":[],"product_brand":[],"product_cat":[149],"product_tag":[170,171],"class_list":{"0":"post-5889","1":"product","2":"type-product","3":"status-publish","4":"has-post-thumbnail","6":"product_cat-elevator-scissor-lift","7":"product_tag-hydraulic-scissor-lift-platform","8":"product_tag-mobile-electric-self-propelled","10":"first","11":"instock","12":"shipping-taxable","13":"product-type-simple"},"acf":[],"_links":{"self":[{"href":"https:\/\/www.buildinglift.com\/sl\/wp-json\/wp\/v2\/product\/5889","targetHints":{"allow":["GET"]}}],"collection":[{"href":"https:\/\/www.buildinglift.com\/sl\/wp-json\/wp\/v2\/product"}],"about":[{"href":"https:\/\/www.buildinglift.com\/sl\/wp-json\/wp\/v2\/types\/product"}],"version-history":[{"count":0,"href":"https:\/\/www.buildinglift.com\/sl\/wp-json\/wp\/v2\/product\/5889\/revisions"}],"wp:featuredmedia":[{"embeddable":true,"href":"https:\/\/www.buildinglift.com\/sl\/wp-json\/wp\/v2\/media\/5892"}],"wp:attachment":[{"href":"https:\/\/www.buildinglift.com\/sl\/wp-json\/wp\/v2\/media?parent=5889"}],"wp:term":[{"taxonomy":"product_brand","embeddable":true,"href":"https:\/\/www.buildinglift.com\/sl\/wp-json\/wp\/v2\/product_brand?post=5889"},{"taxonomy":"product_cat","embeddable":true,"href":"https:\/\/www.buildinglift.com\/sl\/wp-json\/wp\/v2\/product_cat?post=5889"},{"taxonomy":"product_tag","embeddable":true,"href":"https:\/\/www.buildinglift.com\/sl\/wp-json\/wp\/v2\/product_tag?post=5889"}],"curies":[{"name":"wp","href":"https:\/\/api.w.org\/{rel}","templated":true}]}}