{"id":5882,"date":"2023-10-19T12:44:44","date_gmt":"2023-10-19T12:44:44","guid":{"rendered":"https:\/\/www.buildinglift.com\/?post_type=product&#038;p=5882"},"modified":"2023-12-12T22:30:41","modified_gmt":"2023-12-13T06:30:41","slug":"500kgs-elektricno-steklo-dviganje-vakuumski-dvigalo-oprema-steklo-ravnanje-stroj","status":"publish","type":"product","link":"https:\/\/www.buildinglift.com\/sl\/izdelek\/500kgs-elektricno-steklo-dviganje-vakuumski-dvigalo-oprema-steklo-ravnanje-stroj\/","title":{"rendered":"500 kg elektri\u010dna oprema za dvigovanje stekla, vakuumsko dvigalo, stroj za ravnanje s steklom"},"content":{"rendered":"<ul>\n<li><strong>Pregled izdelka<\/strong><br \/>\n<a href=\"https:\/\/www.buildinglift.com\/product\/500kgs-electrical-glass-lifting-vacuum-lifter-equipment-glass-handling-machine\/\">500 kg elektri\u010dna oprema za dvigovanje stekla, vakuumsko dvigalo, stroj za ravnanje s steklom<\/a><br \/>\nPametni sistemi za ravnanje z ravnim steklom z vakuumskim sistemom za ravnanje s steklom vseh velikosti brez po\u0161kodb povr\u0161ine.<br \/>\nTa stroj se pogosto uporablja pri globoki obdelavi, transportu in vgradnji steklenih zavesnih sten.<br \/>\nLASTNOSTI NA PRVI POGLED<br \/>\n<strong>Zna\u010dilnosti<\/strong><\/li>\n<li>Uporabljen material iz manganovega jekla Q345, varjenje kvadratnih cevi, varno in zanesljivo.<\/li>\n<li>Dvojno krmiljenje sistema, en vakuumski sistem za delo in drugi za uporabo v stanju pripravljenosti;<br \/>\nZ ameri\u0161ko vakuumsko \u010drpalko THOMAS, italijanskimi te\u017ekimi pogonskimi kolesi METALROTA, \u0161vicarsko hidravli\u010dno enoto BUCHER in digitalno baterijo brez vzdr\u017eevanja se lahko prosto giblje brez vira zraka ali napajanja.<br \/>\nZ rotacijo za 360 stopinj in ro\u010dnim obra\u010danjem za 90 stopinj, kar omogo\u010da operaterju, da<br \/>\nRavno steklo izberite natan\u010dno in ne\u017eno.<br \/>\nZ japonskim digitalnim zaslonom PANASONIC za vakuumski tlak in merilnikom baterije,<br \/>\njasno spremljati varno delovanje opreme.<br \/>\nOpremljen z 12V rezervno baterijo. \u010ce se baterija med delovanjem izprazni, jo je mogo\u010de<br \/>\npravo\u010dasno zamenjati, da se zagotovi napredek projekta.<br \/>\nSamodejni sistem vakuumskega polnjenja zagotavlja, da celoten vakuumski sistem vzdr\u017euje<br \/>\nrelativno konstanten varni tlak zagotavlja nemoteno delovanje s prediktivnim delovanjem<br \/>\nvzdr\u017eevanje.<br \/>\nEnostavna monta\u017ea konstrukcijskih komponent, z nastavljivo zasnovo lahko spremenite polo\u017eaj posameznih priseskov, vsak prisesek z lo\u010denim regulacijskim ventilom pa lahko sprejme razli\u010dne velikosti stekla.<\/li>\n<\/ul>","protected":false},"excerpt":{"rendered":"<p>Pametni sistemi za ravnanje z ravnim steklom z vakuumskim sistemom za ravnanje s steklom vseh velikosti brez po\u0161kodb povr\u0161ine.<\/p>","protected":false},"featured_media":5885,"template":"","meta":[],"product_brand":[],"product_cat":[146],"product_tag":[169],"class_list":{"0":"post-5882","1":"product","2":"type-product","3":"status-publish","4":"has-post-thumbnail","6":"product_cat-glass-lifting-machine","7":"product_tag-glass-handling-machine","9":"first","10":"instock","11":"shipping-taxable","12":"product-type-simple"},"acf":[],"_links":{"self":[{"href":"https:\/\/www.buildinglift.com\/sl\/wp-json\/wp\/v2\/product\/5882","targetHints":{"allow":["GET"]}}],"collection":[{"href":"https:\/\/www.buildinglift.com\/sl\/wp-json\/wp\/v2\/product"}],"about":[{"href":"https:\/\/www.buildinglift.com\/sl\/wp-json\/wp\/v2\/types\/product"}],"version-history":[{"count":0,"href":"https:\/\/www.buildinglift.com\/sl\/wp-json\/wp\/v2\/product\/5882\/revisions"}],"wp:featuredmedia":[{"embeddable":true,"href":"https:\/\/www.buildinglift.com\/sl\/wp-json\/wp\/v2\/media\/5885"}],"wp:attachment":[{"href":"https:\/\/www.buildinglift.com\/sl\/wp-json\/wp\/v2\/media?parent=5882"}],"wp:term":[{"taxonomy":"product_brand","embeddable":true,"href":"https:\/\/www.buildinglift.com\/sl\/wp-json\/wp\/v2\/product_brand?post=5882"},{"taxonomy":"product_cat","embeddable":true,"href":"https:\/\/www.buildinglift.com\/sl\/wp-json\/wp\/v2\/product_cat?post=5882"},{"taxonomy":"product_tag","embeddable":true,"href":"https:\/\/www.buildinglift.com\/sl\/wp-json\/wp\/v2\/product_tag?post=5882"}],"curies":[{"name":"wp","href":"https:\/\/api.w.org\/{rel}","templated":true}]}}