{"id":5849,"date":"2023-10-19T11:07:37","date_gmt":"2023-10-19T11:07:37","guid":{"rendered":"https:\/\/www.buildinglift.com\/?post_type=product&#038;p=5849"},"modified":"2023-12-12T22:25:28","modified_gmt":"2023-12-13T06:25:28","slug":"mini-360-stopinjska-gradbena-oprema-majhen-dvizni-zerjav","status":"publish","type":"product","link":"https:\/\/www.buildinglift.com\/sl\/izdelek\/mini-360-stopinjska-gradbena-oprema-majhen-dvizni-zerjav\/","title":{"rendered":"Mini 360-stopinjski gradbeni stroj Majhen dvigalni \u017eerjav"},"content":{"rendered":"<p>Zna\u010dilnosti izdelka:<br \/>\n1. Nosilec iz legiranega jekla, brez\u0161ivno varjenje, trpe\u017een<br \/>\n2. Motor, popolnoma bakreni motor, hitro odvajanje toplote in dolga \u017eivljenjska doba.<br \/>\n3. Prirobnica, odebeljena prirobni\u010dna plo\u0161\u010da, trdna in zanesljiva.<br \/>\n4. Vrtljiva gred, dvojni le\u017eaj, vrtenje za 360 stopinj.<\/p>\n<p><a href=\"https:\/\/www.buildinglift.com\/product\/mini-360-degree-construction-equipment-small-lifting-crane\/\">Mini gradbeni \u017eerjav<\/a> Uvod:<br \/>\nMini gradbeni \u017eerjav je zelo prenosen in hitrej\u0161i za upravljanje, z ro\u010dajem, ki se vrti za 360 stopinj, kar re\u0161uje te\u017eavo, da se vrv med delom zvije in jo je te\u017eko vrteti. Ni dvoma, da majhni gradbeni \u017eerjavi prihranijo veliko delovne sile in pove\u010dajo u\u010dinkovitost dvigovanja, zlasti pri majhnih okenskih povr\u0161inah.<br \/>\nMini gradbeni \u017eerjav je precej varen, saj lahko njihovi \u0161tevilni za\u0161\u010ditni sistemi, kot so za\u0161\u010dita pred preobremenitvijo te\u017ee, za\u0161\u010dita pred preobremenitvijo toka, za\u0161\u010dita pred padcem napetosti in naprave za samodejno pozicioniranje, u\u010dinkovito prepre\u010dijo premikanje vrtljive roke levo in desno, zaradi \u010desar je varnej\u0161i. Poleg tega je pogonska enota neobvezna in se lahko uporablja z dizelskimi motorji, bencinskimi motorji ali elektromotorji. Za vas smo razvili ve\u010d mini gradbenih \u017eerjavov v skladu z zahtevami razli\u010dnih strank.<br \/>\nMini gradbeni \u017eerjav se lahko uporablja v majhnih oknih, kar je spremenilo pomanjkljivosti prej\u0161njih dvi\u017enih strojev in jih ni mogo\u010de uporabljati v majhnih oknih in ozkih prostorih. Poleg tega se izognejo te\u017eavi, da je vrtljiva roka prekratka od okna, kar je prednost in razlika, ki je druga prenosna \u017eerjava nimajo.<br \/>\nMini gradbeni \u017eerjav se imenuje tudi mini dvigalo, mini \u017eerjav, elektri\u010dno mini dvigalo, majhno dvi\u017eno dvigalo, mini prenosni mobilni ro\u010dni konzolni \u017eerjav, \u017eerjav s so\u0161ico, majhna mobilna dvigala, majhno prenosno dvigalo, prenosno zunanje elektri\u010dno dvigalo, vrtljivo fleksibilno majhno dvigalo za tovornjake, avtomobilsko name\u0161\u010den mini \u017eerjav, mini dvigalo, zunanje mini \u017eerjav, prenosno talno dvigalo, mini \u017eerjav z dvigalom za dvigovanje, prenosno dvi\u017eno dvigalo <a href=\"https:\/\/www.buildinglift.com\/product-category\/construction-mini-crane\/\">zunanji \u017eerjav z vrtenjem za 360 stopinj<\/a>, mini elektri\u010dni \u017eerjav za ravna tla, majhen mini \u017eerjav za gradnjo stavb, mini \u017eerjav za gradbeni\u0161tvo, \u017eerjavi na tovornjakih in majhen konzolni \u017eerjav.<\/p>","protected":false},"excerpt":{"rendered":"<p>Mini gradbeni \u017eerjav je zelo prenosen, hitrej\u0161i za upravljanje, s 360-stopinjskim vrtljivim ro\u010dajem, kar re\u0161uje te\u017eavo, da se vrv med delom zvije in jo je te\u017eko vrteti.<\/p>","protected":false},"featured_media":5851,"template":"","meta":[],"product_brand":[],"product_cat":[148],"product_tag":[163,162],"class_list":{"0":"post-5849","1":"product","2":"type-product","3":"status-publish","4":"has-post-thumbnail","6":"product_cat-construction-mini-crane","7":"product_tag-mini-crane","8":"product_tag-small-lifting-crane","10":"first","11":"instock","12":"shipping-taxable","13":"product-type-simple"},"acf":[],"_links":{"self":[{"href":"https:\/\/www.buildinglift.com\/sl\/wp-json\/wp\/v2\/product\/5849","targetHints":{"allow":["GET"]}}],"collection":[{"href":"https:\/\/www.buildinglift.com\/sl\/wp-json\/wp\/v2\/product"}],"about":[{"href":"https:\/\/www.buildinglift.com\/sl\/wp-json\/wp\/v2\/types\/product"}],"version-history":[{"count":0,"href":"https:\/\/www.buildinglift.com\/sl\/wp-json\/wp\/v2\/product\/5849\/revisions"}],"wp:featuredmedia":[{"embeddable":true,"href":"https:\/\/www.buildinglift.com\/sl\/wp-json\/wp\/v2\/media\/5851"}],"wp:attachment":[{"href":"https:\/\/www.buildinglift.com\/sl\/wp-json\/wp\/v2\/media?parent=5849"}],"wp:term":[{"taxonomy":"product_brand","embeddable":true,"href":"https:\/\/www.buildinglift.com\/sl\/wp-json\/wp\/v2\/product_brand?post=5849"},{"taxonomy":"product_cat","embeddable":true,"href":"https:\/\/www.buildinglift.com\/sl\/wp-json\/wp\/v2\/product_cat?post=5849"},{"taxonomy":"product_tag","embeddable":true,"href":"https:\/\/www.buildinglift.com\/sl\/wp-json\/wp\/v2\/product_tag?post=5849"}],"curies":[{"name":"wp","href":"https:\/\/api.w.org\/{rel}","templated":true}]}}