{"id":5709,"date":"2023-09-22T14:28:00","date_gmt":"2023-09-22T14:28:00","guid":{"rendered":"https:\/\/www.buildinglift.com\/?post_type=product&#038;p=5709"},"modified":"2023-12-12T22:22:21","modified_gmt":"2023-12-13T06:22:21","slug":"viseca-delovna-ploscad-za-ciscenje-oken","status":"publish","type":"product","link":"https:\/\/www.buildinglift.com\/sl\/izdelek\/viseca-delovna-ploscad-za-ciscenje-oken\/","title":{"rendered":"Vise\u010da delovna plo\u0161\u010dad za \u010di\u0161\u010denje oken"},"content":{"rendered":"<p>Vise\u010da plo\u0161\u010dad za \u010di\u0161\u010denje oken, sestavljena iz delovne plo\u0161\u010dadi in sistema vzmetenja. Enostavna je za monta\u017eo in demonta\u017eo, opremljena je z varnostno napravo in je varna za delo na visoki nadmorski vi\u0161ini.<\/p>\n<p><strong>Podrobnosti o izdelku<br \/>\n<\/strong>\u2013<a href=\"https:\/\/www.buildinglift.com\/product\/window-cleaning-suspended-working-platform\/\"> Dodatki delovne plo\u0161\u010dadi<\/a><br \/>\nElektri\u010dna krmilna omarica: znanstvena zasnova, vodoodporna in odporna proti trkom<br \/>\nVarnostna klju\u010davnica: visoko intenzivno nerjave\u010de jeklo, 100% certifikat<br \/>\n\u017di\u010dna vrv: premer 8,3 mm<br \/>\nKabel: raven GB2.0, naravna guma, odporna na vremenske vplive<br \/>\nDvigalo: visokokakovostno, vzdr\u017eljivo<br \/>\nIzbirate lahko med \u0161tirimi vrstami protiute\u017ei: lito \u017eelezo, beton, beton z jeklenim pokrovom ali beton s cinkovo prevleko.<br \/>\n\u2013 Mehanizem vzmetenja je uporaben za razli\u010dne vrste streh in je enostaven za dostavo gradbenih materialov. Ponujamo tudi naprave za parapetne objemke.<\/p>\n<p>Serija ZLP, za\u010dasna vise\u010da dostopna oprema, je inovativna stvaritev podjetja SUCCESS. Njena primarna funkcija je elektri\u010dni plezalni dekorativni stroj, ki se uporablja predvsem za gradnjo, dekoracijo, \u010di\u0161\u010denje in vzdr\u017eevanje visokih in ve\u010dnadstropnih stavb. Zaradi svoje vsestranskosti se lahko uporablja tudi pri drugih in\u017eenirskih posegih, kot so monta\u017ea dvigal, gradnja velikih rezervoarjev, gradnja mostov in dela na jezovih.<\/p>\n<p>Serija ZLP izstopa po svoji vrhunski kakovosti in profesionalni storitvi. Z rastjo njenega ugleda in verodostojnosti se je pove\u010deval tudi njen mednarodni doseg. Izdelki podjetja SUCCESS se zdaj izva\u017eajo v ve\u010d kot 70 dr\u017eav in regij, vklju\u010dno s Singapurjem, Rusijo, Zdru\u017eenimi arabskimi emirati, \u010cilom in Perujem. Zavezanost podjetja k odli\u010dnosti se odra\u017ea v njihovih izdelkih, ki izpolnjujejo evropske standarde in so prejeli certifikat CE.<\/p>\n<p>Zasnujemo in izdelamo lahko vse vrste posebnih vise\u010dih plo\u0161\u010dadi, ki ustrezajo vsem pogojem in posebnim zahtevam strank. Na primer, plo\u0161\u010dad za eno osebo v obliki \u010drke L, kotna vise\u010da plo\u0161\u010dad, dvonivojska plo\u0161\u010dad, gondola BMU, vise\u010di stol za eno osebo, kro\u017ena vise\u010da plo\u0161\u010dad, premi\u010dna kon\u010dna stremena, vise\u010da plo\u0161\u010dad ZLP350.<\/p>\n<p>Vise\u010da plo\u0161\u010dad, znana kot gradbeni stroj za visoke nadmorske vi\u0161ine\/visok dostop, je po vsem svetu znana pod razli\u010dnimi imeni. V Severni Ameriki se imenuje nihajni oder, v Vietnamu pa gondola San Treo. V Rusiji se imenuje \u0444\u0430\u0441\u0430\u0434\u043d\u044b\u0445 \u043f\u043e\u0434\u0432\u0435\u0441\u043d\u044b\u0445 \u043f\u043b\u043e\u0449\u0430\u0434\u043e\u043a. V \u0161pansko govore\u010dih dr\u017eavah, vklju\u010dno s \u010cilom, Perujem, Kolumbijo, Argentino in \u0160panijo, se imenuje andamios colgantes ali plataformas suspendidas.<\/p>\n<p>V svetu gradbenih strojev si je serija ZLP podjetja SUCCESS izklesala svojo ni\u0161o. Zaradi svoje vsestranskosti, vrhunske kakovosti in \u0161irokega nabora uporabe je nepogre\u0161ljivo orodje za projekte visokih in ve\u010dnadstropne gradnje. Kot dokaz njenega uspeha je serija ZLP na\u0161la pot v ve\u010d kot 70 dr\u017eav in regij, pri \u010demer izpolnjuje evropske standarde in si prislu\u017ei certifikat CE.<\/p>\n<p>Ne glede na to, ali je znana kot swing stage v Severni Ameriki, San treo gondola v Vietnamu, fasad\u043d\u044b\u0445 \u043f\u043e\u0434\u0432\u0435\u0441\u043d\u044b\u0445 \u043f\u043b\u043e\u0449\u0430\u0434\u043e\u043a v Rusiji ali andamios colgantes in <a href=\"https:\/\/www.buildinglift.com\/product\/window-cleaning-suspended-working-platform\/\">vise\u010de platforme<\/a> V \u0161pansko govore\u010dih dr\u017eavah je serija ZLP prepoznana in cenjena zaradi svojega prispevka k gradbenim projektom na visokih nadmorskih vi\u0161inah\/z visokim dostopom. Ker podjetje SUCCESS nenehno uvaja inovacije in izbolj\u0161ave, bo serija ZLP ostala stalnica v gradbeni industriji po vsem svetu.<\/p>\n<p><strong>Vise\u010da plo\u0161\u010dad za dvigovanje \u2013 dolga \u017eivljenjska doba.<\/strong><br \/>\n1. Telo ulitka je izdelano iz posebnega aluminijastega materiala in je obdelano z uvo\u017eenim postopkom litja s sredi\u0161\u010dno gravitacijo. Izdelek ima dobro natan\u010dnost in vzdr\u017eljivost. Ulitki so bolj odporni na padce kot tla\u010dni ulitki in so manj nagnjeni k razpokam.<br \/>\n2. Material pogonskega diska je 40Cr, te\u017ea 5,4 kg, po kaljenju in povr\u0161inskem nitriranju je bolj odporen proti obrabi in trpe\u017een.<br \/>\n3. Pol\u017easto kolo je izdelano iz kositrovo-fosforjevega brona 9-4 bakra, tehta 0,94 kg, ima dobro \u017eilavost in odpornost proti obrabi. Material pol\u017ea in zobni\u0161ke gredi je 38CrMoA1, od tega pol\u017e tehta 0,48 kg, kar ima dobro \u017eilavost in odpornost proti obrabi.<br \/>\n4. Vodilo vrvi je izdelano iz posebnega, obrabno odpornega nerjave\u010dega jekla, ki ga ni enostavno po\u0161kodovati in ne bo povzro\u010dil zatikanja. Stro\u0161ki okvare so izjemno nizki in ga obi\u010dajno ni treba zamenjati.<\/p>","protected":false},"excerpt":{"rendered":"<p><strong>Model \u0161t.<\/strong>.: ZLP630<br \/>\n<strong>Material<\/strong>Aluminijeva zlitina ali jeklo<br \/>\n<strong>Nazivna obremenitev<\/strong>: 630 kg<br \/>\n<strong>Dvi\u017ena vi\u0161ina<\/strong>: 100M ali 150M<br \/>\n<strong>Hitrost dvigovanja<\/strong>: 9,6 m\/min<br \/>\n<strong>Dimenzija (D*\u0160*V)<\/strong>: (2000 mm * 3) * 690 mm * 1300 mm<br \/>\n<strong>Kvalifikacija proizvodnje<\/strong><br \/>\nImamo certifikate ISO9001: 2008, CE in EAC.<\/p>","protected":false},"featured_media":5712,"template":"","meta":[],"product_brand":[],"product_cat":[147],"product_tag":[],"class_list":{"0":"post-5709","1":"product","2":"type-product","3":"status-publish","4":"has-post-thumbnail","6":"product_cat-suspended-platform","8":"first","9":"instock","10":"shipping-taxable","11":"product-type-simple"},"acf":[],"_links":{"self":[{"href":"https:\/\/www.buildinglift.com\/sl\/wp-json\/wp\/v2\/product\/5709","targetHints":{"allow":["GET"]}}],"collection":[{"href":"https:\/\/www.buildinglift.com\/sl\/wp-json\/wp\/v2\/product"}],"about":[{"href":"https:\/\/www.buildinglift.com\/sl\/wp-json\/wp\/v2\/types\/product"}],"version-history":[{"count":0,"href":"https:\/\/www.buildinglift.com\/sl\/wp-json\/wp\/v2\/product\/5709\/revisions"}],"wp:featuredmedia":[{"embeddable":true,"href":"https:\/\/www.buildinglift.com\/sl\/wp-json\/wp\/v2\/media\/5712"}],"wp:attachment":[{"href":"https:\/\/www.buildinglift.com\/sl\/wp-json\/wp\/v2\/media?parent=5709"}],"wp:term":[{"taxonomy":"product_brand","embeddable":true,"href":"https:\/\/www.buildinglift.com\/sl\/wp-json\/wp\/v2\/product_brand?post=5709"},{"taxonomy":"product_cat","embeddable":true,"href":"https:\/\/www.buildinglift.com\/sl\/wp-json\/wp\/v2\/product_cat?post=5709"},{"taxonomy":"product_tag","embeddable":true,"href":"https:\/\/www.buildinglift.com\/sl\/wp-json\/wp\/v2\/product_tag?post=5709"}],"curies":[{"name":"wp","href":"https:\/\/api.w.org\/{rel}","templated":true}]}}