{"id":5703,"date":"2023-09-22T14:20:30","date_gmt":"2023-09-22T14:20:30","guid":{"rendered":"https:\/\/www.buildinglift.com\/?post_type=product&#038;p=5703"},"modified":"2023-12-12T22:20:51","modified_gmt":"2023-12-13T06:20:51","slug":"zunanje-ciscenje-oken-viseca-platforma-po-meri-vertikalna-po-meri-obesena-platforma","status":"publish","type":"product","link":"https:\/\/www.buildinglift.com\/sl\/izdelek\/zunanje-ciscenje-oken-viseca-platforma-po-meri-vertikalna-po-meri-obesena-platforma\/","title":{"rendered":"Vise\u010da plo\u0161\u010dad za \u010di\u0161\u010denje zunanjih oken po meri izdelana vertikalna\/vise\u010da plo\u0161\u010dad po meri"},"content":{"rendered":"<p>Zasnujemo in izdelamo lahko vse vrste posebnih vise\u010dih plo\u0161\u010dadi, ki ustrezajo vsem pogojem in posebnim zahtevam strank. Na primer, plo\u0161\u010dad za eno osebo v obliki \u010drke L, kotna vise\u010da plo\u0161\u010dad, dvonivojska plo\u0161\u010dad, gondola BMU, vise\u010di stol za eno osebo, kro\u017ena vise\u010da plo\u0161\u010dad, premi\u010dna kon\u010dna stremena, vise\u010da plo\u0161\u010dad ZLP350.<\/p>\n<p><strong>Product feature and application<\/strong><br \/>\n\u2013 High quality with competitive price<br \/>\n\u2013 Easy to assemble<br \/>\n\u2013 Smoothly control<br \/>\n\u2013 The working height can be adjusted<br \/>\n\u2013 The voltage can be adjusted<br \/>\n\u2013 Durable and safe<\/p>\n<p>Serija ZLP izstopa po svoji vrhunski kakovosti in profesionalni storitvi. Z rastjo njenega ugleda in verodostojnosti se je pove\u010deval tudi njen mednarodni doseg. Izdelki podjetja SUCCESS se zdaj izva\u017eajo v ve\u010d kot 70 dr\u017eav in regij, vklju\u010dno s Singapurjem, Rusijo, Zdru\u017eenimi arabskimi emirati, \u010cilom in Perujem. Zavezanost podjetja k odli\u010dnosti se odra\u017ea v njihovih izdelkih, ki izpolnjujejo evropske standarde in so prejeli certifikat CE.<\/p>\n<p>Zasnujemo in izdelamo lahko vse vrste posebnih vise\u010dih plo\u0161\u010dadi, ki ustrezajo vsem pogojem in posebnim zahtevam strank. Na primer, plo\u0161\u010dad za eno osebo v obliki \u010drke L, kotna vise\u010da plo\u0161\u010dad, dvonivojska plo\u0161\u010dad, gondola BMU, vise\u010di stol za eno osebo, kro\u017ena vise\u010da plo\u0161\u010dad, premi\u010dna kon\u010dna stremena, vise\u010da plo\u0161\u010dad ZLP350.<\/p>\n<p><strong><a href=\"https:\/\/www.buildinglift.com\/product\/exterior-window-cleaning-hanging-platform-custom-made-vertical-custom-suspended-platform\/\">Vise\u010da platforma<\/a> Hoist&#8211;Long Lasting Lifetime<\/strong><br \/>\n1. Telo ulitka je izdelano iz posebnega aluminijastega materiala in je obdelano z uvo\u017eenim postopkom litja s sredi\u0161\u010dno gravitacijo. Izdelek ima dobro natan\u010dnost in vzdr\u017eljivost. Ulitki so bolj odporni na padce kot tla\u010dni ulitki in so manj nagnjeni k razpokam.<br \/>\n2. Material pogonskega diska je 40Cr, te\u017ea 5,4 kg, po kaljenju in povr\u0161inskem nitriranju je bolj odporen proti obrabi in trpe\u017een.<br \/>\n3. Pol\u017easto kolo je izdelano iz kositrovo-fosforjevega brona 9-4 bakra, tehta 0,94 kg, ima dobro \u017eilavost in odpornost proti obrabi. Material pol\u017ea in zobni\u0161ke gredi je 38CrMoA1, od tega pol\u017e tehta 0,48 kg, kar ima dobro \u017eilavost in odpornost proti obrabi.<br \/>\n4. Vodilo vrvi je izdelano iz posebnega, obrabno odpornega nerjave\u010dega jekla, ki ga ni enostavno po\u0161kodovati in ne bo povzro\u010dil zatikanja. Stro\u0161ki okvare so izjemno nizki in ga obi\u010dajno ni treba zamenjati.<\/p>","protected":false},"excerpt":{"rendered":"<p><strong>Model No.<\/strong>: ZLP1000 ZLP800 ZLP630 ZLP500<br \/>\n<strong>Material<\/strong>: steel or aluminum alloy\uff08recommend\uff09<br \/>\n<strong>Nazivna obremenitev<\/strong>: 1000KG 800KG 600KG\u2026<br \/>\n<strong>Dvi\u017ena vi\u0161ina<\/strong>: 100M to 150M<br \/>\n<strong>Hitrost dvigovanja<\/strong>: 9-11m\/min<br \/>\n<strong>Kvalifikacija proizvodnje<\/strong><br \/>\nImamo certifikate ISO9001: 2008, CE in EAC.<\/p>","protected":false},"featured_media":5708,"template":"","meta":[],"product_brand":[],"product_cat":[147],"product_tag":[155,154],"class_list":{"0":"post-5703","1":"product","2":"type-product","3":"status-publish","4":"has-post-thumbnail","6":"product_cat-suspended-platform","7":"product_tag-custom-suspended-platform","8":"product_tag-exterior-window-cleaning-hanging-platform-custom-made-vertical","10":"first","11":"instock","12":"shipping-taxable","13":"product-type-simple"},"acf":[],"_links":{"self":[{"href":"https:\/\/www.buildinglift.com\/sl\/wp-json\/wp\/v2\/product\/5703","targetHints":{"allow":["GET"]}}],"collection":[{"href":"https:\/\/www.buildinglift.com\/sl\/wp-json\/wp\/v2\/product"}],"about":[{"href":"https:\/\/www.buildinglift.com\/sl\/wp-json\/wp\/v2\/types\/product"}],"version-history":[{"count":0,"href":"https:\/\/www.buildinglift.com\/sl\/wp-json\/wp\/v2\/product\/5703\/revisions"}],"wp:featuredmedia":[{"embeddable":true,"href":"https:\/\/www.buildinglift.com\/sl\/wp-json\/wp\/v2\/media\/5708"}],"wp:attachment":[{"href":"https:\/\/www.buildinglift.com\/sl\/wp-json\/wp\/v2\/media?parent=5703"}],"wp:term":[{"taxonomy":"product_brand","embeddable":true,"href":"https:\/\/www.buildinglift.com\/sl\/wp-json\/wp\/v2\/product_brand?post=5703"},{"taxonomy":"product_cat","embeddable":true,"href":"https:\/\/www.buildinglift.com\/sl\/wp-json\/wp\/v2\/product_cat?post=5703"},{"taxonomy":"product_tag","embeddable":true,"href":"https:\/\/www.buildinglift.com\/sl\/wp-json\/wp\/v2\/product_tag?post=5703"}],"curies":[{"name":"wp","href":"https:\/\/api.w.org\/{rel}","templated":true}]}}