{"id":1402,"date":"2023-02-09T11:05:42","date_gmt":"2023-02-09T11:05:42","guid":{"rendered":"https:\/\/www.buildinglift.com\/?page_id=1402"},"modified":"2023-12-12T21:37:18","modified_gmt":"2023-12-13T05:37:18","slug":"varnost-uporabe-izdelka","status":"publish","type":"page","link":"https:\/\/www.buildinglift.com\/sl\/varnost-uporabe-izdelka\/","title":{"rendered":"Varnost uporabe izdelka"},"content":{"rendered":"<div data-elementor-type=\"wp-page\" data-elementor-id=\"1402\" class=\"elementor elementor-1402\">\n\t\t\t\t<div class=\"elementor-element elementor-element-f26b11c e-flex e-con-boxed e-con e-parent\" data-id=\"f26b11c\" data-element_type=\"container\" data-e-type=\"container\">\n\t\t\t\t\t<div class=\"e-con-inner\">\n\t\t\t\t<div class=\"elementor-element elementor-element-1051740 elementor-widget elementor-widget-text-editor\" data-id=\"1051740\" data-element_type=\"widget\" data-e-type=\"widget\" data-widget_type=\"text-editor.default\">\n\t\t\t\t<div class=\"elementor-widget-container\">\n\t\t\t\t\t\t\t\t\t<p><span style=\"color: #000000;\"><strong>Nujna oskrba med gradnjo<\/strong><\/span><br \/><span style=\"color: #000000;\"><strong>Med gradnjo, \u010de naletite na naslednje posebne okoli\u0161\u010dine, morate ohraniti mir in sprejeti ustrezne ukrepe v sili.<\/strong><\/span><\/p><p><span style=\"color: #000000;\"><strong>Nenaden izpad elektri\u010dne energije med gradnjo<\/strong><\/span><br \/><span style=\"color: #000000;\">V primeru nenadnega izpada elektri\u010dne energije med gradnjo je treba stikalo za napajanje elektri\u010dne omarice takoj izklopiti, da prepre\u010dite nesre\u010de med prenosom elektri\u010dne energije. Po prejemu obvestila o klicu se stikalo za napajanje vklopi in po preverjanju se delo za\u010dne.<\/span><br \/><span style=\"color: #000000;\">\u010ce se morate po izpadu elektri\u010dne energije vrniti na tla, dvignite ro\u010dico za ro\u010dni spust dvigala na obeh koncih, da lahko vise\u010da plo\u0161\u010dad prosto zdrsne na tla. <strong>tla.<\/strong><\/span><br \/><span style=\"color: #000000;\"><strong>Med dvigovanjem in spu\u0161\u010danjem vzmetne plo\u0161\u010dadi ni mogo\u010de ustaviti po sprostitvi gumba.<\/strong><\/span><br \/><span style=\"color: #000000;\">\u010ce med dvigovanjem in spu\u0161\u010danjem vzmetne plo\u0161\u010dadi po sprostitvi gumba ni mogo\u010de ustaviti, takoj pritisnite rde\u010de stikalo za nujne primere na vratih elektri\u010dne omarice, da se vzmetna plo\u0161\u010dad nujno ustavi. Nato izklopite stikalo za vklop elektri\u010dne omarice, preverite stanje kontaktov kontaktorja, o\u010distite mastno umazanijo na povr\u0161ini kontaktorja in ko kontaktor lahko nadaljuje z normalnim delovanjem, zaprite stikalo za vklop in z ro\u010dnim drsenjem navzdol spustite vzmetno plo\u0161\u010dad na tla zaradi vzdr\u017eevanja.<\/span><br \/><span style=\"color: #000000;\"><strong>Vise\u010da plo\u0161\u010dad mora biti vodoravno nagnjena in samodejno zakleniti vrv<\/strong><\/span><br \/><span style=\"color: #000000;\">Ko se vzpenjajo\u010da se plo\u0161\u010dad med vzpenjanjem in spu\u0161\u010danjem premakne navzdol ali ko se en konec premakne do dolo\u010dene mere, varnostna klju\u010davnica samodejno zaklene vrv. V tem trenutku se takoj ustavite, nato preklopno stikalo na elektri\u010dni omarici obrnite na spodnji konec plo\u0161\u010dadi in pritisnite gumb za dvig. Spodnji konec vzmeti se dvigne v vodoravni polo\u017eaj za izterjavo. Ko se varnostna klju\u010davnica samodejno vrne v stanje odklepanja, se vzmeti\u0161\u010da spusti na tla, preverijo se elektromagnetne zavore na obeh koncih in se prilagodijo zahtevam; ali pa se preveri razlika v hitrosti vrtenja med obema koncema; \u010de je razlika o\u010ditna, jo je treba zamenjati z motorjem.<\/span><br \/><span style=\"color: #000000;\"><strong>dvignite \u017ei\u010dno vrv strojne kartice<\/strong><\/span><br \/><span style=\"color: #000000;\">Delovna \u017ei\u010dna vrv se je zataknila v dvigalu zaradi ohlapnih pramenov, pregibov ali delov dvi\u017enega stroja. Gradbeno osebje na vzmetni plo\u0161\u010dadi se evakuira ob zagotavljanju varnosti, strokovno usposobljeno vzdr\u017eevalno osebje pa se napoti na vzdr\u017eevalno plo\u0161\u010dad. Najprej se varnostna \u017ei\u010dna vrv na obeh koncih navije na dvi\u017eni okvir in oba konca varnostne \u017ei\u010dne vrvi pritrdi z vrvno sponko. Nato se na obeh koncih zrahlja za\u0161\u010ditni obro\u010d nihajne ro\u010dice varnostne klju\u010davnice, da se delovna \u017ei\u010dna vrv odklopi z valja, tako da sta varnostni klju\u010davnici na obeh koncih v stanju zaklepne vrvi. Po izvedbi zgornjih varnostnih ukrepov se dvigalo pregleda in se vrv izvle\u010de iz zagozdene \u017ei\u010dne vrvi. Po potrebi se odre\u017ee \u017eica in odpre pokrov dvigala, da se preveri, ter previdno odstrani \u017ei\u010dno vrv, ki je ostala v dvigalu. Hkrati se v ustrezen polo\u017eaj vzmetnega mehanizma namesti nova \u017ei\u010dno vrv, vrv se spusti nazaj v dvigalo, da se vrv zategne, nato pa se delovna \u017ei\u010dna vrv vstavi v utor nihajnega kolesa varnostne klju\u010davnice in se namesti za\u0161\u010ditni obro\u010d. Ko je varnostna klju\u010davnica odprta, se vise\u010da plo\u0161\u010dad dvigne za pribli\u017eno 0,5 m, da se ustavi, se odstrani sponka na varnostni \u017ei\u010dni vrvi in varnostna \u017ei\u010dna vrv se postavi v navpi\u010den polo\u017eaj, nato pa se vise\u010da plo\u0161\u010dad spusti na tla in po natan\u010dnem pregledu in vzdr\u017eevanju z dvigalom jo lahko stranka \u0161e naprej uporablja.<\/span><br \/><span style=\"color: #000000;\"><strong>Ko se delovna \u017ei\u010dna vrv pretrga<\/strong><\/span><br \/><span style=\"color: #000000;\">Ko se delovna vrv na enem koncu vzmetne plo\u0161\u010dadi pretrga, se vzmetna plo\u0161\u010dad nagne in varnostna klju\u010davnica se samodejno zapre, ko se delovni polo\u017eaj nagne, vzmetna plo\u0161\u010dad pa se zaklene v varnostno \u017ei\u010dno vrv. V tem \u010dasu mora gradbeno osebje na vzmetni plo\u0161\u010dadi ostati mirno, strogo prepovedano pa je te\u010di in skakati na vzmetni plo\u0161\u010dadi ter izvajati nujne ukrepe, \u010de so ustrezne \u017ei\u010dne vrvi zataknjene v dvigalu.<\/span><\/p><p><span style=\"color: #000000;\"><strong>Namestitev, nastavitev in previdnostni ukrepi za mehanizem vzmetenja<\/strong><\/span><\/p><p><span style=\"color: #000000;\">Pri name\u0161\u010danju tal je treba izbrati vodoravno ravnino. \u010ce je naklon, ga je treba zanesljivo poravnati pod kotnim kolesom. \u010ce je povr\u0161ina za name\u0161\u010danje vodoodporna in izolirana, jo je treba pod sprednjimi in zadnjimi sede\u017ei oblaziniti z debelino 2,5\u20133 cm, da se prepre\u010di zme\u010dkanje. Vodoodporna izolacijska raven.<\/span><br \/><span style=\"color: #000000;\">Vi\u0161ina nastavljivega nosilca mora biti taka, da je spodnja stran sprednjega nosilca nekoliko vi\u0161ja od vi\u0161ine parapeta (ali drugih ovir). \u010ce je mogo\u010de, se po namestitvi vzmetnega mehanizma spodnja stran sprednjega nosilca podalj\u0161a. H\u010derinski zid se pritrdi z lesenimi bloki.<\/span><br \/><span style=\"color: #000000;\">Nazivni razpon iztega previsnega konca sprednjega nosilca je 0,3~1,5 metra. \u010ce je nazivni previs prese\u017een, je treba pred uporabo izvesti zanesljive ukrepe oja\u010ditve in dolo\u010diti nazivne delovne obremenitve, ki jih mora potrditi pristojni oddelek.<\/span><br \/><span style=\"color: #000000;\">Razdaljo med sprednjimi in zadnjimi sede\u017ei je treba prilagoditi na najve\u010djo mo\u017eno razdaljo glede na pogoje na lokaciji.<\/span><br \/><span style=\"color: #000000;\">Razdalja med obema nosilcema mora biti 3 do 5 cm manj\u0161a od dol\u017eine vise\u010de plo\u0161\u010dadi.<\/span><br \/><span style=\"color: #000000;\">Pri napenjanju jeklene vrvi je treba sprednji nosilec rahlo nagniti navzgor za 3~5 cm, da se ustvari prednapetost in izbolj\u0161a togost sprednjega nosilca.<\/span><br \/><span style=\"color: #000000;\">Ko je \u017ei\u010dna vrv vpeta, \u0161tevilo vrvnih objemk ni manj\u0161e od treh, odprtina v obliki \u010drke U in zadnji konec jeklene \u017ei\u010dne vrvi pa sta si nasproti, smeri pa sta enaki. Vrvne objemke je treba vpeti po vrstnem redu od dvi\u017ene to\u010dke, med zadnjo in prej\u0161njo vrvno objemko pa mora biti vrv rahlo ukrivljena. Ko je matica vrvne objemke zategnjena, je treba \u017ei\u010dnato vrv splo\u0161\u010diti na 1\/2 do 1\/3 premera.<\/span><br \/><span style=\"color: #000000;\">Pri polaganju \u017ei\u010dne vrvi je treba prosti disk \u017ei\u010dne vrvi polo\u017eiti na tla. Glavo vrvi je treba previdno izvle\u010di in nato po\u010dasi zdrsniti navzdol vzdol\u017e sprednje strani. Strogo prepovedano je metati \u017ei\u010dno vrv navzdol v disk. Ko je \u017ei\u010dna vrv kon\u010dana, je treba zapleteno vrv previdno stisniti lo\u010deno. Odve\u010dno \u017ei\u010dno vrv na tleh je treba skrbno tesno zbiti in je ne smete poljubno raztreseti po tleh.<\/span><\/p><p><span style=\"color: #000000;\"><strong>Standardi za razrez glavnih komponent<\/strong><\/span><br \/><span style=\"color: #000000;\">Glavni pritrdilni elementi vzmetene delovne plo\u0161\u010dadi: Ko mehanizem vzmetenja ali vzmetena plo\u0161\u010dad izgleda tako, kot sledi, jo je treba zavre\u010di.<\/span><\/p><p><span style=\"color: #000000;\">Po splo\u0161ni nestabilnosti se ga ne sme popravljati in ga je treba zavre\u010di.<\/span><br \/><span style=\"color: #000000;\">Ko nastane trajna deformacija, ki je ni mogo\u010de popraviti, jo je treba zavre\u010di.<\/span><br \/><span style=\"color: #000000;\">Ko so nekatere komponente trajno deformirane in jih ni mogo\u010de popraviti, povr\u0161inska korozija ali globina obrabe pa presega 10% originalne komponente, je treba ustrezne komponente zavre\u010di.<\/span><br \/><span style=\"color: #000000;\">Ko se v konstrukcijskih delih in zvarih pojavijo razpoke, je mogo\u010de glede na napetostne razmere in pogoje razpok po popravilu ali izvedbi oja\u010ditvenih ukrepov izpolniti prvotne projektne zahteve in pred nadaljnjo uporabo izvesti popravila za okrepitev. V nasprotnem primeru jih je treba zavre\u010di.<\/span><\/p><p><span style=\"color: #000000;\"><strong>Katere so glavne varnostne naprave za opremo vise\u010de delovne plo\u0161\u010dadi?<\/strong><\/span><br \/><span style=\"color: #000000;\">A. Varnostna klju\u010davnica tipa nihajne roke LSB; lahko zaklene varnostno \u017ei\u010dno vrv, ko je kot nagiba delovne plo\u0161\u010dadi ve\u010dji od 3-8\u00b0 ali ko je delovna \u017ei\u010dna vrv pretrgana;<\/span><br \/><span style=\"color: #000000;\">B. Ro\u010dna sprostitev: V primeru izpada elektri\u010dne energije se lahko gladko spusti, da se zagotovi varno spu\u0161\u010danje upravljavca na tla;<\/span><br \/><span style=\"color: #000000;\">C. Za\u0161\u010dita pred omejitvijo hitrosti: ko hitrost spu\u0161\u010danja prese\u017ee dolo\u010deno varno hitrost, se aktivira centrifugalna naprava za zaviranje, ki upo\u010dasni hitrost spu\u0161\u010danja;<\/span><br \/><span style=\"color: #000000;\">D. Za\u0161\u010dita pred omejitvijo: samodejno prekine napajanje, ko oprema ko\u0161are prese\u017ee ro\u010dno nastavljeno najve\u010djo omejitev, in aktivira alarmni zvonec;<\/span><br \/><span style=\"color: #000000;\">E. Za\u0161\u010dita pred elektri\u010dno preobremenitvijo: \u010ce je motor nenormalen ali je tokokrog nenormalen in je motor preobremenjen, odklopite krmilni tokokrog kontaktorja, da odklopite glavni tokokrog.<\/span><br \/><span style=\"color: #000000;\">F. Za\u0161\u010dita pred pu\u0161\u010danjem: Upravljavec samodejno zapre celoten tokokrog, ko upravljavec pomotoma napolni elektri\u010dno telo in pride do pu\u0161\u010danja;<\/span><br \/><span style=\"color: #000000;\">G. Zasilna zaustavitev: prekinite glavno krmilno zanko v primeru nenadne nepravilnosti (kot je samodejni dvig ali spust).<\/span><\/p>\t\t\t\t\t\t\t\t<\/div>\n\t\t\t\t<\/div>\n\t\t\t\t\t<\/div>\n\t\t\t\t<\/div>\n\t\t\t\t<\/div>","protected":false},"excerpt":{"rendered":"<p>Emergency treatment during constructionDuring the construction, if you encounter the following special circumstances, you should keep calm and take appropriate emergency measures. Sudden power outage during constructionWhen there is a sudden power outage during construction, the power switch of the electric box should be cut off immediately to prevent accidents during power transmission. After receiving [&hellip;]<\/p>\n","protected":false},"author":1,"featured_media":0,"parent":0,"menu_order":0,"comment_status":"closed","ping_status":"closed","template":"","meta":{"footnotes":""},"class_list":["post-1402","page","type-page","status-publish","hentry"],"acf":[],"_links":{"self":[{"href":"https:\/\/www.buildinglift.com\/sl\/wp-json\/wp\/v2\/pages\/1402","targetHints":{"allow":["GET"]}}],"collection":[{"href":"https:\/\/www.buildinglift.com\/sl\/wp-json\/wp\/v2\/pages"}],"about":[{"href":"https:\/\/www.buildinglift.com\/sl\/wp-json\/wp\/v2\/types\/page"}],"author":[{"embeddable":true,"href":"https:\/\/www.buildinglift.com\/sl\/wp-json\/wp\/v2\/users\/1"}],"replies":[{"embeddable":true,"href":"https:\/\/www.buildinglift.com\/sl\/wp-json\/wp\/v2\/comments?post=1402"}],"version-history":[{"count":0,"href":"https:\/\/www.buildinglift.com\/sl\/wp-json\/wp\/v2\/pages\/1402\/revisions"}],"wp:attachment":[{"href":"https:\/\/www.buildinglift.com\/sl\/wp-json\/wp\/v2\/media?parent=1402"}],"curies":[{"name":"wp","href":"https:\/\/api.w.org\/{rel}","templated":true}]}}