{"id":5902,"date":"2023-10-19T13:41:52","date_gmt":"2023-10-19T13:41:52","guid":{"rendered":"https:\/\/www.buildinglift.com\/?post_type=product&#038;p=5902"},"modified":"2023-12-12T23:25:31","modified_gmt":"2023-12-13T07:25:31","slug":"ce-schvalena-hydraulicka-zdvihacia-plosina-elektricky-noznicovy-zdvihak","status":"publish","type":"product","link":"https:\/\/www.buildinglift.com\/sk\/produkt\/ce-schvalena-hydraulicka-zdvihacia-plosina-elektricky-noznicovy-zdvihak\/","title":{"rendered":"Hydraulick\u00e1 zdv\u00edhacia plo\u0161ina s certifik\u00e1tom CE\/elektrick\u00fd no\u017enicov\u00fd zdvih\u00e1k"},"content":{"rendered":"<p><a href=\"https:\/\/www.buildinglift.com\/product-category\/elevator-scissor-lift\/\"><strong>Elektrick\u00e9 no\u017enicov\u00e9 zdvih\u00e1ky<\/strong><\/a><br \/>\nElektrick\u00e9 no\u017enicov\u00e9 zdvih\u00e1ky maj\u00fa dlh\u0161iu prev\u00e1dzkov\u00fa dobu ako zdvih\u00e1ky poh\u00e1\u0148an\u00e9 motorom a zabezpe\u010duj\u00fa tich\u0161ie pracovn\u00e9 prostredie, v\u010faka \u010domu s\u00fa ide\u00e1lne na pr\u00e1cu v interi\u00e9ri. Elektrick\u00fd pohon poskytuje viac ako dvojn\u00e1sobn\u00fa v\u00fddr\u017e bat\u00e9rie. <a href=\"https:\/\/www.buildinglift.com\/product\/ce-approved-hydraulic-lifting-platform-electric-scissor-lift\/\">stroje s hydraulick\u00fdm pohonom<\/a> a neprodukuje \u017eiadne emisie. Na\u0161e no\u017enicov\u00e9 zdv\u00edhacie plo\u0161iny s\u00fa k dispoz\u00edcii s r\u00f4znymi pracovn\u00fdmi v\u00fd\u0161kami a nosnos\u0165ami plo\u0161iny.<br \/>\n<strong>1. V\u00fdhody produktov<\/strong><br \/>\nSamohybn\u00e9 no\u017enicov\u00e9 zdvih\u00e1ky nepotrebuj\u00fa \u017eiadne v\u00fdlo\u017en\u00edky, na pracovnej plo\u0161ine pracuje jeden \u010dlovek. Pohyb dopredu, ot\u00e1\u010danie a zdv\u00edhanie sa \u013eahko ovl\u00e1daj\u00fa. Kr\u00e1tky \u010das nab\u00edjania a dlh\u00e1 \u017eivotnos\u0165 bat\u00e9rie. \u013dahko sa premiest\u0148uj\u00fa, priestrann\u00e9 pracovn\u00e9 plo\u0161iny, plynul\u00fd pracovn\u00fd stav a vysok\u00e1 pracovn\u00e1 \u00fa\u010dinnos\u0165.<br \/>\n<strong>2. Met\u00f3da presunu<\/strong><br \/>\nNab\u00edjate\u013en\u00e1 bat\u00e9ria poskytuje energiu na pohyb a riadenie.<br \/>\n<strong>3. Zdv\u00edhacia sila<\/strong><br \/>\nNab\u00edjate\u013en\u00e1 bat\u00e9ria poskytuje energiu na zdv\u00edhanie zdv\u00edhac\u00edch plo\u0161\u00edn. Pracovn\u00e9 v\u00fd\u0161ky sa pohybuj\u00fa od 4 m, 6 m, 8 m, 9 m, 10 m, 12 m, 14 m.<br \/>\n<strong>4. Aplik\u00e1cie<\/strong><br \/>\nJe \u0161iroko pou\u017e\u00edvan\u00fd na in\u0161tal\u00e1ciu a \u00fadr\u017ebu leteck\u00fdch zariaden\u00ed na pracovisk\u00e1ch bez nap\u00e1jania a s hladk\u00fdmi pracovn\u00fdmi plochami, ako s\u00fa hotely, ve\u013ek\u00e9 haly, \u0161portov\u00e9 \u0161tadi\u00f3ny, ve\u013ek\u00e9 tov\u00e1rne, sklady, s\u00fdpky, autobusov\u00e9\/\u017eelezni\u010dn\u00e9 stanice, hotely, letisk\u00e1, \u010derpacie stanice a leteck\u00e9 potrubia.<\/p>","protected":false},"excerpt":{"rendered":"<p>Elektrick\u00e9 no\u017enicov\u00e9 zdvih\u00e1ky maj\u00fa dlh\u0161iu prev\u00e1dzkov\u00fa dobu ako zdvih\u00e1ky poh\u00e1\u0148an\u00e9 motorom a zabezpe\u010duj\u00fa tich\u0161ie pracovn\u00e9 prostredie, v\u010faka \u010domu s\u00fa ide\u00e1lne pre pr\u00e1cu v interi\u00e9ri.<\/p>","protected":false},"featured_media":5644,"template":"","meta":[],"product_brand":[],"product_cat":[149],"product_tag":[172,173],"class_list":{"0":"post-5902","1":"product","2":"type-product","3":"status-publish","4":"has-post-thumbnail","6":"product_cat-elevator-scissor-lift","7":"product_tag-electric-scissor-lift","8":"product_tag-hydraulic-lifting-platform","10":"first","11":"instock","12":"shipping-taxable","13":"product-type-simple"},"acf":[],"_links":{"self":[{"href":"https:\/\/www.buildinglift.com\/sk\/wp-json\/wp\/v2\/product\/5902","targetHints":{"allow":["GET"]}}],"collection":[{"href":"https:\/\/www.buildinglift.com\/sk\/wp-json\/wp\/v2\/product"}],"about":[{"href":"https:\/\/www.buildinglift.com\/sk\/wp-json\/wp\/v2\/types\/product"}],"version-history":[{"count":0,"href":"https:\/\/www.buildinglift.com\/sk\/wp-json\/wp\/v2\/product\/5902\/revisions"}],"wp:featuredmedia":[{"embeddable":true,"href":"https:\/\/www.buildinglift.com\/sk\/wp-json\/wp\/v2\/media\/5644"}],"wp:attachment":[{"href":"https:\/\/www.buildinglift.com\/sk\/wp-json\/wp\/v2\/media?parent=5902"}],"wp:term":[{"taxonomy":"product_brand","embeddable":true,"href":"https:\/\/www.buildinglift.com\/sk\/wp-json\/wp\/v2\/product_brand?post=5902"},{"taxonomy":"product_cat","embeddable":true,"href":"https:\/\/www.buildinglift.com\/sk\/wp-json\/wp\/v2\/product_cat?post=5902"},{"taxonomy":"product_tag","embeddable":true,"href":"https:\/\/www.buildinglift.com\/sk\/wp-json\/wp\/v2\/product_tag?post=5902"}],"curies":[{"name":"wp","href":"https:\/\/api.w.org\/{rel}","templated":true}]}}