{"id":5896,"date":"2023-10-19T13:27:45","date_gmt":"2023-10-19T13:27:45","guid":{"rendered":"https:\/\/www.buildinglift.com\/?post_type=product&#038;p=5896"},"modified":"2023-12-12T22:32:33","modified_gmt":"2023-12-13T06:32:33","slug":"automaticky-10-25m-vysoko-kvalitny-noznicovy-vytah-350-500-800kg-1-tonovy-hydraulicky-elektricky-vytah-s-prislusenstvom","status":"publish","type":"product","link":"https:\/\/www.buildinglift.com\/sk\/produkt\/automaticky-10-25m-vysoko-kvalitny-noznicovy-vytah-350-500-800kg-1-tonovy-hydraulicky-elektricky-vytah-s-prislusenstvom\/","title":{"rendered":"Automatick\u00fd no\u017enicov\u00fd zdvih\u00e1k vysokej kvality 10-25M, 350 500 800 kg, 1 tona, hydraulick\u00fd elektrick\u00fd zdvih\u00e1k s pr\u00edslu\u0161enstvom"},"content":{"rendered":"<p><strong>Popis produktu<\/strong><br \/>\nN\u00e1\u0161 samohybn\u00fd mobiln\u00fd no\u017enicov\u00fd zdvih\u00e1k sa pou\u017e\u00edva hlavne na zdv\u00edhanie pracovn\u00edkov do vysok\u00fdch miest kv\u00f4li oprav\u00e1m, \u00fadr\u017ebe, \u010disteniu alebo in\u0161tal\u00e1cii a podobne. M\u00f4\u017eete ho \u013eahko presun\u00fa\u0165 na spr\u00e1vne pracovn\u00e9 miesto.<br \/>\njedna osoba na obsluhu plo\u0161iny pre pohyb dozadu, dopredu, ot\u00e1\u010danie, a to aj v maxim\u00e1lnej v\u00fd\u0161ke. Aj tento typ <a href=\"https:\/\/www.buildinglift.com\/product\/automatic-10-25m-high-quality-elevator-scissor-lift-350-500-800kg-1-ton-hydraulic-electric-lift-with-attachments\/\">mobiln\u00fd no\u017enicov\u00fd zdvih\u00e1k<\/a> d\u00e1 sa nain\u0161talova\u0165 s poh\u00e1\u0148an\u00fdm kolesom, aby sa s n\u00edm dalo pohybova\u0165 ru\u010dne bez akejko\u013evek n\u00e1mahy.<\/p>\n<p><a href=\"https:\/\/www.buildinglift.com\/wp-content\/uploads\/H559669909c4843a4bcc8e5cda100bf0fH.png\"><img fetchpriority=\"high\" decoding=\"async\" class=\"alignnone size-full wp-image-5901\" src=\"https:\/\/www.buildinglift.com\/wp-content\/uploads\/H559669909c4843a4bcc8e5cda100bf0fH.png\" alt=\"\" width=\"790\" height=\"495\" srcset=\"https:\/\/www.buildinglift.com\/wp-content\/uploads\/H559669909c4843a4bcc8e5cda100bf0fH.png 790w, https:\/\/www.buildinglift.com\/wp-content\/uploads\/H559669909c4843a4bcc8e5cda100bf0fH-600x376.png 600w, https:\/\/www.buildinglift.com\/wp-content\/uploads\/H559669909c4843a4bcc8e5cda100bf0fH-300x188.png 300w, https:\/\/www.buildinglift.com\/wp-content\/uploads\/H559669909c4843a4bcc8e5cda100bf0fH-768x481.png 768w, https:\/\/www.buildinglift.com\/wp-content\/uploads\/H559669909c4843a4bcc8e5cda100bf0fH-18x12.png 18w\" sizes=\"(max-width: 790px) 100vw, 790px\" \/><\/a><\/p>","protected":false},"excerpt":{"rendered":"<p>N\u00e1\u0161 samohybn\u00fd mobiln\u00fd no\u017enicov\u00fd zdvih\u00e1k sa pou\u017e\u00edva hlavne na zdv\u00edhanie pracovn\u00edkov do vysok\u00fdch miest kv\u00f4li oprav\u00e1m, \u00fadr\u017ebe, \u010disteniu alebo in\u0161tal\u00e1cii a podobne. M\u00f4\u017eete ho \u013eahko presun\u00fa\u0165 na spr\u00e1vne pracovn\u00e9 miesto.<\/p>","protected":false},"featured_media":5900,"template":"","meta":[],"product_brand":[],"product_cat":[149],"product_tag":[],"class_list":{"0":"post-5896","1":"product","2":"type-product","3":"status-publish","4":"has-post-thumbnail","6":"product_cat-elevator-scissor-lift","8":"first","9":"instock","10":"shipping-taxable","11":"product-type-simple"},"acf":[],"_links":{"self":[{"href":"https:\/\/www.buildinglift.com\/sk\/wp-json\/wp\/v2\/product\/5896","targetHints":{"allow":["GET"]}}],"collection":[{"href":"https:\/\/www.buildinglift.com\/sk\/wp-json\/wp\/v2\/product"}],"about":[{"href":"https:\/\/www.buildinglift.com\/sk\/wp-json\/wp\/v2\/types\/product"}],"version-history":[{"count":0,"href":"https:\/\/www.buildinglift.com\/sk\/wp-json\/wp\/v2\/product\/5896\/revisions"}],"wp:featuredmedia":[{"embeddable":true,"href":"https:\/\/www.buildinglift.com\/sk\/wp-json\/wp\/v2\/media\/5900"}],"wp:attachment":[{"href":"https:\/\/www.buildinglift.com\/sk\/wp-json\/wp\/v2\/media?parent=5896"}],"wp:term":[{"taxonomy":"product_brand","embeddable":true,"href":"https:\/\/www.buildinglift.com\/sk\/wp-json\/wp\/v2\/product_brand?post=5896"},{"taxonomy":"product_cat","embeddable":true,"href":"https:\/\/www.buildinglift.com\/sk\/wp-json\/wp\/v2\/product_cat?post=5896"},{"taxonomy":"product_tag","embeddable":true,"href":"https:\/\/www.buildinglift.com\/sk\/wp-json\/wp\/v2\/product_tag?post=5896"}],"curies":[{"name":"wp","href":"https:\/\/api.w.org\/{rel}","templated":true}]}}