{"id":5889,"date":"2023-10-19T13:13:03","date_gmt":"2023-10-19T13:13:03","guid":{"rendered":"https:\/\/www.buildinglift.com\/?post_type=product&#038;p=5889"},"modified":"2023-12-12T22:32:00","modified_gmt":"2023-12-13T06:32:00","slug":"mobilny-elektricky-samohybny-hydraulicky-noznicovy-zdvihaci-stol-s-bateriovym-napajanim-220-v-za-dobru-cenu","status":"publish","type":"product","link":"https:\/\/www.buildinglift.com\/sk\/produkt\/mobilny-elektricky-samohybny-hydraulicky-noznicovy-zdvihaci-stol-s-bateriovym-napajanim-220-v-za-dobru-cenu\/","title":{"rendered":"Mobiln\u00fd elektrick\u00fd samohybn\u00fd hydraulick\u00fd no\u017enicov\u00fd zdv\u00edhac\u00ed st\u00f4l s bat\u00e9riov\u00fdm nap\u00e1jan\u00edm 220 V za dobr\u00fa cenu"},"content":{"rendered":"<p><strong>Popis produktu<\/strong><br \/>\nTen\/T\u00e1\/To <a href=\"https:\/\/www.buildinglift.com\/product\/battery-powered-220v-mobile-electric-self-propelled-hydraulic-scissor-lift-platform-table-with-good-price\/\">mobiln\u00e1 no\u017enicov\u00e1 zdv\u00edhacia plo\u0161ina<\/a> m\u00e1 v\u00fd\u0161ku zdvihu od 4 m do 18 m a nosnos\u0165 od 300 kg do 500 kg, s manu\u00e1lnym re\u017eimom zdv\u00edhania, elektrick\u00fdm, bat\u00e9riov\u00fdm a naftov\u00fdm olejom at\u010f. Pre \u0161peci\u00e1lne miesta je mo\u017en\u00e9 zvoli\u0165 elektrick\u00e9 zariadenia odoln\u00e9 vo\u010di v\u00fdbuchu;<\/p>\n<p>Plo\u0161ina s odstr\u00e1nite\u013en\u00fdm ovl\u00e1dac\u00edm zariaden\u00edm sa d\u00e1 nain\u0161talova\u0165 pod\u013ea potrieb pou\u017e\u00edvate\u013eov, \u010do m\u00e1 v\u00fdhody vr\u00e1tane \u013eahkej manipul\u00e1cie, ve\u013ekej plochy a vysokej nosnosti, \u010do umo\u017e\u0148uje s\u00fa\u010dasn\u00fa prev\u00e1dzku viacer\u00fdch os\u00f4b a bezpe\u010dnos\u0165 a spo\u013eahlivos\u0165, tak\u017ee je to optim\u00e1lny produkt pre zdv\u00edhacie oper\u00e1cie vo vzduchu.<\/p>\n<p><strong>Hlavn\u00e9 vlastnosti<\/strong><br \/>\n(1) 4 v\u00fdstuhy, bezpe\u010dn\u00e9 a stabiln\u00e9<br \/>\n(2) \u0160tyri koles\u00e1, \u013eahko sa pohybuj\u00fa<br \/>\n(3) <a href=\"https:\/\/www.buildinglift.com\/product-category\/elevator-scissor-lift\/\">Vysokopevnostn\u00e1 kon\u0161trukcia z mang\u00e1novej ocele<\/a>, siln\u00fd a robustn\u00fd<br \/>\n(4) dvojit\u00fd riadiaci syst\u00e9m, ovl\u00e1danie zo zeme + ovl\u00e1danie z plo\u0161iny<br \/>\n(5) Ve\u013ek\u00fd st\u00f4l, vysok\u00e1 nosnos\u0165, umo\u017e\u0148uj\u00faci s\u00fa\u010dasn\u00fa pr\u00e1cu viacer\u00fdch os\u00f4b.<br \/>\n(6) Nap\u00e1janie je mo\u017en\u00e9 zvoli\u0165 medzi striedav\u00fdm, jednosmern\u00fdm alebo naftov\u00fdm motorom.<\/p>\n<p><strong>Rozsah dod\u00e1vky<\/strong><br \/>\nNa\u0161a spolo\u010dnos\u0165 dod\u00e1va k\u013abov\u00e9 plo\u0161iny s vlastn\u00fdm pohonom s v\u00fd\u0161kou zdvihu: 4-18 m, pracovnou v\u00fd\u0161kou: 6 metrov a\u017e 20 metrov, nosnos\u0165ou: 500 kg alebo 300 kg.<\/p>\n<p><strong>TECHNICK\u00c9 \u00daDAJE<\/strong><br \/>\nMaxim\u00e1lna v\u00fd\u0161ka plo\u0161iny: 4 metre a\u017e 18 metrov<br \/>\nMaxim\u00e1lna pracovn\u00e1 v\u00fd\u0161ka: 6 metrov a\u017e 20 metrov<br \/>\n3. nosnos\u0165: 500 kg, 300 kg alebo na mieru.<br \/>\nZdroj energie: pohyb \u0165ahan\u00edm alebo elektrickou energiou, zdv\u00edhanie a sp\u00fa\u0161\u0165anie striedav\u00fdm, jednosmern\u00fdm alebo naftov\u00fdm motorom.<br \/>\nFarba: Modr\u00e1 a siv\u00e1 alebo pod\u013ea va\u0161ej po\u017eiadavky<br \/>\nZ\u00e1bradlie: 1 m vysok\u00e9, odn\u00edmate\u013en\u00e9, \u013eahko pou\u017eite\u013en\u00e9<br \/>\nHorizont\u00e1lne pred\u013a\u017eenie plo\u0161iny: 0,5 metra (volite\u013en\u00e1 konfigur\u00e1cia)<br \/>\nst\u00fapavos\u0165\uff1a20%<\/p>\n<p><a href=\"https:\/\/www.buildinglift.com\/wp-content\/uploads\/H11f0cd10b2eb45e5a9352996cf625bd34.jpg\"><img fetchpriority=\"high\" decoding=\"async\" class=\"alignnone size-full wp-image-5895\" src=\"https:\/\/www.buildinglift.com\/wp-content\/uploads\/H11f0cd10b2eb45e5a9352996cf625bd34.jpg\" alt=\"\" width=\"750\" height=\"595\" srcset=\"https:\/\/www.buildinglift.com\/wp-content\/uploads\/H11f0cd10b2eb45e5a9352996cf625bd34.jpg 750w, https:\/\/www.buildinglift.com\/wp-content\/uploads\/H11f0cd10b2eb45e5a9352996cf625bd34-600x476.jpg 600w, https:\/\/www.buildinglift.com\/wp-content\/uploads\/H11f0cd10b2eb45e5a9352996cf625bd34-300x238.jpg 300w, https:\/\/www.buildinglift.com\/wp-content\/uploads\/H11f0cd10b2eb45e5a9352996cf625bd34-15x12.jpg 15w\" sizes=\"(max-width: 750px) 100vw, 750px\" \/><\/a><\/p>","protected":false},"excerpt":{"rendered":"<p>Plo\u0161ina s odstr\u00e1nite\u013en\u00fdm ovl\u00e1dac\u00edm zariaden\u00edm sa d\u00e1 nain\u0161talova\u0165 pod\u013ea potrieb pou\u017e\u00edvate\u013ea, \u010do m\u00e1 v\u00fdhody vr\u00e1tane \u013eahkej manipul\u00e1cie, ve\u013ekej plochy a vysokej nosnosti, \u010do umo\u017e\u0148uje s\u00fa\u010dasn\u00fa prev\u00e1dzku viacer\u00fdch os\u00f4b a bezpe\u010dnos\u0165 a spo\u013eahlivos\u0165, tak\u017ee je to optim\u00e1lny produkt pre zdv\u00edhacie oper\u00e1cie vo vzduchu.<\/p>","protected":false},"featured_media":5892,"template":"","meta":[],"product_brand":[],"product_cat":[149],"product_tag":[170,171],"class_list":{"0":"post-5889","1":"product","2":"type-product","3":"status-publish","4":"has-post-thumbnail","6":"product_cat-elevator-scissor-lift","7":"product_tag-hydraulic-scissor-lift-platform","8":"product_tag-mobile-electric-self-propelled","10":"first","11":"instock","12":"shipping-taxable","13":"product-type-simple"},"acf":[],"_links":{"self":[{"href":"https:\/\/www.buildinglift.com\/sk\/wp-json\/wp\/v2\/product\/5889","targetHints":{"allow":["GET"]}}],"collection":[{"href":"https:\/\/www.buildinglift.com\/sk\/wp-json\/wp\/v2\/product"}],"about":[{"href":"https:\/\/www.buildinglift.com\/sk\/wp-json\/wp\/v2\/types\/product"}],"version-history":[{"count":0,"href":"https:\/\/www.buildinglift.com\/sk\/wp-json\/wp\/v2\/product\/5889\/revisions"}],"wp:featuredmedia":[{"embeddable":true,"href":"https:\/\/www.buildinglift.com\/sk\/wp-json\/wp\/v2\/media\/5892"}],"wp:attachment":[{"href":"https:\/\/www.buildinglift.com\/sk\/wp-json\/wp\/v2\/media?parent=5889"}],"wp:term":[{"taxonomy":"product_brand","embeddable":true,"href":"https:\/\/www.buildinglift.com\/sk\/wp-json\/wp\/v2\/product_brand?post=5889"},{"taxonomy":"product_cat","embeddable":true,"href":"https:\/\/www.buildinglift.com\/sk\/wp-json\/wp\/v2\/product_cat?post=5889"},{"taxonomy":"product_tag","embeddable":true,"href":"https:\/\/www.buildinglift.com\/sk\/wp-json\/wp\/v2\/product_tag?post=5889"}],"curies":[{"name":"wp","href":"https:\/\/api.w.org\/{rel}","templated":true}]}}