{"id":5709,"date":"2023-09-22T14:28:00","date_gmt":"2023-09-22T14:28:00","guid":{"rendered":"https:\/\/www.buildinglift.com\/?post_type=product&#038;p=5709"},"modified":"2023-12-12T22:22:21","modified_gmt":"2023-12-13T06:22:21","slug":"zavesna-pracovna-plosina-na-cistenie-okien","status":"publish","type":"product","link":"https:\/\/www.buildinglift.com\/sk\/produkt\/zavesna-pracovna-plosina-na-cistenie-okien\/","title":{"rendered":"Z\u00e1vesn\u00e1 pracovn\u00e1 plo\u0161ina na \u010distenie okien"},"content":{"rendered":"<p>Z\u00e1vesn\u00e1 plo\u0161ina na \u010distenie okien pozost\u00e1vaj\u00faca z pracovnej plo\u0161iny a z\u00e1vesn\u00e9ho syst\u00e9mu. \u013dahko sa montuje a demontuje, je vybaven\u00e1 bezpe\u010dnostn\u00fdm zariaden\u00edm, je bezpe\u010dn\u00e1 pre pr\u00e1cu vo vysokej nadmorskej v\u00fd\u0161ke.<\/p>\n<p><strong>Detaily produktu<br \/>\n<\/strong>\u2013<a href=\"https:\/\/www.buildinglift.com\/product\/window-cleaning-suspended-working-platform\/\"> Pr\u00edslu\u0161enstvo pracovnej plo\u0161iny<\/a><br \/>\nElektrick\u00e1 ovl\u00e1dacia skrinka: vedeck\u00fd dizajn, vodotesn\u00e1 a odoln\u00e1 vo\u010di kol\u00edzi\u00e1m<br \/>\nBezpe\u010dnostn\u00fd z\u00e1mok: vysoko intenz\u00edvna nehrdzavej\u00faca oce\u013e, certifik\u00e1cia 100%<br \/>\nDr\u00f4ten\u00e9 lano: priemer 8,3 mm<br \/>\nK\u00e1bel: \u00farove\u0148 GB2.0, pr\u00edrodn\u00e1 guma odoln\u00e1 vo\u010di poveternostn\u00fdm vplyvom<br \/>\nZdvih\u00e1k: vysoko kvalitn\u00fd, odoln\u00fd<br \/>\nM\u00f4\u017eete si vybra\u0165 zo \u0161tyroch druhov protiz\u00e1va\u017eia: liatinov\u00e9, bet\u00f3nov\u00e9, bet\u00f3nov\u00e9 s oce\u013eov\u00fdm krytom alebo bet\u00f3nov\u00e9 s pozinkovan\u00fdm povlakom.<br \/>\n\u2013 Z\u00e1vesn\u00fd mechanizmus je pou\u017eite\u013en\u00fd pre r\u00f4zne typy striech a je vhodn\u00fd na prepravu stavebn\u00fdch materi\u00e1lov. Taktie\u017e poskytujeme zariadenia na upevnenie parapetov.<\/p>\n<p>S\u00e9ria ZLP, do\u010dasn\u00e9 z\u00e1vesn\u00e9 pr\u00edstupov\u00e9 zariadenie, je inovat\u00edvnym v\u00fdtvorom spolo\u010dnosti SUCCESS. Jeho prim\u00e1rnou funkciou je elektrick\u00fd \u0161plhav\u00fd dekora\u010dn\u00fd stroj, ktor\u00fd sa pou\u017e\u00edva predov\u0161etk\u00fdm na v\u00fdstavbu, dekor\u00e1ciu, \u010distenie a \u00fadr\u017ebu v\u00fd\u0161kov\u00fdch a viacposchodov\u00fdch budov. Jeho v\u0161estrannos\u0165 umo\u017e\u0148uje jeho pou\u017eitie aj v in\u00fdch in\u017einierskych prev\u00e1dzkach, ako je in\u0161tal\u00e1cia v\u00fd\u0165ahov, v\u00fdstavba ve\u013ek\u00fdch n\u00e1dr\u017e\u00ed, stavba mostov a priehrad.<\/p>\n<p>S\u00e9ria ZLP vynik\u00e1 svojou vynikaj\u00facou kvalitou a profesion\u00e1lnym servisom. S rast\u00facou reput\u00e1ciou a d\u00f4veryhodnos\u0165ou r\u00e1stol aj jej medzin\u00e1rodn\u00fd dosah. Produkty spolo\u010dnosti SUCCESS sa v s\u00fa\u010dasnosti vyv\u00e1\u017eaj\u00fa do viac ako 70 kraj\u00edn a regi\u00f3nov vr\u00e1tane Singapuru, Ruska, Spojen\u00fdch arabsk\u00fdch emir\u00e1tov, \u010cile a Peru. Z\u00e1v\u00e4zok spolo\u010dnosti k excelentnosti sa odr\u00e1\u017ea v jej produktoch, ktor\u00e9 sp\u013a\u0148aj\u00fa eur\u00f3pske normy a z\u00edskali certifik\u00e1ciu CE.<\/p>\n<p>Vieme navrhn\u00fa\u0165 a vyrobi\u0165 v\u0161etky druhy \u0161peci\u00e1lnych z\u00e1vesn\u00fdch plo\u0161\u00edn, ktor\u00e9 vyhovuj\u00fa ak\u00fdmko\u013evek podmienkam a sp\u013a\u0148aj\u00fa \u0161peci\u00e1lne po\u017eiadavky z\u00e1kazn\u00edkov. Napr\u00edklad L-noha pre jednu osobu, uhlov\u00e1 z\u00e1vesn\u00e1 plo\u0161ina, dvojpodla\u017en\u00e1 plo\u0161ina, gondola BMU, z\u00e1vesn\u00e1 stoli\u010dka pre jednu osobu, kruhov\u00e1 z\u00e1vesn\u00e1 plo\u0161ina, pohybliv\u00fd koncov\u00fd strme\u0148, z\u00e1vesn\u00e1 plo\u0161ina ZLP350.<\/p>\n<p>Z\u00e1vesn\u00e1 plo\u0161ina, zn\u00e1ma ako vysokohorsk\u00fd\/vysokozdvi\u017en\u00fd stavebn\u00fd stroj, je po celom svete zn\u00e1ma pod r\u00f4znymi n\u00e1zvami. V Severnej Amerike sa ozna\u010duje ako v\u00fdkyvn\u00e9 p\u00f3dium, zatia\u013e \u010do vo Vietname je zn\u00e1ma ako gondola San Treo. V Rusku sa naz\u00fdva \u0444\u0430\u0441\u0430\u0434\u043d\u044b\u0445 \u043f\u043e\u0434\u0432\u0435\u0441\u043d\u044b\u0445 \u043f\u043b\u043e\u0449\u0430\u0434\u043e\u043a. \u0160panielsky hovoriace krajiny vr\u00e1tane \u010cile, Peru, Kolumbie, Argent\u00edny a \u0160panielska ju ozna\u010duj\u00fa ako andamios colgantes alebo plataformas suspendidas.<\/p>\n<p>Vo svete stavebn\u00fdch strojov si s\u00e9ria ZLP od spolo\u010dnosti SUCCESS vydobyla svoje miesto. V\u010faka svojej v\u0161estrannosti, vynikaj\u00facej kvalite a \u0161irokej \u0161k\u00e1le aplik\u00e1ci\u00ed je nepostr\u00e1date\u013en\u00fdm n\u00e1strojom pre projekty v\u00fd\u0161kov\u00fdch a viacposchodov\u00fdch budov. D\u00f4kazom jej \u00faspechu je, \u017ee s\u00e9ria ZLP sa dostala do viac ako 70 kraj\u00edn a regi\u00f3nov, pri\u010dom sp\u013a\u0148a eur\u00f3pske normy a z\u00edskava certifik\u00e1ciu CE.<\/p>\n<p>\u010ci u\u017e je to zn\u00e1me ako swing stage v Severnej Amerike, San treo gondola vo Vietname, \u0444\u0430\u0441\u0430\u0434\u043d\u044b\u0445 \u043f\u043e\u0434\u0432\u0435\u0441\u043d\u044b\u0445 \u043f\u043b\u043e\u0449\u0430\u0434\u043e\u043a v Rusku, alebo andamios colgantes a <a href=\"https:\/\/www.buildinglift.com\/product\/window-cleaning-suspended-working-platform\/\">z\u00e1vesn\u00e9 plo\u0161iny<\/a> V \u0161panielsky hovoriacich krajin\u00e1ch je s\u00e9ria ZLP uzn\u00e1van\u00e1 a cenen\u00e1 pre svoj pr\u00ednos pre stavebn\u00e9 projekty vo vysok\u00fdch nadmorsk\u00fdch v\u00fd\u0161kach\/s vysokou pr\u00edstupnos\u0165ou. V\u010faka neust\u00e1lej inov\u00e1cii a zdokona\u013eovaniu spolo\u010dnosti SUCCESS sa s\u00e9ria ZLP m\u00e1 sta\u0165 z\u00e1kladnou s\u00fa\u010das\u0165ou stavebn\u00e9ho priemyslu na celom svete.<\/p>\n<p><strong>Z\u00e1vesn\u00fd plo\u0161inov\u00fd zdvih\u00e1k \u2013 dlh\u00e1 \u017eivotnos\u0165.<\/strong><br \/>\n1. Odliatok je vyroben\u00fd zo \u0161peci\u00e1lneho hlin\u00edkov\u00e9ho materi\u00e1lu a je spracovan\u00fd dov\u00e1\u017ean\u00fdm procesom odlievania v centre gravit\u00e1cie. V\u00fdrobok sa vyzna\u010duje dobrou presnos\u0165ou a odolnos\u0165ou. Odliatky s\u00fa odolnej\u0161ie vo\u010di p\u00e1du ako tlakov\u00e9 odliatky a s\u00fa menej n\u00e1chyln\u00e9 na praskanie.<br \/>\n2. Materi\u00e1l hnacieho kot\u00fa\u010da je 40Cr, hmotnos\u0165 5,4 kg, po pop\u00fa\u0161\u0165an\u00ed a povrchovej nitrid\u00e1cii je odolnej\u0161\u00ed vo\u010di opotrebovaniu a trv\u00e1cnej\u0161\u00ed.<br \/>\n3. Z\u00e1vitovkov\u00e9 koleso je vyroben\u00e9 z c\u00ednovo-fosforov\u00e9ho bronzu 9-4 medi, s hmotnos\u0165ou 0,94 kg, \u010do m\u00e1 dobr\u00fa h\u00fa\u017eevnatos\u0165 a odolnos\u0165 proti opotrebovaniu. Materi\u00e1l z\u00e1vitovky a hriade\u013ea prevodovky je 38CrMoA1, pri\u010dom z\u00e1vitovka v\u00e1\u017ei 0,48 kg, \u010do m\u00e1 dobr\u00fa h\u00fa\u017eevnatos\u0165 a odolnos\u0165 proti opotrebovaniu.<br \/>\n4. Vodiace lanko je vyroben\u00e9 zo \u0161peci\u00e1lneho materi\u00e1lu odoln\u00e9ho vo\u010di opotrebovaniu z nehrdzavej\u00facej ocele, ktor\u00fd sa \u013eahko nepo\u0161kod\u00ed a nesp\u00f4sob\u00ed zaseknutie. N\u00e1klady na poruchu s\u00fa extr\u00e9mne n\u00edzke a vo v\u0161eobecnosti nie je potrebn\u00e9 ho vymie\u0148a\u0165.<\/p>","protected":false},"excerpt":{"rendered":"<p><strong>\u010c\u00edslo modelu<\/strong>.: ZLP630<br \/>\n<strong>Materi\u00e1l<\/strong>Hlin\u00edkov\u00e1 zliatina alebo oce\u013e<br \/>\n<strong>Menovit\u00e9 za\u0165a\u017eenie<\/strong>: 630 kg<br \/>\n<strong>V\u00fd\u0161ka zdvihu<\/strong>100M alebo 150M<br \/>\n<strong>R\u00fdchlos\u0165 zdv\u00edhania<\/strong>: 9,6 m\/min<br \/>\n<strong>Rozmer (D*\u0160*V)<\/strong>: (2000 mm * 3) * 690 mm * 1300 mm<br \/>\n<strong>Kvalifik\u00e1cia v\u00fdroby<\/strong><br \/>\nZ\u00edskali sme certifik\u00e1ciu ISO9001:2008, CE a EAC.<\/p>","protected":false},"featured_media":5712,"template":"","meta":[],"product_brand":[],"product_cat":[147],"product_tag":[],"class_list":{"0":"post-5709","1":"product","2":"type-product","3":"status-publish","4":"has-post-thumbnail","6":"product_cat-suspended-platform","8":"first","9":"instock","10":"shipping-taxable","11":"product-type-simple"},"acf":[],"_links":{"self":[{"href":"https:\/\/www.buildinglift.com\/sk\/wp-json\/wp\/v2\/product\/5709","targetHints":{"allow":["GET"]}}],"collection":[{"href":"https:\/\/www.buildinglift.com\/sk\/wp-json\/wp\/v2\/product"}],"about":[{"href":"https:\/\/www.buildinglift.com\/sk\/wp-json\/wp\/v2\/types\/product"}],"version-history":[{"count":0,"href":"https:\/\/www.buildinglift.com\/sk\/wp-json\/wp\/v2\/product\/5709\/revisions"}],"wp:featuredmedia":[{"embeddable":true,"href":"https:\/\/www.buildinglift.com\/sk\/wp-json\/wp\/v2\/media\/5712"}],"wp:attachment":[{"href":"https:\/\/www.buildinglift.com\/sk\/wp-json\/wp\/v2\/media?parent=5709"}],"wp:term":[{"taxonomy":"product_brand","embeddable":true,"href":"https:\/\/www.buildinglift.com\/sk\/wp-json\/wp\/v2\/product_brand?post=5709"},{"taxonomy":"product_cat","embeddable":true,"href":"https:\/\/www.buildinglift.com\/sk\/wp-json\/wp\/v2\/product_cat?post=5709"},{"taxonomy":"product_tag","embeddable":true,"href":"https:\/\/www.buildinglift.com\/sk\/wp-json\/wp\/v2\/product_tag?post=5709"}],"curies":[{"name":"wp","href":"https:\/\/api.w.org\/{rel}","templated":true}]}}