{"id":5703,"date":"2023-09-22T14:20:30","date_gmt":"2023-09-22T14:20:30","guid":{"rendered":"https:\/\/www.buildinglift.com\/?post_type=product&#038;p=5703"},"modified":"2023-12-12T22:20:51","modified_gmt":"2023-12-13T06:20:51","slug":"exterior-window-cleaning-hanging-platform-custom-made-vertical-custom-suspended-platform","status":"publish","type":"product","link":"https:\/\/www.buildinglift.com\/sk\/produkt\/exterior-window-cleaning-hanging-platform-custom-made-vertical-custom-suspended-platform\/","title":{"rendered":"Z\u00e1vesn\u00e1 plo\u0161ina na \u010distenie vonkaj\u0161\u00edch okien, vyroben\u00e1 na mieru vertik\u00e1lna\/z\u00e1vesn\u00e1 plo\u0161ina na mieru"},"content":{"rendered":"<p>Vieme navrhn\u00fa\u0165 a vyrobi\u0165 v\u0161etky druhy \u0161peci\u00e1lnych z\u00e1vesn\u00fdch plo\u0161\u00edn, ktor\u00e9 vyhovuj\u00fa ak\u00fdmko\u013evek podmienkam a sp\u013a\u0148aj\u00fa \u0161peci\u00e1lne po\u017eiadavky z\u00e1kazn\u00edkov. Napr\u00edklad L-noha pre jednu osobu, uhlov\u00e1 z\u00e1vesn\u00e1 plo\u0161ina, dvojpodla\u017en\u00e1 plo\u0161ina, gondola BMU, z\u00e1vesn\u00e1 stoli\u010dka pre jednu osobu, kruhov\u00e1 z\u00e1vesn\u00e1 plo\u0161ina, pohybliv\u00fd koncov\u00fd strme\u0148, z\u00e1vesn\u00e1 plo\u0161ina ZLP350.<\/p>\n<p><strong>Product feature and application<\/strong><br \/>\n\u2013 High quality with competitive price<br \/>\n\u2013 Easy to assemble<br \/>\n\u2013 Smoothly control<br \/>\n\u2013 The working height can be adjusted<br \/>\n\u2013 The voltage can be adjusted<br \/>\n\u2013 Durable and safe<\/p>\n<p>S\u00e9ria ZLP vynik\u00e1 svojou vynikaj\u00facou kvalitou a profesion\u00e1lnym servisom. S rast\u00facou reput\u00e1ciou a d\u00f4veryhodnos\u0165ou r\u00e1stol aj jej medzin\u00e1rodn\u00fd dosah. Produkty spolo\u010dnosti SUCCESS sa v s\u00fa\u010dasnosti vyv\u00e1\u017eaj\u00fa do viac ako 70 kraj\u00edn a regi\u00f3nov vr\u00e1tane Singapuru, Ruska, Spojen\u00fdch arabsk\u00fdch emir\u00e1tov, \u010cile a Peru. Z\u00e1v\u00e4zok spolo\u010dnosti k excelentnosti sa odr\u00e1\u017ea v jej produktoch, ktor\u00e9 sp\u013a\u0148aj\u00fa eur\u00f3pske normy a z\u00edskali certifik\u00e1ciu CE.<\/p>\n<p>Vieme navrhn\u00fa\u0165 a vyrobi\u0165 v\u0161etky druhy \u0161peci\u00e1lnych z\u00e1vesn\u00fdch plo\u0161\u00edn, ktor\u00e9 vyhovuj\u00fa ak\u00fdmko\u013evek podmienkam a sp\u013a\u0148aj\u00fa \u0161peci\u00e1lne po\u017eiadavky z\u00e1kazn\u00edkov. Napr\u00edklad L-noha pre jednu osobu, uhlov\u00e1 z\u00e1vesn\u00e1 plo\u0161ina, dvojpodla\u017en\u00e1 plo\u0161ina, gondola BMU, z\u00e1vesn\u00e1 stoli\u010dka pre jednu osobu, kruhov\u00e1 z\u00e1vesn\u00e1 plo\u0161ina, pohybliv\u00fd koncov\u00fd strme\u0148, z\u00e1vesn\u00e1 plo\u0161ina ZLP350.<\/p>\n<p><strong><a href=\"https:\/\/www.buildinglift.com\/product\/exterior-window-cleaning-hanging-platform-custom-made-vertical-custom-suspended-platform\/\">Pozastaven\u00e1 platforma<\/a> Hoist&#8211;Long Lasting Lifetime<\/strong><br \/>\n1. Odliatok je vyroben\u00fd zo \u0161peci\u00e1lneho hlin\u00edkov\u00e9ho materi\u00e1lu a je spracovan\u00fd dov\u00e1\u017ean\u00fdm procesom odlievania v centre gravit\u00e1cie. V\u00fdrobok sa vyzna\u010duje dobrou presnos\u0165ou a odolnos\u0165ou. Odliatky s\u00fa odolnej\u0161ie vo\u010di p\u00e1du ako tlakov\u00e9 odliatky a s\u00fa menej n\u00e1chyln\u00e9 na praskanie.<br \/>\n2. Materi\u00e1l hnacieho kot\u00fa\u010da je 40Cr, hmotnos\u0165 5,4 kg, po pop\u00fa\u0161\u0165an\u00ed a povrchovej nitrid\u00e1cii je odolnej\u0161\u00ed vo\u010di opotrebovaniu a trv\u00e1cnej\u0161\u00ed.<br \/>\n3. Z\u00e1vitovkov\u00e9 koleso je vyroben\u00e9 z c\u00ednovo-fosforov\u00e9ho bronzu 9-4 medi, s hmotnos\u0165ou 0,94 kg, \u010do m\u00e1 dobr\u00fa h\u00fa\u017eevnatos\u0165 a odolnos\u0165 proti opotrebovaniu. Materi\u00e1l z\u00e1vitovky a hriade\u013ea prevodovky je 38CrMoA1, pri\u010dom z\u00e1vitovka v\u00e1\u017ei 0,48 kg, \u010do m\u00e1 dobr\u00fa h\u00fa\u017eevnatos\u0165 a odolnos\u0165 proti opotrebovaniu.<br \/>\n4. Vodiace lanko je vyroben\u00e9 zo \u0161peci\u00e1lneho materi\u00e1lu odoln\u00e9ho vo\u010di opotrebovaniu z nehrdzavej\u00facej ocele, ktor\u00fd sa \u013eahko nepo\u0161kod\u00ed a nesp\u00f4sob\u00ed zaseknutie. N\u00e1klady na poruchu s\u00fa extr\u00e9mne n\u00edzke a vo v\u0161eobecnosti nie je potrebn\u00e9 ho vymie\u0148a\u0165.<\/p>","protected":false},"excerpt":{"rendered":"<p><strong>Model No.<\/strong>: ZLP1000 ZLP800 ZLP630 ZLP500<br \/>\n<strong>Materi\u00e1l<\/strong>: steel or aluminum alloy\uff08recommend\uff09<br \/>\n<strong>Menovit\u00e9 za\u0165a\u017eenie<\/strong>: 1000KG 800KG 600KG\u2026<br \/>\n<strong>V\u00fd\u0161ka zdvihu<\/strong>: 100M to 150M<br \/>\n<strong>Lifting speed<\/strong>: 9-11m\/min<br \/>\n<strong>Kvalifik\u00e1cia v\u00fdroby<\/strong><br \/>\nZ\u00edskali sme certifik\u00e1ciu ISO9001:2008, CE a EAC.<\/p>","protected":false},"featured_media":5708,"template":"","meta":[],"product_brand":[],"product_cat":[147],"product_tag":[155,154],"class_list":{"0":"post-5703","1":"product","2":"type-product","3":"status-publish","4":"has-post-thumbnail","6":"product_cat-suspended-platform","7":"product_tag-custom-suspended-platform","8":"product_tag-exterior-window-cleaning-hanging-platform-custom-made-vertical","10":"first","11":"instock","12":"shipping-taxable","13":"product-type-simple"},"acf":[],"_links":{"self":[{"href":"https:\/\/www.buildinglift.com\/sk\/wp-json\/wp\/v2\/product\/5703","targetHints":{"allow":["GET"]}}],"collection":[{"href":"https:\/\/www.buildinglift.com\/sk\/wp-json\/wp\/v2\/product"}],"about":[{"href":"https:\/\/www.buildinglift.com\/sk\/wp-json\/wp\/v2\/types\/product"}],"version-history":[{"count":0,"href":"https:\/\/www.buildinglift.com\/sk\/wp-json\/wp\/v2\/product\/5703\/revisions"}],"wp:featuredmedia":[{"embeddable":true,"href":"https:\/\/www.buildinglift.com\/sk\/wp-json\/wp\/v2\/media\/5708"}],"wp:attachment":[{"href":"https:\/\/www.buildinglift.com\/sk\/wp-json\/wp\/v2\/media?parent=5703"}],"wp:term":[{"taxonomy":"product_brand","embeddable":true,"href":"https:\/\/www.buildinglift.com\/sk\/wp-json\/wp\/v2\/product_brand?post=5703"},{"taxonomy":"product_cat","embeddable":true,"href":"https:\/\/www.buildinglift.com\/sk\/wp-json\/wp\/v2\/product_cat?post=5703"},{"taxonomy":"product_tag","embeddable":true,"href":"https:\/\/www.buildinglift.com\/sk\/wp-json\/wp\/v2\/product_tag?post=5703"}],"curies":[{"name":"wp","href":"https:\/\/api.w.org\/{rel}","templated":true}]}}