{"id":5695,"date":"2023-09-22T14:04:59","date_gmt":"2023-09-22T14:04:59","guid":{"rendered":"https:\/\/www.buildinglift.com\/?post_type=product&#038;p=5695"},"modified":"2023-12-12T22:19:40","modified_gmt":"2023-12-13T06:19:40","slug":"temporary-suspended-platforms-tsp","status":"publish","type":"product","link":"https:\/\/www.buildinglift.com\/sk\/produkt\/temporary-suspended-platforms-tsp\/","title":{"rendered":"Do\u010dasne pozastaven\u00e9 n\u00e1stupi\u0161tia (TSP)"},"content":{"rendered":"<p>A suspended platform incorporates a steel or aluminum platform that can be raised or lowered when in use. Other frequently used terms are \u2018suspended cradle\u2019 and \u2018swing stage platform. They can be assembled from scaffolding. The <a href=\"https:\/\/www.buildinglift.com\/product-category\/suspended-platform\/\">suspended platform<\/a> is an efficient modern overhead operation equipment that can replace traditional scaffolding and reuse. General suspended platform hoist can be divided into manual and electric hoist.<\/p>\n<p><strong>Product Feature<\/strong><br \/>\n\u2013 High quality product: variety types for selection, prompt delivery<br \/>\n\u2013 Strict quality management system<br \/>\n\u2013 Easy to install<br \/>\n\u2013 Smooth operating without noise<br \/>\n\u2013 Professional service<br \/>\nIn general, the goods is shipping by sea, the delivery time is about 10-15 days, customized platform will be delivered as the negotiation with our clients. All after-sale request will be responded in 24 hours.<\/p>\n<p>S\u00e9ria ZLP, do\u010dasn\u00e9 z\u00e1vesn\u00e9 pr\u00edstupov\u00e9 zariadenie, je inovat\u00edvnym v\u00fdtvorom spolo\u010dnosti SUCCESS. Jeho prim\u00e1rnou funkciou je elektrick\u00fd \u0161plhav\u00fd dekora\u010dn\u00fd stroj, ktor\u00fd sa pou\u017e\u00edva predov\u0161etk\u00fdm na v\u00fdstavbu, dekor\u00e1ciu, \u010distenie a \u00fadr\u017ebu v\u00fd\u0161kov\u00fdch a viacposchodov\u00fdch budov. Jeho v\u0161estrannos\u0165 umo\u017e\u0148uje jeho pou\u017eitie aj v in\u00fdch in\u017einierskych prev\u00e1dzkach, ako je in\u0161tal\u00e1cia v\u00fd\u0165ahov, v\u00fdstavba ve\u013ek\u00fdch n\u00e1dr\u017e\u00ed, stavba mostov a priehrad.<\/p>\n<p>S\u00e9ria ZLP vynik\u00e1 svojou vynikaj\u00facou kvalitou a profesion\u00e1lnym servisom. S rast\u00facou reput\u00e1ciou a d\u00f4veryhodnos\u0165ou r\u00e1stol aj jej medzin\u00e1rodn\u00fd dosah. Produkty spolo\u010dnosti SUCCESS sa v s\u00fa\u010dasnosti vyv\u00e1\u017eaj\u00fa do viac ako 70 kraj\u00edn a regi\u00f3nov vr\u00e1tane Singapuru, Ruska, Spojen\u00fdch arabsk\u00fdch emir\u00e1tov, \u010cile a Peru. Z\u00e1v\u00e4zok spolo\u010dnosti k excelentnosti sa odr\u00e1\u017ea v jej produktoch, ktor\u00e9 sp\u013a\u0148aj\u00fa eur\u00f3pske normy a z\u00edskali certifik\u00e1ciu CE.<\/p>\n<p>We can design and make all kinds of special suspended platform to suit for any conditions and to meet special requirements proposed by the customers. Such as L leg single person platform, angled suspended platform, double deck platform, BMU gondola, single person suspended chair, circle suspended platform, movable end stirrup, <a href=\"https:\/\/www.buildinglift.com\/product\/temporary-suspended-platforms-tsp\/\">ZLP350 suspended platform<\/a>.<\/p>\n<p>Z\u00e1vesn\u00e1 plo\u0161ina, zn\u00e1ma ako vysokohorsk\u00fd\/vysokozdvi\u017en\u00fd stavebn\u00fd stroj, je po celom svete zn\u00e1ma pod r\u00f4znymi n\u00e1zvami. V Severnej Amerike sa ozna\u010duje ako v\u00fdkyvn\u00e9 p\u00f3dium, zatia\u013e \u010do vo Vietname je zn\u00e1ma ako gondola San Treo. V Rusku sa naz\u00fdva \u0444\u0430\u0441\u0430\u0434\u043d\u044b\u0445 \u043f\u043e\u0434\u0432\u0435\u0441\u043d\u044b\u0445 \u043f\u043b\u043e\u0449\u0430\u0434\u043e\u043a. \u0160panielsky hovoriace krajiny vr\u00e1tane \u010cile, Peru, Kolumbie, Argent\u00edny a \u0160panielska ju ozna\u010duj\u00fa ako andamios colgantes alebo plataformas suspendidas.<\/p>\n<p>Vo svete stavebn\u00fdch strojov si s\u00e9ria ZLP od spolo\u010dnosti SUCCESS vydobyla svoje miesto. V\u010faka svojej v\u0161estrannosti, vynikaj\u00facej kvalite a \u0161irokej \u0161k\u00e1le aplik\u00e1ci\u00ed je nepostr\u00e1date\u013en\u00fdm n\u00e1strojom pre projekty v\u00fd\u0161kov\u00fdch a viacposchodov\u00fdch budov. D\u00f4kazom jej \u00faspechu je, \u017ee s\u00e9ria ZLP sa dostala do viac ako 70 kraj\u00edn a regi\u00f3nov, pri\u010dom sp\u013a\u0148a eur\u00f3pske normy a z\u00edskava certifik\u00e1ciu CE.<\/p>\n<p>Whether it&#8217;s known as the swing stage in North America, San treo gondola in Vietnam, \u0444\u0430\u0441\u0430\u0434\u043d\u044b\u0445 \u043f\u043e\u0434\u0432\u0435\u0441\u043d\u044b\u0445 \u043f\u043b\u043e\u0449\u0430\u0434\u043e\u043a in Russia, or andamios colgantes and plataformas suspendidas in Spanish-speaking countries, the ZLP series is recognized and valued for its contribution to high altitude\/high access construction projects. As SUCCESS Company continues to innovate and improve, the ZLP series is set to remain a staple in the construction industry worldwide.<\/p>\n<p><strong>To ensure safe operation without danger to personnel, the platform is fitted with the following safety devices:<\/strong><br \/>\n1. Service brake incorporated in the LTD hoist.<br \/>\n2. Two fall arrest devices acting on the safety wire ropes.<br \/>\n3. Two upper limit switches.<br \/>\n4. No power descent in case of power failure.<br \/>\n5. Emergency stop.<\/p>","protected":false},"excerpt":{"rendered":"<p><strong>Model No.<\/strong>: ZLP500,ZLP630, ZLP800, ZLP1000<br \/>\n<strong>Materi\u00e1l<\/strong>: Steel painted, galvanized or aluminum alloy<br \/>\n<strong>Rated Load<\/strong>: 630KG,800KG,1000KG<br \/>\n<strong>Rozmer (D*\u0160*V)<\/strong>:(2000mm*3)*690mm*1300mm (2500mm*3)*690mm*1300mm<br \/>\n<strong>Lifting speed<\/strong>: 9.6m\/min<br \/>\n<strong>Kvalifik\u00e1cia v\u00fdroby<\/strong><br \/>\nZ\u00edskali sme certifik\u00e1ciu ISO9001:2008, CE a EAC.<\/p>","protected":false},"featured_media":5699,"template":"","meta":[],"product_brand":[],"product_cat":[147],"product_tag":[153],"class_list":{"0":"post-5695","1":"product","2":"type-product","3":"status-publish","4":"has-post-thumbnail","6":"product_cat-suspended-platform","7":"product_tag-temporary-suspended-platforms","9":"first","10":"instock","11":"shipping-taxable","12":"product-type-simple"},"acf":[],"_links":{"self":[{"href":"https:\/\/www.buildinglift.com\/sk\/wp-json\/wp\/v2\/product\/5695","targetHints":{"allow":["GET"]}}],"collection":[{"href":"https:\/\/www.buildinglift.com\/sk\/wp-json\/wp\/v2\/product"}],"about":[{"href":"https:\/\/www.buildinglift.com\/sk\/wp-json\/wp\/v2\/types\/product"}],"version-history":[{"count":0,"href":"https:\/\/www.buildinglift.com\/sk\/wp-json\/wp\/v2\/product\/5695\/revisions"}],"wp:featuredmedia":[{"embeddable":true,"href":"https:\/\/www.buildinglift.com\/sk\/wp-json\/wp\/v2\/media\/5699"}],"wp:attachment":[{"href":"https:\/\/www.buildinglift.com\/sk\/wp-json\/wp\/v2\/media?parent=5695"}],"wp:term":[{"taxonomy":"product_brand","embeddable":true,"href":"https:\/\/www.buildinglift.com\/sk\/wp-json\/wp\/v2\/product_brand?post=5695"},{"taxonomy":"product_cat","embeddable":true,"href":"https:\/\/www.buildinglift.com\/sk\/wp-json\/wp\/v2\/product_cat?post=5695"},{"taxonomy":"product_tag","embeddable":true,"href":"https:\/\/www.buildinglift.com\/sk\/wp-json\/wp\/v2\/product_tag?post=5695"}],"curies":[{"name":"wp","href":"https:\/\/api.w.org\/{rel}","templated":true}]}}