{"id":1402,"date":"2023-02-09T11:05:42","date_gmt":"2023-02-09T11:05:42","guid":{"rendered":"https:\/\/www.buildinglift.com\/?page_id=1402"},"modified":"2023-12-12T21:37:18","modified_gmt":"2023-12-13T05:37:18","slug":"produkt-pouzitie-bezpecnost","status":"publish","type":"page","link":"https:\/\/www.buildinglift.com\/sk\/produkt-pouzitie-bezpecnost\/","title":{"rendered":"Bezpe\u010dnos\u0165 pou\u017e\u00edvania v\u00fdrobku"},"content":{"rendered":"<div data-elementor-type=\"wp-page\" data-elementor-id=\"1402\" class=\"elementor elementor-1402\">\n\t\t\t\t<div class=\"elementor-element elementor-element-f26b11c e-flex e-con-boxed e-con e-parent\" data-id=\"f26b11c\" data-element_type=\"container\" data-e-type=\"container\">\n\t\t\t\t\t<div class=\"e-con-inner\">\n\t\t\t\t<div class=\"elementor-element elementor-element-1051740 elementor-widget elementor-widget-text-editor\" data-id=\"1051740\" data-element_type=\"widget\" data-e-type=\"widget\" data-widget_type=\"text-editor.default\">\n\t\t\t\t<div class=\"elementor-widget-container\">\n\t\t\t\t\t\t\t\t\t<p><span style=\"color: #000000;\"><strong>N\u00fadzov\u00e1 starostlivos\u0165 po\u010das v\u00fdstavby<\/strong><\/span><br \/><span style=\"color: #000000;\"><strong>Po\u010das v\u00fdstavby, ak naraz\u00edte na nasleduj\u00face mimoriadne okolnosti, mali by ste zachova\u0165 pokoj a prija\u0165 vhodn\u00e9 n\u00fadzov\u00e9 opatrenia.<\/strong><\/span><\/p><p><span style=\"color: #000000;\"><strong>N\u00e1hly v\u00fdpadok pr\u00fadu po\u010das v\u00fdstavby<\/strong><\/span><br \/><span style=\"color: #000000;\">Ak po\u010das v\u00fdstavby d\u00f4jde k n\u00e1hlemu v\u00fdpadku pr\u00fadu, mal by sa okam\u017eite vypn\u00fa\u0165 hlavn\u00fd vyp\u00edna\u010d elektrickej skrinky, aby sa predi\u0161lo nehod\u00e1m po\u010das prenosu energie. Po prijat\u00ed ozn\u00e1menia o v\u00fdpadku pr\u00fadu sa hlavn\u00fd vyp\u00edna\u010d zapne a po kontrole stavu sa za\u010dne s pr\u00e1cou.<\/span><br \/><span style=\"color: #000000;\">Ak sa po v\u00fdpadku pr\u00fadu potrebujete vr\u00e1ti\u0165 na zem, mali by ste zdvihn\u00fa\u0165 ru\u010dn\u00fa rukov\u00e4\u0165 zdvih\u00e1ka na oboch koncoch, aby sa z\u00e1vesn\u00e1 plo\u0161ina mohla vo\u013ene posun\u00fa\u0165 na zem. <strong>zem.<\/strong><\/span><br \/><span style=\"color: #000000;\"><strong>Z\u00e1vesn\u00fa plo\u0161inu nie je mo\u017en\u00e9 zastavi\u0165 po uvo\u013enen\u00ed tla\u010didla po\u010das procesu zdv\u00edhania a sp\u00fa\u0161\u0165ania.<\/strong><\/span><br \/><span style=\"color: #000000;\">Ak z\u00e1vesn\u00fa plo\u0161inu nemo\u017eno zastavi\u0165 po uvo\u013enen\u00ed tla\u010didla po\u010das zdv\u00edhania a sp\u00fa\u0161\u0165ania, okam\u017eite stla\u010dte \u010derven\u00fd n\u00fadzov\u00fd sp\u00edna\u010d na dvierkach elektrickej skrinky, aby sa z\u00e1vesn\u00e1 plo\u0161ina ur\u00fdchlene zastavila. Potom vypnite hlavn\u00fd vyp\u00edna\u010d elektrickej skrinky, skontrolujte stav kontaktov st\u00fdka\u010da, o\u010distite mastnotu na povrchu st\u00fdka\u010da a po obnoven\u00ed norm\u00e1lnej prev\u00e1dzky st\u00fdka\u010da zatvorte hlavn\u00fd vyp\u00edna\u010d a pomocou manu\u00e1lneho posunutia nadol spustite z\u00e1vesn\u00fa plo\u0161inu na zem kv\u00f4li \u00fadr\u017ebe.<\/span><br \/><span style=\"color: #000000;\"><strong>Z\u00e1vesn\u00e1 plo\u0161ina by mala by\u0165 horizont\u00e1lne naklonen\u00e1 a automaticky zaisti\u0165 lano<\/strong><\/span><br \/><span style=\"color: #000000;\">Ke\u010f sa z\u00e1vesn\u00e1 plo\u0161ina po\u010das st\u00fapania a klesania posunie nadol alebo sa jeden koniec posunie do ur\u010ditej miery, bezpe\u010dnostn\u00fd z\u00e1mok automaticky zablokuje lano. V tomto momente okam\u017eite zastavte, potom prepnite prep\u00edna\u010d na elektrickej skrinke do spodn\u00e9ho konca plo\u0161iny a stla\u010dte tla\u010didlo hore. Spodn\u00fd koniec z\u00e1vesnej plo\u0161iny sa zdvihne do obnovovacej horizont\u00e1lnej polohy. Po automatickom obnoven\u00ed odomknut\u00e9ho stavu sa z\u00e1vesn\u00e1 plo\u0161ina spust\u00ed na zem a skontroluj\u00fa sa a nastavia sa medzery elektromagnetick\u00fdch b\u0155zd na oboch koncoch tak, aby sp\u013a\u0148ali po\u017eiadavky; alebo sa skontroluje rozdiel v r\u00fdchlosti ot\u00e1\u010dania medzi oboma koncami. Ak je rozdiel zrejm\u00fd, mal by sa lano vymeni\u0165 za motor.<\/span><br \/><span style=\"color: #000000;\"><strong>zdvihnite lano z dr\u00f4ten\u00e9ho lana strojovej karty<\/strong><\/span><br \/><span style=\"color: #000000;\">Pracovn\u00e9 lano je zaseknut\u00e9 v kladkostroji kv\u00f4li uvo\u013enen\u00fdm prame\u0148om, zalomeniu alebo \u010dastiam zdv\u00edhacieho stroja. Pracovn\u00edci kon\u0161trukcie zo z\u00e1vesnej plo\u0161iny s\u00fa evakuovan\u00ed pri zaisten\u00ed bezpe\u010dnosti a odborne vy\u0161kolen\u00ed \u00fadr\u017eb\u00e1ri s\u00fa vyslan\u00ed na z\u00e1vesn\u00fa plo\u0161inu na \u00fadr\u017ebu. Najprv sa bezpe\u010dnostn\u00e9 lano navinie na oboch koncoch okolo zdv\u00edhacieho r\u00e1mu a oba konce bezpe\u010dnostn\u00e9ho lana sa upevnia lanovou sponou. Potom sa uvo\u013enia ochrann\u00fd kr\u00fa\u017eok oto\u010dn\u00e9ho ramena bezpe\u010dnostn\u00e9ho z\u00e1mku na oboch koncoch, aby sa pracovn\u00e9 lano odpojilo od kladky tak, aby bezpe\u010dnostn\u00e9 z\u00e1mky na oboch koncoch boli v stave zaisten\u00e9ho lana. Po vykonan\u00ed vy\u0161\u0161ie uveden\u00fdch bezpe\u010dnostn\u00fdch opatren\u00ed sa kladkostroj odstr\u00e1ni z kontroly a lanko sa dostane zo zaseknut\u00e9ho stavu. V pr\u00edpade potreby sa odre\u017ee dla\u0148 lana a otvor\u00ed sa zdv\u00edhac\u00ed kryt, aby sa skontrolovalo, a opatrne sa odstr\u00e1ni lano, ktor\u00e9 zostalo v kladkostroji. Z\u00e1rove\u0148 sa na pr\u00edslu\u0161nom mieste z\u00e1vesn\u00e9ho mechanizmu nasad\u00ed nov\u00e9 lano, lano sa vlo\u017e\u00ed sp\u00e4\u0165 do kladkostroja, aby sa lano naplo. Potom sa pracovn\u00e9 lano vlo\u017e\u00ed do dr\u00e1\u017eky oto\u010dn\u00e9ho kolesa bezpe\u010dnostn\u00e9ho z\u00e1mku a nain\u0161taluje sa ochrann\u00fd kr\u00fa\u017eok. Po otvoren\u00ed bezpe\u010dnostn\u00e9ho z\u00e1mku sa z\u00e1vesn\u00e1 plo\u0161ina zdvihne pribli\u017ene o 0,5 m, aby sa zastavila, odstr\u00e1ni sa pracka na bezpe\u010dnostnom lane a bezpe\u010dnostn\u00e9 lano sa umiestni do zvislej polohy. Potom sa z\u00e1vesn\u00e1 plo\u0161ina spust\u00ed na zem a po d\u00f4kladnej kontrole a \u00fadr\u017ebe kladkostrojom ju m\u00f4\u017ee skupina pokra\u010dova\u0165 v pou\u017e\u00edvan\u00ed.<\/span><br \/><span style=\"color: #000000;\"><strong>Ke\u010f sa pracovn\u00e9 lano pretrhne<\/strong><\/span><br \/><span style=\"color: #000000;\">Ke\u010f sa pracovn\u00e9 lano na jednom konci z\u00e1vesnej plo\u0161iny pretrhne, z\u00e1vesn\u00e1 plo\u0161ina sa naklon\u00ed a bezpe\u010dnostn\u00fd z\u00e1mok sa automaticky uzavrie, ke\u010f sa pracovn\u00e1 poloha naklon\u00ed a z\u00e1vesn\u00e1 plo\u0161ina sa zablokuje v bezpe\u010dnostnom lane. V tomto \u010dase by mal stavebn\u00fd person\u00e1l na z\u00e1vesnej plo\u0161ine zosta\u0165 pokojn\u00fd a je pr\u00edsne zak\u00e1zan\u00e9 beha\u0165 a sk\u00e1ka\u0165 na z\u00e1vesnej plo\u0161ine a vykon\u00e1va\u0165 n\u00fadzov\u00e9 opatrenia, ke\u010f s\u00fa pr\u00edslu\u0161n\u00e9 lan\u00e1 zaseknut\u00e9 vo v\u00fd\u0165ahu.<\/span><\/p><p><span style=\"color: #000000;\"><strong>In\u0161tal\u00e1cia, nastavenie a bezpe\u010dnostn\u00e9 opatrenia pre mechanizmus zavesenia<\/strong><\/span><\/p><p><span style=\"color: #000000;\">Pri in\u0161tal\u00e1cii podkladu by sa mala zvoli\u0165 vodorovn\u00e1 rovina. Ak je sklon, mal by by\u0165 pod uhlov\u00fdm kolesom spo\u013eahlivo vyrovnan\u00fd. Ak je in\u0161tala\u010dn\u00fd povrch vodotesn\u00fd a izolovan\u00fd, mal by by\u0165 pod predn\u00fdmi a zadn\u00fdmi sedadlami podlo\u017een\u00fd podlo\u017ekou s hr\u00fabkou 2,5 ~ 3 cm, aby sa zabr\u00e1nilo stla\u010deniu. Vodotesn\u00e1 izola\u010dn\u00e1 \u00farove\u0148.<\/span><br \/><span style=\"color: #000000;\">V\u00fd\u0161ka nastavite\u013enej nosnej konzoly by mala by\u0165 tak\u00e1, aby spodn\u00e1 strana predn\u00e9ho nosn\u00edka bola o nie\u010do vy\u0161\u0161ia ako v\u00fd\u0161ka parapetu (alebo in\u00fdch prek\u00e1\u017eok). Ak je to mo\u017en\u00e9, po umiestnen\u00ed z\u00e1vesn\u00e9ho mechanizmu sa spodn\u00e1 strana predn\u00e9ho nosn\u00edka pred\u013a\u017ei. Dc\u00e9rsky m\u00far sa upevn\u00ed dreven\u00fdmi blokmi.<\/span><br \/><span style=\"color: #000000;\">Menovit\u00fd rozsah vysunutia presahuj\u00faceho konca predn\u00e9ho nosn\u00edka je 0,3 ~ 1,5 metra. Ak sa prekro\u010d\u00ed menovit\u00fd presah, musia sa pred pou\u017eit\u00edm vykona\u0165 spo\u013eahliv\u00e9 opatrenia na vystu\u017eenie a menovit\u00e9 prev\u00e1dzkov\u00e9 za\u0165a\u017eenia, ktor\u00e9 mus\u00ed potvrdi\u0165 zodpovedn\u00fd pracovn\u00edk.<\/span><br \/><span style=\"color: #000000;\">Vzdialenos\u0165 medzi predn\u00fdmi a zadn\u00fdmi sedadlami by mala by\u0165 nastaven\u00e1 na maxim\u00e1lnu vzdialenos\u0165, ako je to mo\u017en\u00e9 vzh\u013eadom na podmienky na mieste.<\/span><br \/><span style=\"color: #000000;\">Vzdialenos\u0165 medzi dvoma konzolami by mala by\u0165 nastaven\u00e1 tak, aby bola o 3 a\u017e 5 cm men\u0161ia ako d\u013a\u017eka z\u00e1vesnej plo\u0161iny.<\/span><br \/><span style=\"color: #000000;\">Pri nap\u00ednan\u00ed oce\u013eov\u00e9ho lana by mal by\u0165 predn\u00fd nosn\u00edk mierne naklonen\u00fd o 3 a\u017e 5 cm, aby sa vytvorilo predp\u00e4tie a zlep\u0161ila sa tuhos\u0165 predn\u00e9ho nosn\u00edka.<\/span><br \/><span style=\"color: #000000;\">Ke\u010f je oce\u013eov\u00e9 lano upnut\u00e9, po\u010det lanov\u00fdch svoriek nie je men\u0161\u00ed ako tri a otvor v tvare U a koniec oce\u013eov\u00e9ho lana s\u00fa oproti sebe a smery s\u00fa rovnak\u00e9. Lanov\u00e9 svorky sa musia upn\u00fa\u0165 v porad\u00ed od bodu zdv\u00edhania a medzi poslednou a predch\u00e1dzaj\u00facou lanovou svorkou mus\u00ed by\u0165 lano mierne ohnut\u00e9. Po utiahnut\u00ed matice lanovej svorky by sa malo oce\u013eov\u00e9 lano splo\u0161ti\u0165 na 1\/2 a\u017e 1\/3 priemeru.<\/span><br \/><span style=\"color: #000000;\">Pri pokl\u00e1dke oce\u013eov\u00e9ho lana by sa mal vo\u013en\u00fd kot\u00fa\u010d lana polo\u017ei\u0165 na podlahu. Hlava lana by sa mala opatrne vytiahnu\u0165 a potom pomaly pos\u00fava\u0165 nadol pozd\u013a\u017e prednej strany. Je pr\u00edsne zak\u00e1zan\u00e9 h\u00e1dza\u0165 oce\u013eov\u00e9 lano do kot\u00fa\u010da. Po dokon\u010den\u00ed oce\u013eov\u00e9ho lana by sa malo zamotan\u00e9 lano opatrne a oddelene stla\u010di\u0165. Prebyto\u010dn\u00e9 oce\u013eov\u00e9 lano by sa malo na zemi starostlivo a pevne zbali\u0165 a nemalo by sa svojvo\u013ene rozpty\u013eova\u0165.<\/span><\/p><p><span style=\"color: #000000;\"><strong>Normy na zo\u0161rotovanie hlavn\u00fdch komponentov<\/strong><\/span><br \/><span style=\"color: #000000;\">Hlavn\u00e9 \u00fachyty z\u00e1vesnej pracovnej plo\u0161iny: Ak z\u00e1vesn\u00fd mechanizmus alebo z\u00e1vesn\u00e1 plo\u0161ina vyzer\u00e1 nasledovne, mala by sa zo\u0161rotova\u0165.<\/span><\/p><p><span style=\"color: #000000;\">Po celkovej nestabilite sa nesmie opravova\u0165 a mus\u00ed sa zo\u0161rotova\u0165.<\/span><br \/><span style=\"color: #000000;\">Ak d\u00f4jde k trvalej deform\u00e1cii, ktor\u00fa nemo\u017eno opravi\u0165, mus\u00ed sa zo\u0161rotova\u0165.<\/span><br \/><span style=\"color: #000000;\">Ak s\u00fa niektor\u00e9 komponenty trvalo deformovan\u00e9 a nedaj\u00fa sa opravi\u0165 a povrchov\u00e1 kor\u00f3zia alebo h\u013abka opotrebenia presiahne 10% p\u00f4vodn\u00e9ho komponentu, pr\u00edslu\u0161n\u00e9 komponenty by sa mali zo\u0161rotova\u0165.<\/span><br \/><span style=\"color: #000000;\">Ke\u010f sa v kon\u0161truk\u010dn\u00fdch \u010dastiach a zvaroch vyskytn\u00fa trhliny, v z\u00e1vislosti od nap\u00e4\u0165ovej situ\u00e1cie a podmienok trhl\u00edn, po oprave alebo prijat\u00ed opatren\u00ed na posilnenie je mo\u017en\u00e9 splni\u0165 p\u00f4vodn\u00e9 kon\u0161truk\u010dn\u00e9 po\u017eiadavky a pred \u010fal\u0161\u00edm pou\u017e\u00edvan\u00edm je potrebn\u00e9 vykona\u0165 opravy na posilnenie opatren\u00ed. V opa\u010dnom pr\u00edpade by sa mali zo\u0161rotova\u0165.<\/span><\/p><p><span style=\"color: #000000;\"><strong>Ak\u00e9 s\u00fa hlavn\u00e9 bezpe\u010dnostn\u00e9 zariadenia pre zavesen\u00e9 pracovn\u00e9 plo\u0161iny?<\/strong><\/span><br \/><span style=\"color: #000000;\">A. Bezpe\u010dnostn\u00fd z\u00e1mok typu v\u00fdkyvn\u00e9ho ramena LSB; dok\u00e1\u017ee zablokova\u0165 bezpe\u010dnostn\u00e9 lano, ke\u010f je uhol sklonu pracovnej plo\u0161iny v\u00e4\u010d\u0161\u00ed ako 3-8\u00b0 alebo je pracovn\u00e9 lano pretrhnut\u00e9;<\/span><br \/><span style=\"color: #000000;\">B. Manu\u00e1lne uvo\u013enenie: V pr\u00edpade v\u00fdpadku nap\u00e1jania, napr\u00edklad pri v\u00fdpadku pr\u00fadu, sa d\u00e1 plynulo spusti\u0165, aby sa zabezpe\u010dilo bezpe\u010dn\u00e9 zosko\u010denie obsluhy na zem;<\/span><br \/><span style=\"color: #000000;\">C. Ochrana pred obmedzen\u00edm r\u00fdchlosti: ke\u010f r\u00fdchlos\u0165 klesania prekro\u010d\u00ed definovan\u00fa bezpe\u010dn\u00fa r\u00fdchlos\u0165, aktivuje sa odstrediv\u00e9 spoma\u013eovacie zariadenie, ktor\u00e9 spomal\u00ed r\u00fdchlos\u0165 klesania;<\/span><br \/><span style=\"color: #000000;\">D. Ochrana pred limitom: automaticky vypne nap\u00e1janie, ke\u010f zariadenie ko\u0161a prekro\u010d\u00ed manu\u00e1lne nastaven\u00fd maxim\u00e1lny limit, a aktivuje sa alarm;<\/span><br \/><span style=\"color: #000000;\">E. Ochrana proti elektrick\u00e9mu pre\u0165a\u017eeniu: Ak je motor alebo obvod abnorm\u00e1lny a motor je pre\u0165a\u017een\u00fd, odpojte riadiaci obvod st\u00fdka\u010da, aby ste odpojili hlavn\u00fd obvod.<\/span><br \/><span style=\"color: #000000;\">F. Ochrana proti \u00faniku: Obsluha automaticky uzavrie cel\u00fd obvod, ke\u010f obsluha n\u00e1hodne nabije elektrick\u00e9 teleso a d\u00f4jde k \u00faniku;<\/span><br \/><span style=\"color: #000000;\">G. N\u00fadzov\u00e9 zastavenie: preru\u0161enie hlavn\u00e9ho regula\u010dn\u00e9ho obvodu v pr\u00edpade n\u00e1hlej anom\u00e1lie (napr\u00edklad automatick\u00e9ho st\u00fapania alebo klesania).<\/span><\/p>\t\t\t\t\t\t\t\t<\/div>\n\t\t\t\t<\/div>\n\t\t\t\t\t<\/div>\n\t\t\t\t<\/div>\n\t\t\t\t<\/div>","protected":false},"excerpt":{"rendered":"<p>Emergency treatment during constructionDuring the construction, if you encounter the following special circumstances, you should keep calm and take appropriate emergency measures. Sudden power outage during constructionWhen there is a sudden power outage during construction, the power switch of the electric box should be cut off immediately to prevent accidents during power transmission. After receiving [&hellip;]<\/p>\n","protected":false},"author":1,"featured_media":0,"parent":0,"menu_order":0,"comment_status":"closed","ping_status":"closed","template":"","meta":{"footnotes":""},"class_list":["post-1402","page","type-page","status-publish","hentry"],"acf":[],"_links":{"self":[{"href":"https:\/\/www.buildinglift.com\/sk\/wp-json\/wp\/v2\/pages\/1402","targetHints":{"allow":["GET"]}}],"collection":[{"href":"https:\/\/www.buildinglift.com\/sk\/wp-json\/wp\/v2\/pages"}],"about":[{"href":"https:\/\/www.buildinglift.com\/sk\/wp-json\/wp\/v2\/types\/page"}],"author":[{"embeddable":true,"href":"https:\/\/www.buildinglift.com\/sk\/wp-json\/wp\/v2\/users\/1"}],"replies":[{"embeddable":true,"href":"https:\/\/www.buildinglift.com\/sk\/wp-json\/wp\/v2\/comments?post=1402"}],"version-history":[{"count":0,"href":"https:\/\/www.buildinglift.com\/sk\/wp-json\/wp\/v2\/pages\/1402\/revisions"}],"wp:attachment":[{"href":"https:\/\/www.buildinglift.com\/sk\/wp-json\/wp\/v2\/media?parent=1402"}],"curies":[{"name":"wp","href":"https:\/\/api.w.org\/{rel}","templated":true}]}}