{"id":5902,"date":"2023-10-19T13:41:52","date_gmt":"2023-10-19T13:41:52","guid":{"rendered":"https:\/\/www.buildinglift.com\/?post_type=product&#038;p=5902"},"modified":"2023-12-12T23:25:31","modified_gmt":"2023-12-13T07:25:31","slug":"ce-aprobat-platforma-de-ridicare-hidraulica-electric-scissor-lift","status":"publish","type":"product","link":"https:\/\/www.buildinglift.com\/ro\/produs\/ce-aprobat-platforma-de-ridicare-hidraulica-electric-scissor-lift\/","title":{"rendered":"Platform\u0103 hidraulic\u0103 de ridicare\/platform\u0103 electric\u0103 cu foarfec\u0103 aprobat\u0103 CE"},"content":{"rendered":"<p><a href=\"https:\/\/www.buildinglift.com\/product-category\/elevator-scissor-lift\/\"><strong>Platforme electrice cu foarfec\u0103<\/strong><\/a><br \/>\nPlatformele electrice tip foarfec\u0103 au durate de func\u021bionare mai lungi dec\u00e2t cele ac\u021bionate de motor \u0219i promoveaz\u0103 medii de lucru mai silen\u021bioase, ceea ce le face ideale pentru lucr\u0103ri \u00een interior. Ac\u021bionarea electric\u0103 ofer\u0103 o durat\u0103 de via\u021b\u0103 a bateriei de peste dou\u0103 ori mai lung\u0103 dec\u00e2t... <a href=\"https:\/\/www.buildinglift.com\/product\/ce-approved-hydraulic-lifting-platform-electric-scissor-lift\/\">ma\u0219ini cu ac\u021bionare hidraulic\u0103<\/a> \u0219i produce zero emisii. Platformele noastre elevatoare tip foarfec\u0103 sunt disponibile cu diferite \u00een\u0103l\u021bimi de lucru \u0219i capacit\u0103\u021bi ale platformei<br \/>\n<strong>1. Avantajele produselor<\/strong><br \/>\nPlatformele de lucru autopropulsate cu foarfec\u0103 nu necesit\u0103 stabilizatori, un singur om opereaz\u0103 pe platforma de lucru. Deplasarea \u00eenainte, \u00eentoarcerea \u0219i ridicarea sunt u\u0219or de operat. Timp scurt de \u00eenc\u0103rcare \u0219i durat\u0103 lung\u0103 de via\u021b\u0103 a bateriei. Platforme de lucru spa\u021bioase, u\u0219or de deplasat, condi\u021bii de func\u021bionare line \u0219i eficien\u021b\u0103 ridicat\u0103.<br \/>\n<strong>2. Metoda de mutare<\/strong><br \/>\nBateria re\u00eenc\u0103rcabil\u0103 ofer\u0103 energia necesar\u0103 pentru a v\u0103 deplasa \u0219i a v\u0103 direc\u021biona.<br \/>\n<strong>3. Putere de ridicare<\/strong><br \/>\nBateria re\u00eenc\u0103rcabil\u0103 furnizeaz\u0103 energia necesar\u0103 pentru ridicarea platformelor elevatoare. \u00cen\u0103l\u021bimile de lucru variaz\u0103 de la 4m, 6m, 8m, 9m, 10m, 12m, 14m.<br \/>\n<strong>4. Aplica\u021bii<\/strong><br \/>\nEste utilizat pe scar\u0103 larg\u0103 pentru instalarea \u0219i \u00eentre\u021binerea aerian\u0103 a locurilor de munc\u0103 f\u0103r\u0103 alimentare cu energie electric\u0103 \u0219i cu terenuri de lucru netede, cum ar fi hoteluri, s\u0103li mari de sport, stadioane sportive, fabrici mari, depozite, hambare, sta\u021bii de autobuz\/cale ferat\u0103, hoteluri, aeroporturi, benzin\u0103rii \u0219i conducte aeriene.<\/p>","protected":false},"excerpt":{"rendered":"<p>Platformele electrice tip foarfec\u0103 au durate de func\u021bionare mai lungi dec\u00e2t cele cu motor \u0219i promoveaz\u0103 medii de lucru mai silen\u021bioase, ceea ce le face ideale pentru lucr\u0103ri \u00een interior.<\/p>","protected":false},"featured_media":5644,"template":"","meta":[],"product_brand":[],"product_cat":[149],"product_tag":[172,173],"class_list":{"0":"post-5902","1":"product","2":"type-product","3":"status-publish","4":"has-post-thumbnail","6":"product_cat-elevator-scissor-lift","7":"product_tag-electric-scissor-lift","8":"product_tag-hydraulic-lifting-platform","10":"first","11":"instock","12":"shipping-taxable","13":"product-type-simple"},"acf":[],"_links":{"self":[{"href":"https:\/\/www.buildinglift.com\/ro\/wp-json\/wp\/v2\/product\/5902","targetHints":{"allow":["GET"]}}],"collection":[{"href":"https:\/\/www.buildinglift.com\/ro\/wp-json\/wp\/v2\/product"}],"about":[{"href":"https:\/\/www.buildinglift.com\/ro\/wp-json\/wp\/v2\/types\/product"}],"version-history":[{"count":0,"href":"https:\/\/www.buildinglift.com\/ro\/wp-json\/wp\/v2\/product\/5902\/revisions"}],"wp:featuredmedia":[{"embeddable":true,"href":"https:\/\/www.buildinglift.com\/ro\/wp-json\/wp\/v2\/media\/5644"}],"wp:attachment":[{"href":"https:\/\/www.buildinglift.com\/ro\/wp-json\/wp\/v2\/media?parent=5902"}],"wp:term":[{"taxonomy":"product_brand","embeddable":true,"href":"https:\/\/www.buildinglift.com\/ro\/wp-json\/wp\/v2\/product_brand?post=5902"},{"taxonomy":"product_cat","embeddable":true,"href":"https:\/\/www.buildinglift.com\/ro\/wp-json\/wp\/v2\/product_cat?post=5902"},{"taxonomy":"product_tag","embeddable":true,"href":"https:\/\/www.buildinglift.com\/ro\/wp-json\/wp\/v2\/product_tag?post=5902"}],"curies":[{"name":"wp","href":"https:\/\/api.w.org\/{rel}","templated":true}]}}