{"id":5896,"date":"2023-10-19T13:27:45","date_gmt":"2023-10-19T13:27:45","guid":{"rendered":"https:\/\/www.buildinglift.com\/?post_type=product&#038;p=5896"},"modified":"2023-12-12T22:32:33","modified_gmt":"2023-12-13T06:32:33","slug":"lift-automat-cu-foarfeca-de-inalta-calitate-10-25-m-350-500-800-kg-lift-electric-hidraulic-de-1-tona-cu-atasamente","status":"publish","type":"product","link":"https:\/\/www.buildinglift.com\/ro\/produs\/lift-automat-cu-foarfeca-de-inalta-calitate-10-25-m-350-500-800-kg-lift-electric-hidraulic-de-1-tona-cu-atasamente\/","title":{"rendered":"Lift automat cu foarfec\u0103 de \u00eenalt\u0103 calitate 10-25M, 350 500 800kg, lift electric hidraulic de 1 ton\u0103 cu ata\u0219amente"},"content":{"rendered":"<p><strong>Descriere produs<\/strong><br \/>\nPlatforma noastr\u0103 mobil\u0103 tip foarfec\u0103, cu mecanism de ridicare automat, este utilizat\u0103 \u00een principal pentru ridicarea lucr\u0103torilor la \u00een\u0103l\u021bime pentru repara\u021bii, \u00eentre\u021binere, cur\u0103\u021bare sau instalare \u0219i a\u0219a mai departe. O pute\u021bi muta cu u\u0219urin\u021b\u0103 \u00een zona de lucru potrivit\u0103.<br \/>\no singur\u0103 persoan\u0103 care s\u0103 opereze la platform\u0103 pentru deplasarea \u00eenapoi, \u00eenainte, \u00eentoarcere, chiar \u0219i la \u00een\u0103l\u021bimea maxim\u0103. De asemenea, acest tip de <a href=\"https:\/\/www.buildinglift.com\/product\/automatic-10-25m-high-quality-elevator-scissor-lift-350-500-800kg-1-ton-hydraulic-electric-lift-with-attachments\/\">platform\u0103 mobil\u0103 cu foarfec\u0103<\/a> poate fi instalat cu roata ac\u021bionat\u0103 pentru a-l mi\u0219ca manual f\u0103r\u0103 nicio dificultate.<\/p>\n<p><a href=\"https:\/\/www.buildinglift.com\/wp-content\/uploads\/H559669909c4843a4bcc8e5cda100bf0fH.png\"><img fetchpriority=\"high\" decoding=\"async\" class=\"alignnone size-full wp-image-5901\" src=\"https:\/\/www.buildinglift.com\/wp-content\/uploads\/H559669909c4843a4bcc8e5cda100bf0fH.png\" alt=\"\" width=\"790\" height=\"495\" srcset=\"https:\/\/www.buildinglift.com\/wp-content\/uploads\/H559669909c4843a4bcc8e5cda100bf0fH.png 790w, https:\/\/www.buildinglift.com\/wp-content\/uploads\/H559669909c4843a4bcc8e5cda100bf0fH-600x376.png 600w, https:\/\/www.buildinglift.com\/wp-content\/uploads\/H559669909c4843a4bcc8e5cda100bf0fH-300x188.png 300w, https:\/\/www.buildinglift.com\/wp-content\/uploads\/H559669909c4843a4bcc8e5cda100bf0fH-768x481.png 768w, https:\/\/www.buildinglift.com\/wp-content\/uploads\/H559669909c4843a4bcc8e5cda100bf0fH-18x12.png 18w\" sizes=\"(max-width: 790px) 100vw, 790px\" \/><\/a><\/p>","protected":false},"excerpt":{"rendered":"<p>Platforma noastr\u0103 mobil\u0103 tip foarfec\u0103 este utilizat\u0103 \u00een principal pentru ridicarea lucr\u0103torilor la \u00een\u0103l\u021bime pentru repara\u021bii, \u00eentre\u021binere, cur\u0103\u021bare sau instalare \u0219i a\u0219a mai departe. O pute\u021bi muta cu u\u0219urin\u021b\u0103 \u00een zona de lucru potrivit\u0103.<\/p>","protected":false},"featured_media":5900,"template":"","meta":[],"product_brand":[],"product_cat":[149],"product_tag":[],"class_list":{"0":"post-5896","1":"product","2":"type-product","3":"status-publish","4":"has-post-thumbnail","6":"product_cat-elevator-scissor-lift","8":"first","9":"instock","10":"shipping-taxable","11":"product-type-simple"},"acf":[],"_links":{"self":[{"href":"https:\/\/www.buildinglift.com\/ro\/wp-json\/wp\/v2\/product\/5896","targetHints":{"allow":["GET"]}}],"collection":[{"href":"https:\/\/www.buildinglift.com\/ro\/wp-json\/wp\/v2\/product"}],"about":[{"href":"https:\/\/www.buildinglift.com\/ro\/wp-json\/wp\/v2\/types\/product"}],"version-history":[{"count":0,"href":"https:\/\/www.buildinglift.com\/ro\/wp-json\/wp\/v2\/product\/5896\/revisions"}],"wp:featuredmedia":[{"embeddable":true,"href":"https:\/\/www.buildinglift.com\/ro\/wp-json\/wp\/v2\/media\/5900"}],"wp:attachment":[{"href":"https:\/\/www.buildinglift.com\/ro\/wp-json\/wp\/v2\/media?parent=5896"}],"wp:term":[{"taxonomy":"product_brand","embeddable":true,"href":"https:\/\/www.buildinglift.com\/ro\/wp-json\/wp\/v2\/product_brand?post=5896"},{"taxonomy":"product_cat","embeddable":true,"href":"https:\/\/www.buildinglift.com\/ro\/wp-json\/wp\/v2\/product_cat?post=5896"},{"taxonomy":"product_tag","embeddable":true,"href":"https:\/\/www.buildinglift.com\/ro\/wp-json\/wp\/v2\/product_tag?post=5896"}],"curies":[{"name":"wp","href":"https:\/\/api.w.org\/{rel}","templated":true}]}}