{"id":5849,"date":"2023-10-19T11:07:37","date_gmt":"2023-10-19T11:07:37","guid":{"rendered":"https:\/\/www.buildinglift.com\/?post_type=product&#038;p=5849"},"modified":"2023-12-12T22:25:28","modified_gmt":"2023-12-13T06:25:28","slug":"mini-macara-de-ridicare-mica-pentru-echipamente-de-constructii-de-360-de-grade","status":"publish","type":"product","link":"https:\/\/www.buildinglift.com\/ro\/produs\/mini-macara-de-ridicare-mica-pentru-echipamente-de-constructii-de-360-de-grade\/","title":{"rendered":"Macara de ridicare mic\u0103 pentru echipamente de construc\u021bii de 360 de grade"},"content":{"rendered":"<p>Caracteristicile produsului:<br \/>\n1. Suport din o\u021bel aliat, sudare f\u0103r\u0103 sudur\u0103, durabil<br \/>\n2. Motor, motor complet din cupru, disipare rapid\u0103 a c\u0103ldurii \u0219i durat\u0103 lung\u0103 de via\u021b\u0103.<br \/>\n3. Flan\u0219\u0103, plac\u0103 de flan\u0219\u0103 \u00eengro\u0219at\u0103, solid\u0103 \u0219i fiabil\u0103.<br \/>\n4. Arbore rotativ, rulment dublu, rota\u021bie de 360 de grade.<\/p>\n<p><a href=\"https:\/\/www.buildinglift.com\/product\/mini-360-degree-construction-equipment-small-lifting-crane\/\">Macara de construc\u021bii mini<\/a> Introducere:<br \/>\nMacaraua de construc\u021bii mini este foarte portabil\u0103, mai rapid\u0103 de utilizat, cu un m\u00e2ner rotativ la 360 de grade, care rezolv\u0103 problema r\u0103sucirii fr\u00e2nghiei \u0219i a dificult\u0103\u021bii de rotire \u00een timpul lucrului. Nu exist\u0103 nicio \u00eendoial\u0103 c\u0103 macaralele de construc\u021bii mici economisesc mult\u0103 for\u021b\u0103 de munc\u0103 \u0219i cresc eficien\u021ba ridic\u0103rii, \u00een special pentru zonele cu ferestre mici.<br \/>\nMacaraua de construc\u021bii mini este destul de sigur\u0103 datorit\u0103 multiplelor sale sisteme de protec\u021bie, cum ar fi protec\u021bia la suprasarcin\u0103, protec\u021bia la suprasarcin\u0103 de curent, protec\u021bia la c\u0103dere de tensiune \u0219i dispozitivele de pozi\u021bionare automat\u0103, care pot preveni eficient mi\u0219carea la st\u00e2nga \u0219i la dreapta a bra\u021bului rotativ, ceea ce o face mai sigur\u0103. \u00cen plus, unitatea de alimentare este op\u021bional\u0103 \u0219i poate fi utilizat\u0103 \u00een motoare diesel, motoare pe benzin\u0103 sau motoare electrice. Am dezvoltat mai multe mini macarale de construc\u021bii pentru dvs., \u00een func\u021bie de cerin\u021bele diferi\u021bilor clien\u021bi.<br \/>\nMacaralele de construc\u021bie mini pot fi utilizate \u00een zone cu ferestre mici, ceea ce a schimbat deficien\u021bele ma\u0219inilor de ridicare anterioare \u0219i nu pot fi utilizate \u00een ferestre mici \u0219i spa\u021bii \u00eenguste. \u00cen plus, acestea evit\u0103 problema ca bra\u021bul rotativ s\u0103 fie prea scurt fa\u021b\u0103 de fereastr\u0103, ceea ce reprezint\u0103 un avantaj \u0219i o diferen\u021b\u0103 pe care alte macarale portabile nu o au.<br \/>\nMacaraua de construc\u021bii mini este numit\u0103 \u0219i mini lift, mini macara, mini lift electric, macara de ridicare mic\u0103, mini macara manual\u0103 mobil\u0103 portabil\u0103 cu bra\u021b, macara cu gruie, palane cu macarale mobile mici, macara portabil\u0103 mic\u0103, macara electric\u0103 portabil\u0103 pentru exterior, macara flexibil\u0103 rotativ\u0103 pentru ridicarea camionului, mini macara montat\u0103 pe ma\u0219in\u0103, mini palan, mini macara pentru exterior, macara portabil\u0103 de podea, mini macara pentru scule de ridicare cu palan, macara de ridicare portabil\u0103. <a href=\"https:\/\/www.buildinglift.com\/product-category\/construction-mini-crane\/\">macara rotativ\u0103 de 360 de grade pentru exterior<\/a>, macara electric\u0103 mini pentru teren plat, mini macara mic\u0103 pentru construc\u021bii de cl\u0103diri, mini macara pentru construc\u021bii, macarale montate pe camion \u0219i macarale cu bra\u021b mic.<\/p>","protected":false},"excerpt":{"rendered":"<p>Mini macaraua de construc\u021bii este foarte portabil\u0103, mai rapid\u0103 de utilizat, cu un m\u00e2ner rotativ la 360 de grade, care rezolv\u0103 problema r\u0103sucirii fr\u00e2nghiei \u0219i a dificult\u0103\u021bii de rotire \u00een timpul lucrului.<\/p>","protected":false},"featured_media":5851,"template":"","meta":[],"product_brand":[],"product_cat":[148],"product_tag":[163,162],"class_list":{"0":"post-5849","1":"product","2":"type-product","3":"status-publish","4":"has-post-thumbnail","6":"product_cat-construction-mini-crane","7":"product_tag-mini-crane","8":"product_tag-small-lifting-crane","10":"first","11":"instock","12":"shipping-taxable","13":"product-type-simple"},"acf":[],"_links":{"self":[{"href":"https:\/\/www.buildinglift.com\/ro\/wp-json\/wp\/v2\/product\/5849","targetHints":{"allow":["GET"]}}],"collection":[{"href":"https:\/\/www.buildinglift.com\/ro\/wp-json\/wp\/v2\/product"}],"about":[{"href":"https:\/\/www.buildinglift.com\/ro\/wp-json\/wp\/v2\/types\/product"}],"version-history":[{"count":0,"href":"https:\/\/www.buildinglift.com\/ro\/wp-json\/wp\/v2\/product\/5849\/revisions"}],"wp:featuredmedia":[{"embeddable":true,"href":"https:\/\/www.buildinglift.com\/ro\/wp-json\/wp\/v2\/media\/5851"}],"wp:attachment":[{"href":"https:\/\/www.buildinglift.com\/ro\/wp-json\/wp\/v2\/media?parent=5849"}],"wp:term":[{"taxonomy":"product_brand","embeddable":true,"href":"https:\/\/www.buildinglift.com\/ro\/wp-json\/wp\/v2\/product_brand?post=5849"},{"taxonomy":"product_cat","embeddable":true,"href":"https:\/\/www.buildinglift.com\/ro\/wp-json\/wp\/v2\/product_cat?post=5849"},{"taxonomy":"product_tag","embeddable":true,"href":"https:\/\/www.buildinglift.com\/ro\/wp-json\/wp\/v2\/product_tag?post=5849"}],"curies":[{"name":"wp","href":"https:\/\/api.w.org\/{rel}","templated":true}]}}