{"id":5709,"date":"2023-09-22T14:28:00","date_gmt":"2023-09-22T14:28:00","guid":{"rendered":"https:\/\/www.buildinglift.com\/?post_type=product&#038;p=5709"},"modified":"2023-12-12T22:22:21","modified_gmt":"2023-12-13T06:22:21","slug":"window-cleaning-suspended-working-platform","status":"publish","type":"product","link":"https:\/\/www.buildinglift.com\/ro\/produs\/window-cleaning-suspended-working-platform\/","title":{"rendered":"Platform\u0103 de lucru suspendat\u0103 pentru cur\u0103\u021barea geamurilor"},"content":{"rendered":"<p>Window cleaning suspended platform composed by working platform and the suspension system. It is easy to assemble and disassemble, set with the safety device, it is safe for high altitude work.<\/p>\n<p><strong>Product details<br \/>\n<\/strong>\u2013<a href=\"https:\/\/www.buildinglift.com\/product\/window-cleaning-suspended-working-platform\/\"> Accessories of working platform<\/a><br \/>\nElectric control box: scientific design, waterproof and anti-collision<br \/>\nSafety lock: high intensive stainless steel, 100% qualified<br \/>\nWire rope: diameter 8.3mm<br \/>\nCable: GB2.0 level, natural weather resistance rubber<br \/>\nHoist: high quality, durable<br \/>\nFour kinds of counter weight you can choose: Iron-cast, concrete, concrete with steel cover or concrete with zinc coated.<br \/>\n\u2013 The suspension mechanism is applicable to different types of roofs and convenient to deliver building materials. Also we provide parapet clamps device.<\/p>\n<p>Seria ZLP, un echipament de acces suspendat temporar, este o crea\u021bie inovatoare a companiei SUCCESS. Func\u021bia sa principal\u0103 este de ma\u0219in\u0103 de decorare electric\u0103 de tip c\u0103\u021b\u0103r\u0103tor, utilizat\u0103 predominant pentru construc\u021bia, decorarea, cur\u0103\u021barea \u0219i \u00eentre\u021binerea cl\u0103dirilor \u00eenalte \u0219i cu mai multe etaje. Versatilitatea sa permite utilizarea sa \u00een alte opera\u021biuni inginere\u0219ti, cum ar fi instalarea de ascensoare, construc\u021bia de rezervoare mari, construc\u021bia de poduri \u0219i lucr\u0103ri de baraje.<\/p>\n<p>Seria ZLP se remarc\u0103 prin calitatea superioar\u0103 \u0219i serviciile profesionale. Pe m\u0103sur\u0103 ce reputa\u021bia \u0219i credibilitatea sa au crescut, la fel a crescut \u0219i acoperirea sa interna\u021bional\u0103. Produsele companiei SUCCESS sunt exportate acum \u00een peste 70 de \u021b\u0103ri \u0219i regiuni, inclusiv Singapore, Rusia, Emiratele Arabe Unite, Chile \u0219i Peru. Angajamentul companiei fa\u021b\u0103 de excelen\u021b\u0103 se reflect\u0103 \u00een produsele sale, care au \u00eendeplinit standardele europene \u0219i au primit certificarea CE.<\/p>\n<p>Putem proiecta \u0219i realiza tot felul de platforme suspendate speciale pentru a se potrivi oric\u0103ror condi\u021bii \u0219i pentru a \u00eendeplini cerin\u021bele speciale propuse de clien\u021bi. Cum ar fi platforme pentru o singur\u0103 persoan\u0103 cu picior \u00een L, platforme suspendate \u00eenclinate, platforme cu etaj dublu, gondole BMU, scaune suspendate pentru o singur\u0103 persoan\u0103, platforme suspendate circulare, etrieri mobili, platforme suspendate ZLP350.<\/p>\n<p>Cunoscut\u0103 ca utilaj de construc\u021bii pentru mare altitudine\/acces \u00eenalt, platforma suspendat\u0103 este recunoscut\u0103 sub diverse denumiri \u00een \u00eentreaga lume. \u00cen America de Nord, este denumit\u0103 platforma suspendat\u0103 (swing scen), \u00een timp ce \u00een Vietnam este cunoscut\u0103 sub numele de gondola San Treo. \u00cen Rusia, se nume\u0219te platforma suspendat\u0103 (\u0444\u0430\u0441\u0430\u0434\u043d\u044b\u0445 \u043f\u043e\u0434\u0432\u0435\u0441\u043d\u044b\u0445 \u043f\u043b\u043e\u0449\u0430\u0434\u043e\u043a). \u021a\u0103rile vorbitoare de limb\u0103 spaniol\u0103, inclusiv Chile, Peru, Columbia, Argentina \u0219i Spania, o denumesc platforma suspendat\u0103 (andamios colgantes) sau plataformas suspendidas (plataformas suspendidas).<\/p>\n<p>\u00cen lumea utilajelor de construc\u021bii, seria ZLP de la SUCCESS Company \u0219i-a creat o ni\u0219\u0103. Versatilitatea, calitatea superioar\u0103 \u0219i gama larg\u0103 de aplica\u021bii o fac un instrument indispensabil pentru proiectele de cl\u0103diri \u00eenalte \u0219i cu mai multe etaje. Ca o dovad\u0103 a succesului s\u0103u, seria ZLP a ajuns \u00een peste 70 de \u021b\u0103ri \u0219i regiuni, \u00eendeplinind standardele europene \u0219i ob\u021bin\u00e2nd certificarea CE pe parcurs.<\/p>\n<p>Whether it&#8217;s known as the swing stage in North America, San treo gondola in Vietnam, \u0444\u0430\u0441\u0430\u0434\u043d\u044b\u0445 \u043f\u043e\u0434\u0432\u0435\u0441\u043d\u044b\u0445 \u043f\u043b\u043e\u0449\u0430\u0434\u043e\u043a in Russia, or andamios colgantes and <a href=\"https:\/\/www.buildinglift.com\/product\/window-cleaning-suspended-working-platform\/\">plataformas suspendidas<\/a> in Spanish-speaking countries, the ZLP series is recognized and valued for its contribution to high altitude\/high access construction projects. As SUCCESS Company continues to innovate and improve, the ZLP series is set to remain a staple in the construction industry worldwide.<\/p>\n<p><strong>Platform\u0103 de ridicare suspendat\u0103 \u2013 Durat\u0103 lung\u0103 de via\u021b\u0103.<\/strong><br \/>\n1. Corpul turnat este fabricat dintr-un material special de aluminiu \u0219i este prelucrat \u00eentr-un centru de prelucrare importat prin procesul de turnare gravita\u021bional\u0103. Produsul are o precizie \u0219i o durabilitate bune. Piesele turnate sunt mai rezistente la c\u0103dere dec\u00e2t piesele turnate sub presiune \u0219i sunt mai pu\u021bin predispuse la fisuri.<br \/>\n2. Materialul discului de ac\u021bionare este 40Cr, cu o greutate de 5,4 kg, iar dup\u0103 revenire \u0219i tratament de nitrurare a suprafe\u021bei, acesta este mai rezistent la uzur\u0103 \u0219i mai durabil.<br \/>\n3. Roata melcat\u0103 este fabricat\u0103 din bronz staniu-fosforic 9-4, 0,94 kg, cu o tenacitate \u0219i o rezisten\u021b\u0103 bune la uzur\u0103. Materialul melcului \u0219i al arborelui din\u021bat este 38CrMoA1, din care melcul are 0,48 kg, av\u00e2nd o tenacitate \u0219i o rezisten\u021b\u0103 bune la uzur\u0103.<br \/>\n4. Ghidajul cablului este fabricat dintr-un material special din o\u021bel inoxidabil rezistent la uzur\u0103, care nu se deterioreaz\u0103 u\u0219or \u0219i nu provoac\u0103 blocaje. Costul defectului este extrem de sc\u0103zut \u0219i, \u00een general, nu necesit\u0103 \u00eenlocuire.<\/p>","protected":false},"excerpt":{"rendered":"<p><strong>Nr. model<\/strong>.: ZLP630<br \/>\n<strong>Material<\/strong>:\u00a0 Aluminum alloy or steel<br \/>\n<strong>Sarcin\u0103 nominal\u0103<\/strong>:\u00a0 630kg<br \/>\n<strong>\u00cen\u0103l\u021bimea de ridicare<\/strong>: 100M or 150M<br \/>\n<strong>Vitez\u0103 de ridicare<\/strong>:\u00a0 9.6m\/min<br \/>\n<strong>Dimensiuni (L*l*\u00ce)<\/strong>: (2000mm*3) *690mm*1300mm<br \/>\n<strong>Calificarea produc\u021biei<\/strong><br \/>\nAm trecut certific\u0103rile ISO9001:2008, CE \u0219i EAC.<\/p>","protected":false},"featured_media":5712,"template":"","meta":[],"product_brand":[],"product_cat":[147],"product_tag":[],"class_list":{"0":"post-5709","1":"product","2":"type-product","3":"status-publish","4":"has-post-thumbnail","6":"product_cat-suspended-platform","8":"first","9":"instock","10":"shipping-taxable","11":"product-type-simple"},"acf":[],"_links":{"self":[{"href":"https:\/\/www.buildinglift.com\/ro\/wp-json\/wp\/v2\/product\/5709","targetHints":{"allow":["GET"]}}],"collection":[{"href":"https:\/\/www.buildinglift.com\/ro\/wp-json\/wp\/v2\/product"}],"about":[{"href":"https:\/\/www.buildinglift.com\/ro\/wp-json\/wp\/v2\/types\/product"}],"version-history":[{"count":0,"href":"https:\/\/www.buildinglift.com\/ro\/wp-json\/wp\/v2\/product\/5709\/revisions"}],"wp:featuredmedia":[{"embeddable":true,"href":"https:\/\/www.buildinglift.com\/ro\/wp-json\/wp\/v2\/media\/5712"}],"wp:attachment":[{"href":"https:\/\/www.buildinglift.com\/ro\/wp-json\/wp\/v2\/media?parent=5709"}],"wp:term":[{"taxonomy":"product_brand","embeddable":true,"href":"https:\/\/www.buildinglift.com\/ro\/wp-json\/wp\/v2\/product_brand?post=5709"},{"taxonomy":"product_cat","embeddable":true,"href":"https:\/\/www.buildinglift.com\/ro\/wp-json\/wp\/v2\/product_cat?post=5709"},{"taxonomy":"product_tag","embeddable":true,"href":"https:\/\/www.buildinglift.com\/ro\/wp-json\/wp\/v2\/product_tag?post=5709"}],"curies":[{"name":"wp","href":"https:\/\/api.w.org\/{rel}","templated":true}]}}