{"id":5703,"date":"2023-09-22T14:20:30","date_gmt":"2023-09-22T14:20:30","guid":{"rendered":"https:\/\/www.buildinglift.com\/?post_type=product&#038;p=5703"},"modified":"2023-12-12T22:20:51","modified_gmt":"2023-12-13T06:20:51","slug":"exterior-window-cleaning-hanging-platform-custom-made-vertical-custom-suspended-platform","status":"publish","type":"product","link":"https:\/\/www.buildinglift.com\/ro\/produs\/exterior-window-cleaning-hanging-platform-custom-made-vertical-custom-suspended-platform\/","title":{"rendered":"Platform\u0103 suspendat\u0103 vertical\u0103 personalizat\u0103 pentru cur\u0103\u021barea geamurilor exterioare \/ Platform\u0103 suspendat\u0103 personalizat\u0103"},"content":{"rendered":"<p>Putem proiecta \u0219i realiza tot felul de platforme suspendate speciale pentru a se potrivi oric\u0103ror condi\u021bii \u0219i pentru a \u00eendeplini cerin\u021bele speciale propuse de clien\u021bi. Cum ar fi platforme pentru o singur\u0103 persoan\u0103 cu picior \u00een L, platforme suspendate \u00eenclinate, platforme cu etaj dublu, gondole BMU, scaune suspendate pentru o singur\u0103 persoan\u0103, platforme suspendate circulare, etrieri mobili, platforme suspendate ZLP350.<\/p>\n<p><strong>Caracteristica \u0219i aplica\u021bia produsului<\/strong><br \/>\n\u2013 High quality with competitive price<br \/>\n\u2013 Easy to assemble<br \/>\n\u2013 Smoothly control<br \/>\n\u2013 The working height can be adjusted<br \/>\n\u2013 The voltage can be adjusted<br \/>\n\u2013 Durable and safe<\/p>\n<p>Seria ZLP se remarc\u0103 prin calitatea superioar\u0103 \u0219i serviciile profesionale. Pe m\u0103sur\u0103 ce reputa\u021bia \u0219i credibilitatea sa au crescut, la fel a crescut \u0219i acoperirea sa interna\u021bional\u0103. Produsele companiei SUCCESS sunt exportate acum \u00een peste 70 de \u021b\u0103ri \u0219i regiuni, inclusiv Singapore, Rusia, Emiratele Arabe Unite, Chile \u0219i Peru. Angajamentul companiei fa\u021b\u0103 de excelen\u021b\u0103 se reflect\u0103 \u00een produsele sale, care au \u00eendeplinit standardele europene \u0219i au primit certificarea CE.<\/p>\n<p>Putem proiecta \u0219i realiza tot felul de platforme suspendate speciale pentru a se potrivi oric\u0103ror condi\u021bii \u0219i pentru a \u00eendeplini cerin\u021bele speciale propuse de clien\u021bi. Cum ar fi platforme pentru o singur\u0103 persoan\u0103 cu picior \u00een L, platforme suspendate \u00eenclinate, platforme cu etaj dublu, gondole BMU, scaune suspendate pentru o singur\u0103 persoan\u0103, platforme suspendate circulare, etrieri mobili, platforme suspendate ZLP350.<\/p>\n<p><strong><a href=\"https:\/\/www.buildinglift.com\/product\/exterior-window-cleaning-hanging-platform-custom-made-vertical-custom-suspended-platform\/\">Platform\u0103 suspendat\u0103<\/a> Hoist&#8211;Long Lasting Lifetime<\/strong><br \/>\n1. Corpul turnat este fabricat dintr-un material special de aluminiu \u0219i este prelucrat \u00eentr-un centru de prelucrare importat prin procesul de turnare gravita\u021bional\u0103. Produsul are o precizie \u0219i o durabilitate bune. Piesele turnate sunt mai rezistente la c\u0103dere dec\u00e2t piesele turnate sub presiune \u0219i sunt mai pu\u021bin predispuse la fisuri.<br \/>\n2. Materialul discului de ac\u021bionare este 40Cr, cu o greutate de 5,4 kg, iar dup\u0103 revenire \u0219i tratament de nitrurare a suprafe\u021bei, acesta este mai rezistent la uzur\u0103 \u0219i mai durabil.<br \/>\n3. Roata melcat\u0103 este fabricat\u0103 din bronz staniu-fosforic 9-4, 0,94 kg, cu o tenacitate \u0219i o rezisten\u021b\u0103 bune la uzur\u0103. Materialul melcului \u0219i al arborelui din\u021bat este 38CrMoA1, din care melcul are 0,48 kg, av\u00e2nd o tenacitate \u0219i o rezisten\u021b\u0103 bune la uzur\u0103.<br \/>\n4. Ghidajul cablului este fabricat dintr-un material special din o\u021bel inoxidabil rezistent la uzur\u0103, care nu se deterioreaz\u0103 u\u0219or \u0219i nu provoac\u0103 blocaje. Costul defectului este extrem de sc\u0103zut \u0219i, \u00een general, nu necesit\u0103 \u00eenlocuire.<\/p>","protected":false},"excerpt":{"rendered":"<p><strong>Model No.<\/strong>: ZLP1000 ZLP800 ZLP630 ZLP500<br \/>\n<strong>Material<\/strong>: steel or aluminum alloy\uff08recommend\uff09<br \/>\n<strong>Sarcin\u0103 nominal\u0103<\/strong>: 1000KG 800KG 600KG\u2026<br \/>\n<strong>\u00cen\u0103l\u021bimea de ridicare<\/strong>: 100M to 150M<br \/>\n<strong>Lifting speed<\/strong>: 9-11m\/min<br \/>\n<strong>Calificarea produc\u021biei<\/strong><br \/>\nAm trecut certific\u0103rile ISO9001:2008, CE \u0219i EAC.<\/p>","protected":false},"featured_media":5708,"template":"","meta":[],"product_brand":[],"product_cat":[147],"product_tag":[155,154],"class_list":{"0":"post-5703","1":"product","2":"type-product","3":"status-publish","4":"has-post-thumbnail","6":"product_cat-suspended-platform","7":"product_tag-custom-suspended-platform","8":"product_tag-exterior-window-cleaning-hanging-platform-custom-made-vertical","10":"first","11":"instock","12":"shipping-taxable","13":"product-type-simple"},"acf":[],"_links":{"self":[{"href":"https:\/\/www.buildinglift.com\/ro\/wp-json\/wp\/v2\/product\/5703","targetHints":{"allow":["GET"]}}],"collection":[{"href":"https:\/\/www.buildinglift.com\/ro\/wp-json\/wp\/v2\/product"}],"about":[{"href":"https:\/\/www.buildinglift.com\/ro\/wp-json\/wp\/v2\/types\/product"}],"version-history":[{"count":0,"href":"https:\/\/www.buildinglift.com\/ro\/wp-json\/wp\/v2\/product\/5703\/revisions"}],"wp:featuredmedia":[{"embeddable":true,"href":"https:\/\/www.buildinglift.com\/ro\/wp-json\/wp\/v2\/media\/5708"}],"wp:attachment":[{"href":"https:\/\/www.buildinglift.com\/ro\/wp-json\/wp\/v2\/media?parent=5703"}],"wp:term":[{"taxonomy":"product_brand","embeddable":true,"href":"https:\/\/www.buildinglift.com\/ro\/wp-json\/wp\/v2\/product_brand?post=5703"},{"taxonomy":"product_cat","embeddable":true,"href":"https:\/\/www.buildinglift.com\/ro\/wp-json\/wp\/v2\/product_cat?post=5703"},{"taxonomy":"product_tag","embeddable":true,"href":"https:\/\/www.buildinglift.com\/ro\/wp-json\/wp\/v2\/product_tag?post=5703"}],"curies":[{"name":"wp","href":"https:\/\/api.w.org\/{rel}","templated":true}]}}