{"id":5695,"date":"2023-09-22T14:04:59","date_gmt":"2023-09-22T14:04:59","guid":{"rendered":"https:\/\/www.buildinglift.com\/?post_type=product&#038;p=5695"},"modified":"2023-12-12T22:19:40","modified_gmt":"2023-12-13T06:19:40","slug":"temporary-suspended-platforms-tsp","status":"publish","type":"product","link":"https:\/\/www.buildinglift.com\/ro\/produs\/temporary-suspended-platforms-tsp\/","title":{"rendered":"Platforme suspendate temporare (TSP)"},"content":{"rendered":"<p>A suspended platform incorporates a steel or aluminum platform that can be raised or lowered when in use. Other frequently used terms are \u2018suspended cradle\u2019 and \u2018swing stage platform. They can be assembled from scaffolding. The <a href=\"https:\/\/www.buildinglift.com\/product-category\/suspended-platform\/\">suspended platform<\/a> is an efficient modern overhead operation equipment that can replace traditional scaffolding and reuse. General suspended platform hoist can be divided into manual and electric hoist.<\/p>\n<p><strong>Product Feature<\/strong><br \/>\n\u2013 High quality product: variety types for selection, prompt delivery<br \/>\n\u2013 Strict quality management system<br \/>\n\u2013 Easy to install<br \/>\n\u2013 Smooth operating without noise<br \/>\n\u2013 Professional service<br \/>\nIn general, the goods is shipping by sea, the delivery time is about 10-15 days, customized platform will be delivered as the negotiation with our clients. All after-sale request will be responded in 24 hours.<\/p>\n<p>Seria ZLP, un echipament de acces suspendat temporar, este o crea\u021bie inovatoare a companiei SUCCESS. Func\u021bia sa principal\u0103 este de ma\u0219in\u0103 de decorare electric\u0103 de tip c\u0103\u021b\u0103r\u0103tor, utilizat\u0103 predominant pentru construc\u021bia, decorarea, cur\u0103\u021barea \u0219i \u00eentre\u021binerea cl\u0103dirilor \u00eenalte \u0219i cu mai multe etaje. Versatilitatea sa permite utilizarea sa \u00een alte opera\u021biuni inginere\u0219ti, cum ar fi instalarea de ascensoare, construc\u021bia de rezervoare mari, construc\u021bia de poduri \u0219i lucr\u0103ri de baraje.<\/p>\n<p>Seria ZLP se remarc\u0103 prin calitatea superioar\u0103 \u0219i serviciile profesionale. Pe m\u0103sur\u0103 ce reputa\u021bia \u0219i credibilitatea sa au crescut, la fel a crescut \u0219i acoperirea sa interna\u021bional\u0103. Produsele companiei SUCCESS sunt exportate acum \u00een peste 70 de \u021b\u0103ri \u0219i regiuni, inclusiv Singapore, Rusia, Emiratele Arabe Unite, Chile \u0219i Peru. Angajamentul companiei fa\u021b\u0103 de excelen\u021b\u0103 se reflect\u0103 \u00een produsele sale, care au \u00eendeplinit standardele europene \u0219i au primit certificarea CE.<\/p>\n<p>We can design and make all kinds of special suspended platform to suit for any conditions and to meet special requirements proposed by the customers. Such as L leg single person platform, angled suspended platform, double deck platform, BMU gondola, single person suspended chair, circle suspended platform, movable end stirrup, <a href=\"https:\/\/www.buildinglift.com\/product\/temporary-suspended-platforms-tsp\/\">ZLP350 suspended platform<\/a>.<\/p>\n<p>Cunoscut\u0103 ca utilaj de construc\u021bii pentru mare altitudine\/acces \u00eenalt, platforma suspendat\u0103 este recunoscut\u0103 sub diverse denumiri \u00een \u00eentreaga lume. \u00cen America de Nord, este denumit\u0103 platforma suspendat\u0103 (swing scen), \u00een timp ce \u00een Vietnam este cunoscut\u0103 sub numele de gondola San Treo. \u00cen Rusia, se nume\u0219te platforma suspendat\u0103 (\u0444\u0430\u0441\u0430\u0434\u043d\u044b\u0445 \u043f\u043e\u0434\u0432\u0435\u0441\u043d\u044b\u0445 \u043f\u043b\u043e\u0449\u0430\u0434\u043e\u043a). \u021a\u0103rile vorbitoare de limb\u0103 spaniol\u0103, inclusiv Chile, Peru, Columbia, Argentina \u0219i Spania, o denumesc platforma suspendat\u0103 (andamios colgantes) sau plataformas suspendidas (plataformas suspendidas).<\/p>\n<p>\u00cen lumea utilajelor de construc\u021bii, seria ZLP de la SUCCESS Company \u0219i-a creat o ni\u0219\u0103. Versatilitatea, calitatea superioar\u0103 \u0219i gama larg\u0103 de aplica\u021bii o fac un instrument indispensabil pentru proiectele de cl\u0103diri \u00eenalte \u0219i cu mai multe etaje. Ca o dovad\u0103 a succesului s\u0103u, seria ZLP a ajuns \u00een peste 70 de \u021b\u0103ri \u0219i regiuni, \u00eendeplinind standardele europene \u0219i ob\u021bin\u00e2nd certificarea CE pe parcurs.<\/p>\n<p>Fie c\u0103 este cunoscut\u0103 sub numele de \u201escena pivotant\u0103\u201d \u00een America de Nord, \u201egondola San Treo\u201d \u00een Vietnam, \u201efasadn\u044b\u0445 \u043f\u043e\u0434\u0432\u0435\u0441\u043d\u044b\u0445 \u043f\u043b\u043e\u0449\u0430\u0434\u043e\u043a\u201d \u00een Rusia sau \u201eandamios colgantes\u201d \u0219i \u201eplatformas suspendidas\u201d \u00een \u021b\u0103rile vorbitoare de limb\u0103 spaniol\u0103, seria ZLP este recunoscut\u0103 \u0219i apreciat\u0103 pentru contribu\u021bia sa la proiectele de construc\u021bii la mare altitudine\/acces ridicat. Pe m\u0103sur\u0103 ce compania SUCCESS continu\u0103 s\u0103 inoveze \u0219i s\u0103 se perfec\u021bioneze, seria ZLP este menit\u0103 s\u0103 r\u0103m\u00e2n\u0103 un element de baz\u0103 \u00een industria construc\u021biilor la nivel mondial.<\/p>\n<p><strong>To ensure safe operation without danger to personnel, the platform is fitted with the following safety devices:<\/strong><br \/>\n1. Service brake incorporated in the LTD hoist.<br \/>\n2. Two fall arrest devices acting on the safety wire ropes.<br \/>\n3. Two upper limit switches.<br \/>\n4. No power descent in case of power failure.<br \/>\n5. Emergency stop.<\/p>","protected":false},"excerpt":{"rendered":"<p><strong>Model No.<\/strong>: ZLP500,ZLP630, ZLP800, ZLP1000<br \/>\n<strong>Material<\/strong>: Steel painted, galvanized or aluminum alloy<br \/>\n<strong>Rated Load<\/strong>: 630KG,800KG,1000KG<br \/>\n<strong>Dimensiuni (L*l*\u00ce)<\/strong>:(2000mm*3)*690mm*1300mm (2500mm*3)*690mm*1300mm<br \/>\n<strong>Lifting speed<\/strong>9,6 m\/min<br \/>\n<strong>Calificarea produc\u021biei<\/strong><br \/>\nAm trecut certific\u0103rile ISO9001:2008, CE \u0219i EAC.<\/p>","protected":false},"featured_media":5699,"template":"","meta":[],"product_brand":[],"product_cat":[147],"product_tag":[153],"class_list":{"0":"post-5695","1":"product","2":"type-product","3":"status-publish","4":"has-post-thumbnail","6":"product_cat-suspended-platform","7":"product_tag-temporary-suspended-platforms","9":"first","10":"instock","11":"shipping-taxable","12":"product-type-simple"},"acf":[],"_links":{"self":[{"href":"https:\/\/www.buildinglift.com\/ro\/wp-json\/wp\/v2\/product\/5695","targetHints":{"allow":["GET"]}}],"collection":[{"href":"https:\/\/www.buildinglift.com\/ro\/wp-json\/wp\/v2\/product"}],"about":[{"href":"https:\/\/www.buildinglift.com\/ro\/wp-json\/wp\/v2\/types\/product"}],"version-history":[{"count":0,"href":"https:\/\/www.buildinglift.com\/ro\/wp-json\/wp\/v2\/product\/5695\/revisions"}],"wp:featuredmedia":[{"embeddable":true,"href":"https:\/\/www.buildinglift.com\/ro\/wp-json\/wp\/v2\/media\/5699"}],"wp:attachment":[{"href":"https:\/\/www.buildinglift.com\/ro\/wp-json\/wp\/v2\/media?parent=5695"}],"wp:term":[{"taxonomy":"product_brand","embeddable":true,"href":"https:\/\/www.buildinglift.com\/ro\/wp-json\/wp\/v2\/product_brand?post=5695"},{"taxonomy":"product_cat","embeddable":true,"href":"https:\/\/www.buildinglift.com\/ro\/wp-json\/wp\/v2\/product_cat?post=5695"},{"taxonomy":"product_tag","embeddable":true,"href":"https:\/\/www.buildinglift.com\/ro\/wp-json\/wp\/v2\/product_tag?post=5695"}],"curies":[{"name":"wp","href":"https:\/\/api.w.org\/{rel}","templated":true}]}}