{"id":5654,"date":"2023-09-22T11:02:41","date_gmt":"2023-09-22T11:02:41","guid":{"rendered":"https:\/\/www.buildinglift.com\/?post_type=product&#038;p=5654"},"modified":"2023-12-12T22:17:02","modified_gmt":"2023-12-13T06:17:02","slug":"platforma-suspendata-din-aliaj-de-aluminiu-platforma-electrica-suspendata-pentru-gondola-pentru-curatarea-geamurilor","status":"publish","type":"product","link":"https:\/\/www.buildinglift.com\/ro\/produs\/platforma-suspendata-din-aliaj-de-aluminiu-platforma-electrica-suspendata-pentru-gondola-pentru-curatarea-geamurilor\/","title":{"rendered":"GONDOL\u0102 PLATFORM\u0102 SUSPENDAT\u0102 DIN ALIAJ DE ALUMINIU\/PLATFORM\u0102 SUSPENDAT\u0102 ELECTRIC\u0102 PENTRU CUR\u0102\u021aAREA GEAMURILOR"},"content":{"rendered":"<p>Platformele suspendate au preluat rolul sc\u0103rilor de schel\u0103. Platformele suspendate sunt dispozitive mecanice care ridic\u0103 lucr\u0103torii \u00een aer pentru a efectua lucr\u0103ri la \u00een\u0103l\u021bimi greu accesibile. Sunt utilizate pe scar\u0103 larg\u0103 \u00een construc\u021bia de pere\u021bi exteriori, cur\u0103\u021benie, \u00eentre\u021binere, vopsire, centrale electrice, \u0219antiere navale, proiecte municipale etc.<\/p>\n<p><strong>Structura platformei suspendate<\/strong><br \/>\n(1) Platform\u0103 de lucru<br \/>\n(2) Ansamblu de palan<br \/>\n(3) \u00cencuietoare de siguran\u021b\u0103<br \/>\n(4) Panou de comand\u0103 electric<br \/>\n(5) Mecanismul de suspensie<br \/>\n(6) Cablu<br \/>\n(7) Cablu metalic<\/p>\n<p><strong>Utilizarea platformei suspendate<\/strong><br \/>\n(1) \u00centre\u021binerea, vopsirea \u0219i cur\u0103\u021barea fa\u021badelor cl\u0103dirilor \u00eenalte<br \/>\n(2) Cur\u0103\u021barea \u0219i instalarea geamurilor<br \/>\n(3) Inspec\u021bia construc\u021biilor \u0219i \u00eentre\u021binerea rezervoarelor, co\u0219urilor de fum, barajelor \u0219i podurilor de dimensiuni mari<br \/>\n(4) \u00centre\u021binerea, cur\u0103\u021barea, vopsirea navelor mari<\/p>\n<p>Seria ZLP, un echipament de acces suspendat temporar, este o crea\u021bie inovatoare a companiei SUCCESS. Func\u021bia sa principal\u0103 este de ma\u0219in\u0103 de decorare electric\u0103 de tip c\u0103\u021b\u0103r\u0103tor, utilizat\u0103 predominant pentru construc\u021bia, decorarea, cur\u0103\u021barea \u0219i \u00eentre\u021binerea cl\u0103dirilor \u00eenalte \u0219i cu mai multe etaje. Versatilitatea sa permite utilizarea sa \u00een alte opera\u021biuni inginere\u0219ti, cum ar fi instalarea de ascensoare, construc\u021bia de rezervoare mari, construc\u021bia de poduri \u0219i lucr\u0103ri de baraje.<\/p>\n<p>Seria ZLP se remarc\u0103 prin calitatea superioar\u0103 \u0219i serviciile profesionale. Pe m\u0103sur\u0103 ce reputa\u021bia \u0219i credibilitatea sa au crescut, la fel a crescut \u0219i acoperirea sa interna\u021bional\u0103. Produsele companiei SUCCESS sunt exportate acum \u00een peste 70 de \u021b\u0103ri \u0219i regiuni, inclusiv Singapore, Rusia, Emiratele Arabe Unite, Chile \u0219i Peru. Angajamentul companiei fa\u021b\u0103 de excelen\u021b\u0103 se reflect\u0103 \u00een produsele sale, care au \u00eendeplinit standardele europene \u0219i au primit certificarea CE.<\/p>\n<p>Putem proiecta \u0219i realiza tot felul de platforme suspendate speciale pentru a se potrivi oric\u0103ror condi\u021bii \u0219i pentru a \u00eendeplini cerin\u021bele speciale propuse de clien\u021bi. Cum ar fi platforme pentru o singur\u0103 persoan\u0103 cu picior \u00een L, platforme suspendate \u00eenclinate, platforme cu etaj dublu, gondole BMU, scaune suspendate pentru o singur\u0103 persoan\u0103, platforme suspendate circulare, etrieri mobili, platforme suspendate ZLP350.<\/p>\n<p>Cunoscut\u0103 ca utilaj de construc\u021bii pentru mare altitudine\/acces \u00eenalt, platforma suspendat\u0103 este recunoscut\u0103 sub diverse denumiri \u00een \u00eentreaga lume. \u00cen America de Nord, este denumit\u0103 platforma suspendat\u0103 (swing scen), \u00een timp ce \u00een Vietnam este cunoscut\u0103 sub numele de gondola San Treo. \u00cen Rusia, se nume\u0219te platforma suspendat\u0103 (\u0444\u0430\u0441\u0430\u0434\u043d\u044b\u0445 \u043f\u043e\u0434\u0432\u0435\u0441\u043d\u044b\u0445 \u043f\u043b\u043e\u0449\u0430\u0434\u043e\u043a). \u021a\u0103rile vorbitoare de limb\u0103 spaniol\u0103, inclusiv Chile, Peru, Columbia, Argentina \u0219i Spania, o denumesc platforma suspendat\u0103 (andamios colgantes) sau plataformas suspendidas (plataformas suspendidas).<\/p>\n<p>\u00cen lumea utilajelor de construc\u021bii, seria ZLP de la SUCCESS Company \u0219i-a creat o ni\u0219\u0103. Versatilitatea, calitatea superioar\u0103 \u0219i gama larg\u0103 de aplica\u021bii o fac un instrument indispensabil pentru proiectele de cl\u0103diri \u00eenalte \u0219i cu mai multe etaje. Ca o dovad\u0103 a succesului s\u0103u, seria ZLP a ajuns \u00een peste 70 de \u021b\u0103ri \u0219i regiuni, \u00eendeplinind standardele europene \u0219i ob\u021bin\u00e2nd certificarea CE pe parcurs.<\/p>\n<p>Fie c\u0103 este cunoscut\u0103 sub numele de \u201escena pivotant\u0103\u201d \u00een America de Nord, \u201egondola San Treo\u201d \u00een Vietnam, \u201efasadn\u044b\u0445 \u043f\u043e\u0434\u0432\u0435\u0441\u043d\u044b\u0445 \u043f\u043b\u043e\u0449\u0430\u0434\u043e\u043a\u201d \u00een Rusia sau \u201eandamios colgantes\u201d \u0219i \u201eplatformas suspendidas\u201d \u00een \u021b\u0103rile vorbitoare de limb\u0103 spaniol\u0103, seria ZLP este recunoscut\u0103 \u0219i apreciat\u0103 pentru contribu\u021bia sa la proiectele de construc\u021bii la mare altitudine\/acces ridicat. Pe m\u0103sur\u0103 ce compania SUCCESS continu\u0103 s\u0103 inoveze \u0219i s\u0103 se perfec\u021bioneze, seria ZLP este menit\u0103 s\u0103 r\u0103m\u00e2n\u0103 un element de baz\u0103 \u00een industria construc\u021biilor la nivel mondial.<\/p>\n<p><strong>Platform\u0103 de ridicare suspendat\u0103 \u2013 Durat\u0103 lung\u0103 de via\u021b\u0103.<\/strong><br \/>\n1. Corpul turnat este fabricat dintr-un material special de aluminiu \u0219i este prelucrat \u00eentr-un centru de prelucrare importat prin procesul de turnare gravita\u021bional\u0103. Produsul are o precizie \u0219i o durabilitate bune. Piesele turnate sunt mai rezistente la c\u0103dere dec\u00e2t piesele turnate sub presiune \u0219i sunt mai pu\u021bin predispuse la fisuri.<br \/>\n2. Materialul discului de ac\u021bionare este 40Cr, cu o greutate de 5,4 kg, iar dup\u0103 revenire \u0219i tratament de nitrurare a suprafe\u021bei, acesta este mai rezistent la uzur\u0103 \u0219i mai durabil.<br \/>\n3. Roata melcat\u0103 este fabricat\u0103 din bronz staniu-fosforic 9-4, 0,94 kg, cu o tenacitate \u0219i o rezisten\u021b\u0103 bune la uzur\u0103. Materialul melcului \u0219i al arborelui din\u021bat este 38CrMoA1, din care melcul are 0,48 kg, av\u00e2nd o tenacitate \u0219i o rezisten\u021b\u0103 bune la uzur\u0103.<br \/>\n4. Ghidajul cablului este fabricat dintr-un material special din o\u021bel inoxidabil rezistent la uzur\u0103, care nu se deterioreaz\u0103 u\u0219or \u0219i nu provoac\u0103 blocaje. Costul defectului este extrem de sc\u0103zut \u0219i, \u00een general, nu necesit\u0103 \u00eenlocuire.<\/p>","protected":false},"excerpt":{"rendered":"<p><strong>Tip<\/strong>Platform\u0103 de lucru ZLP pentru construc\u021bii<br \/>\n<strong>Nume de marc\u0103<\/strong>SUCCES<br \/>\n<strong>Aplica\u021bie<\/strong>Construc\u021bii de cl\u0103diri<br \/>\n<strong>Material<\/strong>Aliaj de aluminiu<br \/>\n<strong>Culoare<\/strong>Personalizat<br \/>\n<strong>Certificat<\/strong>CE ISO<br \/>\n<strong>Voltaj<\/strong>380V (Poate fi personalizat)<br \/>\n<strong>Capacitate de \u00eenc\u0103rcare<\/strong>500 kg\/630 kg\/800 kg\/1000 kg<br \/>\n<strong>Utilizare<\/strong>Lucr\u0103ri de \u00eentre\u021binere a cl\u0103dirilor \u00eenalte<br \/>\n<strong>Numele produsului<\/strong>Platform\u0103 suspendat\u0103 de ridicare Zlp<br \/>\n<strong>Sarcin\u0103 nominal\u0103<\/strong>500 kg\/630 kg\/800 kg\/1000 kg<\/p>","protected":false},"featured_media":5659,"template":"","meta":[],"product_brand":[],"product_cat":[147],"product_tag":[150,151],"class_list":{"0":"post-5654","1":"product","2":"type-product","3":"status-publish","4":"has-post-thumbnail","6":"product_cat-suspended-platform","7":"product_tag-aluminum-alloy-suspended-platform","8":"product_tag-electric-suspended-platform","10":"first","11":"instock","12":"shipping-taxable","13":"product-type-simple"},"acf":[],"_links":{"self":[{"href":"https:\/\/www.buildinglift.com\/ro\/wp-json\/wp\/v2\/product\/5654","targetHints":{"allow":["GET"]}}],"collection":[{"href":"https:\/\/www.buildinglift.com\/ro\/wp-json\/wp\/v2\/product"}],"about":[{"href":"https:\/\/www.buildinglift.com\/ro\/wp-json\/wp\/v2\/types\/product"}],"version-history":[{"count":0,"href":"https:\/\/www.buildinglift.com\/ro\/wp-json\/wp\/v2\/product\/5654\/revisions"}],"wp:featuredmedia":[{"embeddable":true,"href":"https:\/\/www.buildinglift.com\/ro\/wp-json\/wp\/v2\/media\/5659"}],"wp:attachment":[{"href":"https:\/\/www.buildinglift.com\/ro\/wp-json\/wp\/v2\/media?parent=5654"}],"wp:term":[{"taxonomy":"product_brand","embeddable":true,"href":"https:\/\/www.buildinglift.com\/ro\/wp-json\/wp\/v2\/product_brand?post=5654"},{"taxonomy":"product_cat","embeddable":true,"href":"https:\/\/www.buildinglift.com\/ro\/wp-json\/wp\/v2\/product_cat?post=5654"},{"taxonomy":"product_tag","embeddable":true,"href":"https:\/\/www.buildinglift.com\/ro\/wp-json\/wp\/v2\/product_tag?post=5654"}],"curies":[{"name":"wp","href":"https:\/\/api.w.org\/{rel}","templated":true}]}}