{"id":213,"date":"2020-04-12T12:58:14","date_gmt":"2020-04-12T12:58:14","guid":{"rendered":"https:\/\/gridvalley.net\/wp\/industroz\/dummy\/?page_id=213"},"modified":"2023-12-13T00:39:13","modified_gmt":"2023-12-13T08:39:13","slug":"despre-noi-2","status":"publish","type":"page","link":"https:\/\/www.buildinglift.com\/ro\/despre-noi-2\/","title":{"rendered":"Despre noi"},"content":{"rendered":"<div data-elementor-type=\"wp-page\" data-elementor-id=\"213\" class=\"elementor elementor-213\">\n\t\t\t\t\t\t<section class=\"elementor-section elementor-top-section elementor-element elementor-element-62aa013 elementor-section-boxed elementor-section-height-default elementor-section-height-default\" data-id=\"62aa013\" data-element_type=\"section\" data-e-type=\"section\">\n\t\t\t\t\t\t<div class=\"elementor-container elementor-column-gap-default\">\n\t\t\t\t\t<div class=\"elementor-column elementor-col-100 elementor-top-column elementor-element elementor-element-48332c3\" data-id=\"48332c3\" data-element_type=\"column\" data-e-type=\"column\">\n\t\t\t<div class=\"elementor-widget-wrap elementor-element-populated\">\n\t\t\t\t\t\t<div class=\"elementor-element elementor-element-56b468f elementor-widget elementor-widget-welcome-section\" data-id=\"56b468f\" data-element_type=\"widget\" data-e-type=\"widget\" data-widget_type=\"welcome-section.default\">\n\t\t\t\t<div class=\"elementor-widget-container\">\n\t\t\t\t\t\t\t\t<div class=\"row\">\n\t\t\t\t<div class=\"col-lg-6 col-md-12 m-b30\">\n\t\t\t\t\t<div class=\"welcom-to-section\">\n\t\t\t\t\t\t<!-- TITLE START-->\n\t\t\t\t\t\t\t\t\t\t\t\t\t<div class=\"left wt-small-separator-outer\">\n\t\t\t\t\t\t\t\t<div class=\"wt-small-separator site-text-primary\">\n\t\t\t\t\t\t\t\t\t<div  class=\"sep-leaf-left\"><\/div>\n\t\t\t\t\t\t\t\t\t<div>Bun venit la industrie <\/div>\n\t\t\t\t\t\t\t\t\t<div  class=\"sep-leaf-right\"><\/div>\n\t\t\t\t\t\t\t\t<\/div>\n\t\t\t\t\t\t\t<\/div>\t\n\t\t\t\t\t\t\t\t\t\t\t\t\t\n\t\t\t\t\t\t\t\t\t\t\t\t\t<h2>Shanghai Success Construction International Trade Co., Ltd.<\/h2>\n\t\t\t\t\t\t\t\t\n\t\t\t\t\t\t\t\t\t\t\t\t\t\t\t\t\t\t\t\t<p class=\"\">\u00cen calitate de produc\u0103tor \u0219i furnizor profesionist de utilaje de construc\u021bii, oferim clien\u021bilor no\u0219tri cele mai fiabile produse \u0219i servicii excelente. Am \u00eenregistrat o cre\u0219tere rapid\u0103 odat\u0103 cu dezvoltarea rapid\u0103 a economiei chineze. Produsele noastre sunt exportate \u00een prezent \u00een Republica Dominican\u0103, Maldive, India, Malaezia, Italia, SUA, Spania, Turcia \u0219i Africa de Sud...\n<br>\nEchipa noastr\u0103 are o experien\u021b\u0103 de peste 8 ani \u00een aceast\u0103 linie de afaceri. Produsele noastre includ \u00een principal platforme suspendate \u0219i piese de schimb pentru palane de construc\u021bii. Putem produce produse conform cerin\u021belor speciale ale clien\u021bilor. Credem c\u0103 putem oferi r\u0103spunsuri inovatoare clien\u021bilor no\u0219tri din \u00eentreaga lume.<\/p>\n    <ul class=\"checklist\">\n<li><i class=\"fa fa-check-square-o\"><\/i> U\u0219or de transportat<\/li>\n<li><i class=\"fa fa-check-square-o\"><\/i> Personalizare posibil\u0103<\/li>\n<li><i class=\"fa fa-check-square-o\"><\/i> U\u0219or \u0219i puternic<\/li>\n<\/ul>\n<ul class=\"checklist2\">\n<li class=\"\"><i class=\"fa fa-check-square-o\"><\/i>Reducerea costurilor cu for\u021ba de munc\u0103<\/li>\n<li class=\"\"><i class=\"fa fa-check-square-o\"><\/i>Instalare precis\u0103<\/li>\n<li><i class=\"fa fa-check-square-o\"><\/i> Cre\u0219terea productivit\u0103\u021bii muncii<\/li>\n<\/ul>\t\t\t\t\t\t\t\t\t\t\t\t\t\n\t\t\t\t\t\t\t\t\t\t\t\t\t<div class=\"welcom-to-section-bottom d-flex justify-content-between\">\n\t\t\t\t\t\t\t\t<div class=\"welcom-btn-position\">\n\t\t\t\t\t\t\t\t\t<a  href=\"https:\/\/www.buildinglift.com\/contact-us\/\" class=\"site-button site-btn-effect\">Contacta\u0163i-ne<\/a>\n\t\t\t\t\t\t\t\t<\/div>\n\t\t\t\t\t\t\t<\/div> \t\n\t\t\t\t\t\t\t\t\t\t\t\t\t  \n\t\t\t\t\t<\/div>\n\t\t\t\t<\/div>\n\t\t\t\t<div class=\"col-lg-6 col-md-12 m-b30\">\n\t\t\t\t\t<div class=\"img-colarge2\">\n\t\t\t\t\t\t<div class=\"colarge-2 slide-right\">\n\t\t\t\t\t\t\t<img decoding=\"async\" src=\"https:\/\/www.buildinglift.com\/wp-content\/uploads\/509.webp\" alt=\"img\">\n\t\t\t\t\t\t<\/div>\n\t\t\t\t\t\t<div class=\"colarge-2-1\">\n\t\t\t\t\t\t\t<img decoding=\"async\" src=\"https:\/\/gridvalley.net\/wp\/industroz\/wp-content\/uploads\/2020\/04\/s1-1.jpg\" alt=\"img\">\n\t\t\t\t\t\t<\/div>\n\t\t\t\t\t\t<div class=\"since-year-outer2\">\n\t\t\t\t\t\t\t<div class=\"since-year2\">\n\t\t\t\t\t\t\t\t\t\t\t\t\t\t\t\t\t<span>De c\u00e2nd<\/span>\n\t\t\t\t\t\t\t\t\t\t\t\t\t\t\t\t\t\n\t\t\t\t\t\t\t\t\t\t\t\t\t\t\t\t\t<strong>2016<\/strong>\n\t\t\t\t\t\t\t\t\t\t\t\t\t\t\t\t\t\n\t\t\t\t\t\t\t<\/div>\n\t\t\t\t\t\t<\/div>\n\t\t\t\t\t\t\n\t\t\t\t\t<\/div>\n\t\t\t\t<\/div>\n\t\t\t<\/div>\n\t\t\t\t\t\t\t<\/div>\n\t\t\t\t<\/div>\n\t\t\t\t\t<\/div>\n\t\t<\/div>\n\t\t\t\t\t<\/div>\n\t\t<\/section>\n\t\t\t\t<\/div>","protected":false},"excerpt":{"rendered":"<p>Welcome to industro Shanghai Success Construction International Trade Co., Ltd. As a professional construction machinery manufacturer and supplier, we offer most reliable products and excellent service to our customers. We have been experiencing fast growth with the rapid development of Chinese economy. Our products are currently exported to Our products are mainly exported to Dominican [&hellip;]<\/p>\n","protected":false},"author":3,"featured_media":0,"parent":0,"menu_order":0,"comment_status":"closed","ping_status":"closed","template":"","meta":{"footnotes":""},"class_list":["post-213","page","type-page","status-publish","hentry"],"acf":[],"_links":{"self":[{"href":"https:\/\/www.buildinglift.com\/ro\/wp-json\/wp\/v2\/pages\/213","targetHints":{"allow":["GET"]}}],"collection":[{"href":"https:\/\/www.buildinglift.com\/ro\/wp-json\/wp\/v2\/pages"}],"about":[{"href":"https:\/\/www.buildinglift.com\/ro\/wp-json\/wp\/v2\/types\/page"}],"author":[{"embeddable":true,"href":"https:\/\/www.buildinglift.com\/ro\/wp-json\/wp\/v2\/users\/3"}],"replies":[{"embeddable":true,"href":"https:\/\/www.buildinglift.com\/ro\/wp-json\/wp\/v2\/comments?post=213"}],"version-history":[{"count":0,"href":"https:\/\/www.buildinglift.com\/ro\/wp-json\/wp\/v2\/pages\/213\/revisions"}],"wp:attachment":[{"href":"https:\/\/www.buildinglift.com\/ro\/wp-json\/wp\/v2\/media?parent=213"}],"curies":[{"name":"wp","href":"https:\/\/api.w.org\/{rel}","templated":true}]}}