{"id":1402,"date":"2023-02-09T11:05:42","date_gmt":"2023-02-09T11:05:42","guid":{"rendered":"https:\/\/www.buildinglift.com\/?page_id=1402"},"modified":"2023-12-12T21:37:18","modified_gmt":"2023-12-13T05:37:18","slug":"produs-utilizare-siguranta","status":"publish","type":"page","link":"https:\/\/www.buildinglift.com\/ro\/produs-utilizare-siguranta\/","title":{"rendered":"Siguran\u021ba utiliz\u0103rii produsului"},"content":{"rendered":"<div data-elementor-type=\"wp-page\" data-elementor-id=\"1402\" class=\"elementor elementor-1402\">\n\t\t\t\t<div class=\"elementor-element elementor-element-f26b11c e-flex e-con-boxed e-con e-parent\" data-id=\"f26b11c\" data-element_type=\"container\" data-e-type=\"container\">\n\t\t\t\t\t<div class=\"e-con-inner\">\n\t\t\t\t<div class=\"elementor-element elementor-element-1051740 elementor-widget elementor-widget-text-editor\" data-id=\"1051740\" data-element_type=\"widget\" data-e-type=\"widget\" data-widget_type=\"text-editor.default\">\n\t\t\t\t<div class=\"elementor-widget-container\">\n\t\t\t\t\t\t\t\t\t<p><span style=\"color: #000000;\"><strong>Tratament de urgen\u021b\u0103 \u00een timpul construc\u021biei<\/strong><\/span><br \/><span style=\"color: #000000;\"><strong>\u00cen timpul construc\u021biei, dac\u0103 \u00eent\u00e2mpina\u021bi urm\u0103toarele circumstan\u021be speciale, trebuie s\u0103 v\u0103 p\u0103stra\u021bi calmul \u0219i s\u0103 lua\u021bi m\u0103surile de urgen\u021b\u0103 corespunz\u0103toare.<\/strong><\/span><\/p><p><span style=\"color: #000000;\"><strong>Pan\u0103 brusc\u0103 de curent \u00een timpul construc\u021biei<\/strong><\/span><br \/><span style=\"color: #000000;\">C\u00e2nd apare o pan\u0103 de curent brusc\u0103 \u00een timpul construc\u021biei, \u00eentrerup\u0103torul de alimentare al tabloului electric trebuie oprit imediat pentru a preveni accidentele \u00een timpul transmiterii energiei. Dup\u0103 primirea notific\u0103rii de apel, \u00eentrerup\u0103torul de alimentare este pornit \u0219i lucrul \u00eencepe dup\u0103 ce verificarea este normal\u0103.<\/span><br \/><span style=\"color: #000000;\">Dac\u0103 trebuie s\u0103 reveni\u021bi la sol dup\u0103 o pan\u0103 de curent, trebuie s\u0103 ridica\u021bi m\u00e2nerul manual de cobor\u00e2re al palanului la ambele capete pentru a permite platformei suspendate s\u0103 alunece liber c\u0103tre <strong>sol.<\/strong><\/span><br \/><span style=\"color: #000000;\"><strong>Platforma suspendat\u0103 nu poate fi oprit\u0103 dup\u0103 eliberarea butonului \u00een timpul procesului de ridicare \u0219i cobor\u00e2re.<\/strong><\/span><br \/><span style=\"color: #000000;\">C\u00e2nd platforma suspendat\u0103 nu poate fi oprit\u0103 dup\u0103 eliberarea butonului \u00een timpul procesului de ridicare \u0219i cobor\u00e2re, ap\u0103sa\u021bi imediat \u00eentrerup\u0103torul ro\u0219u de urgen\u021b\u0103 de pe u\u0219a cutiei electrice pentru a opri platforma suspendat\u0103 de urgen\u021b\u0103. Apoi, \u00eentrerupe\u021bi alimentarea cutiei electrice, verifica\u021bi starea contactului contactorului, cur\u0103\u021ba\u021bi murd\u0103ria de gr\u0103sime de pe suprafa\u021ba contactorului \u0219i, dup\u0103 ce contactorul \u00ee\u0219i poate relua func\u021bionarea normal\u0103, \u00eenchide\u021bi \u00eentrerup\u0103torul de alimentare \u0219i utiliza\u021bi metoda manual\u0103 de glisare \u00een jos pentru a cobor\u00ee platforma suspendat\u0103 la sol pentru \u00eentre\u021binere.<\/span><br \/><span style=\"color: #000000;\"><strong>platforma de suspensie trebuie s\u0103 fie \u00eenclinat\u0103 orizontal \u0219i s\u0103 blocheze automat fr\u00e2nghia<\/strong><\/span><br \/><span style=\"color: #000000;\">C\u00e2nd platforma suspendat\u0103 alunec\u0103 \u00een jos \u00een timpul procesului de urcare \u0219i cobor\u00e2re sau un cap\u0103t alunec\u0103 \u00eentr-o anumit\u0103 m\u0103sur\u0103, blocarea de siguran\u021b\u0103 blocheaz\u0103 automat fr\u00e2nghia. \u00cen acest moment, opri\u021bi imediat, apoi roti\u021bi comutatorul de transfer de pe cutia electric\u0103 la cap\u0103tul inferior al platformei \u0219i apoi ap\u0103sa\u021bi butonul de sus. Cap\u0103tul inferior al platformei suspendate este ridicat \u00een pozi\u021bia orizontal\u0103 de recuperare. Dup\u0103 ce blocarea de siguran\u021b\u0103 revine automat la starea de deblocare, platforma suspendat\u0103 este cobor\u00e2t\u0103 la sol, iar golurile fr\u00e2nei electromagnetice de la ambele capete sunt verificate \u0219i ajustate pentru a \u00eendeplini cerin\u021bele; sau se verific\u0103 diferen\u021ba de vitez\u0103 de rota\u021bie dintre cele dou\u0103 capete; dac\u0103 diferen\u021ba este evident\u0103, trebuie \u00eenlocuit\u0103 cu un motor.<\/span><br \/><span style=\"color: #000000;\"><strong>ridica\u021bi cablul de s\u00e2rm\u0103 al cardului ma\u0219inii<\/strong><\/span><br \/><span style=\"color: #000000;\">Cablul metalic de lucru este blocat \u00een palan din cauza firelor sl\u0103bite, a \u00eendoiturilor sau a pieselor ma\u0219inii de ridicare. Personalul de construc\u021bii de pe platforma suspendat\u0103 este evacuat, asigur\u00e2ndu-se siguran\u021ba, iar personalul de \u00eentre\u021binere calificat profesional este trimis la platforma suspendat\u0103 pentru \u00eentre\u021binere. Mai \u00eent\u00e2i, cablul metalic de siguran\u021b\u0103 este \u00eenf\u0103\u0219urat pe cadrul de ridicare la cele dou\u0103 capete, iar cele dou\u0103 capete ale cablului metalic de siguran\u021b\u0103 sunt fixate cu o cataram\u0103 de cablu. Apoi, sl\u0103bi\u021bi inelul de protec\u021bie al bra\u021bului oscilant al blocatorului de siguran\u021b\u0103 la ambele capete pentru a decupla cablul metalic de lucru de la rol\u0103, astfel \u00eenc\u00e2t blocatoarele de siguran\u021b\u0103 de la ambele capete s\u0103 fie \u00een starea de blocare a cablului. Dup\u0103 luarea m\u0103surilor de siguran\u021b\u0103 de mai sus, scoate\u021bi inspec\u021bia palanului \u0219i scoate\u021bi cablul metalic din blocare. Dac\u0103 este necesar, t\u0103ia\u021bi s\u00e2rma de protec\u021bie \u0219i deschide\u021bi capacul de ridicare pentru a verifica \u0219i scoate\u021bi cu grij\u0103 cablul metalic r\u0103mas \u00een palan. \u00cen acela\u0219i timp, \u00eenlocui\u021bi noul cablu metalic \u00een pozi\u021bia corespunz\u0103toare a mecanismului de suspensie, pune\u021bi cablul metalic \u00eenapoi \u00een jos \u0219i introduce\u021bi-l \u00een palan pentru a str\u00e2nge cablul metalic, apoi introduce\u021bi cablul metalic de lucru \u00een canelura ro\u021bii oscilante a blocatorului de siguran\u021b\u0103 \u0219i instala\u021bi inelul de protec\u021bie. Dup\u0103 deschiderea blocatorului de siguran\u021b\u0103, platforma de suspensie este ridicat\u0103 cu aproximativ 0,5 m p\u00e2n\u0103 la oprire, se scoate catarama de pe cablul de siguran\u021b\u0103 \u0219i cablul de siguran\u021b\u0103 este plasat \u00een pozi\u021bie vertical\u0103, apoi platforma de suspensie este cobor\u00e2t\u0103 la sol \u0219i, dup\u0103 o inspec\u021bie \u0219i \u00eentre\u021binere riguroas\u0103 de c\u0103tre elevatorul, se permite utilizarea \u00een continuare.<\/span><br \/><span style=\"color: #000000;\"><strong>C\u00e2nd cablul de o\u021bel de lucru se rupe<\/strong><\/span><br \/><span style=\"color: #000000;\">C\u00e2nd cablul de lucru se rupe la un cap\u0103t al platformei suspendate, platforma suspendat\u0103 se \u00eenclin\u0103, iar blocajul de siguran\u021b\u0103 se \u00eenchide automat atunci c\u00e2nd pozi\u021bia de lucru este \u00eenclinat\u0103, platforma suspendat\u0103 fiind blocat\u0103 \u00een cablul de siguran\u021b\u0103. \u00cen acest moment, personalul de construc\u021bii de pe platforma suspendat\u0103 trebuie s\u0103 r\u0103m\u00e2n\u0103 calm \u0219i este strict interzis s\u0103 alerge \u0219i s\u0103 sar\u0103 pe platforma suspendat\u0103 \u0219i s\u0103 ia m\u0103suri de urgen\u021b\u0103 atunci c\u00e2nd cablurile respective sunt blocate \u00een elevator.<\/span><\/p><p><span style=\"color: #000000;\"><strong>Instalarea, reglarea \u0219i precau\u021biile pentru mecanismul de suspensie<\/strong><\/span><\/p><p><span style=\"color: #000000;\">La instalarea solului, trebuie selectat planul orizontal. Dac\u0103 exist\u0103 o pant\u0103, aceasta trebuie nivelat\u0103 \u00een mod corespunz\u0103tor sub roata unghiular\u0103. Dac\u0103 suprafa\u021ba de instalare este impermeabil\u0103 \u0219i izolat\u0103, aceasta trebuie c\u0103ptu\u0219it\u0103 cu o grosime de 2,5~3 cm sub scaunele din fa\u021b\u0103 \u0219i din spate pentru a preveni strivirea. Nivel de izola\u021bie impermeabil\u0103.<\/span><br \/><span style=\"color: #000000;\">\u00cen\u0103l\u021bimea consolei de sus\u021binere reglabile trebuie s\u0103 fie astfel \u00eenc\u00e2t partea inferioar\u0103 a grinzii frontale s\u0103 fie pu\u021bin mai mare dec\u00e2t \u00een\u0103l\u021bimea parapetului (sau a altor obstacole). Dac\u0103 este posibil, dup\u0103 pozi\u021bionarea mecanismului de suspendare, partea inferioar\u0103 a grinzii frontale este extins\u0103. Peretele fiicei este fixat cu blocuri de lemn.<\/span><br \/><span style=\"color: #000000;\">Extensia nominal\u0103 a cap\u0103tului suspendat al grinzii frontale este de 0,3~1,5 metri. C\u00e2nd se dep\u0103\u0219e\u0219te extensia nominal\u0103, trebuie luate m\u0103suri de armare fiabile \u0219i trebuie confirmate de departamentul responsabil \u00eenainte de utilizare.<\/span><br \/><span style=\"color: #000000;\">Distan\u021ba dintre scaunele din fa\u021b\u0103 \u0219i cele din spate trebuie ajustat\u0103 la distan\u021ba maxim\u0103 posibil\u0103, \u00een func\u021bie de condi\u021biile de la fa\u021ba locului.<\/span><br \/><span style=\"color: #000000;\">Distan\u021ba dintre cele dou\u0103 console trebuie ajustat\u0103 la o distan\u021b\u0103 cu 3 p\u00e2n\u0103 la 5 cm mai mic\u0103 dec\u00e2t lungimea platformei de suspendare.<\/span><br \/><span style=\"color: #000000;\">La str\u00e2ngerea cablului de o\u021bel, grinda frontal\u0103 trebuie u\u0219or r\u0103sucit\u0103 cu 3~5 cm pentru a produce pretensionare \u0219i a \u00eembun\u0103t\u0103\u021bi rigiditatea grinzii frontale.<\/span><br \/><span style=\"color: #000000;\">C\u00e2nd cablul metalic este fixat, num\u0103rul de cleme de cablu nu este mai mic de trei, iar deschiderea \u00een form\u0103 de U \u0219i cap\u0103tul posterior al cablului metalic sunt opuse unul fa\u021b\u0103 de cel\u0103lalt, iar direc\u021biile sunt acelea\u0219i. Clemele de cablu trebuie fixate \u00een ordine din punctul de ridicare, iar \u00eentre ultima clem\u0103 de cablu \u0219i cea anterioar\u0103, cablul trebuie s\u0103 fie u\u0219or arcuit. C\u00e2nd piuli\u021ba clemei de cablu este str\u00e2ns\u0103, cablul metalic trebuie aplatizat la 1\/2 p\u00e2n\u0103 la 1\/3 din diametru.<\/span><br \/><span style=\"color: #000000;\">La a\u0219ezarea cablului metalic, discul liber al cablului metalic trebuie a\u0219ezat pe podea. Capul cablului trebuie tras cu grij\u0103 afar\u0103 \u0219i apoi glisat \u00eencet \u00een jos de-a lungul p\u0103r\u021bii frontale. Este strict interzis\u0103 aruncarea cablului metalic \u00een disc. Dup\u0103 ce cablul metalic este terminat, cablul \u00eencurcat trebuie presat cu grij\u0103 separat. Cablul metalic \u00een exces de pe sol trebuie tasat str\u00e2ns cu grij\u0103, iar solul nu trebuie \u00eempr\u0103\u0219tiat \u00een mod arbitrar.<\/span><\/p><p><span style=\"color: #000000;\"><strong>Standarde de casare a componentelor majore<\/strong><\/span><br \/><span style=\"color: #000000;\">Ata\u0219amente principale ale platformei de lucru suspendate: C\u00e2nd mecanismul de suspensie sau platforma de suspensie apare dup\u0103 cum urmeaz\u0103, acestea trebuie casate.<\/span><\/p><p><span style=\"color: #000000;\">Dup\u0103 instabilitatea general\u0103, aceasta nu trebuie reparat\u0103 \u0219i trebuie casat\u0103.<\/span><br \/><span style=\"color: #000000;\">C\u00e2nd se genereaz\u0103 o deformare permanent\u0103 \u0219i nu poate fi reparat\u0103, aceasta trebuie eliminat\u0103 din uz casnic.<\/span><br \/><span style=\"color: #000000;\">C\u00e2nd unele componente sunt deformate permanent \u0219i nu pot fi reparate, iar coroziunea suprafe\u021bei sau ad\u00e2ncimea de uzur\u0103 dep\u0103\u0219e\u0219te 10% fa\u021b\u0103 de componenta original\u0103, componentele corespunz\u0103toare trebuie casate.<\/span><br \/><span style=\"color: #000000;\">C\u00e2nd apar fisuri \u00een piesele structurale \u0219i suduri, \u00een func\u021bie de situa\u021bia de solicitare \u0219i de condi\u021biile fisurii, dup\u0103 repara\u021bii sau luarea m\u0103surilor de armare, cerin\u021bele ini\u021biale de proiectare pot fi \u00eendeplinite, iar repara\u021biile trebuie efectuate pentru a consolida m\u0103surile \u00eenainte de a putea fi utilizate \u00een continuare. \u00cen caz contrar, acestea trebuie casate.<\/span><\/p><p><span style=\"color: #000000;\"><strong>Care sunt principalele facilit\u0103\u021bi de siguran\u021b\u0103 pentru echipamentele platformei de lucru suspendate?<\/strong><\/span><br \/><span style=\"color: #000000;\">A. Blocare de siguran\u021b\u0103 tip bra\u021b articulat LSB; poate bloca cablul de siguran\u021b\u0103 atunci c\u00e2nd unghiul de \u00eenclinare al platformei de lucru este mai mare de 3-8\u00b0 sau cablul de lucru este rupt;<\/span><br \/><span style=\"color: #000000;\">B. Eliberare manual\u0103: Poate fi cobor\u00e2t\u0103 u\u0219or atunci c\u00e2nd se \u00eentrerupe alimentarea cu energie electric\u0103, cum ar fi o pan\u0103 de curent, pentru a asigura c\u0103 operatorul ajunge la sol \u00een siguran\u021b\u0103;<\/span><br \/><span style=\"color: #000000;\">C. Protec\u021bie la limita de vitez\u0103: c\u00e2nd viteza de cobor\u00e2re dep\u0103\u0219e\u0219te viteza de siguran\u021b\u0103 definit\u0103, dispozitivul centrifugal de decelerare este activat pentru a \u00eencetini viteza de cobor\u00e2re;<\/span><br \/><span style=\"color: #000000;\">D. Protec\u021bie la limit\u0103: \u00eentrerupe automat alimentarea cu energie electric\u0103 atunci c\u00e2nd echipamentul co\u0219ului dep\u0103\u0219e\u0219te limita maxim\u0103 setat\u0103 manual \u0219i activeaz\u0103 clopo\u021belul de alarm\u0103;<\/span><br \/><span style=\"color: #000000;\">E. Protec\u021bie la suprasarcin\u0103 electric\u0103: Dac\u0103 motorul este anormal sau circuitul este anormal \u0219i motorul este supra\u00eenc\u0103rcat, deconecta\u021bi circuitul de comand\u0103 al contactorului pentru a deconecta circuitul principal.<\/span><br \/><span style=\"color: #000000;\">F. Protec\u021bie \u00eempotriva scurgerilor: Operatorul \u00eenchide automat circuitul complet atunci c\u00e2nd \u00eencarc\u0103 accidental corpul electric \u0219i apare o scurgere;<\/span><br \/><span style=\"color: #000000;\">G. Oprire de urgen\u021b\u0103: \u00eentrerupe bucla principal\u0103 de control \u00een caz de anomalie brusc\u0103 (cum ar fi cre\u0219terea sau sc\u0103derea automat\u0103).<\/span><\/p>\t\t\t\t\t\t\t\t<\/div>\n\t\t\t\t<\/div>\n\t\t\t\t\t<\/div>\n\t\t\t\t<\/div>\n\t\t\t\t<\/div>","protected":false},"excerpt":{"rendered":"<p>Emergency treatment during constructionDuring the construction, if you encounter the following special circumstances, you should keep calm and take appropriate emergency measures. Sudden power outage during constructionWhen there is a sudden power outage during construction, the power switch of the electric box should be cut off immediately to prevent accidents during power transmission. After receiving [&hellip;]<\/p>\n","protected":false},"author":1,"featured_media":0,"parent":0,"menu_order":0,"comment_status":"closed","ping_status":"closed","template":"","meta":{"footnotes":""},"class_list":["post-1402","page","type-page","status-publish","hentry"],"acf":[],"_links":{"self":[{"href":"https:\/\/www.buildinglift.com\/ro\/wp-json\/wp\/v2\/pages\/1402","targetHints":{"allow":["GET"]}}],"collection":[{"href":"https:\/\/www.buildinglift.com\/ro\/wp-json\/wp\/v2\/pages"}],"about":[{"href":"https:\/\/www.buildinglift.com\/ro\/wp-json\/wp\/v2\/types\/page"}],"author":[{"embeddable":true,"href":"https:\/\/www.buildinglift.com\/ro\/wp-json\/wp\/v2\/users\/1"}],"replies":[{"embeddable":true,"href":"https:\/\/www.buildinglift.com\/ro\/wp-json\/wp\/v2\/comments?post=1402"}],"version-history":[{"count":0,"href":"https:\/\/www.buildinglift.com\/ro\/wp-json\/wp\/v2\/pages\/1402\/revisions"}],"wp:attachment":[{"href":"https:\/\/www.buildinglift.com\/ro\/wp-json\/wp\/v2\/media?parent=1402"}],"curies":[{"name":"wp","href":"https:\/\/api.w.org\/{rel}","templated":true}]}}