{"id":5896,"date":"2023-10-19T13:27:45","date_gmt":"2023-10-19T13:27:45","guid":{"rendered":"https:\/\/www.buildinglift.com\/?post_type=product&#038;p=5896"},"modified":"2023-12-12T22:32:33","modified_gmt":"2023-12-13T06:32:33","slug":"elevador-automatico-de-tesoura-de-alta-qualidade-de-10-a-25-m-350-500-800-kg-1-tonelada-elevador-eletrico-hidraulico-com-acessorios","status":"publish","type":"product","link":"https:\/\/www.buildinglift.com\/pt\/produtos\/elevador-automatico-de-tesoura-de-alta-qualidade-de-10-a-25-m-350-500-800-kg-1-tonelada-elevador-eletrico-hidraulico-com-acessorios\/","title":{"rendered":"Elevador el\u00e9trico hidr\u00e1ulico de 1 tonelada, autom\u00e1tico, 10-25M, de alta qualidade, 350, 500, 800 kg, com acess\u00f3rios"},"content":{"rendered":"<p><strong>Descri\u00e7\u00e3o do produto<\/strong><br \/>\nNossa plataforma elevat\u00f3ria m\u00f3vel tipo tesoura \u00e9 usada principalmente para elevar trabalhadores a locais altos para reparos, manuten\u00e7\u00e3o, limpeza, instala\u00e7\u00e3o e assim por diante. Voc\u00ea pode mov\u00ea-la facilmente para a \u00e1rea de trabalho desejada.<br \/>\numa pessoa para operar a plataforma para ir para tr\u00e1s, para frente, para girar, mesmo em sua altura m\u00e1xima. Al\u00e9m disso, este tipo de <a href=\"https:\/\/www.buildinglift.com\/product\/automatic-10-25m-high-quality-elevator-scissor-lift-350-500-800kg-1-ton-hydraulic-electric-lift-with-attachments\/\">elevador de tesoura m\u00f3vel<\/a> pode ser instalado com a roda motriz para mov\u00ea-la manualmente sem qualquer dificuldade.<\/p>\n<p><a href=\"https:\/\/www.buildinglift.com\/wp-content\/uploads\/H559669909c4843a4bcc8e5cda100bf0fH.png\"><img fetchpriority=\"high\" decoding=\"async\" class=\"alignnone size-full wp-image-5901\" src=\"https:\/\/www.buildinglift.com\/wp-content\/uploads\/H559669909c4843a4bcc8e5cda100bf0fH.png\" alt=\"\" width=\"790\" height=\"495\" srcset=\"https:\/\/www.buildinglift.com\/wp-content\/uploads\/H559669909c4843a4bcc8e5cda100bf0fH.png 790w, https:\/\/www.buildinglift.com\/wp-content\/uploads\/H559669909c4843a4bcc8e5cda100bf0fH-600x376.png 600w, https:\/\/www.buildinglift.com\/wp-content\/uploads\/H559669909c4843a4bcc8e5cda100bf0fH-300x188.png 300w, https:\/\/www.buildinglift.com\/wp-content\/uploads\/H559669909c4843a4bcc8e5cda100bf0fH-768x481.png 768w, https:\/\/www.buildinglift.com\/wp-content\/uploads\/H559669909c4843a4bcc8e5cda100bf0fH-18x12.png 18w\" sizes=\"(max-width: 790px) 100vw, 790px\" \/><\/a><\/p>","protected":false},"excerpt":{"rendered":"<p>Nosso elevador de tesoura m\u00f3vel autoportante \u00e9 usado principalmente para elevar trabalhadores a locais altos para reparos, manuten\u00e7\u00e3o, limpeza ou instala\u00e7\u00e3o, entre outros. Voc\u00ea pode mov\u00ea-lo facilmente para a \u00e1rea de trabalho desejada.<\/p>","protected":false},"featured_media":5900,"template":"","meta":[],"product_brand":[],"product_cat":[149],"product_tag":[],"class_list":{"0":"post-5896","1":"product","2":"type-product","3":"status-publish","4":"has-post-thumbnail","6":"product_cat-elevator-scissor-lift","8":"first","9":"instock","10":"shipping-taxable","11":"product-type-simple"},"acf":[],"_links":{"self":[{"href":"https:\/\/www.buildinglift.com\/pt\/wp-json\/wp\/v2\/product\/5896","targetHints":{"allow":["GET"]}}],"collection":[{"href":"https:\/\/www.buildinglift.com\/pt\/wp-json\/wp\/v2\/product"}],"about":[{"href":"https:\/\/www.buildinglift.com\/pt\/wp-json\/wp\/v2\/types\/product"}],"version-history":[{"count":0,"href":"https:\/\/www.buildinglift.com\/pt\/wp-json\/wp\/v2\/product\/5896\/revisions"}],"wp:featuredmedia":[{"embeddable":true,"href":"https:\/\/www.buildinglift.com\/pt\/wp-json\/wp\/v2\/media\/5900"}],"wp:attachment":[{"href":"https:\/\/www.buildinglift.com\/pt\/wp-json\/wp\/v2\/media?parent=5896"}],"wp:term":[{"taxonomy":"product_brand","embeddable":true,"href":"https:\/\/www.buildinglift.com\/pt\/wp-json\/wp\/v2\/product_brand?post=5896"},{"taxonomy":"product_cat","embeddable":true,"href":"https:\/\/www.buildinglift.com\/pt\/wp-json\/wp\/v2\/product_cat?post=5896"},{"taxonomy":"product_tag","embeddable":true,"href":"https:\/\/www.buildinglift.com\/pt\/wp-json\/wp\/v2\/product_tag?post=5896"}],"curies":[{"name":"wp","href":"https:\/\/api.w.org\/{rel}","templated":true}]}}