{"id":5889,"date":"2023-10-19T13:13:03","date_gmt":"2023-10-19T13:13:03","guid":{"rendered":"https:\/\/www.buildinglift.com\/?post_type=product&#038;p=5889"},"modified":"2023-12-12T22:32:00","modified_gmt":"2023-12-13T06:32:00","slug":"plataforma-elevatoria-hidraulica-autopropelida-eletrica-de-220-v-alimentada-por-bateria-com-bom-preco","status":"publish","type":"product","link":"https:\/\/www.buildinglift.com\/pt\/produtos\/plataforma-elevatoria-hidraulica-autopropelida-eletrica-de-220-v-alimentada-por-bateria-com-bom-preco\/","title":{"rendered":"Plataforma elevat\u00f3ria hidr\u00e1ulica autopropelida el\u00e9trica de 220 V alimentada por bateria com bom pre\u00e7o"},"content":{"rendered":"<p><strong>Descri\u00e7\u00e3o do produto<\/strong><br \/>\nO <a href=\"https:\/\/www.buildinglift.com\/product\/battery-powered-220v-mobile-electric-self-propelled-hydraulic-scissor-lift-platform-table-with-good-price\/\">plataforma elevat\u00f3ria de tesoura m\u00f3vel<\/a> Possui altura de eleva\u00e7\u00e3o de 4 m a 18 m e peso de carga de 300 kg a 500 kg, com modos de eleva\u00e7\u00e3o manual, el\u00e9trico, a bateria e a \u00f3leo diesel, etc. Aparelhos el\u00e9tricos \u00e0 prova de explos\u00e3o podem ser escolhidos para locais especiais;<\/p>\n<p>A plataforma do dispositivo de controle remov\u00edvel pode ser instalada de acordo com as necessidades dos usu\u00e1rios, o que tem vantagens como facilidade de movimenta\u00e7\u00e3o, grande superf\u00edcie e forte capacidade de carga, permitindo a opera\u00e7\u00e3o simult\u00e2nea de v\u00e1rias pessoas, al\u00e9m de seguran\u00e7a e confiabilidade, sendo o produto ideal para opera\u00e7\u00e3o de eleva\u00e7\u00e3o a\u00e9rea.<\/p>\n<p><strong>Principais Caracter\u00edsticas<\/strong><br \/>\n(1) 4 estabilizadores, seguros e est\u00e1veis<br \/>\n(2) Quatro rodas, f\u00e1ceis de mover<br \/>\n(3) <a href=\"https:\/\/www.buildinglift.com\/product-category\/elevator-scissor-lift\/\">Estrutura de a\u00e7o mangan\u00eas de alta resist\u00eancia<\/a>, forte e resistente<br \/>\n(4) sistema de controle duplo, controle de solo + controle de plataforma<br \/>\n(5) Mesa grande, alta carga, permitindo opera\u00e7\u00e3o simult\u00e2nea de v\u00e1rias pessoas.<br \/>\n(6) A pot\u00eancia pode escolher CA, CC ou motor a diesel.<\/p>\n<p><strong>Escopo de fornecimento<\/strong><br \/>\nNossa empresa fornece o elevador articulado autopropulsado com altura de eleva\u00e7\u00e3o: 4-18 m, altura de trabalho: 6 a 20 metros, capacidade de carga: 500 kg ou 300 kg<\/p>\n<p><strong>DADOS T\u00c9CNICOS<\/strong><br \/>\nAltura m\u00e1xima da plataforma: 4 metros a 18 metros<br \/>\nAltura m\u00e1xima de trabalho: 6 metros a 20 metros<br \/>\n3.capacidade de carga: 500 kg, 300 kg ou personalizada.<br \/>\nFonte de energia: movida por reboque ou el\u00e9trica, subida e descida por motor CA, CC ou diesel.<br \/>\nCor: Azul e cinza ou conforme sua necessidade<br \/>\nGuarda-corpo: 1m de altura, remov\u00edvel, f\u00e1cil de usar<br \/>\nExtens\u00e3o da plataforma horizontal: 0,5 metro (configura\u00e7\u00e3o opcional)<br \/>\ncapacidade de inclina\u00e7\u00e3o: 20%<\/p>\n<p><a href=\"https:\/\/www.buildinglift.com\/wp-content\/uploads\/H11f0cd10b2eb45e5a9352996cf625bd34.jpg\"><img fetchpriority=\"high\" decoding=\"async\" class=\"alignnone size-full wp-image-5895\" src=\"https:\/\/www.buildinglift.com\/wp-content\/uploads\/H11f0cd10b2eb45e5a9352996cf625bd34.jpg\" alt=\"\" width=\"750\" height=\"595\" srcset=\"https:\/\/www.buildinglift.com\/wp-content\/uploads\/H11f0cd10b2eb45e5a9352996cf625bd34.jpg 750w, https:\/\/www.buildinglift.com\/wp-content\/uploads\/H11f0cd10b2eb45e5a9352996cf625bd34-600x476.jpg 600w, https:\/\/www.buildinglift.com\/wp-content\/uploads\/H11f0cd10b2eb45e5a9352996cf625bd34-300x238.jpg 300w, https:\/\/www.buildinglift.com\/wp-content\/uploads\/H11f0cd10b2eb45e5a9352996cf625bd34-15x12.jpg 15w\" sizes=\"(max-width: 750px) 100vw, 750px\" \/><\/a><\/p>","protected":false},"excerpt":{"rendered":"<p>A plataforma do dispositivo de controle remov\u00edvel pode ser instalada de acordo com as necessidades dos usu\u00e1rios, o que tem vantagens, incluindo f\u00e1cil movimenta\u00e7\u00e3o, grande superf\u00edcie e forte capacidade de carga, permitindo a opera\u00e7\u00e3o simult\u00e2nea de v\u00e1rias pessoas, al\u00e9m de seguran\u00e7a e confiabilidade, sendo o produto ideal para opera\u00e7\u00e3o de eleva\u00e7\u00e3o a\u00e9rea<\/p>","protected":false},"featured_media":5892,"template":"","meta":[],"product_brand":[],"product_cat":[149],"product_tag":[170,171],"class_list":{"0":"post-5889","1":"product","2":"type-product","3":"status-publish","4":"has-post-thumbnail","6":"product_cat-elevator-scissor-lift","7":"product_tag-hydraulic-scissor-lift-platform","8":"product_tag-mobile-electric-self-propelled","10":"first","11":"instock","12":"shipping-taxable","13":"product-type-simple"},"acf":[],"_links":{"self":[{"href":"https:\/\/www.buildinglift.com\/pt\/wp-json\/wp\/v2\/product\/5889","targetHints":{"allow":["GET"]}}],"collection":[{"href":"https:\/\/www.buildinglift.com\/pt\/wp-json\/wp\/v2\/product"}],"about":[{"href":"https:\/\/www.buildinglift.com\/pt\/wp-json\/wp\/v2\/types\/product"}],"version-history":[{"count":0,"href":"https:\/\/www.buildinglift.com\/pt\/wp-json\/wp\/v2\/product\/5889\/revisions"}],"wp:featuredmedia":[{"embeddable":true,"href":"https:\/\/www.buildinglift.com\/pt\/wp-json\/wp\/v2\/media\/5892"}],"wp:attachment":[{"href":"https:\/\/www.buildinglift.com\/pt\/wp-json\/wp\/v2\/media?parent=5889"}],"wp:term":[{"taxonomy":"product_brand","embeddable":true,"href":"https:\/\/www.buildinglift.com\/pt\/wp-json\/wp\/v2\/product_brand?post=5889"},{"taxonomy":"product_cat","embeddable":true,"href":"https:\/\/www.buildinglift.com\/pt\/wp-json\/wp\/v2\/product_cat?post=5889"},{"taxonomy":"product_tag","embeddable":true,"href":"https:\/\/www.buildinglift.com\/pt\/wp-json\/wp\/v2\/product_tag?post=5889"}],"curies":[{"name":"wp","href":"https:\/\/api.w.org\/{rel}","templated":true}]}}