{"id":5882,"date":"2023-10-19T12:44:44","date_gmt":"2023-10-19T12:44:44","guid":{"rendered":"https:\/\/www.buildinglift.com\/?post_type=product&#038;p=5882"},"modified":"2023-12-12T22:30:41","modified_gmt":"2023-12-13T06:30:41","slug":"500kgs-equipamento-elevador-elevador-de-vidro-eletrico-elevador-de-vidro-maquina-de-manuseamento-de-vidro","status":"publish","type":"product","link":"https:\/\/www.buildinglift.com\/pt\/produtos\/500kgs-equipamento-elevador-elevador-de-vidro-eletrico-elevador-de-vidro-maquina-de-manuseamento-de-vidro\/","title":{"rendered":"Equipamento de eleva\u00e7\u00e3o a v\u00e1cuo para vidro el\u00e9trico de 500 kg, m\u00e1quina de manuseio de vidro"},"content":{"rendered":"<ul>\n<li><strong>Product Overview<\/strong><br \/>\n<a href=\"https:\/\/www.buildinglift.com\/product\/500kgs-electrical-glass-lifting-vacuum-lifter-equipment-glass-handling-machine\/\">Equipamento de eleva\u00e7\u00e3o a v\u00e1cuo para vidro el\u00e9trico de 500 kg, m\u00e1quina de manuseio de vidro<\/a><br \/>\nThe Smart Flat Glass Handling Systems with a vacuum system to handle any size of glass with no damage on the surface.<br \/>\nThis machine is widely used in delicate glass deep processing, transportation and glass curtain wall installation.<br \/>\nFEATURES AT A GLANCE<br \/>\n<strong>Caracter\u00edsticas<\/strong><\/li>\n<li>Used Q345 manganese steel material, square tube welding, safe and reliable.<\/li>\n<li>Double system control, one vacuum system for working, and the other one for standby application;<br \/>\nAdopt American THOMAS vacuum pump, Italy METALROTA heavy type driving wheels, Swiss BUCHER hydraulic power unit, and digital maintenance-free battery, it can walk freely without air source or power supply.<br \/>\nWith 360 degrees rotation and 90 degrees turnover manually, allowing the operator to<br \/>\npick the flat glass accurately and gently.<br \/>\nWith Japanese PANASONIC digital display vacuum pressure switch and battery meter,<br \/>\nclearly monitor the safe operation of the equipment.<br \/>\nEquipped with a 12V backup battery. If the battery is dead during operation, it can be<br \/>\nreplaced in time to ensure the progress of the project.<br \/>\nAn auto vacuum filling system ensures the whole vacuum system maintains a<br \/>\nrelatively constant safe pressure, provide the uninterrupted operation with predictive<br \/>\nmaintenance.<br \/>\nEasy assembly of structural components, with the adjustable design, you can change the position of each suction cups, each suction cup with a separate control valve can hold different sizes of glass.<\/li>\n<\/ul>","protected":false},"excerpt":{"rendered":"<p>The Smart Flat Glass Handling Systems with a vacuum system to handle any size of glass with no damage on the surface.<\/p>","protected":false},"featured_media":5885,"template":"","meta":[],"product_brand":[],"product_cat":[146],"product_tag":[169],"class_list":{"0":"post-5882","1":"product","2":"type-product","3":"status-publish","4":"has-post-thumbnail","6":"product_cat-glass-lifting-machine","7":"product_tag-glass-handling-machine","9":"first","10":"instock","11":"shipping-taxable","12":"product-type-simple"},"acf":[],"_links":{"self":[{"href":"https:\/\/www.buildinglift.com\/pt\/wp-json\/wp\/v2\/product\/5882","targetHints":{"allow":["GET"]}}],"collection":[{"href":"https:\/\/www.buildinglift.com\/pt\/wp-json\/wp\/v2\/product"}],"about":[{"href":"https:\/\/www.buildinglift.com\/pt\/wp-json\/wp\/v2\/types\/product"}],"version-history":[{"count":0,"href":"https:\/\/www.buildinglift.com\/pt\/wp-json\/wp\/v2\/product\/5882\/revisions"}],"wp:featuredmedia":[{"embeddable":true,"href":"https:\/\/www.buildinglift.com\/pt\/wp-json\/wp\/v2\/media\/5885"}],"wp:attachment":[{"href":"https:\/\/www.buildinglift.com\/pt\/wp-json\/wp\/v2\/media?parent=5882"}],"wp:term":[{"taxonomy":"product_brand","embeddable":true,"href":"https:\/\/www.buildinglift.com\/pt\/wp-json\/wp\/v2\/product_brand?post=5882"},{"taxonomy":"product_cat","embeddable":true,"href":"https:\/\/www.buildinglift.com\/pt\/wp-json\/wp\/v2\/product_cat?post=5882"},{"taxonomy":"product_tag","embeddable":true,"href":"https:\/\/www.buildinglift.com\/pt\/wp-json\/wp\/v2\/product_tag?post=5882"}],"curies":[{"name":"wp","href":"https:\/\/api.w.org\/{rel}","templated":true}]}}