{"id":5703,"date":"2023-09-22T14:20:30","date_gmt":"2023-09-22T14:20:30","guid":{"rendered":"https:\/\/www.buildinglift.com\/?post_type=product&#038;p=5703"},"modified":"2023-12-12T22:20:51","modified_gmt":"2023-12-13T06:20:51","slug":"limpeza-de-janelas-exteriores-plataforma-suspensa-personalizada-plataforma-suspensa-vertical-personalizada","status":"publish","type":"product","link":"https:\/\/www.buildinglift.com\/pt\/produtos\/limpeza-de-janelas-exteriores-plataforma-suspensa-personalizada-plataforma-suspensa-vertical-personalizada\/","title":{"rendered":"Plataforma suspensa para limpeza de janelas externas, feita sob medida vertical\/Plataforma suspensa personalizada"},"content":{"rendered":"<p>Podemos projetar e fabricar todos os tipos de plataformas suspensas especiais para atender a quaisquer condi\u00e7\u00f5es e atender aos requisitos espec\u00edficos propostos pelos clientes. Como plataforma individual com perna em L, plataforma suspensa em \u00e2ngulo, plataforma de dois andares, g\u00f4ndola BMU, cadeira suspensa individual, plataforma suspensa circular, estribo m\u00f3vel e plataforma suspensa ZLP350.<\/p>\n<p><strong>Product feature and application<\/strong><br \/>\n\u2013 High quality with competitive price<br \/>\n\u2013 Easy to assemble<br \/>\n\u2013 Smoothly control<br \/>\n\u2013 The working height can be adjusted<br \/>\n\u2013 The voltage can be adjusted<br \/>\n\u2013 Durable and safe<\/p>\n<p>A s\u00e9rie ZLP se destaca por sua qualidade superior e servi\u00e7o profissional. \u00c0 medida que sua reputa\u00e7\u00e3o e credibilidade cresceram, tamb\u00e9m cresceu seu alcance internacional. Os produtos da SUCCESS Company s\u00e3o atualmente exportados para mais de 70 pa\u00edses e regi\u00f5es, incluindo Singapura, R\u00fassia, Emirados \u00c1rabes Unidos, Chile e Peru. O compromisso da empresa com a excel\u00eancia se reflete em seus produtos, que atendem aos padr\u00f5es europeus e receberam a certifica\u00e7\u00e3o CE.<\/p>\n<p>Podemos projetar e fabricar todos os tipos de plataformas suspensas especiais para atender a quaisquer condi\u00e7\u00f5es e atender aos requisitos espec\u00edficos propostos pelos clientes. Como plataforma individual com perna em L, plataforma suspensa em \u00e2ngulo, plataforma de dois andares, g\u00f4ndola BMU, cadeira suspensa individual, plataforma suspensa circular, estribo m\u00f3vel e plataforma suspensa ZLP350.<\/p>\n<p><strong><a href=\"https:\/\/www.buildinglift.com\/product\/exterior-window-cleaning-hanging-platform-custom-made-vertical-custom-suspended-platform\/\">Plataforma Suspensa<\/a> Hoist&#8211;Long Lasting Lifetime<\/strong><br \/>\n1. O corpo fundido \u00e9 feito de alum\u00ednio especial e processado por um centro de processamento importado por meio do processo de fundi\u00e7\u00e3o por gravidade. O produto possui boa precis\u00e3o e durabilidade. As pe\u00e7as fundidas s\u00e3o mais resistentes a quedas do que as fundidas sob press\u00e3o e menos propensas a rachaduras.<br \/>\n2. O material do disco de acionamento \u00e9 40Cr, peso 5,4 kg, ap\u00f3s t\u00eampera e tratamento de nitreta\u00e7\u00e3o de superf\u00edcie, ele \u00e9 mais resistente ao desgaste e dur\u00e1vel.<br \/>\n3. A roda sem-fim \u00e9 feita de bronze-estanho-f\u00f3sforo 9-4 cobre, 0,94 kg, com boa tenacidade e resist\u00eancia ao desgaste. O material do sem-fim e do eixo da engrenagem \u00e9 38CrMoA1, sendo o sem-fim de 0,48 kg, que apresenta boa tenacidade e resist\u00eancia ao desgaste.<br \/>\n4. A guia de corda \u00e9 feita de a\u00e7o inoxid\u00e1vel especial e resistente ao desgaste, que n\u00e3o \u00e9 facilmente danificado e n\u00e3o causa travamento. O custo de falha \u00e9 extremamente baixo e geralmente n\u00e3o precisa ser substitu\u00edda.<\/p>","protected":false},"excerpt":{"rendered":"<p><strong>Model No.<\/strong>: ZLP1000 ZLP800 ZLP630 ZLP500<br \/>\n<strong>Material<\/strong>: steel or aluminum alloy\uff08recommend\uff09<br \/>\n<strong>Carga nominal<\/strong>: 1000KG 800KG 600KG\u2026<br \/>\n<strong>Lifting Height<\/strong>: 100M to 150M<br \/>\n<strong>Lifting speed<\/strong>: 9-11m\/min<br \/>\n<strong>Production Qualification<\/strong><br \/>\nWe have passed ISO9001:2008, CE and EAC certification.<\/p>","protected":false},"featured_media":5708,"template":"","meta":[],"product_brand":[],"product_cat":[147],"product_tag":[155,154],"class_list":{"0":"post-5703","1":"product","2":"type-product","3":"status-publish","4":"has-post-thumbnail","6":"product_cat-suspended-platform","7":"product_tag-custom-suspended-platform","8":"product_tag-exterior-window-cleaning-hanging-platform-custom-made-vertical","10":"first","11":"instock","12":"shipping-taxable","13":"product-type-simple"},"acf":[],"_links":{"self":[{"href":"https:\/\/www.buildinglift.com\/pt\/wp-json\/wp\/v2\/product\/5703","targetHints":{"allow":["GET"]}}],"collection":[{"href":"https:\/\/www.buildinglift.com\/pt\/wp-json\/wp\/v2\/product"}],"about":[{"href":"https:\/\/www.buildinglift.com\/pt\/wp-json\/wp\/v2\/types\/product"}],"version-history":[{"count":0,"href":"https:\/\/www.buildinglift.com\/pt\/wp-json\/wp\/v2\/product\/5703\/revisions"}],"wp:featuredmedia":[{"embeddable":true,"href":"https:\/\/www.buildinglift.com\/pt\/wp-json\/wp\/v2\/media\/5708"}],"wp:attachment":[{"href":"https:\/\/www.buildinglift.com\/pt\/wp-json\/wp\/v2\/media?parent=5703"}],"wp:term":[{"taxonomy":"product_brand","embeddable":true,"href":"https:\/\/www.buildinglift.com\/pt\/wp-json\/wp\/v2\/product_brand?post=5703"},{"taxonomy":"product_cat","embeddable":true,"href":"https:\/\/www.buildinglift.com\/pt\/wp-json\/wp\/v2\/product_cat?post=5703"},{"taxonomy":"product_tag","embeddable":true,"href":"https:\/\/www.buildinglift.com\/pt\/wp-json\/wp\/v2\/product_tag?post=5703"}],"curies":[{"name":"wp","href":"https:\/\/api.w.org\/{rel}","templated":true}]}}