{"id":5654,"date":"2023-09-22T11:02:41","date_gmt":"2023-09-22T11:02:41","guid":{"rendered":"https:\/\/www.buildinglift.com\/?post_type=product&#038;p=5654"},"modified":"2023-12-12T22:17:02","modified_gmt":"2023-12-13T06:17:02","slug":"plataforma-suspensa-em-liga-de-aluminio-gondola-plataforma-suspensa-electrica-para-limpeza-de-janelas","status":"publish","type":"product","link":"https:\/\/www.buildinglift.com\/pt\/produtos\/plataforma-suspensa-em-liga-de-aluminio-gondola-plataforma-suspensa-electrica-para-limpeza-de-janelas\/","title":{"rendered":"Plataforma suspensa de liga de alum\u00ednio, g\u00f4ndola\/plataforma suspensa el\u00e9trica para limpeza de janelas"},"content":{"rendered":"<p>Plataformas suspensas assumiram o papel de escadas de andaimes. Plataformas suspensas s\u00e3o dispositivos mec\u00e2nicos que elevam trabalhadores no ar para realizar trabalhos em alturas de dif\u00edcil acesso. S\u00e3o amplamente utilizadas na constru\u00e7\u00e3o de paredes externas, limpeza, manuten\u00e7\u00e3o, pintura, usinas de energia, estaleiros, projetos municipais, etc.<\/p>\n<p><strong>Estrutura da Plataforma Suspensa<\/strong><br \/>\n(1) Plataforma de Trabalho<br \/>\n(2) Conjunto de eleva\u00e7\u00e3o<br \/>\n(3) Trava de seguran\u00e7a<br \/>\n(4) Painel de controle el\u00e9trico<br \/>\n(5) Mecanismo de Suspens\u00e3o<br \/>\n(6) Cabo<br \/>\n(7) Cabo de a\u00e7o<\/p>\n<p><strong>Uso da plataforma suspensa<\/strong><br \/>\n(1) Manuten\u00e7\u00e3o de fachadas, pintura e limpeza de edif\u00edcios altos<br \/>\n(2) Limpeza e instala\u00e7\u00e3o de janelas<br \/>\n(3) Inspe\u00e7\u00e3o e manuten\u00e7\u00e3o de constru\u00e7\u00e3o de tanques de grande porte, chamin\u00e9s, barragens, pontes<br \/>\n(4) Manuten\u00e7\u00e3o, limpeza, pintura de grandes navios<\/p>\n<p>A s\u00e9rie ZLP, um equipamento de acesso suspenso tempor\u00e1rio, \u00e9 uma cria\u00e7\u00e3o inovadora da SUCCESS Company. Sua principal fun\u00e7\u00e3o \u00e9 ser uma m\u00e1quina de decora\u00e7\u00e3o el\u00e9trica do tipo trepante, predominantemente utilizada na constru\u00e7\u00e3o, decora\u00e7\u00e3o, limpeza e manuten\u00e7\u00e3o de edif\u00edcios altos e de v\u00e1rios andares. Sua versatilidade permite que seja empregada em outras opera\u00e7\u00f5es de engenharia, como instala\u00e7\u00e3o de elevadores, constru\u00e7\u00e3o de grandes tanques, constru\u00e7\u00e3o de pontes e obras de barragens.<\/p>\n<p>A s\u00e9rie ZLP se destaca por sua qualidade superior e servi\u00e7o profissional. \u00c0 medida que sua reputa\u00e7\u00e3o e credibilidade cresceram, tamb\u00e9m cresceu seu alcance internacional. Os produtos da SUCCESS Company s\u00e3o atualmente exportados para mais de 70 pa\u00edses e regi\u00f5es, incluindo Singapura, R\u00fassia, Emirados \u00c1rabes Unidos, Chile e Peru. O compromisso da empresa com a excel\u00eancia se reflete em seus produtos, que atendem aos padr\u00f5es europeus e receberam a certifica\u00e7\u00e3o CE.<\/p>\n<p>Podemos projetar e fabricar todos os tipos de plataformas suspensas especiais para atender a quaisquer condi\u00e7\u00f5es e atender aos requisitos espec\u00edficos propostos pelos clientes. Como plataforma individual com perna em L, plataforma suspensa em \u00e2ngulo, plataforma de dois andares, g\u00f4ndola BMU, cadeira suspensa individual, plataforma suspensa circular, estribo m\u00f3vel e plataforma suspensa ZLP350.<\/p>\n<p>Conhecida como uma m\u00e1quina de constru\u00e7\u00e3o de alta altitude\/alto acesso, a plataforma suspensa \u00e9 reconhecida por v\u00e1rios nomes em todo o mundo. Na Am\u00e9rica do Norte, \u00e9 chamada de plataforma girat\u00f3ria, enquanto no Vietn\u00e3, \u00e9 conhecida como g\u00f4ndola de San Treo. Na R\u00fassia, \u00e9 chamada de \u0444\u0430\u0441\u0430\u0434\u043d\u044b\u0445 \u043f\u043e\u0434\u0432\u0435\u0441\u043d\u044b\u0445 \u043f\u043b\u043e\u0449\u0430\u0434\u043e\u043a. Pa\u00edses de l\u00edngua espanhola, incluindo Chile, Peru, Col\u00f4mbia, Argentina e Espanha, referem-se a ela como andamios colgantes ou plataformas suspensas.<\/p>\n<p>No mundo das m\u00e1quinas de constru\u00e7\u00e3o, a s\u00e9rie ZLP da SUCCESS Company conquistou seu nicho. Sua versatilidade, qualidade superior e ampla gama de aplica\u00e7\u00f5es a tornam uma ferramenta indispens\u00e1vel para projetos de edif\u00edcios altos e de v\u00e1rios andares. Como prova de seu sucesso, a s\u00e9rie ZLP j\u00e1 foi utilizada em mais de 70 pa\u00edses e regi\u00f5es, atendendo aos padr\u00f5es europeus e conquistando a certifica\u00e7\u00e3o CE.<\/p>\n<p>Seja conhecida como plataforma girat\u00f3ria na Am\u00e9rica do Norte, g\u00f4ndola San treo no Vietn\u00e3, \u0444\u0430\u0441\u0430\u0434\u043d\u044b\u0445 \u043f\u043e\u0434\u0432\u0435\u0441\u043d\u044b\u0445 \u043f\u043b\u043e\u0449\u0430\u0434\u043e\u043a na R\u00fassia ou andamios colgantes e plataformas suspensas nos pa\u00edses de l\u00edngua espanhola, a s\u00e9rie ZLP \u00e9 reconhecida e valorizada por sua contribui\u00e7\u00e3o para projetos de constru\u00e7\u00e3o em grandes altitudes\/alto acesso. \u00c0 medida que a SUCCESS Company continua inovando e se aprimorando, a s\u00e9rie ZLP se mant\u00e9m como refer\u00eancia no setor de constru\u00e7\u00e3o em todo o mundo.<\/p>\n<p><strong>Plataforma elevat\u00f3ria suspensa \u2013 longa vida \u00fatil.<\/strong><br \/>\n1. O corpo fundido \u00e9 feito de alum\u00ednio especial e processado por um centro de processamento importado por meio do processo de fundi\u00e7\u00e3o por gravidade. O produto possui boa precis\u00e3o e durabilidade. As pe\u00e7as fundidas s\u00e3o mais resistentes a quedas do que as fundidas sob press\u00e3o e menos propensas a rachaduras.<br \/>\n2. O material do disco de acionamento \u00e9 40Cr, peso 5,4 kg, ap\u00f3s t\u00eampera e tratamento de nitreta\u00e7\u00e3o de superf\u00edcie, ele \u00e9 mais resistente ao desgaste e dur\u00e1vel.<br \/>\n3. A roda sem-fim \u00e9 feita de bronze-estanho-f\u00f3sforo 9-4 cobre, 0,94 kg, com boa tenacidade e resist\u00eancia ao desgaste. O material do sem-fim e do eixo da engrenagem \u00e9 38CrMoA1, sendo o sem-fim de 0,48 kg, que apresenta boa tenacidade e resist\u00eancia ao desgaste.<br \/>\n4. A guia de corda \u00e9 feita de a\u00e7o inoxid\u00e1vel especial e resistente ao desgaste, que n\u00e3o \u00e9 facilmente danificado e n\u00e3o causa travamento. O custo de falha \u00e9 extremamente baixo e geralmente n\u00e3o precisa ser substitu\u00edda.<\/p>","protected":false},"excerpt":{"rendered":"<p><strong>Tipo<\/strong>: Plataforma de trabalho Construction ZLP<br \/>\n<strong>Marca<\/strong>: SUCESSO<br \/>\n<strong>Aplicativo<\/strong>: Constru\u00e7\u00e3o Civil<br \/>\n<strong>Material<\/strong>: Liga de alum\u00ednio<br \/>\n<strong>Cor<\/strong>: Personalizado<br \/>\n<strong>Certificado<\/strong>: CE ISO<br \/>\n<strong>Tens\u00e3o<\/strong>: 380V (pode ser personalizado)<br \/>\n<strong>Capacidade de carga<\/strong>: 500 kg\/630 kg\/800 kg\/1000 kg<br \/>\n<strong>Uso<\/strong>: Trabalho de manuten\u00e7\u00e3o de edif\u00edcios altos<br \/>\n<strong>Nome do produto<\/strong>: Plataforma suspensa Zlp Hoist<br \/>\n<strong>Carga nominal<\/strong>: 500 kg\/630 kg\/800 kg\/1000 kg<\/p>","protected":false},"featured_media":5659,"template":"","meta":[],"product_brand":[],"product_cat":[147],"product_tag":[150,151],"class_list":{"0":"post-5654","1":"product","2":"type-product","3":"status-publish","4":"has-post-thumbnail","6":"product_cat-suspended-platform","7":"product_tag-aluminum-alloy-suspended-platform","8":"product_tag-electric-suspended-platform","10":"first","11":"instock","12":"shipping-taxable","13":"product-type-simple"},"acf":[],"_links":{"self":[{"href":"https:\/\/www.buildinglift.com\/pt\/wp-json\/wp\/v2\/product\/5654","targetHints":{"allow":["GET"]}}],"collection":[{"href":"https:\/\/www.buildinglift.com\/pt\/wp-json\/wp\/v2\/product"}],"about":[{"href":"https:\/\/www.buildinglift.com\/pt\/wp-json\/wp\/v2\/types\/product"}],"version-history":[{"count":0,"href":"https:\/\/www.buildinglift.com\/pt\/wp-json\/wp\/v2\/product\/5654\/revisions"}],"wp:featuredmedia":[{"embeddable":true,"href":"https:\/\/www.buildinglift.com\/pt\/wp-json\/wp\/v2\/media\/5659"}],"wp:attachment":[{"href":"https:\/\/www.buildinglift.com\/pt\/wp-json\/wp\/v2\/media?parent=5654"}],"wp:term":[{"taxonomy":"product_brand","embeddable":true,"href":"https:\/\/www.buildinglift.com\/pt\/wp-json\/wp\/v2\/product_brand?post=5654"},{"taxonomy":"product_cat","embeddable":true,"href":"https:\/\/www.buildinglift.com\/pt\/wp-json\/wp\/v2\/product_cat?post=5654"},{"taxonomy":"product_tag","embeddable":true,"href":"https:\/\/www.buildinglift.com\/pt\/wp-json\/wp\/v2\/product_tag?post=5654"}],"curies":[{"name":"wp","href":"https:\/\/api.w.org\/{rel}","templated":true}]}}