{"id":5896,"date":"2023-10-19T13:27:45","date_gmt":"2023-10-19T13:27:45","guid":{"rendered":"https:\/\/www.buildinglift.com\/?post_type=product&#038;p=5896"},"modified":"2023-12-12T22:32:33","modified_gmt":"2023-12-13T06:32:33","slug":"automatyczny-10-25m-wysokiej-jakosci-podnosnik-nozycowy-350-500-800kg-1-tona-hydrauliczny-podnosnik-elektryczny-z-osprzetem","status":"publish","type":"product","link":"https:\/\/www.buildinglift.com\/pl\/produkt\/automatyczny-10-25m-wysokiej-jakosci-podnosnik-nozycowy-350-500-800kg-1-tona-hydrauliczny-podnosnik-elektryczny-z-osprzetem\/","title":{"rendered":"Automatyczny podno\u015bnik no\u017cycowy 10-25M wysokiej jako\u015bci 350 500 800kg 1 tona podno\u015bnik hydrauliczny elektryczny z osprz\u0119tem"},"content":{"rendered":"<p><strong>Opis produktu<\/strong><br \/>\nNasz samojezdny mobilny podno\u015bnik no\u017cycowy jest g\u0142\u00f3wnie u\u017cywany do podnoszenia pracownik\u00f3w na wysokie stanowiska w celu wykonania napraw, konserwacji, czyszczenia lub instalacji itd. Mo\u017cesz go \u0142atwo przesun\u0105\u0107 do odpowiedniego obszaru roboczego.<br \/>\njedna osoba do obs\u0142ugi platformy do jazdy do ty\u0142u, do przodu, do obracania si\u0119, nawet na jej maksymalnej wysoko\u015bci. Ponadto tego typu <a href=\"https:\/\/www.buildinglift.com\/product\/automatic-10-25m-high-quality-elevator-scissor-lift-350-500-800kg-1-ton-hydraulic-electric-lift-with-attachments\/\">podno\u015bnik no\u017cycowy mobilny<\/a> mo\u017cna go zamontowa\u0107 z ko\u0142em nap\u0119dzanym, aby mo\u017cna go by\u0142o przesuwa\u0107 r\u0119cznie bez \u017cadnych trudno\u015bci.<\/p>\n<p><a href=\"https:\/\/www.buildinglift.com\/wp-content\/uploads\/H559669909c4843a4bcc8e5cda100bf0fH.png\"><img fetchpriority=\"high\" decoding=\"async\" class=\"alignnone size-full wp-image-5901\" src=\"https:\/\/www.buildinglift.com\/wp-content\/uploads\/H559669909c4843a4bcc8e5cda100bf0fH.png\" alt=\"\" width=\"790\" height=\"495\" srcset=\"https:\/\/www.buildinglift.com\/wp-content\/uploads\/H559669909c4843a4bcc8e5cda100bf0fH.png 790w, https:\/\/www.buildinglift.com\/wp-content\/uploads\/H559669909c4843a4bcc8e5cda100bf0fH-600x376.png 600w, https:\/\/www.buildinglift.com\/wp-content\/uploads\/H559669909c4843a4bcc8e5cda100bf0fH-300x188.png 300w, https:\/\/www.buildinglift.com\/wp-content\/uploads\/H559669909c4843a4bcc8e5cda100bf0fH-768x481.png 768w, https:\/\/www.buildinglift.com\/wp-content\/uploads\/H559669909c4843a4bcc8e5cda100bf0fH-18x12.png 18w\" sizes=\"(max-width: 790px) 100vw, 790px\" \/><\/a><\/p>","protected":false},"excerpt":{"rendered":"<p>Nasz samojezdny mobilny podno\u015bnik no\u017cycowy jest g\u0142\u00f3wnie u\u017cywany do podnoszenia pracownik\u00f3w na wysokie stanowiska w celu wykonania napraw, konserwacji, czyszczenia lub instalacji itd. Mo\u017cesz go \u0142atwo przesun\u0105\u0107 do odpowiedniego obszaru roboczego<\/p>","protected":false},"featured_media":5900,"template":"","meta":[],"product_brand":[],"product_cat":[149],"product_tag":[],"class_list":{"0":"post-5896","1":"product","2":"type-product","3":"status-publish","4":"has-post-thumbnail","6":"product_cat-elevator-scissor-lift","8":"first","9":"instock","10":"shipping-taxable","11":"product-type-simple"},"acf":[],"_links":{"self":[{"href":"https:\/\/www.buildinglift.com\/pl\/wp-json\/wp\/v2\/product\/5896","targetHints":{"allow":["GET"]}}],"collection":[{"href":"https:\/\/www.buildinglift.com\/pl\/wp-json\/wp\/v2\/product"}],"about":[{"href":"https:\/\/www.buildinglift.com\/pl\/wp-json\/wp\/v2\/types\/product"}],"version-history":[{"count":0,"href":"https:\/\/www.buildinglift.com\/pl\/wp-json\/wp\/v2\/product\/5896\/revisions"}],"wp:featuredmedia":[{"embeddable":true,"href":"https:\/\/www.buildinglift.com\/pl\/wp-json\/wp\/v2\/media\/5900"}],"wp:attachment":[{"href":"https:\/\/www.buildinglift.com\/pl\/wp-json\/wp\/v2\/media?parent=5896"}],"wp:term":[{"taxonomy":"product_brand","embeddable":true,"href":"https:\/\/www.buildinglift.com\/pl\/wp-json\/wp\/v2\/product_brand?post=5896"},{"taxonomy":"product_cat","embeddable":true,"href":"https:\/\/www.buildinglift.com\/pl\/wp-json\/wp\/v2\/product_cat?post=5896"},{"taxonomy":"product_tag","embeddable":true,"href":"https:\/\/www.buildinglift.com\/pl\/wp-json\/wp\/v2\/product_tag?post=5896"}],"curies":[{"name":"wp","href":"https:\/\/api.w.org\/{rel}","templated":true}]}}