{"id":5876,"date":"2023-10-19T12:37:41","date_gmt":"2023-10-19T12:37:41","guid":{"rendered":"https:\/\/www.buildinglift.com\/?post_type=product&#038;p=5876"},"modified":"2023-12-12T22:30:07","modified_gmt":"2023-12-13T06:30:07","slug":"400-kg-600-kg-800-kg-podnosnik-szklo-metal-sklejka-obrobka-podnosnik-prozniowy-dzwig-maszyna-podnoszaca","status":"publish","type":"product","link":"https:\/\/www.buildinglift.com\/pl\/produkt\/400-kg-600-kg-800-kg-podnosnik-szklo-metal-sklejka-obrobka-podnosnik-prozniowy-dzwig-maszyna-podnoszaca\/","title":{"rendered":"400 kg 600 kg 800 kg Podnoszenie Szk\u0142o Metal Sklejka Obr\u00f3bka Podno\u015bnik pr\u00f3\u017cniowy D\u017awig Maszyna podnosz\u0105ca"},"content":{"rendered":"<p>Success to szybkie, bezpieczne i wygodne urz\u0105dzenie automatyczne. Wykorzystuje ono zasad\u0119 adsorpcji pr\u00f3\u017cniowej i pomp\u0119 pr\u00f3\u017cniow\u0105 jako \u017ar\u00f3d\u0142o podci\u015bnienia, aby wytworzy\u0107 podci\u015bnienie na ko\u0144cu przyssawki, co pozwala na stabilne mocowanie r\u00f3\u017cnych przedmiot\u00f3w obrabianych (takich jak szk\u0142o, blachy \u017celazne itp.). Podnosi i transportuje przedmiot obrabiany do wyznaczonego miejsca za pomoc\u0105 obrotowego ramienia mechanicznego.<br \/>\nMaszyna z przyssawk\u0105 pr\u00f3\u017cniow\u0105 nadaje si\u0119 g\u0142\u00f3wnie do monta\u017cu lub transportu p\u0142yt szklanych, drewnianych, cementowych i \u017celaznych. R\u00f3\u017cnica w stosunku do przyssawki szklanej polega na tym, \u017ce przyssawka g\u0105bkowa musi by\u0107 wymieniona, aby wch\u0142on\u0105\u0107 inne materia\u0142y. Automatyczna maszyna do \u0142adowania szk\u0142a jest wyposa\u017cona w regulowany uchwyt, kt\u00f3ry mo\u017cna wysun\u0105\u0107, aby dostosowa\u0107 j\u0105 do paneli o r\u00f3\u017cnych rozmiarach.<br \/>\n<strong>Cechy i zalety:<\/strong><br \/>\n1. Zintegrowany system sterowania zapewnia szybkie i automatyczne pozycjonowanie w pionie i poziomie poprzez jedno naci\u015bni\u0119cie przycisku;<br \/>\n2. Niezawodne si\u0142owniki DC24V do podnoszenia, wysuwania i przechylania. Wydajne i precyzyjne. Samonap\u0119dzaj\u0105ce, z r\u00f3\u017cnymi obwodami podci\u015bnienia;<br \/>\n3. Automatyczna rama podk\u0142adki pionowa g\u00f3ra\/d\u00f3\u0142 o 180 stopni;<br \/>\n4. Automatyczny przesuw boczny 100mm;<br \/>\n5. Automatyczny obr\u00f3t o 360 stopni i automatyczne skr\u0119canie w lewo\/prawo s\u0105 opcjonalne.<\/p>\n<p>Mobilny podno\u015bnik pr\u00f3\u017cniowy wykorzystuje podw\u00f3jny system sterowania, sterowanie dwoma obwodami powietrza oraz zasilanie akumulatorowe. Nie wymaga zewn\u0119trznego \u017ar\u00f3d\u0142a zasilania. Gumowe opony umo\u017cliwiaj\u0105 prac\u0119 na nier\u00f3wnych powierzchniach. W zale\u017cno\u015bci od potrzeb, uchwyt przyssawki mo\u017cna r\u0119cznie obr\u00f3ci\u0107 o 360\u00b0 i 90\u00b0, co znacznie zwi\u0119ksza wydajno\u015b\u0107 pracy. Urz\u0105dzenie znajduje szerokie zastosowanie w przenoszeniu i monta\u017cu drewna, p\u0142yt, szk\u0142a, kamienia i innych materia\u0142\u00f3w.<\/p>","protected":false},"excerpt":{"rendered":"<p>Przyssawka pr\u00f3\u017cniowa jest przeznaczona g\u0142\u00f3wnie do monta\u017cu lub transportu p\u0142yt szklanych, drewnianych, cementowych i \u017celaznych<\/p>","protected":false},"featured_media":5880,"template":"","meta":[],"product_brand":[],"product_cat":[146],"product_tag":[168],"class_list":{"0":"post-5876","1":"product","2":"type-product","3":"status-publish","4":"has-post-thumbnail","6":"product_cat-glass-lifting-machine","7":"product_tag-vacuum-lifter-crane-lifting-machine","9":"first","10":"instock","11":"shipping-taxable","12":"product-type-simple"},"acf":[],"_links":{"self":[{"href":"https:\/\/www.buildinglift.com\/pl\/wp-json\/wp\/v2\/product\/5876","targetHints":{"allow":["GET"]}}],"collection":[{"href":"https:\/\/www.buildinglift.com\/pl\/wp-json\/wp\/v2\/product"}],"about":[{"href":"https:\/\/www.buildinglift.com\/pl\/wp-json\/wp\/v2\/types\/product"}],"version-history":[{"count":0,"href":"https:\/\/www.buildinglift.com\/pl\/wp-json\/wp\/v2\/product\/5876\/revisions"}],"wp:featuredmedia":[{"embeddable":true,"href":"https:\/\/www.buildinglift.com\/pl\/wp-json\/wp\/v2\/media\/5880"}],"wp:attachment":[{"href":"https:\/\/www.buildinglift.com\/pl\/wp-json\/wp\/v2\/media?parent=5876"}],"wp:term":[{"taxonomy":"product_brand","embeddable":true,"href":"https:\/\/www.buildinglift.com\/pl\/wp-json\/wp\/v2\/product_brand?post=5876"},{"taxonomy":"product_cat","embeddable":true,"href":"https:\/\/www.buildinglift.com\/pl\/wp-json\/wp\/v2\/product_cat?post=5876"},{"taxonomy":"product_tag","embeddable":true,"href":"https:\/\/www.buildinglift.com\/pl\/wp-json\/wp\/v2\/product_tag?post=5876"}],"curies":[{"name":"wp","href":"https:\/\/api.w.org\/{rel}","templated":true}]}}