{"id":5709,"date":"2023-09-22T14:28:00","date_gmt":"2023-09-22T14:28:00","guid":{"rendered":"https:\/\/www.buildinglift.com\/?post_type=product&#038;p=5709"},"modified":"2023-12-12T22:22:21","modified_gmt":"2023-12-13T06:22:21","slug":"window-cleaning-suspended-working-platform","status":"publish","type":"product","link":"https:\/\/www.buildinglift.com\/pl\/produkt\/window-cleaning-suspended-working-platform\/","title":{"rendered":"Podno\u015bnik roboczy do mycia okien"},"content":{"rendered":"<p>Window cleaning suspended platform composed by working platform and the suspension system. It is easy to assemble and disassemble, set with the safety device, it is safe for high altitude work.<\/p>\n<p><strong>Product details<br \/>\n<\/strong>\u2013<a href=\"https:\/\/www.buildinglift.com\/product\/window-cleaning-suspended-working-platform\/\"> Accessories of working platform<\/a><br \/>\nElectric control box: scientific design, waterproof and anti-collision<br \/>\nSafety lock: high intensive stainless steel, 100% qualified<br \/>\nWire rope: diameter 8.3mm<br \/>\nCable: GB2.0 level, natural weather resistance rubber<br \/>\nHoist: high quality, durable<br \/>\nFour kinds of counter weight you can choose: Iron-cast, concrete, concrete with steel cover or concrete with zinc coated.<br \/>\n\u2013 The suspension mechanism is applicable to different types of roofs and convenient to deliver building materials. Also we provide parapet clamps device.<\/p>\n<p>Seria ZLP, tymczasowy podwieszany sprz\u0119t dost\u0119powy, to innowacyjne dzie\u0142o firmy SUCCESS Company. Jego g\u0142\u00f3wn\u0105 funkcj\u0105 jest elektryczna maszyna dekoracyjna typu wspinaczkowego, kt\u00f3ra jest g\u0142\u00f3wnie wykorzystywana do budowy, dekoracji, czyszczenia i konserwacji wysokich i wielopi\u0119trowych budynk\u00f3w. Jej wszechstronno\u015b\u0107 pozwala na wykorzystanie jej w innych operacjach in\u017cynieryjnych, takich jak instalacja wind, budowa du\u017cych zbiornik\u00f3w, budowa most\u00f3w i prace przy tamach.<\/p>\n<p>Seria ZLP wyr\u00f3\u017cnia si\u0119 najwy\u017csz\u0105 jako\u015bci\u0105 i profesjonaln\u0105 obs\u0142ug\u0105. Wraz ze wzrostem reputacji i wiarygodno\u015bci, wzr\u00f3s\u0142 r\u00f3wnie\u017c jej zasi\u0119g mi\u0119dzynarodowy. Produkty firmy SUCCESS Company s\u0105 obecnie eksportowane do ponad 70 kraj\u00f3w i region\u00f3w, w tym Singapuru, Rosji, Zjednoczonych Emirat\u00f3w Arabskich, Chile i Peru. Zaanga\u017cowanie firmy w d\u0105\u017cenie do doskona\u0142o\u015bci znajduje odzwierciedlenie w jej produktach, kt\u00f3re spe\u0142niaj\u0105 europejskie normy i otrzyma\u0142y certyfikat CE.<\/p>\n<p>Mo\u017cemy zaprojektowa\u0107 i wykona\u0107 wszelkiego rodzaju specjalne podwieszane platformy, kt\u00f3re b\u0119d\u0105 pasowa\u0107 do ka\u017cdych warunk\u00f3w i spe\u0142nia\u0107 specjalne wymagania zaproponowane przez klient\u00f3w. Takie jak platforma jednoosobowa z nog\u0105 w kszta\u0142cie litery L, podwieszana platforma k\u0105towa, platforma dwupoziomowa, gondola BMU, podwieszane krzes\u0142o jednoosobowe, podwieszana platforma okr\u0105g\u0142a, ruchome strzemi\u0119 ko\u0144cowe, podwieszana platforma ZLP350.<\/p>\n<p>Znana jako maszyna budowlana o du\u017cej wysoko\u015bci\/wysokim dost\u0119pie, platforma wisz\u0105ca jest rozpoznawana na ca\u0142ym \u015bwiecie pod r\u00f3\u017cnymi nazwami. W Ameryce P\u00f3\u0142nocnej nazywana jest scen\u0105 wisz\u0105c\u0105, podczas gdy w Wietnamie jest znana jako gondola San Treo. W Rosji nazywana jest \u0444\u0430\u0441\u0430\u0434\u043d\u044b\u0445 \u043f\u043e\u0434\u0432\u0435\u0441\u043d\u044b\u0445 \u043f\u043b\u043e\u0449\u0430\u0434\u043e\u043a. Kraje hiszpa\u0144skoj\u0119zyczne, w tym Chile, Peru, Kolumbia, Argentyna i Hiszpania, nazywaj\u0105 j\u0105 andamios colgantes lub platformaformas suspendidas.<\/p>\n<p>W \u015bwiecie maszyn budowlanych seria ZLP firmy SUCCESS Company wyrobi\u0142a sobie nisz\u0119. Jej wszechstronno\u015b\u0107, najwy\u017csza jako\u015b\u0107 i szeroki zakres zastosowa\u0144 sprawiaj\u0105, \u017ce jest ona niezb\u0119dnym narz\u0119dziem w projektach budynk\u00f3w wysokich i wielopi\u0119trowych. Jako dow\u00f3d jej sukcesu seria ZLP dotar\u0142a do ponad 70 kraj\u00f3w i region\u00f3w, spe\u0142niaj\u0105c europejskie normy i uzyskuj\u0105c po drodze certyfikat CE.<\/p>\n<p>Whether it&#8217;s known as the swing stage in North America, San treo gondola in Vietnam, \u0444\u0430\u0441\u0430\u0434\u043d\u044b\u0445 \u043f\u043e\u0434\u0432\u0435\u0441\u043d\u044b\u0445 \u043f\u043b\u043e\u0449\u0430\u0434\u043e\u043a in Russia, or andamios colgantes and <a href=\"https:\/\/www.buildinglift.com\/product\/window-cleaning-suspended-working-platform\/\">plataformas suspendidas<\/a> in Spanish-speaking countries, the ZLP series is recognized and valued for its contribution to high altitude\/high access construction projects. As SUCCESS Company continues to innovate and improve, the ZLP series is set to remain a staple in the construction industry worldwide.<\/p>\n<p><strong>Podno\u015bnik platformowy zawieszany \u2013 d\u0142uga \u017cywotno\u015b\u0107.<\/strong><br \/>\n1. Korpus odlewu wykonany jest ze specjalnego materia\u0142u aluminiowego i jest przetwarzany przez importowane centrum przetwarzania metod\u0105 odlewania grawitacyjnego. Produkt charakteryzuje si\u0119 dobr\u0105 precyzj\u0105 i trwa\u0142o\u015bci\u0105. Odlewy s\u0105 bardziej odporne na upadki ni\u017c odlewy ci\u015bnieniowe i s\u0105 mniej podatne na p\u0119kanie.<br \/>\n2. Materia\u0142 tarczy nap\u0119dowej to 40Cr, waga 5,4 kg, po hartowaniu i azotowaniu powierzchni jest bardziej odporny na zu\u017cycie i trwalszy.<br \/>\n3. Ko\u0142o \u015blimakowe wykonane jest z br\u0105zu cynowo-fosforowego 9-4 miedzi, 0,94 kg, dobra wytrzyma\u0142o\u015b\u0107 i odporno\u015b\u0107 na zu\u017cycie. Materia\u0142 wa\u0142u \u015blimaka i przek\u0142adni to 38CrMoA1, z czego \u015blimak wa\u017cy 0,48 kg, co ma dobr\u0105 wytrzyma\u0142o\u015b\u0107 i odporno\u015b\u0107 na zu\u017cycie.<br \/>\n4. Prowadnica liny wykonana jest ze specjalnego materia\u0142u ze stali nierdzewnej odpornej na zu\u017cycie, kt\u00f3ry nie jest \u0142atwy do uszkodzenia i nie powoduje zaci\u0119\u0107. Koszt awarii jest niezwykle niski i zazwyczaj nie wymaga wymiany.<\/p>","protected":false},"excerpt":{"rendered":"<p><strong>Model No<\/strong>.: ZLP630<br \/>\n<strong>Tworzywo<\/strong>:\u00a0 Aluminum alloy or steel<br \/>\n<strong>Obci\u0105\u017cenie znamionowe<\/strong>:\u00a0 630kg<br \/>\n<strong>Lifting Height<\/strong>: 100M or 150M<br \/>\n<strong>Lifting Speed<\/strong>:\u00a0 9.6m\/min<br \/>\n<strong>Dimension(L*W*H)<\/strong>: (2000mm*3) *690mm*1300mm<br \/>\n<strong>Production Qualification<\/strong><br \/>\nWe have passed ISO9001:2008, CE and EAC certification.<\/p>","protected":false},"featured_media":5712,"template":"","meta":[],"product_brand":[],"product_cat":[147],"product_tag":[],"class_list":{"0":"post-5709","1":"product","2":"type-product","3":"status-publish","4":"has-post-thumbnail","6":"product_cat-suspended-platform","8":"first","9":"instock","10":"shipping-taxable","11":"product-type-simple"},"acf":[],"_links":{"self":[{"href":"https:\/\/www.buildinglift.com\/pl\/wp-json\/wp\/v2\/product\/5709","targetHints":{"allow":["GET"]}}],"collection":[{"href":"https:\/\/www.buildinglift.com\/pl\/wp-json\/wp\/v2\/product"}],"about":[{"href":"https:\/\/www.buildinglift.com\/pl\/wp-json\/wp\/v2\/types\/product"}],"version-history":[{"count":0,"href":"https:\/\/www.buildinglift.com\/pl\/wp-json\/wp\/v2\/product\/5709\/revisions"}],"wp:featuredmedia":[{"embeddable":true,"href":"https:\/\/www.buildinglift.com\/pl\/wp-json\/wp\/v2\/media\/5712"}],"wp:attachment":[{"href":"https:\/\/www.buildinglift.com\/pl\/wp-json\/wp\/v2\/media?parent=5709"}],"wp:term":[{"taxonomy":"product_brand","embeddable":true,"href":"https:\/\/www.buildinglift.com\/pl\/wp-json\/wp\/v2\/product_brand?post=5709"},{"taxonomy":"product_cat","embeddable":true,"href":"https:\/\/www.buildinglift.com\/pl\/wp-json\/wp\/v2\/product_cat?post=5709"},{"taxonomy":"product_tag","embeddable":true,"href":"https:\/\/www.buildinglift.com\/pl\/wp-json\/wp\/v2\/product_tag?post=5709"}],"curies":[{"name":"wp","href":"https:\/\/api.w.org\/{rel}","templated":true}]}}