{"id":5703,"date":"2023-09-22T14:20:30","date_gmt":"2023-09-22T14:20:30","guid":{"rendered":"https:\/\/www.buildinglift.com\/?post_type=product&#038;p=5703"},"modified":"2023-12-12T22:20:51","modified_gmt":"2023-12-13T06:20:51","slug":"exterior-window-cleaning-hanging-platform-custom-made-vertical-custom-suspended-platform","status":"publish","type":"product","link":"https:\/\/www.buildinglift.com\/pl\/produkt\/exterior-window-cleaning-hanging-platform-custom-made-vertical-custom-suspended-platform\/","title":{"rendered":"Zewn\u0119trzna platforma wisz\u0105ca do mycia okien, wykonana na zam\u00f3wienie, pionowa\/Platforma podwieszana na zam\u00f3wienie"},"content":{"rendered":"<p>Mo\u017cemy zaprojektowa\u0107 i wykona\u0107 wszelkiego rodzaju specjalne podwieszane platformy, kt\u00f3re b\u0119d\u0105 pasowa\u0107 do ka\u017cdych warunk\u00f3w i spe\u0142nia\u0107 specjalne wymagania zaproponowane przez klient\u00f3w. Takie jak platforma jednoosobowa z nog\u0105 w kszta\u0142cie litery L, podwieszana platforma k\u0105towa, platforma dwupoziomowa, gondola BMU, podwieszane krzes\u0142o jednoosobowe, podwieszana platforma okr\u0105g\u0142a, ruchome strzemi\u0119 ko\u0144cowe, podwieszana platforma ZLP350.<\/p>\n<p><strong>Product feature and application<\/strong><br \/>\n\u2013 High quality with competitive price<br \/>\n\u2013 Easy to assemble<br \/>\n\u2013 Smoothly control<br \/>\n\u2013 The working height can be adjusted<br \/>\n\u2013 The voltage can be adjusted<br \/>\n\u2013 Durable and safe<\/p>\n<p>Seria ZLP wyr\u00f3\u017cnia si\u0119 najwy\u017csz\u0105 jako\u015bci\u0105 i profesjonaln\u0105 obs\u0142ug\u0105. Wraz ze wzrostem reputacji i wiarygodno\u015bci, wzr\u00f3s\u0142 r\u00f3wnie\u017c jej zasi\u0119g mi\u0119dzynarodowy. Produkty firmy SUCCESS Company s\u0105 obecnie eksportowane do ponad 70 kraj\u00f3w i region\u00f3w, w tym Singapuru, Rosji, Zjednoczonych Emirat\u00f3w Arabskich, Chile i Peru. Zaanga\u017cowanie firmy w d\u0105\u017cenie do doskona\u0142o\u015bci znajduje odzwierciedlenie w jej produktach, kt\u00f3re spe\u0142niaj\u0105 europejskie normy i otrzyma\u0142y certyfikat CE.<\/p>\n<p>Mo\u017cemy zaprojektowa\u0107 i wykona\u0107 wszelkiego rodzaju specjalne podwieszane platformy, kt\u00f3re b\u0119d\u0105 pasowa\u0107 do ka\u017cdych warunk\u00f3w i spe\u0142nia\u0107 specjalne wymagania zaproponowane przez klient\u00f3w. Takie jak platforma jednoosobowa z nog\u0105 w kszta\u0142cie litery L, podwieszana platforma k\u0105towa, platforma dwupoziomowa, gondola BMU, podwieszane krzes\u0142o jednoosobowe, podwieszana platforma okr\u0105g\u0142a, ruchome strzemi\u0119 ko\u0144cowe, podwieszana platforma ZLP350.<\/p>\n<p><strong><a href=\"https:\/\/www.buildinglift.com\/product\/exterior-window-cleaning-hanging-platform-custom-made-vertical-custom-suspended-platform\/\">Platforma zawieszona<\/a> Hoist&#8211;Long Lasting Lifetime<\/strong><br \/>\n1. Korpus odlewu wykonany jest ze specjalnego materia\u0142u aluminiowego i jest przetwarzany przez importowane centrum przetwarzania metod\u0105 odlewania grawitacyjnego. Produkt charakteryzuje si\u0119 dobr\u0105 precyzj\u0105 i trwa\u0142o\u015bci\u0105. Odlewy s\u0105 bardziej odporne na upadki ni\u017c odlewy ci\u015bnieniowe i s\u0105 mniej podatne na p\u0119kanie.<br \/>\n2. Materia\u0142 tarczy nap\u0119dowej to 40Cr, waga 5,4 kg, po hartowaniu i azotowaniu powierzchni jest bardziej odporny na zu\u017cycie i trwalszy.<br \/>\n3. Ko\u0142o \u015blimakowe wykonane jest z br\u0105zu cynowo-fosforowego 9-4 miedzi, 0,94 kg, dobra wytrzyma\u0142o\u015b\u0107 i odporno\u015b\u0107 na zu\u017cycie. Materia\u0142 wa\u0142u \u015blimaka i przek\u0142adni to 38CrMoA1, z czego \u015blimak wa\u017cy 0,48 kg, co ma dobr\u0105 wytrzyma\u0142o\u015b\u0107 i odporno\u015b\u0107 na zu\u017cycie.<br \/>\n4. Prowadnica liny wykonana jest ze specjalnego materia\u0142u ze stali nierdzewnej odpornej na zu\u017cycie, kt\u00f3ry nie jest \u0142atwy do uszkodzenia i nie powoduje zaci\u0119\u0107. Koszt awarii jest niezwykle niski i zazwyczaj nie wymaga wymiany.<\/p>","protected":false},"excerpt":{"rendered":"<p><strong>Numer modelu.<\/strong>: ZLP1000 ZLP800 ZLP630 ZLP500<br \/>\n<strong>Tworzywo<\/strong>: steel or aluminum alloy\uff08recommend\uff09<br \/>\n<strong>Obci\u0105\u017cenie znamionowe<\/strong>: 1000KG 800KG 600KG\u2026<br \/>\n<strong>Lifting Height<\/strong>: 100M to 150M<br \/>\n<strong>Lifting speed<\/strong>: 9-11m\/min<br \/>\n<strong>Production Qualification<\/strong><br \/>\nWe have passed ISO9001:2008, CE and EAC certification.<\/p>","protected":false},"featured_media":5708,"template":"","meta":[],"product_brand":[],"product_cat":[147],"product_tag":[155,154],"class_list":{"0":"post-5703","1":"product","2":"type-product","3":"status-publish","4":"has-post-thumbnail","6":"product_cat-suspended-platform","7":"product_tag-custom-suspended-platform","8":"product_tag-exterior-window-cleaning-hanging-platform-custom-made-vertical","10":"first","11":"instock","12":"shipping-taxable","13":"product-type-simple"},"acf":[],"_links":{"self":[{"href":"https:\/\/www.buildinglift.com\/pl\/wp-json\/wp\/v2\/product\/5703","targetHints":{"allow":["GET"]}}],"collection":[{"href":"https:\/\/www.buildinglift.com\/pl\/wp-json\/wp\/v2\/product"}],"about":[{"href":"https:\/\/www.buildinglift.com\/pl\/wp-json\/wp\/v2\/types\/product"}],"version-history":[{"count":0,"href":"https:\/\/www.buildinglift.com\/pl\/wp-json\/wp\/v2\/product\/5703\/revisions"}],"wp:featuredmedia":[{"embeddable":true,"href":"https:\/\/www.buildinglift.com\/pl\/wp-json\/wp\/v2\/media\/5708"}],"wp:attachment":[{"href":"https:\/\/www.buildinglift.com\/pl\/wp-json\/wp\/v2\/media?parent=5703"}],"wp:term":[{"taxonomy":"product_brand","embeddable":true,"href":"https:\/\/www.buildinglift.com\/pl\/wp-json\/wp\/v2\/product_brand?post=5703"},{"taxonomy":"product_cat","embeddable":true,"href":"https:\/\/www.buildinglift.com\/pl\/wp-json\/wp\/v2\/product_cat?post=5703"},{"taxonomy":"product_tag","embeddable":true,"href":"https:\/\/www.buildinglift.com\/pl\/wp-json\/wp\/v2\/product_tag?post=5703"}],"curies":[{"name":"wp","href":"https:\/\/api.w.org\/{rel}","templated":true}]}}